{"id":11608,"date":"2016-01-20T20:11:11","date_gmt":"2017-02-21T14:57:10","guid":{"rendered":"http:\/\/staging1.carnitec.com\/lv\/?post_type=product&#038;p=11608"},"modified":"2017-02-21T16:57:10","modified_gmt":"2017-02-21T14:57:10","slug":"plevju-atdalisanas-un-nonemsanas-iekarta-maja-easy","status":"publish","type":"product","link":"https:\/\/carnitec.com\/lv\/products\/plevju-atdalisanas-un-nonemsanas-iekarta-maja-easy\/","title":{"rendered":"Pl\u0113vju atdal\u012b\u0161anas un no\u0146em\u0161anas iek\u0101rta Maja EASY"},"content":{"rendered":"<h2>Roku pl\u0113vju atdal\u012b\u0161anas un no\u0146em\u0161anas iek\u0101rta Maja EASY<br \/>\n<\/h2>\n<p>Pl\u0113vju atdal\u012b\u0161anas un no\u0146em\u0161anas iek\u0101rta Maja EASY (viegli) \u2014 tas ir optim\u0101l\u0101 tehnika pl\u0113vju  atdal\u012b\u0161anas mazos ra\u017eo\u0161anas uz\u0146\u0113mumos.<\/p>\n<p><!--more--><\/p>\n<p>C\u016bku,  te\u013cu ga\u013cas, liellopu, med\u012bjumu, putnu un zirgu ga\u013cas gabali, ka ar\u012b t\u0101da delikate\u0161u izejviela ka strausa vai \u0137enguru ga\u013ca, \u0101tri un prec\u012bzi apstr\u0101d\u0101ti ar \u0161o iek\u0101rtu.<\/p>\n<p>P\u0113c pl\u0113vju no\u0146em\u0161anas ar EASY iek\u0101rtu, ga\u013cas gabali sa\u0146em optim\u0101lo kvalit\u0101ti turpm\u0101kai p\u0101rdo\u0161anai vai p\u0101rstr\u0101dei.  Tai pa\u0161\u0101 laik\u0101 tiek palielin\u0101ts augstv\u0113rt\u012bgo liesa ga\u013cas  izn\u0101kums. <\/p>\n<p>V\u0101rpstas att\u012br\u012b\u0161ana ar patent\u0113to MAJA 3-v\u0101rpstu sist\u0113mu (p\u0113c v\u0113lmes att\u012br\u012b\u0161ana ar saspiesto gaisu  \u2014 modele EASY\/1) .<\/p>\n<p>&nbsp;<\/p>\n<div style=\"width: 640px;\" class=\"wp-video\"><!--[if lt IE 9]><script>document.createElement('video');<\/script><![endif]-->\n<video class=\"wp-video-shortcode\" id=\"video-11608-1\" width=\"640\" height=\"360\" preload=\"metadata\" controls=\"controls\"><source type=\"video\/mp4\" src=\"http:\/\/maja.de\/import\/video\/Easy_manEntvliesen_PU_11266.org.mp4?_=1\" \/><a href=\"http:\/\/maja.de\/import\/video\/Easy_manEntvliesen_PU_11266.org.mp4\">http:\/\/maja.de\/import\/video\/Easy_manEntvliesen_PU_11266.org.mp4<\/a><\/video><\/div>\n<p>&nbsp;<\/p>\n<h3>Tehniskie dati<\/h3>\n<p>MAJA ref. 111-0048<br \/>\ngrie\u0161anas platums 341 mm<br \/>\niek\u0101rtas platums 753 mm<br \/>\ndzi\u013cums 622 mm<br \/>\naugstums 994 mm<br \/>\nEl.piesl\u0113gums 3AC \/ 50 Hz\/ 400V 0,75 kW<br \/>\nsaspiesta gaisa pieslegums \u2014<br \/>\nSvars 165 kg<\/p>\n","protected":false},"excerpt":{"rendered":"<p>Pl\u0113vju atdal\u012b\u0161anas un no\u0146em\u0161anas iek\u0101rta Maja EASY (viegli) \u2014 tas ir optim\u0101l\u0101 tehnika pl\u0113vju  atdal\u012b\u0161anas mazos ra\u017eo\u0161anas uz\u0146\u0113mumos.<\/p>\n","protected":false},"featured_media":11609,"template":"","meta":{"content-type":"","_monsterinsights_skip_tracking":false,"_monsterinsights_sitenote_active":false,"_monsterinsights_sitenote_note":"","_monsterinsights_sitenote_category":0},"product_cat":[1741],"product_tag":[1008,1996,1876,1009,1420,2254],"yoast_head":"<!-- This site is optimized with the Yoast SEO plugin v19.5.1 - https:\/\/yoast.com\/wordpress\/plugins\/seo\/ -->\n<title>Pl\u0113vju atdal\u012b\u0161anas un no\u0146em\u0161anas iek\u0101rta Maja EASY - Carnitec<\/title>\n<meta name=\"robots\" content=\"index, follow, max-snippet:-1, max-image-preview:large, max-video-preview:-1\" \/>\n<link rel=\"canonical\" href=\"https:\/\/carnitec.com\/lv\/products\/plevju-atdalisanas-un-nonemsanas-iekarta-maja-easy\/\" \/>\n<meta property=\"og:locale\" content=\"lv_LV\" \/>\n<meta property=\"og:type\" content=\"article\" \/>\n<meta property=\"og:title\" content=\"Pl\u0113vju atdal\u012b\u0161anas un no\u0146em\u0161anas iek\u0101rta Maja EASY - Carnitec\" \/>\n<meta property=\"og:description\" content=\"Pl\u0113vju atdal\u012b\u0161anas un no\u0146em\u0161anas iek\u0101rta Maja EASY (viegli) \u2014 tas ir optim\u0101l\u0101 tehnika pl\u0113vju atdal\u012b\u0161anas mazos ra\u017eo\u0161anas uz\u0146\u0113mumos.\" \/>\n<meta property=\"og:url\" content=\"https:\/\/carnitec.com\/lv\/products\/plevju-atdalisanas-un-nonemsanas-iekarta-maja-easy\/\" \/>\n<meta property=\"og:site_name\" content=\"Carnitec\" \/>\n<meta property=\"article:publisher\" content=\"https:\/\/facebook.com\/carnitec1\" \/>\n<meta property=\"og:image\" content=\"https:\/\/carnitec.com\/wp-content\/uploads\/2016\/01\/Easy_maja.jpg\" \/>\n\t<meta property=\"og:image:width\" content=\"210\" \/>\n\t<meta property=\"og:image:height\" content=\"210\" \/>\n\t<meta property=\"og:image:type\" content=\"image\/jpeg\" \/>\n<meta name=\"twitter:card\" content=\"summary\" \/>\n<meta name=\"twitter:site\" content=\"@carnitec_\" \/>\n<meta name=\"twitter:label1\" content=\"Est. reading time\" \/>\n\t<meta name=\"twitter:data1\" content=\"1 min\u016b\u0161u\" \/>\n<script type=\"application\/ld+json\" class=\"yoast-schema-graph\">{\"@context\":\"https:\/\/schema.org\",\"@graph\":[{\"@type\":\"WebPage\",\"@id\":\"https:\/\/carnitec.com\/lv\/products\/plevju-atdalisanas-un-nonemsanas-iekarta-maja-easy\/\",\"url\":\"https:\/\/carnitec.com\/lv\/products\/plevju-atdalisanas-un-nonemsanas-iekarta-maja-easy\/\",\"name\":\"Pl\u0113vju atdal\u012b\u0161anas un no\u0146em\u0161anas iek\u0101rta Maja EASY - Carnitec\",\"isPartOf\":{\"@id\":\"https:\/\/carnitec.com\/lv\/#website\"},\"datePublished\":\"2017-02-21T14:57:10+00:00\",\"dateModified\":\"2017-02-21T14:57:10+00:00\",\"breadcrumb\":{\"@id\":\"https:\/\/carnitec.com\/lv\/products\/plevju-atdalisanas-un-nonemsanas-iekarta-maja-easy\/#breadcrumb\"},\"inLanguage\":\"lv-LV\",\"potentialAction\":[{\"@type\":\"ReadAction\",\"target\":[\"https:\/\/carnitec.com\/lv\/products\/plevju-atdalisanas-un-nonemsanas-iekarta-maja-easy\/\"]}]},{\"@type\":\"BreadcrumbList\",\"@id\":\"https:\/\/carnitec.com\/lv\/products\/plevju-atdalisanas-un-nonemsanas-iekarta-maja-easy\/#breadcrumb\",\"itemListElement\":[{\"@type\":\"ListItem\",\"position\":1,\"name\":\"\u0413\u043b\u0430\u0432\u043d\u0430\u044f \u0441\u0442\u0440\u0430\u043d\u0438\u0446\u0430\",\"item\":\"https:\/\/carnitec.com\/lv\/\"},{\"@type\":\"ListItem\",\"position\":2,\"name\":\"\u0422\u043e\u0432\u0430\u0440\u044b\",\"item\":\"https:\/\/carnitec.com\/shop\/\"},{\"@type\":\"ListItem\",\"position\":3,\"name\":\"Pl\u0113vju atdal\u012b\u0161anas un no\u0146em\u0161anas iek\u0101rta Maja EASY\"}]},{\"@type\":\"WebSite\",\"@id\":\"https:\/\/carnitec.com\/lv\/#website\",\"url\":\"https:\/\/carnitec.com\/lv\/\",\"name\":\"Carnitec\",\"description\":\"P\u0101rtikas r\u016bpniec\u012bbas iek\u0101rtas\",\"publisher\":{\"@id\":\"https:\/\/carnitec.com\/lv\/#organization\"},\"potentialAction\":[{\"@type\":\"SearchAction\",\"target\":{\"@type\":\"EntryPoint\",\"urlTemplate\":\"https:\/\/carnitec.com\/lv\/?s={search_term_string}\"},\"query-input\":\"required name=search_term_string\"}],\"inLanguage\":\"lv-LV\"},{\"@type\":\"Organization\",\"@id\":\"https:\/\/carnitec.com\/lv\/#organization\",\"name\":\"Carnitec - food processing equipment\",\"url\":\"https:\/\/carnitec.com\/lv\/\",\"sameAs\":[\"https:\/\/www.instagram.com\/carnitec\/?hl=en\",\"https:\/\/www.linkedin.com\/company\/carnitec-ltd\/\",\"https:\/\/www.youtube.com\/channel\/UCwfiuJujkF2QxPPZAqB0T2w\",\"https:\/\/facebook.com\/carnitec1\",\"https:\/\/twitter.com\/carnitec_\"],\"logo\":{\"@type\":\"ImageObject\",\"inLanguage\":\"lv-LV\",\"@id\":\"https:\/\/carnitec.com\/lv\/#\/schema\/logo\/image\/\",\"url\":\"http:\/\/carnitec.com\/wp-content\/uploads\/2018\/01\/carnitec_logo_2018.png\",\"contentUrl\":\"http:\/\/carnitec.com\/wp-content\/uploads\/2018\/01\/carnitec_logo_2018.png\",\"width\":180,\"height\":50,\"caption\":\"Carnitec - food processing equipment\"},\"image\":{\"@id\":\"https:\/\/carnitec.com\/lv\/#\/schema\/logo\/image\/\"}}]}<\/script>\n<!-- \/ Yoast SEO plugin. -->","yoast_head_json":{"title":"Pl\u0113vju atdal\u012b\u0161anas un no\u0146em\u0161anas iek\u0101rta Maja EASY - Carnitec","robots":{"index":"index","follow":"follow","max-snippet":"max-snippet:-1","max-image-preview":"max-image-preview:large","max-video-preview":"max-video-preview:-1"},"canonical":"https:\/\/carnitec.com\/lv\/products\/plevju-atdalisanas-un-nonemsanas-iekarta-maja-easy\/","og_locale":"lv_LV","og_type":"article","og_title":"Pl\u0113vju atdal\u012b\u0161anas un no\u0146em\u0161anas iek\u0101rta Maja EASY - Carnitec","og_description":"Pl\u0113vju atdal\u012b\u0161anas un no\u0146em\u0161anas iek\u0101rta Maja EASY (viegli) \u2014 tas ir optim\u0101l\u0101 tehnika pl\u0113vju atdal\u012b\u0161anas mazos ra\u017eo\u0161anas uz\u0146\u0113mumos.","og_url":"https:\/\/carnitec.com\/lv\/products\/plevju-atdalisanas-un-nonemsanas-iekarta-maja-easy\/","og_site_name":"Carnitec","article_publisher":"https:\/\/facebook.com\/carnitec1","og_image":[{"width":210,"height":210,"url":"https:\/\/carnitec.com\/wp-content\/uploads\/2016\/01\/Easy_maja.jpg","type":"image\/jpeg"}],"twitter_card":"summary","twitter_site":"@carnitec_","twitter_misc":{"Est. reading time":"1 min\u016b\u0161u"},"schema":{"@context":"https:\/\/schema.org","@graph":[{"@type":"WebPage","@id":"https:\/\/carnitec.com\/lv\/products\/plevju-atdalisanas-un-nonemsanas-iekarta-maja-easy\/","url":"https:\/\/carnitec.com\/lv\/products\/plevju-atdalisanas-un-nonemsanas-iekarta-maja-easy\/","name":"Pl\u0113vju atdal\u012b\u0161anas un no\u0146em\u0161anas iek\u0101rta Maja EASY - Carnitec","isPartOf":{"@id":"https:\/\/carnitec.com\/lv\/#website"},"datePublished":"2017-02-21T14:57:10+00:00","dateModified":"2017-02-21T14:57:10+00:00","breadcrumb":{"@id":"https:\/\/carnitec.com\/lv\/products\/plevju-atdalisanas-un-nonemsanas-iekarta-maja-easy\/#breadcrumb"},"inLanguage":"lv-LV","potentialAction":[{"@type":"ReadAction","target":["https:\/\/carnitec.com\/lv\/products\/plevju-atdalisanas-un-nonemsanas-iekarta-maja-easy\/"]}]},{"@type":"BreadcrumbList","@id":"https:\/\/carnitec.com\/lv\/products\/plevju-atdalisanas-un-nonemsanas-iekarta-maja-easy\/#breadcrumb","itemListElement":[{"@type":"ListItem","position":1,"name":"\u0413\u043b\u0430\u0432\u043d\u0430\u044f \u0441\u0442\u0440\u0430\u043d\u0438\u0446\u0430","item":"https:\/\/carnitec.com\/lv\/"},{"@type":"ListItem","position":2,"name":"\u0422\u043e\u0432\u0430\u0440\u044b","item":"https:\/\/carnitec.com\/shop\/"},{"@type":"ListItem","position":3,"name":"Pl\u0113vju atdal\u012b\u0161anas un no\u0146em\u0161anas iek\u0101rta Maja EASY"}]},{"@type":"WebSite","@id":"https:\/\/carnitec.com\/lv\/#website","url":"https:\/\/carnitec.com\/lv\/","name":"Carnitec","description":"P\u0101rtikas r\u016bpniec\u012bbas iek\u0101rtas","publisher":{"@id":"https:\/\/carnitec.com\/lv\/#organization"},"potentialAction":[{"@type":"SearchAction","target":{"@type":"EntryPoint","urlTemplate":"https:\/\/carnitec.com\/lv\/?s={search_term_string}"},"query-input":"required name=search_term_string"}],"inLanguage":"lv-LV"},{"@type":"Organization","@id":"https:\/\/carnitec.com\/lv\/#organization","name":"Carnitec - food processing equipment","url":"https:\/\/carnitec.com\/lv\/","sameAs":["https:\/\/www.instagram.com\/carnitec\/?hl=en","https:\/\/www.linkedin.com\/company\/carnitec-ltd\/","https:\/\/www.youtube.com\/channel\/UCwfiuJujkF2QxPPZAqB0T2w","https:\/\/facebook.com\/carnitec1","https:\/\/twitter.com\/carnitec_"],"logo":{"@type":"ImageObject","inLanguage":"lv-LV","@id":"https:\/\/carnitec.com\/lv\/#\/schema\/logo\/image\/","url":"http:\/\/carnitec.com\/wp-content\/uploads\/2018\/01\/carnitec_logo_2018.png","contentUrl":"http:\/\/carnitec.com\/wp-content\/uploads\/2018\/01\/carnitec_logo_2018.png","width":180,"height":50,"caption":"Carnitec - food processing equipment"},"image":{"@id":"https:\/\/carnitec.com\/lv\/#\/schema\/logo\/image\/"}}]}},"_links":{"self":[{"href":"https:\/\/carnitec.com\/lv\/wp-json\/wp\/v2\/product\/11608"}],"collection":[{"href":"https:\/\/carnitec.com\/lv\/wp-json\/wp\/v2\/product"}],"about":[{"href":"https:\/\/carnitec.com\/lv\/wp-json\/wp\/v2\/types\/product"}],"wp:featuredmedia":[{"embeddable":true,"href":"https:\/\/carnitec.com\/lv\/wp-json\/wp\/v2\/media\/11609"}],"wp:attachment":[{"href":"https:\/\/carnitec.com\/lv\/wp-json\/wp\/v2\/media?parent=11608"}],"wp:term":[{"taxonomy":"product_cat","embeddable":true,"href":"https:\/\/carnitec.com\/lv\/wp-json\/wp\/v2\/product_cat?post=11608"},{"taxonomy":"product_tag","embeddable":true,"href":"https:\/\/carnitec.com\/lv\/wp-json\/wp\/v2\/product_tag?post=11608"}],"curies":[{"name":"wp","href":"https:\/\/api.w.org\/{rel}","templated":true}]}}