{"id":11503,"date":"2016-03-24T14:03:46","date_gmt":"2017-02-16T12:15:38","guid":{"rendered":"http:\/\/staging1.carnitec.com\/lv\/?post_type=product&#038;p=11503"},"modified":"2017-02-16T14:15:38","modified_gmt":"2017-02-16T12:15:38","slug":"dicr-classic-96-griezejs","status":"publish","type":"product","link":"https:\/\/carnitec.com\/lv\/products\/dicr-classic-96-griezejs\/","title":{"rendered":"DicR\u00ae classic 96 griez\u0113js"},"content":{"rendered":"<h2><strong>DicR\u00ae classic 96 griez\u0113js<\/strong><\/h2>\n<p>Ga\u013cas grie\u0161anas ma\u0161\u012bna DicR\u00ae Classic (FOODLOGISTIK komp\u0101nijas) \u2013 tas ir pareiza izv\u0113le priek\u0161 ga\u013cas veikaliem, lielveikaliem, restor\u0101niem un mazajiem uz\u0146\u0113mumiem:<\/p>\n<p>\u2022 Unik\u0101la \u010detrdimensiju iepriek\u0161\u0113j\u0101 kompresija garant\u0113 augstu svaigas ga\u013cas, spe\u0137a, bekona un desu sagrie\u0161anas kvalit\u0101ti.<br \/>\n\u2022 Visiztur\u012bg\u0101k\u0101 spe\u0137a sagrie\u0161anas ma\u0161\u012bna sav\u0101 klas\u0113 \u2013 motora jauda ir 2,6 kW.<br \/>\n\u2022 Neiedom\u0101jams grie\u0161anas garums \u2013 45 mm ar bezgal\u012bgu regul\u0113jumu.<br \/>\n\u2022 Pat mazos kubi\u0146us 4x4mm iesp\u0113jams sagriezt -3\u00b0C temperat\u016br\u0101.<br \/>\n\u2022 Kameras izm\u0113rs [mm] 96 x 96 x 310.<\/p>\n<p><a href=\"http:\/\/www.carnitec.ru\/wp-content\/uploads\/2016\/03\/DicR_Classic96_2.jpg\" rel=\"attachment wp-att-4311\" data-rel=\"lightbox-image-0\" data-rl_title=\"\" data-rl_caption=\"\" title=\"\"><img class=\"alignnone size-full wp-image-4311\" src=\"http:\/\/www.carnitec.ru\/wp-content\/uploads\/2016\/03\/DicR_Classic96_2.jpg\" alt=\"DicR_Classic96_2\" width=\"237\" height=\"183\" \/><\/a><\/p>\n<h3><a href=\"http:\/\/www.carnitec.ru\/wp-content\/uploads\/2016\/03\/DicR_Classic96_3.jpg\" rel=\"attachment wp-att-4313\" data-rel=\"lightbox-image-1\" data-rl_title=\"\" data-rl_caption=\"\" title=\"\"><img class=\"alignnone size-full wp-image-4313\" src=\"http:\/\/www.carnitec.ru\/wp-content\/uploads\/2016\/03\/DicR_Classic96_3.jpg\" alt=\"DicR_Classic96_3\" width=\"237\" height=\"183\" \/><\/a><\/h3>\n<h2>TEHNISKIE DATI:<\/h2>\n<p>produktivit\u0101te 1400 kg \/ st<br \/>\njauda 2,6 kW<br \/>\nDarba kamera 96 x 96 x 310 mm<br \/>\nGrie\u0161anas re\u017e\u0123a \u0161\u0137\u0113rsgriezums 90 x 90 mm<br \/>\ngriezuma garums (regul\u0113jams) 0 \u2013 45 mm<br \/>\n4-sanu kompresija (saspie\u0161ana) &#8211; nav<br \/>\ngarums x platums x augstums 1300 x 660 x 1115 mm<br \/>\nsvars 260 \u043a\u0433<br \/>\nre\u017e\u0123u izm\u0113ri: 4, 5, 6, 7, 8, 10, 13, 15, 18, 22, 30, 45 m<\/p>\n<p><iframe loading=\"lazy\" title=\"DicR\u00ae classic\" width=\"640\" height=\"480\" src=\"https:\/\/www.youtube.com\/embed\/acaNuqBLjhI?feature=oembed\" frameborder=\"0\" allow=\"accelerometer; autoplay; clipboard-write; encrypted-media; gyroscope; picture-in-picture\" allowfullscreen><\/iframe><\/p>\n","protected":false},"excerpt":{"rendered":"<p>Ga\u013cas ma\u0161\u012bna DicR\u00ae Classic (FOODLOGISTIK komp\u0101nijas) \u2013 tas ir pareiza izv\u0113le priek\u0161 ga\u013cas veikaliem, lielveikaliem, restor\u0101niem un mazajiem uz\u0146\u0113mumiem<\/p>\n","protected":false},"featured_media":7869,"template":"","meta":{"content-type":"","_monsterinsights_skip_tracking":false,"_monsterinsights_sitenote_active":false,"_monsterinsights_sitenote_note":"","_monsterinsights_sitenote_category":0},"product_cat":[],"product_tag":[2236,2237],"yoast_head":"<!-- This site is optimized with the Yoast SEO plugin v19.5.1 - https:\/\/yoast.com\/wordpress\/plugins\/seo\/ -->\n<title>DicR\u00ae classic 96 griez\u0113js - Carnitec<\/title>\n<meta name=\"robots\" content=\"index, follow, max-snippet:-1, max-image-preview:large, max-video-preview:-1\" \/>\n<link rel=\"canonical\" href=\"https:\/\/carnitec.com\/lv\/products\/dicr-classic-96-griezejs\/\" \/>\n<meta property=\"og:locale\" content=\"lv_LV\" \/>\n<meta property=\"og:type\" content=\"article\" \/>\n<meta property=\"og:title\" content=\"DicR\u00ae classic 96 griez\u0113js - Carnitec\" \/>\n<meta property=\"og:description\" content=\"Ga\u013cas ma\u0161\u012bna DicR\u00ae Classic (FOODLOGISTIK komp\u0101nijas) \u2013 tas ir pareiza izv\u0113le priek\u0161 ga\u013cas veikaliem, lielveikaliem, restor\u0101niem un mazajiem uz\u0146\u0113mumiem\" \/>\n<meta property=\"og:url\" content=\"https:\/\/carnitec.com\/lv\/products\/dicr-classic-96-griezejs\/\" \/>\n<meta property=\"og:site_name\" content=\"Carnitec\" \/>\n<meta property=\"article:publisher\" content=\"https:\/\/facebook.com\/carnitec1\" \/>\n<meta property=\"og:image\" content=\"https:\/\/carnitec.com\/wp-content\/uploads\/2016\/03\/Classic_96_4cbef0e1b6271.jpg\" \/>\n\t<meta property=\"og:image:width\" content=\"237\" \/>\n\t<meta property=\"og:image:height\" content=\"183\" \/>\n\t<meta property=\"og:image:type\" content=\"image\/jpeg\" \/>\n<meta name=\"twitter:card\" content=\"summary\" \/>\n<meta name=\"twitter:site\" content=\"@carnitec_\" \/>\n<meta name=\"twitter:label1\" content=\"Est. reading time\" \/>\n\t<meta name=\"twitter:data1\" content=\"1 min\u016b\u0161u\" \/>\n<script type=\"application\/ld+json\" class=\"yoast-schema-graph\">{\"@context\":\"https:\/\/schema.org\",\"@graph\":[{\"@type\":\"WebPage\",\"@id\":\"https:\/\/carnitec.com\/lv\/products\/dicr-classic-96-griezejs\/\",\"url\":\"https:\/\/carnitec.com\/lv\/products\/dicr-classic-96-griezejs\/\",\"name\":\"DicR\u00ae classic 96 griez\u0113js - Carnitec\",\"isPartOf\":{\"@id\":\"https:\/\/carnitec.com\/lv\/#website\"},\"datePublished\":\"2017-02-16T12:15:38+00:00\",\"dateModified\":\"2017-02-16T12:15:38+00:00\",\"breadcrumb\":{\"@id\":\"https:\/\/carnitec.com\/lv\/products\/dicr-classic-96-griezejs\/#breadcrumb\"},\"inLanguage\":\"lv-LV\",\"potentialAction\":[{\"@type\":\"ReadAction\",\"target\":[\"https:\/\/carnitec.com\/lv\/products\/dicr-classic-96-griezejs\/\"]}]},{\"@type\":\"BreadcrumbList\",\"@id\":\"https:\/\/carnitec.com\/lv\/products\/dicr-classic-96-griezejs\/#breadcrumb\",\"itemListElement\":[{\"@type\":\"ListItem\",\"position\":1,\"name\":\"\u0413\u043b\u0430\u0432\u043d\u0430\u044f \u0441\u0442\u0440\u0430\u043d\u0438\u0446\u0430\",\"item\":\"https:\/\/carnitec.com\/lv\/\"},{\"@type\":\"ListItem\",\"position\":2,\"name\":\"\u0422\u043e\u0432\u0430\u0440\u044b\",\"item\":\"https:\/\/carnitec.com\/shop\/\"},{\"@type\":\"ListItem\",\"position\":3,\"name\":\"DicR\u00ae classic 96 griez\u0113js\"}]},{\"@type\":\"WebSite\",\"@id\":\"https:\/\/carnitec.com\/lv\/#website\",\"url\":\"https:\/\/carnitec.com\/lv\/\",\"name\":\"Carnitec\",\"description\":\"P\u0101rtikas r\u016bpniec\u012bbas iek\u0101rtas\",\"publisher\":{\"@id\":\"https:\/\/carnitec.com\/lv\/#organization\"},\"potentialAction\":[{\"@type\":\"SearchAction\",\"target\":{\"@type\":\"EntryPoint\",\"urlTemplate\":\"https:\/\/carnitec.com\/lv\/?s={search_term_string}\"},\"query-input\":\"required name=search_term_string\"}],\"inLanguage\":\"lv-LV\"},{\"@type\":\"Organization\",\"@id\":\"https:\/\/carnitec.com\/lv\/#organization\",\"name\":\"Carnitec - food processing equipment\",\"url\":\"https:\/\/carnitec.com\/lv\/\",\"sameAs\":[\"https:\/\/www.instagram.com\/carnitec\/?hl=en\",\"https:\/\/www.linkedin.com\/company\/carnitec-ltd\/\",\"https:\/\/www.youtube.com\/channel\/UCwfiuJujkF2QxPPZAqB0T2w\",\"https:\/\/facebook.com\/carnitec1\",\"https:\/\/twitter.com\/carnitec_\"],\"logo\":{\"@type\":\"ImageObject\",\"inLanguage\":\"lv-LV\",\"@id\":\"https:\/\/carnitec.com\/lv\/#\/schema\/logo\/image\/\",\"url\":\"http:\/\/carnitec.com\/wp-content\/uploads\/2018\/01\/carnitec_logo_2018.png\",\"contentUrl\":\"http:\/\/carnitec.com\/wp-content\/uploads\/2018\/01\/carnitec_logo_2018.png\",\"width\":180,\"height\":50,\"caption\":\"Carnitec - food processing equipment\"},\"image\":{\"@id\":\"https:\/\/carnitec.com\/lv\/#\/schema\/logo\/image\/\"}}]}<\/script>\n<!-- \/ Yoast SEO plugin. -->","yoast_head_json":{"title":"DicR\u00ae classic 96 griez\u0113js - Carnitec","robots":{"index":"index","follow":"follow","max-snippet":"max-snippet:-1","max-image-preview":"max-image-preview:large","max-video-preview":"max-video-preview:-1"},"canonical":"https:\/\/carnitec.com\/lv\/products\/dicr-classic-96-griezejs\/","og_locale":"lv_LV","og_type":"article","og_title":"DicR\u00ae classic 96 griez\u0113js - Carnitec","og_description":"Ga\u013cas ma\u0161\u012bna DicR\u00ae Classic (FOODLOGISTIK komp\u0101nijas) \u2013 tas ir pareiza izv\u0113le priek\u0161 ga\u013cas veikaliem, lielveikaliem, restor\u0101niem un mazajiem uz\u0146\u0113mumiem","og_url":"https:\/\/carnitec.com\/lv\/products\/dicr-classic-96-griezejs\/","og_site_name":"Carnitec","article_publisher":"https:\/\/facebook.com\/carnitec1","og_image":[{"width":237,"height":183,"url":"https:\/\/carnitec.com\/wp-content\/uploads\/2016\/03\/Classic_96_4cbef0e1b6271.jpg","type":"image\/jpeg"}],"twitter_card":"summary","twitter_site":"@carnitec_","twitter_misc":{"Est. reading time":"1 min\u016b\u0161u"},"schema":{"@context":"https:\/\/schema.org","@graph":[{"@type":"WebPage","@id":"https:\/\/carnitec.com\/lv\/products\/dicr-classic-96-griezejs\/","url":"https:\/\/carnitec.com\/lv\/products\/dicr-classic-96-griezejs\/","name":"DicR\u00ae classic 96 griez\u0113js - Carnitec","isPartOf":{"@id":"https:\/\/carnitec.com\/lv\/#website"},"datePublished":"2017-02-16T12:15:38+00:00","dateModified":"2017-02-16T12:15:38+00:00","breadcrumb":{"@id":"https:\/\/carnitec.com\/lv\/products\/dicr-classic-96-griezejs\/#breadcrumb"},"inLanguage":"lv-LV","potentialAction":[{"@type":"ReadAction","target":["https:\/\/carnitec.com\/lv\/products\/dicr-classic-96-griezejs\/"]}]},{"@type":"BreadcrumbList","@id":"https:\/\/carnitec.com\/lv\/products\/dicr-classic-96-griezejs\/#breadcrumb","itemListElement":[{"@type":"ListItem","position":1,"name":"\u0413\u043b\u0430\u0432\u043d\u0430\u044f \u0441\u0442\u0440\u0430\u043d\u0438\u0446\u0430","item":"https:\/\/carnitec.com\/lv\/"},{"@type":"ListItem","position":2,"name":"\u0422\u043e\u0432\u0430\u0440\u044b","item":"https:\/\/carnitec.com\/shop\/"},{"@type":"ListItem","position":3,"name":"DicR\u00ae classic 96 griez\u0113js"}]},{"@type":"WebSite","@id":"https:\/\/carnitec.com\/lv\/#website","url":"https:\/\/carnitec.com\/lv\/","name":"Carnitec","description":"P\u0101rtikas r\u016bpniec\u012bbas iek\u0101rtas","publisher":{"@id":"https:\/\/carnitec.com\/lv\/#organization"},"potentialAction":[{"@type":"SearchAction","target":{"@type":"EntryPoint","urlTemplate":"https:\/\/carnitec.com\/lv\/?s={search_term_string}"},"query-input":"required name=search_term_string"}],"inLanguage":"lv-LV"},{"@type":"Organization","@id":"https:\/\/carnitec.com\/lv\/#organization","name":"Carnitec - food processing equipment","url":"https:\/\/carnitec.com\/lv\/","sameAs":["https:\/\/www.instagram.com\/carnitec\/?hl=en","https:\/\/www.linkedin.com\/company\/carnitec-ltd\/","https:\/\/www.youtube.com\/channel\/UCwfiuJujkF2QxPPZAqB0T2w","https:\/\/facebook.com\/carnitec1","https:\/\/twitter.com\/carnitec_"],"logo":{"@type":"ImageObject","inLanguage":"lv-LV","@id":"https:\/\/carnitec.com\/lv\/#\/schema\/logo\/image\/","url":"http:\/\/carnitec.com\/wp-content\/uploads\/2018\/01\/carnitec_logo_2018.png","contentUrl":"http:\/\/carnitec.com\/wp-content\/uploads\/2018\/01\/carnitec_logo_2018.png","width":180,"height":50,"caption":"Carnitec - food processing equipment"},"image":{"@id":"https:\/\/carnitec.com\/lv\/#\/schema\/logo\/image\/"}}]}},"_links":{"self":[{"href":"https:\/\/carnitec.com\/lv\/wp-json\/wp\/v2\/product\/11503"}],"collection":[{"href":"https:\/\/carnitec.com\/lv\/wp-json\/wp\/v2\/product"}],"about":[{"href":"https:\/\/carnitec.com\/lv\/wp-json\/wp\/v2\/types\/product"}],"wp:featuredmedia":[{"embeddable":true,"href":"https:\/\/carnitec.com\/lv\/wp-json\/wp\/v2\/media\/7869"}],"wp:attachment":[{"href":"https:\/\/carnitec.com\/lv\/wp-json\/wp\/v2\/media?parent=11503"}],"wp:term":[{"taxonomy":"product_cat","embeddable":true,"href":"https:\/\/carnitec.com\/lv\/wp-json\/wp\/v2\/product_cat?post=11503"},{"taxonomy":"product_tag","embeddable":true,"href":"https:\/\/carnitec.com\/lv\/wp-json\/wp\/v2\/product_tag?post=11503"}],"curies":[{"name":"wp","href":"https:\/\/api.w.org\/{rel}","templated":true}]}}