{"id":11459,"date":"2017-01-30T17:13:16","date_gmt":"2017-01-30T15:14:31","guid":{"rendered":"http:\/\/staging1.carnitec.com\/lv\/?post_type=product&#038;p=11459"},"modified":"2017-01-30T17:14:31","modified_gmt":"2017-01-30T15:14:31","slug":"zagis-kautkermenu-sadalisanai-efa-sb-287-e","status":"publish","type":"product","link":"https:\/\/carnitec.com\/lv\/products\/zagis-kautkermenu-sadalisanai-efa-sb-287-e\/","title":{"rendered":"Z\u0101\u0123is kaut\u0137erme\u0146u sadal\u012b\u0161anai EFA SB 287 E"},"content":{"rendered":"<h2>Z\u0101\u0123is kaut\u0137erme\u0146u sadal\u012b\u0161anai EFA SB 287 E<\/h2>\n<p>\u2022 Lentz\u0101\u0123is lieme\u0146u sagrie\u0161anai uz pus\u0113m EFA SB 295 E. C\u016bku un liellopu sadales z\u0101\u0123is maziem un lieliem uz\u0146\u0113mumiem.<br \/>\n\u2022 \u0100tra un kvalitat\u012bva saz\u0101\u0123\u0113\u0161ana, zems trok\u0161\u0146u un vibr\u0101cijas l\u012bmenis, \u00adasme\u0146u unik\u0101la t\u012br\u012b\u0161anas sist\u0113ma \u2014 \u0161\u012b mode\u013ca v\u0113rt\u012bba\u00ad.<br \/>\n\u2022 Dzin\u0113ja jauda: 2,3 kW<br \/>\n\u2022 elektr\u012bba: 3 \u00ad f\u0101zes<br \/>\n\u2022 sagrie\u0161anas garums: 18\u2019\u2019 (457 mm)<br \/>\n\u2022 Svars: 48,5 kg<br \/>\n\u2022 aizsardz\u012bbas klase: IP \u00ad 44<br \/>\n\u2022 Papildus apr\u012bkojums:<br \/>\n\u2022 Z\u0101\u0123a asmens, 2904 \u00admm<br \/>\n\u2022 atsperu \u00adkompensators<br \/>\n\u2022 pagarin\u0101t\u0101js, 3 \u00ad m<br \/>\n\u2022 transformators, 3000 \u0412\u0410\/42 \u00ad V<br \/>\n\u2022 Str\u0101vas no\u0146\u0113m\u0113js<br \/>\n\u2022 Vad\u012bbas sist\u0113ma, ar magn\u0113ta v\u0101rstu un spir\u0101\u013cu \u0161\u013c\u016btenes\u00ad 400V<br \/>\nD<\/p>\n","protected":false},"excerpt":{"rendered":"<p>Z\u0101\u0123is kaut\u0137erme\u0146u sadal\u012b\u0161anai <\/p>\n","protected":false},"featured_media":11458,"template":"","meta":{"content-type":"","_monsterinsights_skip_tracking":false,"_monsterinsights_sitenote_active":false,"_monsterinsights_sitenote_note":"","_monsterinsights_sitenote_category":0},"product_cat":[951,1542,1964],"product_tag":[],"yoast_head":"<!-- This site is optimized with the Yoast SEO plugin v19.5.1 - https:\/\/yoast.com\/wordpress\/plugins\/seo\/ -->\n<title>Z\u0101\u0123is kaut\u0137erme\u0146u sadal\u012b\u0161anai EFA SB 287 E - Carnitec<\/title>\n<meta name=\"robots\" content=\"index, follow, max-snippet:-1, max-image-preview:large, max-video-preview:-1\" \/>\n<link rel=\"canonical\" href=\"https:\/\/carnitec.com\/lv\/products\/zagis-kautkermenu-sadalisanai-efa-sb-287-e\/\" \/>\n<meta property=\"og:locale\" content=\"lv_LV\" \/>\n<meta property=\"og:type\" content=\"article\" \/>\n<meta property=\"og:title\" content=\"Z\u0101\u0123is kaut\u0137erme\u0146u sadal\u012b\u0161anai EFA SB 287 E - Carnitec\" \/>\n<meta property=\"og:description\" content=\"Z\u0101\u0123is kaut\u0137erme\u0146u sadal\u012b\u0161anai\" \/>\n<meta property=\"og:url\" content=\"https:\/\/carnitec.com\/lv\/products\/zagis-kautkermenu-sadalisanai-efa-sb-287-e\/\" \/>\n<meta property=\"og:site_name\" content=\"Carnitec\" \/>\n<meta property=\"article:publisher\" content=\"https:\/\/facebook.com\/carnitec1\" \/>\n<meta property=\"og:image\" content=\"https:\/\/carnitec.com\/wp-content\/uploads\/2017\/01\/EFA-SB-287-E.jpg\" \/>\n\t<meta property=\"og:image:width\" content=\"600\" \/>\n\t<meta property=\"og:image:height\" content=\"332\" \/>\n\t<meta property=\"og:image:type\" content=\"image\/jpeg\" \/>\n<meta name=\"twitter:card\" content=\"summary\" \/>\n<meta name=\"twitter:site\" content=\"@carnitec_\" \/>\n<meta name=\"twitter:label1\" content=\"Est. reading time\" \/>\n\t<meta name=\"twitter:data1\" content=\"1 min\u016b\u0161u\" \/>\n<script type=\"application\/ld+json\" class=\"yoast-schema-graph\">{\"@context\":\"https:\/\/schema.org\",\"@graph\":[{\"@type\":\"WebPage\",\"@id\":\"https:\/\/carnitec.com\/lv\/products\/zagis-kautkermenu-sadalisanai-efa-sb-287-e\/\",\"url\":\"https:\/\/carnitec.com\/lv\/products\/zagis-kautkermenu-sadalisanai-efa-sb-287-e\/\",\"name\":\"Z\u0101\u0123is kaut\u0137erme\u0146u sadal\u012b\u0161anai EFA SB 287 E - Carnitec\",\"isPartOf\":{\"@id\":\"https:\/\/carnitec.com\/lv\/#website\"},\"datePublished\":\"2017-01-30T15:14:31+00:00\",\"dateModified\":\"2017-01-30T15:14:31+00:00\",\"breadcrumb\":{\"@id\":\"https:\/\/carnitec.com\/lv\/products\/zagis-kautkermenu-sadalisanai-efa-sb-287-e\/#breadcrumb\"},\"inLanguage\":\"lv-LV\",\"potentialAction\":[{\"@type\":\"ReadAction\",\"target\":[\"https:\/\/carnitec.com\/lv\/products\/zagis-kautkermenu-sadalisanai-efa-sb-287-e\/\"]}]},{\"@type\":\"BreadcrumbList\",\"@id\":\"https:\/\/carnitec.com\/lv\/products\/zagis-kautkermenu-sadalisanai-efa-sb-287-e\/#breadcrumb\",\"itemListElement\":[{\"@type\":\"ListItem\",\"position\":1,\"name\":\"\u0413\u043b\u0430\u0432\u043d\u0430\u044f \u0441\u0442\u0440\u0430\u043d\u0438\u0446\u0430\",\"item\":\"https:\/\/carnitec.com\/lv\/\"},{\"@type\":\"ListItem\",\"position\":2,\"name\":\"\u0422\u043e\u0432\u0430\u0440\u044b\",\"item\":\"https:\/\/carnitec.com\/shop\/\"},{\"@type\":\"ListItem\",\"position\":3,\"name\":\"Z\u0101\u0123is kaut\u0137erme\u0146u sadal\u012b\u0161anai EFA SB 287 E\"}]},{\"@type\":\"WebSite\",\"@id\":\"https:\/\/carnitec.com\/lv\/#website\",\"url\":\"https:\/\/carnitec.com\/lv\/\",\"name\":\"Carnitec\",\"description\":\"P\u0101rtikas r\u016bpniec\u012bbas iek\u0101rtas\",\"publisher\":{\"@id\":\"https:\/\/carnitec.com\/lv\/#organization\"},\"potentialAction\":[{\"@type\":\"SearchAction\",\"target\":{\"@type\":\"EntryPoint\",\"urlTemplate\":\"https:\/\/carnitec.com\/lv\/?s={search_term_string}\"},\"query-input\":\"required name=search_term_string\"}],\"inLanguage\":\"lv-LV\"},{\"@type\":\"Organization\",\"@id\":\"https:\/\/carnitec.com\/lv\/#organization\",\"name\":\"Carnitec - food processing equipment\",\"url\":\"https:\/\/carnitec.com\/lv\/\",\"sameAs\":[\"https:\/\/www.instagram.com\/carnitec\/?hl=en\",\"https:\/\/www.linkedin.com\/company\/carnitec-ltd\/\",\"https:\/\/www.youtube.com\/channel\/UCwfiuJujkF2QxPPZAqB0T2w\",\"https:\/\/facebook.com\/carnitec1\",\"https:\/\/twitter.com\/carnitec_\"],\"logo\":{\"@type\":\"ImageObject\",\"inLanguage\":\"lv-LV\",\"@id\":\"https:\/\/carnitec.com\/lv\/#\/schema\/logo\/image\/\",\"url\":\"http:\/\/carnitec.com\/wp-content\/uploads\/2018\/01\/carnitec_logo_2018.png\",\"contentUrl\":\"http:\/\/carnitec.com\/wp-content\/uploads\/2018\/01\/carnitec_logo_2018.png\",\"width\":180,\"height\":50,\"caption\":\"Carnitec - food processing equipment\"},\"image\":{\"@id\":\"https:\/\/carnitec.com\/lv\/#\/schema\/logo\/image\/\"}}]}<\/script>\n<!-- \/ Yoast SEO plugin. -->","yoast_head_json":{"title":"Z\u0101\u0123is kaut\u0137erme\u0146u sadal\u012b\u0161anai EFA SB 287 E - Carnitec","robots":{"index":"index","follow":"follow","max-snippet":"max-snippet:-1","max-image-preview":"max-image-preview:large","max-video-preview":"max-video-preview:-1"},"canonical":"https:\/\/carnitec.com\/lv\/products\/zagis-kautkermenu-sadalisanai-efa-sb-287-e\/","og_locale":"lv_LV","og_type":"article","og_title":"Z\u0101\u0123is kaut\u0137erme\u0146u sadal\u012b\u0161anai EFA SB 287 E - Carnitec","og_description":"Z\u0101\u0123is kaut\u0137erme\u0146u sadal\u012b\u0161anai","og_url":"https:\/\/carnitec.com\/lv\/products\/zagis-kautkermenu-sadalisanai-efa-sb-287-e\/","og_site_name":"Carnitec","article_publisher":"https:\/\/facebook.com\/carnitec1","og_image":[{"width":600,"height":332,"url":"https:\/\/carnitec.com\/wp-content\/uploads\/2017\/01\/EFA-SB-287-E.jpg","type":"image\/jpeg"}],"twitter_card":"summary","twitter_site":"@carnitec_","twitter_misc":{"Est. reading time":"1 min\u016b\u0161u"},"schema":{"@context":"https:\/\/schema.org","@graph":[{"@type":"WebPage","@id":"https:\/\/carnitec.com\/lv\/products\/zagis-kautkermenu-sadalisanai-efa-sb-287-e\/","url":"https:\/\/carnitec.com\/lv\/products\/zagis-kautkermenu-sadalisanai-efa-sb-287-e\/","name":"Z\u0101\u0123is kaut\u0137erme\u0146u sadal\u012b\u0161anai EFA SB 287 E - Carnitec","isPartOf":{"@id":"https:\/\/carnitec.com\/lv\/#website"},"datePublished":"2017-01-30T15:14:31+00:00","dateModified":"2017-01-30T15:14:31+00:00","breadcrumb":{"@id":"https:\/\/carnitec.com\/lv\/products\/zagis-kautkermenu-sadalisanai-efa-sb-287-e\/#breadcrumb"},"inLanguage":"lv-LV","potentialAction":[{"@type":"ReadAction","target":["https:\/\/carnitec.com\/lv\/products\/zagis-kautkermenu-sadalisanai-efa-sb-287-e\/"]}]},{"@type":"BreadcrumbList","@id":"https:\/\/carnitec.com\/lv\/products\/zagis-kautkermenu-sadalisanai-efa-sb-287-e\/#breadcrumb","itemListElement":[{"@type":"ListItem","position":1,"name":"\u0413\u043b\u0430\u0432\u043d\u0430\u044f \u0441\u0442\u0440\u0430\u043d\u0438\u0446\u0430","item":"https:\/\/carnitec.com\/lv\/"},{"@type":"ListItem","position":2,"name":"\u0422\u043e\u0432\u0430\u0440\u044b","item":"https:\/\/carnitec.com\/shop\/"},{"@type":"ListItem","position":3,"name":"Z\u0101\u0123is kaut\u0137erme\u0146u sadal\u012b\u0161anai EFA SB 287 E"}]},{"@type":"WebSite","@id":"https:\/\/carnitec.com\/lv\/#website","url":"https:\/\/carnitec.com\/lv\/","name":"Carnitec","description":"P\u0101rtikas r\u016bpniec\u012bbas iek\u0101rtas","publisher":{"@id":"https:\/\/carnitec.com\/lv\/#organization"},"potentialAction":[{"@type":"SearchAction","target":{"@type":"EntryPoint","urlTemplate":"https:\/\/carnitec.com\/lv\/?s={search_term_string}"},"query-input":"required name=search_term_string"}],"inLanguage":"lv-LV"},{"@type":"Organization","@id":"https:\/\/carnitec.com\/lv\/#organization","name":"Carnitec - food processing equipment","url":"https:\/\/carnitec.com\/lv\/","sameAs":["https:\/\/www.instagram.com\/carnitec\/?hl=en","https:\/\/www.linkedin.com\/company\/carnitec-ltd\/","https:\/\/www.youtube.com\/channel\/UCwfiuJujkF2QxPPZAqB0T2w","https:\/\/facebook.com\/carnitec1","https:\/\/twitter.com\/carnitec_"],"logo":{"@type":"ImageObject","inLanguage":"lv-LV","@id":"https:\/\/carnitec.com\/lv\/#\/schema\/logo\/image\/","url":"http:\/\/carnitec.com\/wp-content\/uploads\/2018\/01\/carnitec_logo_2018.png","contentUrl":"http:\/\/carnitec.com\/wp-content\/uploads\/2018\/01\/carnitec_logo_2018.png","width":180,"height":50,"caption":"Carnitec - food processing equipment"},"image":{"@id":"https:\/\/carnitec.com\/lv\/#\/schema\/logo\/image\/"}}]}},"_links":{"self":[{"href":"https:\/\/carnitec.com\/lv\/wp-json\/wp\/v2\/product\/11459"}],"collection":[{"href":"https:\/\/carnitec.com\/lv\/wp-json\/wp\/v2\/product"}],"about":[{"href":"https:\/\/carnitec.com\/lv\/wp-json\/wp\/v2\/types\/product"}],"wp:featuredmedia":[{"embeddable":true,"href":"https:\/\/carnitec.com\/lv\/wp-json\/wp\/v2\/media\/11458"}],"wp:attachment":[{"href":"https:\/\/carnitec.com\/lv\/wp-json\/wp\/v2\/media?parent=11459"}],"wp:term":[{"taxonomy":"product_cat","embeddable":true,"href":"https:\/\/carnitec.com\/lv\/wp-json\/wp\/v2\/product_cat?post=11459"},{"taxonomy":"product_tag","embeddable":true,"href":"https:\/\/carnitec.com\/lv\/wp-json\/wp\/v2\/product_tag?post=11459"}],"curies":[{"name":"wp","href":"https:\/\/api.w.org\/{rel}","templated":true}]}}