{"id":11373,"date":"2016-06-06T14:10:44","date_gmt":"2016-11-07T20:31:08","guid":{"rendered":"http:\/\/carnitec.com\/lv\/?post_type=product&#038;p=11373"},"modified":"2019-05-29T14:25:00","modified_gmt":"2019-05-29T12:25:00","slug":"cepsanas-kameras-airmaster-bkq-airjet","status":"publish","type":"product","link":"https:\/\/carnitec.com\/lv\/products\/cepsanas-kameras-airmaster-bkq-airjet\/","title":{"rendered":"Cep\u0161anas kameras AIRMASTER\u00ae BKQ AIRJET"},"content":{"rendered":"<p><strong>AIRMASTER\u00ae BKQ AIRJET<\/strong> \u2014 t\u0101 ir \u013coti produkt\u012bva iek\u0101rta v\u0101r\u012b\u0161anai, termoapstr\u0101dei, cep\u0161anai temperat\u016br\u0101s l\u012bdz 300\u00b0C. T\u0101 darbojas p\u0113c unik\u0101la gaisa cirkul\u0101cijas principa ar REICH \u0161\u0137\u0113rspl\u016bsmu, kas garant\u0113 visaugst\u0101ko produktivit\u0101ti un \u012bsu cikla laiku ar optim\u0101lu gatav\u0101s produkcijas kvalit\u0101ti. T\u0101 ir izstr\u0101d\u0101ta speci\u0101li produktiem, kuru apstr\u0101de tiek veikta p\u0101rtikas tvertn\u0113s vai uz rest\u0113m. Protams, ka taj\u0101 ir iesp\u0113jama ar\u012b optim\u0101la produktu apstr\u0101de vertik\u0101l\u0101 st\u0101vokl\u012b. Pateicoties milz\u012bgaj\u0101m jaudas rezerv\u0113m, ar to var sasniegt t\u0101dus produktivit\u0101tes r\u0101d\u012bt\u0101jus, kas b\u016btiski p\u0101rsniedz parastos lielumus. Pieejamo tehnolo\u0123isko procesu daudzveid\u012bba padara \u0161o iek\u0101rtu par optim\u0101lu klasisk\u0101 tvaika konvektom\u0101ta aizvietot\u0101ju r\u016bpnieciskiem apjomiem. Tiek pied\u0101v\u0101tas divu mode\u013cu BKQ iek\u0101rtas \u2013 ar vienu vai diviem rati\u0146iem.<\/p>\n<div id='gallery-1' class='gallery galleryid-11373 gallery-columns-2 gallery-size-thumbnail'><figure class='gallery-item'>\n\t\t\t<div class='gallery-icon landscape'>\n\t\t\t\t<a href='https:\/\/carnitec.com\/wp-content\/uploads\/2016\/06\/panel.jpg' title=\"\" data-rl_title=\"\" class=\"rl-gallery-link\" data-rl_caption=\"\" data-rel=\"lightbox-gallery-1\"><img width=\"150\" height=\"150\" src=\"https:\/\/carnitec.com\/wp-content\/uploads\/2016\/06\/panel.jpg\" class=\"attachment-thumbnail size-thumbnail\" alt=\"\" srcset=\"https:\/\/carnitec.com\/wp-content\/uploads\/2016\/06\/panel.jpg 800w, https:\/\/carnitec.com\/wp-content\/uploads\/2016\/06\/panel-300x300.jpg 300w, https:\/\/carnitec.com\/wp-content\/uploads\/2016\/06\/panel-100x100.jpg 100w, https:\/\/carnitec.com\/wp-content\/uploads\/2016\/06\/panel-600x600.jpg 600w\" sizes=\"(max-width: 150px) 100vw, 150px\" \/><\/a>\n\t\t\t<\/div><\/figure><figure class='gallery-item'>\n\t\t\t<div class='gallery-icon landscape'>\n\t\t\t\t<a href='https:\/\/carnitec.com\/wp-content\/uploads\/2016\/06\/interlock.jpg' title=\"\" data-rl_title=\"\" class=\"rl-gallery-link\" data-rl_caption=\"\" data-rel=\"lightbox-gallery-1\"><img width=\"150\" height=\"150\" src=\"https:\/\/carnitec.com\/wp-content\/uploads\/2016\/06\/interlock.jpg\" class=\"attachment-thumbnail size-thumbnail\" alt=\"\" srcset=\"https:\/\/carnitec.com\/wp-content\/uploads\/2016\/06\/interlock.jpg 800w, https:\/\/carnitec.com\/wp-content\/uploads\/2016\/06\/interlock-300x300.jpg 300w, https:\/\/carnitec.com\/wp-content\/uploads\/2016\/06\/interlock-100x100.jpg 100w, https:\/\/carnitec.com\/wp-content\/uploads\/2016\/06\/interlock-600x600.jpg 600w\" sizes=\"(max-width: 150px) 100vw, 150px\" \/><\/a>\n\t\t\t<\/div><\/figure><figure class='gallery-item'>\n\t\t\t<div class='gallery-icon landscape'>\n\t\t\t\t<a href='https:\/\/carnitec.com\/wp-content\/uploads\/2016\/06\/bbq_3.jpg' title=\"\" data-rl_title=\"\" class=\"rl-gallery-link\" data-rl_caption=\"\" data-rel=\"lightbox-gallery-1\"><img width=\"150\" height=\"150\" src=\"https:\/\/carnitec.com\/wp-content\/uploads\/2016\/06\/bbq_3.jpg\" class=\"attachment-thumbnail size-thumbnail\" alt=\"\" srcset=\"https:\/\/carnitec.com\/wp-content\/uploads\/2016\/06\/bbq_3.jpg 800w, https:\/\/carnitec.com\/wp-content\/uploads\/2016\/06\/bbq_3-300x300.jpg 300w, https:\/\/carnitec.com\/wp-content\/uploads\/2016\/06\/bbq_3-100x100.jpg 100w, https:\/\/carnitec.com\/wp-content\/uploads\/2016\/06\/bbq_3-600x600.jpg 600w\" sizes=\"(max-width: 150px) 100vw, 150px\" \/><\/a>\n\t\t\t<\/div><\/figure><figure class='gallery-item'>\n\t\t\t<div class='gallery-icon landscape'>\n\t\t\t\t<a href='https:\/\/carnitec.com\/wp-content\/uploads\/2016\/06\/bbq_1.jpg' title=\"\" data-rl_title=\"\" class=\"rl-gallery-link\" data-rl_caption=\"\" data-rel=\"lightbox-gallery-1\"><img width=\"150\" height=\"150\" src=\"https:\/\/carnitec.com\/wp-content\/uploads\/2016\/06\/bbq_1.jpg\" class=\"attachment-thumbnail size-thumbnail\" alt=\"\" srcset=\"https:\/\/carnitec.com\/wp-content\/uploads\/2016\/06\/bbq_1.jpg 800w, https:\/\/carnitec.com\/wp-content\/uploads\/2016\/06\/bbq_1-300x300.jpg 300w, https:\/\/carnitec.com\/wp-content\/uploads\/2016\/06\/bbq_1-100x100.jpg 100w, https:\/\/carnitec.com\/wp-content\/uploads\/2016\/06\/bbq_1-600x600.jpg 600w\" sizes=\"(max-width: 150px) 100vw, 150px\" \/><\/a>\n\t\t\t<\/div><\/figure>\n\t\t<\/div>\n\n<p>&nbsp;<\/p>\n<p>Jaun\u0101 AIRMASTER\u00ae BKQ AIRJET iek\u0101rta ir jau labi nov\u0113rt\u0113t\u0101s AIRMASTER\u00ae UKQ AIRJET iek\u0101rtas turpm\u0101k\u0101 att\u012bst\u012bbas pak\u0101pe, kas noteikusi jaunus standartus, pateicoties gaisa horizont\u0101l\u0101s cirkul\u0101cijas principam. P\u0101rliecinieties par AIRMASTER\u00ae BKQ AIRJET izmanto\u0161anas iesp\u0113ju daudzveid\u012bbu un uzziniet aizraujo\u0161as nianses par univers\u0101lo cep\u0161anas iek\u0101rtu jaun\u0101ko paaudzi.<\/p>\n<p>Atkar\u012bb\u0101 no produktu veida iesp\u0113jama konstrukcija, kur katr\u0101 rati\u0146\u0101 iesp\u0113jams ietilpin\u0101t l\u012bdz pat 35 k\u0101rt\u0101m. T\u0101pat tiek pied\u0101v\u0101ti da\u017e\u0101di rati\u0146u veidi p\u0101rtikas tvert\u0146u uzst\u0101d\u012b\u0161anai. Apstr\u0101d\u0101jot daudzus produktus, ir iesp\u0113jams divk\u0101rt palielin\u0101t katra rati\u0146a iekrau\u0161anas apjomu sal\u012bdzin\u0101jum\u0101 ar parastaj\u0101m sist\u0113m\u0101m. T\u0101 k\u0101, pateicoties augstajai produktivit\u0101tei, samazin\u0101s tehnolo\u0123isk\u0101 cikla ilgums, tiek pan\u0101kta v\u0113l liel\u0101ka efektivit\u0101te.<br \/>\nIedarb\u012bbas vienm\u0113r\u012bguma un efektivit\u0101tes zi\u0146\u0101 AIRMASTER\u00ae BKQ AIRJET iek\u0101rta nosaka jaunus standartus horizont\u0101li izvietotu produktu termisk\u0101s apstr\u0101des jom\u0101 augstu temperat\u016bru diapazon\u0101. To pielieto\u0161anas iesp\u0113jas sniedzas, s\u0101kot no apbr\u016bnin\u0101\u0161anas, \u017e\u0101v\u0113\u0161anas, saut\u0113\u0161anas, v\u0101r\u012b\u0161anas un apstr\u0101des ar karstu gaisu, beidzot ar cep\u0161anu. T\u0101, piem\u0113ram, AIRMASTER\u00ae BKQ AIRJET iek\u0101rta p\u0101rliecino\u0161i ra\u017eo ceptu ga\u013cas maizi un past\u0113ti ar vienm\u0113r\u012bgu kr\u0101su un garozi\u0146as biezumu un vien\u0101du temperat\u016bru produkta iek\u0161ien\u0113. Cita \u201ekaraliska\u201d kategorija augsto temperat\u016bru diapazon\u0101 \u2013 tas ir \u0161\u0137i\u0146\u0137is un cepetis ar krauk\u0161\u0137\u012bgu garozi\u0146u. Krauk\u0161\u0137\u012bgas saplais\u0101ju\u0161as garozi\u0146as ieg\u016b\u0161ana ar vien\u0101du kr\u0101su un vienm\u0113r\u012bgu temperat\u016bru produkta iek\u0161ien\u0113 Jums k\u013c\u016bs par b\u0113rnu sp\u0113li.<\/p>\n<p>Pateicoties gaisa cirkul\u0101cijas principam, ar REICH \u0161\u0137\u0113rspl\u016bsmu apstr\u0101des zon\u0101 tiek nodro\u0161in\u0101ta absol\u016bti vienm\u0113r\u012bga temperat\u016bra un tai pat laik\u0101 vienm\u0113r\u012bga apbr\u016bnin\u0101\u0161ana un garozi\u0146as izveido\u0161an\u0101s. Apstr\u0101d\u0101jot produktus p\u0101rtikas tvertn\u0113s, cepe\u0161pann\u0101s vai uz rest\u0113m, iesp\u0113jams izmantot visu iekrau\u0161anas rati\u0146u augstumu.<\/p>\n<p>Saprotams, ka iek\u0101rtai ir integr\u0113ta, piln\u012bb\u0101 automatiz\u0113ta neizjaucamas t\u012br\u012b\u0161anas sist\u0113ma. Daudzas pieejamas apr\u012bkojuma opcijas garant\u0113, ka J\u016bs varat izveidot iek\u0101rtas konfigur\u0101ciju, kas prec\u012bzi atbilst J\u016bsu uzdevumu specifikai.<\/p>\n<p><strong>IEK\u0100RTAS APRAKSTS<\/strong><br \/>\nAIRMASTER\u00ae BKQ iek\u0101rtas kameras korpuss sast\u0101v no viena modu\u013ca. Tas ir \u013coti iztur\u012bgs un 100% izgatavots no hromni\u0137e\u013ca t\u0113rauda, materi\u0101ls Nr.1.4391, k\u0101 ar\u012b ir herm\u0113tiski sametin\u0101ts, lai nodro\u0161in\u0101tu g\u0101zu un tvaiknecaurlaid\u012bbu. Pilna miner\u0101l\u0101 izol\u0101cija (termoiztur\u012bba l\u012bdz +650\u00b0C) nov\u0113r\u0161 siltuma zudumus. Konstrukcijas izstr\u0101d\u0113 \u012bpa\u0161a uzman\u012bba piev\u0113rsta termisko tiltu nov\u0113r\u0161anai.<\/p>\n","protected":false},"excerpt":{"rendered":"<p>AIRMASTER\u00ae BKQ AIRJET \u2014 t\u0101 ir \u013coti produkt\u012bva iek\u0101rta v\u0101r\u012b\u0161anai, termoapstr\u0101dei, cep\u0161anai temperat\u016br\u0101s l\u012bdz 300\u00b0C. T\u0101 darbojas p\u0113c unik\u0101la gaisa cirkul\u0101cijas principa ar REICH \u0161\u0137\u0113rspl\u016bsmu, kas garant\u0113 visaugst\u0101ko produktivit\u0101ti un \u012bsu cikla laiku ar optim\u0101lu gatav\u0101s produkcijas kvalit\u0101ti.<\/p>\n","protected":false},"featured_media":44920,"template":"","meta":{"content-type":"","_monsterinsights_skip_tracking":false,"_monsterinsights_sitenote_active":false,"_monsterinsights_sitenote_note":"","_monsterinsights_sitenote_category":0},"product_cat":[917],"product_tag":[],"yoast_head":"<!-- This site is optimized with the Yoast SEO plugin v19.5.1 - https:\/\/yoast.com\/wordpress\/plugins\/seo\/ -->\n<title>Cep\u0161anas kameras AIRMASTER\u00ae BKQ AIRJET - Carnitec<\/title>\n<meta name=\"robots\" content=\"index, follow, max-snippet:-1, max-image-preview:large, max-video-preview:-1\" \/>\n<link rel=\"canonical\" href=\"https:\/\/carnitec.com\/lv\/products\/cepsanas-kameras-airmaster-bkq-airjet\/\" \/>\n<meta property=\"og:locale\" content=\"lv_LV\" \/>\n<meta property=\"og:type\" content=\"article\" \/>\n<meta property=\"og:title\" content=\"Cep\u0161anas kameras AIRMASTER\u00ae BKQ AIRJET - Carnitec\" \/>\n<meta property=\"og:description\" content=\"AIRMASTER\u00ae BKQ AIRJET \u2014 t\u0101 ir \u013coti produkt\u012bva iek\u0101rta v\u0101r\u012b\u0161anai, termoapstr\u0101dei, cep\u0161anai temperat\u016br\u0101s l\u012bdz 300\u00b0C. T\u0101 darbojas p\u0113c unik\u0101la gaisa cirkul\u0101cijas principa ar REICH \u0161\u0137\u0113rspl\u016bsmu, kas garant\u0113 visaugst\u0101ko produktivit\u0101ti un \u012bsu cikla laiku ar optim\u0101lu gatav\u0101s produkcijas kvalit\u0101ti.\" \/>\n<meta property=\"og:url\" content=\"https:\/\/carnitec.com\/lv\/products\/cepsanas-kameras-airmaster-bkq-airjet\/\" \/>\n<meta property=\"og:site_name\" content=\"Carnitec\" \/>\n<meta property=\"article:publisher\" content=\"https:\/\/facebook.com\/carnitec1\" \/>\n<meta property=\"article:modified_time\" content=\"2019-05-29T12:25:00+00:00\" \/>\n<meta property=\"og:image\" content=\"https:\/\/carnitec.com\/wp-content\/uploads\/2016\/06\/bkq-1.jpg\" \/>\n\t<meta property=\"og:image:width\" content=\"700\" \/>\n\t<meta property=\"og:image:height\" content=\"700\" \/>\n\t<meta property=\"og:image:type\" content=\"image\/jpeg\" \/>\n<meta name=\"twitter:card\" content=\"summary\" \/>\n<meta name=\"twitter:site\" content=\"@carnitec_\" \/>\n<meta name=\"twitter:label1\" content=\"Est. reading time\" \/>\n\t<meta name=\"twitter:data1\" content=\"3 min\u016btes\" \/>\n<script type=\"application\/ld+json\" class=\"yoast-schema-graph\">{\"@context\":\"https:\/\/schema.org\",\"@graph\":[{\"@type\":\"WebPage\",\"@id\":\"https:\/\/carnitec.com\/lv\/products\/cepsanas-kameras-airmaster-bkq-airjet\/\",\"url\":\"https:\/\/carnitec.com\/lv\/products\/cepsanas-kameras-airmaster-bkq-airjet\/\",\"name\":\"Cep\u0161anas kameras AIRMASTER\u00ae BKQ AIRJET - Carnitec\",\"isPartOf\":{\"@id\":\"https:\/\/carnitec.com\/lv\/#website\"},\"datePublished\":\"2016-11-07T20:31:08+00:00\",\"dateModified\":\"2019-05-29T12:25:00+00:00\",\"breadcrumb\":{\"@id\":\"https:\/\/carnitec.com\/lv\/products\/cepsanas-kameras-airmaster-bkq-airjet\/#breadcrumb\"},\"inLanguage\":\"lv-LV\",\"potentialAction\":[{\"@type\":\"ReadAction\",\"target\":[\"https:\/\/carnitec.com\/lv\/products\/cepsanas-kameras-airmaster-bkq-airjet\/\"]}]},{\"@type\":\"BreadcrumbList\",\"@id\":\"https:\/\/carnitec.com\/lv\/products\/cepsanas-kameras-airmaster-bkq-airjet\/#breadcrumb\",\"itemListElement\":[{\"@type\":\"ListItem\",\"position\":1,\"name\":\"\u0413\u043b\u0430\u0432\u043d\u0430\u044f \u0441\u0442\u0440\u0430\u043d\u0438\u0446\u0430\",\"item\":\"https:\/\/carnitec.com\/lv\/\"},{\"@type\":\"ListItem\",\"position\":2,\"name\":\"\u0422\u043e\u0432\u0430\u0440\u044b\",\"item\":\"https:\/\/carnitec.com\/shop\/\"},{\"@type\":\"ListItem\",\"position\":3,\"name\":\"Cep\u0161anas kameras AIRMASTER\u00ae BKQ AIRJET\"}]},{\"@type\":\"WebSite\",\"@id\":\"https:\/\/carnitec.com\/lv\/#website\",\"url\":\"https:\/\/carnitec.com\/lv\/\",\"name\":\"Carnitec\",\"description\":\"P\u0101rtikas r\u016bpniec\u012bbas iek\u0101rtas\",\"publisher\":{\"@id\":\"https:\/\/carnitec.com\/lv\/#organization\"},\"potentialAction\":[{\"@type\":\"SearchAction\",\"target\":{\"@type\":\"EntryPoint\",\"urlTemplate\":\"https:\/\/carnitec.com\/lv\/?s={search_term_string}\"},\"query-input\":\"required name=search_term_string\"}],\"inLanguage\":\"lv-LV\"},{\"@type\":\"Organization\",\"@id\":\"https:\/\/carnitec.com\/lv\/#organization\",\"name\":\"Carnitec - food processing equipment\",\"url\":\"https:\/\/carnitec.com\/lv\/\",\"sameAs\":[\"https:\/\/www.instagram.com\/carnitec\/?hl=en\",\"https:\/\/www.linkedin.com\/company\/carnitec-ltd\/\",\"https:\/\/www.youtube.com\/channel\/UCwfiuJujkF2QxPPZAqB0T2w\",\"https:\/\/facebook.com\/carnitec1\",\"https:\/\/twitter.com\/carnitec_\"],\"logo\":{\"@type\":\"ImageObject\",\"inLanguage\":\"lv-LV\",\"@id\":\"https:\/\/carnitec.com\/lv\/#\/schema\/logo\/image\/\",\"url\":\"http:\/\/carnitec.com\/wp-content\/uploads\/2018\/01\/carnitec_logo_2018.png\",\"contentUrl\":\"http:\/\/carnitec.com\/wp-content\/uploads\/2018\/01\/carnitec_logo_2018.png\",\"width\":180,\"height\":50,\"caption\":\"Carnitec - food processing equipment\"},\"image\":{\"@id\":\"https:\/\/carnitec.com\/lv\/#\/schema\/logo\/image\/\"}}]}<\/script>\n<!-- \/ Yoast SEO plugin. -->","yoast_head_json":{"title":"Cep\u0161anas kameras AIRMASTER\u00ae BKQ AIRJET - Carnitec","robots":{"index":"index","follow":"follow","max-snippet":"max-snippet:-1","max-image-preview":"max-image-preview:large","max-video-preview":"max-video-preview:-1"},"canonical":"https:\/\/carnitec.com\/lv\/products\/cepsanas-kameras-airmaster-bkq-airjet\/","og_locale":"lv_LV","og_type":"article","og_title":"Cep\u0161anas kameras AIRMASTER\u00ae BKQ AIRJET - Carnitec","og_description":"AIRMASTER\u00ae BKQ AIRJET \u2014 t\u0101 ir \u013coti produkt\u012bva iek\u0101rta v\u0101r\u012b\u0161anai, termoapstr\u0101dei, cep\u0161anai temperat\u016br\u0101s l\u012bdz 300\u00b0C. T\u0101 darbojas p\u0113c unik\u0101la gaisa cirkul\u0101cijas principa ar REICH \u0161\u0137\u0113rspl\u016bsmu, kas garant\u0113 visaugst\u0101ko produktivit\u0101ti un \u012bsu cikla laiku ar optim\u0101lu gatav\u0101s produkcijas kvalit\u0101ti.","og_url":"https:\/\/carnitec.com\/lv\/products\/cepsanas-kameras-airmaster-bkq-airjet\/","og_site_name":"Carnitec","article_publisher":"https:\/\/facebook.com\/carnitec1","article_modified_time":"2019-05-29T12:25:00+00:00","og_image":[{"width":700,"height":700,"url":"https:\/\/carnitec.com\/wp-content\/uploads\/2016\/06\/bkq-1.jpg","type":"image\/jpeg"}],"twitter_card":"summary","twitter_site":"@carnitec_","twitter_misc":{"Est. reading time":"3 min\u016btes"},"schema":{"@context":"https:\/\/schema.org","@graph":[{"@type":"WebPage","@id":"https:\/\/carnitec.com\/lv\/products\/cepsanas-kameras-airmaster-bkq-airjet\/","url":"https:\/\/carnitec.com\/lv\/products\/cepsanas-kameras-airmaster-bkq-airjet\/","name":"Cep\u0161anas kameras AIRMASTER\u00ae BKQ AIRJET - Carnitec","isPartOf":{"@id":"https:\/\/carnitec.com\/lv\/#website"},"datePublished":"2016-11-07T20:31:08+00:00","dateModified":"2019-05-29T12:25:00+00:00","breadcrumb":{"@id":"https:\/\/carnitec.com\/lv\/products\/cepsanas-kameras-airmaster-bkq-airjet\/#breadcrumb"},"inLanguage":"lv-LV","potentialAction":[{"@type":"ReadAction","target":["https:\/\/carnitec.com\/lv\/products\/cepsanas-kameras-airmaster-bkq-airjet\/"]}]},{"@type":"BreadcrumbList","@id":"https:\/\/carnitec.com\/lv\/products\/cepsanas-kameras-airmaster-bkq-airjet\/#breadcrumb","itemListElement":[{"@type":"ListItem","position":1,"name":"\u0413\u043b\u0430\u0432\u043d\u0430\u044f \u0441\u0442\u0440\u0430\u043d\u0438\u0446\u0430","item":"https:\/\/carnitec.com\/lv\/"},{"@type":"ListItem","position":2,"name":"\u0422\u043e\u0432\u0430\u0440\u044b","item":"https:\/\/carnitec.com\/shop\/"},{"@type":"ListItem","position":3,"name":"Cep\u0161anas kameras AIRMASTER\u00ae BKQ AIRJET"}]},{"@type":"WebSite","@id":"https:\/\/carnitec.com\/lv\/#website","url":"https:\/\/carnitec.com\/lv\/","name":"Carnitec","description":"P\u0101rtikas r\u016bpniec\u012bbas iek\u0101rtas","publisher":{"@id":"https:\/\/carnitec.com\/lv\/#organization"},"potentialAction":[{"@type":"SearchAction","target":{"@type":"EntryPoint","urlTemplate":"https:\/\/carnitec.com\/lv\/?s={search_term_string}"},"query-input":"required name=search_term_string"}],"inLanguage":"lv-LV"},{"@type":"Organization","@id":"https:\/\/carnitec.com\/lv\/#organization","name":"Carnitec - food processing equipment","url":"https:\/\/carnitec.com\/lv\/","sameAs":["https:\/\/www.instagram.com\/carnitec\/?hl=en","https:\/\/www.linkedin.com\/company\/carnitec-ltd\/","https:\/\/www.youtube.com\/channel\/UCwfiuJujkF2QxPPZAqB0T2w","https:\/\/facebook.com\/carnitec1","https:\/\/twitter.com\/carnitec_"],"logo":{"@type":"ImageObject","inLanguage":"lv-LV","@id":"https:\/\/carnitec.com\/lv\/#\/schema\/logo\/image\/","url":"http:\/\/carnitec.com\/wp-content\/uploads\/2018\/01\/carnitec_logo_2018.png","contentUrl":"http:\/\/carnitec.com\/wp-content\/uploads\/2018\/01\/carnitec_logo_2018.png","width":180,"height":50,"caption":"Carnitec - food processing equipment"},"image":{"@id":"https:\/\/carnitec.com\/lv\/#\/schema\/logo\/image\/"}}]}},"_links":{"self":[{"href":"https:\/\/carnitec.com\/lv\/wp-json\/wp\/v2\/product\/11373"}],"collection":[{"href":"https:\/\/carnitec.com\/lv\/wp-json\/wp\/v2\/product"}],"about":[{"href":"https:\/\/carnitec.com\/lv\/wp-json\/wp\/v2\/types\/product"}],"wp:featuredmedia":[{"embeddable":true,"href":"https:\/\/carnitec.com\/lv\/wp-json\/wp\/v2\/media\/44920"}],"wp:attachment":[{"href":"https:\/\/carnitec.com\/lv\/wp-json\/wp\/v2\/media?parent=11373"}],"wp:term":[{"taxonomy":"product_cat","embeddable":true,"href":"https:\/\/carnitec.com\/lv\/wp-json\/wp\/v2\/product_cat?post=11373"},{"taxonomy":"product_tag","embeddable":true,"href":"https:\/\/carnitec.com\/lv\/wp-json\/wp\/v2\/product_tag?post=11373"}],"curies":[{"name":"wp","href":"https:\/\/api.w.org\/{rel}","templated":true}]}}