{"id":11355,"date":"2016-06-07T16:23:16","date_gmt":"2016-10-25T17:43:45","guid":{"rendered":"http:\/\/carnitec.com\/lv\/?post_type=product&#038;p=11355"},"modified":"2016-11-07T22:25:16","modified_gmt":"2016-11-07T20:25:16","slug":"airmaster-ikk-intensivas-atdzesesanas-kameras","status":"publish","type":"product","link":"https:\/\/carnitec.com\/lv\/products\/airmaster-ikk-intensivas-atdzesesanas-kameras\/","title":{"rendered":"AIRMASTER\u00ae IKK intens\u012bv\u0101s atdzes\u0113\u0161anas kameras"},"content":{"rendered":"<p>S\u0113rijas AIRMASTER\u00ae IKK iek\u0101rtas \u2014 t\u0101s ir intens\u012bv\u0101s atdzes\u0113\u0161anas iek\u0101rtas sagatavoto produktu \u0101trai, dro\u0161ai un ekonomiskai atdzes\u0113\u0161anai. Pateicoties \u0101trajai izie\u0161anai caur kritiskiem temperat\u016bras diapazoniem, b\u016btiski paaugstin\u0101s produktu uzglab\u0101\u0161anas termi\u0146\u0161 un kvalit\u0101te. AIRMASTER\u00ae IKK iek\u0101rt\u0101m ir t\u0101ds pats augstas kvalit\u0101tes korpuss, k\u0101ds ir ar\u012b UK s\u0113rijas iek\u0101rt\u0101m, p\u0101rliecina ar\u012b bezkompromisa kvalit\u0101te \u2013 100% izgatavots V\u0101cij\u0101.<\/p>\n<div id='gallery-1' class='gallery galleryid-11355 gallery-columns-4 gallery-size-thumbnail'><figure class='gallery-item'>\n\t\t\t<div class='gallery-icon landscape'>\n\t\t\t\t<a href='https:\/\/carnitec.com\/wp-content\/uploads\/2016\/06\/ikk_01.jpg' title=\"\" data-rl_title=\"\" class=\"rl-gallery-link\" data-rl_caption=\"\" data-rel=\"lightbox-gallery-1\"><img width=\"150\" height=\"150\" src=\"https:\/\/carnitec.com\/wp-content\/uploads\/2016\/06\/ikk_01.jpg\" class=\"attachment-thumbnail size-thumbnail\" alt=\"\" srcset=\"https:\/\/carnitec.com\/wp-content\/uploads\/2016\/06\/ikk_01.jpg 200w, https:\/\/carnitec.com\/wp-content\/uploads\/2016\/06\/ikk_01-100x100.jpg 100w\" sizes=\"(max-width: 150px) 100vw, 150px\" \/><\/a>\n\t\t\t<\/div><\/figure><figure class='gallery-item'>\n\t\t\t<div class='gallery-icon landscape'>\n\t\t\t\t<a href='https:\/\/carnitec.com\/wp-content\/uploads\/2016\/06\/ikk2.jpg' title=\"\" data-rl_title=\"\" class=\"rl-gallery-link\" data-rl_caption=\"\" data-rel=\"lightbox-gallery-1\"><img width=\"150\" height=\"150\" src=\"https:\/\/carnitec.com\/wp-content\/uploads\/2016\/06\/ikk2.jpg\" class=\"attachment-thumbnail size-thumbnail\" alt=\"\" srcset=\"https:\/\/carnitec.com\/wp-content\/uploads\/2016\/06\/ikk2.jpg 200w, https:\/\/carnitec.com\/wp-content\/uploads\/2016\/06\/ikk2-100x100.jpg 100w\" sizes=\"(max-width: 150px) 100vw, 150px\" \/><\/a>\n\t\t\t<\/div><\/figure><figure class='gallery-item'>\n\t\t\t<div class='gallery-icon landscape'>\n\t\t\t\t<a href='https:\/\/carnitec.com\/wp-content\/uploads\/2016\/06\/ikk3.jpg' title=\"\" data-rl_title=\"\" class=\"rl-gallery-link\" data-rl_caption=\"\" data-rel=\"lightbox-gallery-1\"><img width=\"150\" height=\"150\" src=\"https:\/\/carnitec.com\/wp-content\/uploads\/2016\/06\/ikk3.jpg\" class=\"attachment-thumbnail size-thumbnail\" alt=\"\" srcset=\"https:\/\/carnitec.com\/wp-content\/uploads\/2016\/06\/ikk3.jpg 200w, https:\/\/carnitec.com\/wp-content\/uploads\/2016\/06\/ikk3-100x100.jpg 100w\" sizes=\"(max-width: 150px) 100vw, 150px\" \/><\/a>\n\t\t\t<\/div><\/figure><figure class='gallery-item'>\n\t\t\t<div class='gallery-icon landscape'>\n\t\t\t\t<a href='https:\/\/carnitec.com\/wp-content\/uploads\/2016\/06\/ikk4.jpg' title=\"\" data-rl_title=\"\" class=\"rl-gallery-link\" data-rl_caption=\"\" data-rel=\"lightbox-gallery-1\"><img width=\"150\" height=\"150\" src=\"https:\/\/carnitec.com\/wp-content\/uploads\/2016\/06\/ikk4.jpg\" class=\"attachment-thumbnail size-thumbnail\" alt=\"\" srcset=\"https:\/\/carnitec.com\/wp-content\/uploads\/2016\/06\/ikk4.jpg 200w, https:\/\/carnitec.com\/wp-content\/uploads\/2016\/06\/ikk4-100x100.jpg 100w\" sizes=\"(max-width: 150px) 100vw, 150px\" \/><\/a>\n\t\t\t<\/div><\/figure>\n\t\t<\/div>\n\n<p>AIRMASTER\u00ae IKK izmanto\u0161anas iesp\u0113jas ir piel\u0101gotas da\u017e\u0101d\u0101m vajadz\u012bb\u0101m \u2013 v\u0101r\u012b\u0161ana, atdzes\u0113\u0161ana ar du\u0161u, intens\u012bva atdzes\u0113\u0161ana, ap\u017e\u0101v\u0113\u0161ana un gaisa izs\u016bkn\u0113\u0161ana. Ar AIRMASTER\u00ae IKK J\u016bs ieg\u016bsiet prasm\u012bgu meistaru savai produkcijai.<br \/>\nP\u0113c tvaika izs\u016bkn\u0113\u0161anas produkti vispirms tiek atdzes\u0113ti, izmantojot du\u0161u (alternat\u012bvs pa\u0146\u0113miens ir s\u012bkdispersijas izsmidzin\u0101\u0161ana ECO-Boost). P\u0113c tam seko intens\u012bv\u0101s atdzes\u0113\u0161anas f\u0101ze, kuras laik\u0101 produkti tiek atdzes\u0113ti ar aktiviz\u0113tiem atdzes\u0113\u0161anas re\u0123istriem l\u012bdz nepiecie\u0161amajai temperat\u016brai produkta iek\u0161ien\u0113 5-10\u00b0 C. Turkl\u0101t vad\u012bbas sist\u0113ma var izmantot da\u017e\u0101das intelektu\u0101las atdzes\u0113\u0161anas metodes, lai produktu apstr\u0101de notiktu maksim\u0101li delik\u0101ti un energoefekt\u012bvi. P\u0113c atdzes\u0113\u0161anas procesa beig\u0101m produktu uzreiz var iepakot.<br \/>\nSaprotams, ka iek\u0101rtai ir integr\u0113ta, piln\u012bb\u0101 automatiz\u0113ta neizjaucamas t\u012br\u012b\u0161anas sist\u0113ma. Daudzas pieejamas apr\u012bkojuma opcijas garant\u0113, ka J\u016bs varat izveidot iek\u0101rtas konfigur\u0101ciju, kas prec\u012bzi atbilst J\u016bsu uzdevumu specifikai.<br \/>\nAtdzes\u0113\u0161anas sist\u0113ma tiek adapt\u0113ta ra\u017eo\u0161an\u0101 eso\u0161ajam aukstuma a\u0123entam.<\/p>\n<h2>Papildus priek\u0161roc\u012bbas pateicoties modul\u0101rai konstrukcijai:<\/h2>\n<p>\u2713 vien\u0101ds rezult\u0101ts vis\u0101s rati\u0146\u0101s<br \/>\n\u2713 herm\u0113tiski metin\u0101ti kameras moduli<br \/>\n\u2713 piln\u012bgi no ner\u016bs\u0113jo\u0161a t\u0113rauda 1.4301<br \/>\n\u2713 piln\u0101 miner\u0101la izol\u0101cija<br \/>\n\u2713 Neizol\u0113tas korpusa da\u013cas nees\u012bba<br \/>\n\u2713 Kompaktie izm\u0113ri<br \/>\n\u2713 \u0112rta tehniska apkope un dro\u0161ums<br \/>\n\u2713 paaugstin\u0101ta stabilit\u0101te un kalpo\u0161anas laiks<\/p>\n<h2 class=\"p1\"><span class=\"s1\">Firmas REICH datorvad\u012bbas bloki<\/span><\/h2>\n<p class=\"p2\"><span class=\"s1\">Firmas REICH datorvad\u012bbas bloki jau \u0161odien ir sp\u0113j\u012bgi apkalpot visda\u017e\u0101d\u0101k\u0101s m\u016bsdienu termoapstr\u0101des un k\u016bpin\u0101\u0161anas tehnolo\u0123ijas. Tie ir orient\u0113ti uz J\u016bsu vajadz\u012bb\u0101m un ir piel\u0101goti moderniz\u0101cijai.<\/span><\/p>\n<p class=\"p2\"><a href=\"http:\/\/carnitec.com\/wp-content\/uploads\/2015\/10\/reich_control2.jpg\" data-rel=\"lightbox-image-4\" data-rl_title=\"\" data-rl_caption=\"\" title=\"\"><img class=\"alignnone size-medium wp-image-10567\" src=\"http:\/\/carnitec.com\/wp-content\/uploads\/2015\/10\/reich_control2-300x300.jpg\" alt=\"reich_control\" width=\"300\" height=\"300\" srcset=\"https:\/\/carnitec.com\/wp-content\/uploads\/2015\/10\/reich_control2-300x300.jpg 300w, https:\/\/carnitec.com\/wp-content\/uploads\/2015\/10\/reich_control2-100x100.jpg 100w, https:\/\/carnitec.com\/wp-content\/uploads\/2015\/10\/reich_control2-600x600.jpg 600w, https:\/\/carnitec.com\/wp-content\/uploads\/2015\/10\/reich_control2.jpg 800w\" sizes=\"(max-width: 300px) 100vw, 300px\" \/><\/a><\/p>\n<h2 class=\"p2\">REICH apkalpo\u0161ana un tehniska pal\u012bdz\u012bba<\/h2>\n<p class=\"p2\">Firmas Reich serviss Latvij\u0101 un Igaunij\u0101<\/p>\n<p class=\"p2\"><a href=\"http:\/\/carnitec.com\/wp-content\/uploads\/2015\/10\/reich_premium.jpg\" data-rel=\"lightbox-image-5\" data-rl_title=\"\" data-rl_caption=\"\" title=\"\"><img class=\"alignnone size-full wp-image-10573\" src=\"http:\/\/carnitec.com\/wp-content\/uploads\/2015\/10\/reich_premium.jpg\" alt=\"reich\" width=\"287\" height=\"178\" \/><\/a><\/p>\n","protected":false},"excerpt":{"rendered":"<p>S\u0113rijas AIRMASTER\u00ae IKK iek\u0101rtas \u2014 t\u0101s ir intens\u012bv\u0101s atdzes\u0113\u0161anas iek\u0101rtas sagatavoto produktu \u0101trai, dro\u0161ai un ekonomiskai atdzes\u0113\u0161anai. Pateicoties \u0101trajai izie\u0161anai caur kritiskiem temperat\u016bras diapazoniem, b\u016btiski paaugstin\u0101s produktu uzglab\u0101\u0161anas termi\u0146\u0161 un kvalit\u0101te. AIRMASTER\u00ae IKK iek\u0101rt\u0101m ir t\u0101ds pats augstas kvalit\u0101tes korpuss, k\u0101ds ir ar\u012b UK s\u0113rijas iek\u0101rt\u0101m, p\u0101rliecina ar\u012b bezkompromisa kvalit\u0101te \u2013 100% izgatavots V\u0101cij\u0101.<\/p>\n","protected":false},"featured_media":11359,"template":"","meta":{"content-type":"","_monsterinsights_skip_tracking":false,"_monsterinsights_sitenote_active":false,"_monsterinsights_sitenote_note":"","_monsterinsights_sitenote_category":0},"product_cat":[917],"product_tag":[],"yoast_head":"<!-- This site is optimized with the Yoast SEO plugin v19.5.1 - https:\/\/yoast.com\/wordpress\/plugins\/seo\/ -->\n<title>AIRMASTER\u00ae IKK intens\u012bv\u0101s atdzes\u0113\u0161anas kameras - Carnitec<\/title>\n<meta name=\"robots\" content=\"index, follow, max-snippet:-1, max-image-preview:large, max-video-preview:-1\" \/>\n<link rel=\"canonical\" href=\"https:\/\/carnitec.com\/lv\/products\/airmaster-ikk-intensivas-atdzesesanas-kameras\/\" \/>\n<meta property=\"og:locale\" content=\"lv_LV\" \/>\n<meta property=\"og:type\" content=\"article\" \/>\n<meta property=\"og:title\" content=\"AIRMASTER\u00ae IKK intens\u012bv\u0101s atdzes\u0113\u0161anas kameras - Carnitec\" \/>\n<meta property=\"og:description\" content=\"S\u0113rijas AIRMASTER\u00ae IKK iek\u0101rtas \u2014 t\u0101s ir intens\u012bv\u0101s atdzes\u0113\u0161anas iek\u0101rtas sagatavoto produktu \u0101trai, dro\u0161ai un ekonomiskai atdzes\u0113\u0161anai. Pateicoties \u0101trajai izie\u0161anai caur kritiskiem temperat\u016bras diapazoniem, b\u016btiski paaugstin\u0101s produktu uzglab\u0101\u0161anas termi\u0146\u0161 un kvalit\u0101te. AIRMASTER\u00ae IKK iek\u0101rt\u0101m ir t\u0101ds pats augstas kvalit\u0101tes korpuss, k\u0101ds ir ar\u012b UK s\u0113rijas iek\u0101rt\u0101m, p\u0101rliecina ar\u012b bezkompromisa kvalit\u0101te \u2013 100% izgatavots V\u0101cij\u0101.\" \/>\n<meta property=\"og:url\" content=\"https:\/\/carnitec.com\/lv\/products\/airmaster-ikk-intensivas-atdzesesanas-kameras\/\" \/>\n<meta property=\"og:site_name\" content=\"Carnitec\" \/>\n<meta property=\"article:publisher\" content=\"https:\/\/facebook.com\/carnitec1\" \/>\n<meta property=\"article:modified_time\" content=\"2016-11-07T20:25:16+00:00\" \/>\n<meta property=\"og:image\" content=\"https:\/\/carnitec.com\/wp-content\/uploads\/2016\/06\/ikk_main.jpg\" \/>\n\t<meta property=\"og:image:width\" content=\"375\" \/>\n\t<meta property=\"og:image:height\" content=\"500\" \/>\n\t<meta property=\"og:image:type\" content=\"image\/jpeg\" \/>\n<meta name=\"twitter:card\" content=\"summary\" \/>\n<meta name=\"twitter:site\" content=\"@carnitec_\" \/>\n<meta name=\"twitter:label1\" content=\"Est. reading time\" \/>\n\t<meta name=\"twitter:data1\" content=\"2 min\u016btes\" \/>\n<script type=\"application\/ld+json\" class=\"yoast-schema-graph\">{\"@context\":\"https:\/\/schema.org\",\"@graph\":[{\"@type\":\"WebPage\",\"@id\":\"https:\/\/carnitec.com\/lv\/products\/airmaster-ikk-intensivas-atdzesesanas-kameras\/\",\"url\":\"https:\/\/carnitec.com\/lv\/products\/airmaster-ikk-intensivas-atdzesesanas-kameras\/\",\"name\":\"AIRMASTER\u00ae IKK intens\u012bv\u0101s atdzes\u0113\u0161anas kameras - Carnitec\",\"isPartOf\":{\"@id\":\"https:\/\/carnitec.com\/lv\/#website\"},\"datePublished\":\"2016-10-25T17:43:45+00:00\",\"dateModified\":\"2016-11-07T20:25:16+00:00\",\"breadcrumb\":{\"@id\":\"https:\/\/carnitec.com\/lv\/products\/airmaster-ikk-intensivas-atdzesesanas-kameras\/#breadcrumb\"},\"inLanguage\":\"lv-LV\",\"potentialAction\":[{\"@type\":\"ReadAction\",\"target\":[\"https:\/\/carnitec.com\/lv\/products\/airmaster-ikk-intensivas-atdzesesanas-kameras\/\"]}]},{\"@type\":\"BreadcrumbList\",\"@id\":\"https:\/\/carnitec.com\/lv\/products\/airmaster-ikk-intensivas-atdzesesanas-kameras\/#breadcrumb\",\"itemListElement\":[{\"@type\":\"ListItem\",\"position\":1,\"name\":\"\u0413\u043b\u0430\u0432\u043d\u0430\u044f \u0441\u0442\u0440\u0430\u043d\u0438\u0446\u0430\",\"item\":\"https:\/\/carnitec.com\/lv\/\"},{\"@type\":\"ListItem\",\"position\":2,\"name\":\"\u0422\u043e\u0432\u0430\u0440\u044b\",\"item\":\"https:\/\/carnitec.com\/shop\/\"},{\"@type\":\"ListItem\",\"position\":3,\"name\":\"AIRMASTER\u00ae IKK intens\u012bv\u0101s atdzes\u0113\u0161anas kameras\"}]},{\"@type\":\"WebSite\",\"@id\":\"https:\/\/carnitec.com\/lv\/#website\",\"url\":\"https:\/\/carnitec.com\/lv\/\",\"name\":\"Carnitec\",\"description\":\"P\u0101rtikas r\u016bpniec\u012bbas iek\u0101rtas\",\"publisher\":{\"@id\":\"https:\/\/carnitec.com\/lv\/#organization\"},\"potentialAction\":[{\"@type\":\"SearchAction\",\"target\":{\"@type\":\"EntryPoint\",\"urlTemplate\":\"https:\/\/carnitec.com\/lv\/?s={search_term_string}\"},\"query-input\":\"required name=search_term_string\"}],\"inLanguage\":\"lv-LV\"},{\"@type\":\"Organization\",\"@id\":\"https:\/\/carnitec.com\/lv\/#organization\",\"name\":\"Carnitec - food processing equipment\",\"url\":\"https:\/\/carnitec.com\/lv\/\",\"sameAs\":[\"https:\/\/www.instagram.com\/carnitec\/?hl=en\",\"https:\/\/www.linkedin.com\/company\/carnitec-ltd\/\",\"https:\/\/www.youtube.com\/channel\/UCwfiuJujkF2QxPPZAqB0T2w\",\"https:\/\/facebook.com\/carnitec1\",\"https:\/\/twitter.com\/carnitec_\"],\"logo\":{\"@type\":\"ImageObject\",\"inLanguage\":\"lv-LV\",\"@id\":\"https:\/\/carnitec.com\/lv\/#\/schema\/logo\/image\/\",\"url\":\"http:\/\/carnitec.com\/wp-content\/uploads\/2018\/01\/carnitec_logo_2018.png\",\"contentUrl\":\"http:\/\/carnitec.com\/wp-content\/uploads\/2018\/01\/carnitec_logo_2018.png\",\"width\":180,\"height\":50,\"caption\":\"Carnitec - food processing equipment\"},\"image\":{\"@id\":\"https:\/\/carnitec.com\/lv\/#\/schema\/logo\/image\/\"}}]}<\/script>\n<!-- \/ Yoast SEO plugin. -->","yoast_head_json":{"title":"AIRMASTER\u00ae IKK intens\u012bv\u0101s atdzes\u0113\u0161anas kameras - Carnitec","robots":{"index":"index","follow":"follow","max-snippet":"max-snippet:-1","max-image-preview":"max-image-preview:large","max-video-preview":"max-video-preview:-1"},"canonical":"https:\/\/carnitec.com\/lv\/products\/airmaster-ikk-intensivas-atdzesesanas-kameras\/","og_locale":"lv_LV","og_type":"article","og_title":"AIRMASTER\u00ae IKK intens\u012bv\u0101s atdzes\u0113\u0161anas kameras - Carnitec","og_description":"S\u0113rijas AIRMASTER\u00ae IKK iek\u0101rtas \u2014 t\u0101s ir intens\u012bv\u0101s atdzes\u0113\u0161anas iek\u0101rtas sagatavoto produktu \u0101trai, dro\u0161ai un ekonomiskai atdzes\u0113\u0161anai. Pateicoties \u0101trajai izie\u0161anai caur kritiskiem temperat\u016bras diapazoniem, b\u016btiski paaugstin\u0101s produktu uzglab\u0101\u0161anas termi\u0146\u0161 un kvalit\u0101te. AIRMASTER\u00ae IKK iek\u0101rt\u0101m ir t\u0101ds pats augstas kvalit\u0101tes korpuss, k\u0101ds ir ar\u012b UK s\u0113rijas iek\u0101rt\u0101m, p\u0101rliecina ar\u012b bezkompromisa kvalit\u0101te \u2013 100% izgatavots V\u0101cij\u0101.","og_url":"https:\/\/carnitec.com\/lv\/products\/airmaster-ikk-intensivas-atdzesesanas-kameras\/","og_site_name":"Carnitec","article_publisher":"https:\/\/facebook.com\/carnitec1","article_modified_time":"2016-11-07T20:25:16+00:00","og_image":[{"width":375,"height":500,"url":"https:\/\/carnitec.com\/wp-content\/uploads\/2016\/06\/ikk_main.jpg","type":"image\/jpeg"}],"twitter_card":"summary","twitter_site":"@carnitec_","twitter_misc":{"Est. reading time":"2 min\u016btes"},"schema":{"@context":"https:\/\/schema.org","@graph":[{"@type":"WebPage","@id":"https:\/\/carnitec.com\/lv\/products\/airmaster-ikk-intensivas-atdzesesanas-kameras\/","url":"https:\/\/carnitec.com\/lv\/products\/airmaster-ikk-intensivas-atdzesesanas-kameras\/","name":"AIRMASTER\u00ae IKK intens\u012bv\u0101s atdzes\u0113\u0161anas kameras - Carnitec","isPartOf":{"@id":"https:\/\/carnitec.com\/lv\/#website"},"datePublished":"2016-10-25T17:43:45+00:00","dateModified":"2016-11-07T20:25:16+00:00","breadcrumb":{"@id":"https:\/\/carnitec.com\/lv\/products\/airmaster-ikk-intensivas-atdzesesanas-kameras\/#breadcrumb"},"inLanguage":"lv-LV","potentialAction":[{"@type":"ReadAction","target":["https:\/\/carnitec.com\/lv\/products\/airmaster-ikk-intensivas-atdzesesanas-kameras\/"]}]},{"@type":"BreadcrumbList","@id":"https:\/\/carnitec.com\/lv\/products\/airmaster-ikk-intensivas-atdzesesanas-kameras\/#breadcrumb","itemListElement":[{"@type":"ListItem","position":1,"name":"\u0413\u043b\u0430\u0432\u043d\u0430\u044f \u0441\u0442\u0440\u0430\u043d\u0438\u0446\u0430","item":"https:\/\/carnitec.com\/lv\/"},{"@type":"ListItem","position":2,"name":"\u0422\u043e\u0432\u0430\u0440\u044b","item":"https:\/\/carnitec.com\/shop\/"},{"@type":"ListItem","position":3,"name":"AIRMASTER\u00ae IKK intens\u012bv\u0101s atdzes\u0113\u0161anas kameras"}]},{"@type":"WebSite","@id":"https:\/\/carnitec.com\/lv\/#website","url":"https:\/\/carnitec.com\/lv\/","name":"Carnitec","description":"P\u0101rtikas r\u016bpniec\u012bbas iek\u0101rtas","publisher":{"@id":"https:\/\/carnitec.com\/lv\/#organization"},"potentialAction":[{"@type":"SearchAction","target":{"@type":"EntryPoint","urlTemplate":"https:\/\/carnitec.com\/lv\/?s={search_term_string}"},"query-input":"required name=search_term_string"}],"inLanguage":"lv-LV"},{"@type":"Organization","@id":"https:\/\/carnitec.com\/lv\/#organization","name":"Carnitec - food processing equipment","url":"https:\/\/carnitec.com\/lv\/","sameAs":["https:\/\/www.instagram.com\/carnitec\/?hl=en","https:\/\/www.linkedin.com\/company\/carnitec-ltd\/","https:\/\/www.youtube.com\/channel\/UCwfiuJujkF2QxPPZAqB0T2w","https:\/\/facebook.com\/carnitec1","https:\/\/twitter.com\/carnitec_"],"logo":{"@type":"ImageObject","inLanguage":"lv-LV","@id":"https:\/\/carnitec.com\/lv\/#\/schema\/logo\/image\/","url":"http:\/\/carnitec.com\/wp-content\/uploads\/2018\/01\/carnitec_logo_2018.png","contentUrl":"http:\/\/carnitec.com\/wp-content\/uploads\/2018\/01\/carnitec_logo_2018.png","width":180,"height":50,"caption":"Carnitec - food processing equipment"},"image":{"@id":"https:\/\/carnitec.com\/lv\/#\/schema\/logo\/image\/"}}]}},"_links":{"self":[{"href":"https:\/\/carnitec.com\/lv\/wp-json\/wp\/v2\/product\/11355"}],"collection":[{"href":"https:\/\/carnitec.com\/lv\/wp-json\/wp\/v2\/product"}],"about":[{"href":"https:\/\/carnitec.com\/lv\/wp-json\/wp\/v2\/types\/product"}],"wp:featuredmedia":[{"embeddable":true,"href":"https:\/\/carnitec.com\/lv\/wp-json\/wp\/v2\/media\/11359"}],"wp:attachment":[{"href":"https:\/\/carnitec.com\/lv\/wp-json\/wp\/v2\/media?parent=11355"}],"wp:term":[{"taxonomy":"product_cat","embeddable":true,"href":"https:\/\/carnitec.com\/lv\/wp-json\/wp\/v2\/product_cat?post=11355"},{"taxonomy":"product_tag","embeddable":true,"href":"https:\/\/carnitec.com\/lv\/wp-json\/wp\/v2\/product_tag?post=11355"}],"curies":[{"name":"wp","href":"https:\/\/api.w.org\/{rel}","templated":true}]}}