{"id":11337,"date":"2016-03-19T21:35:24","date_gmt":"2016-10-25T15:39:16","guid":{"rendered":"http:\/\/carnitec.com\/lv\/?post_type=product&#038;p=11337"},"modified":"2016-10-25T17:39:16","modified_gmt":"2016-10-25T15:39:16","slug":"apstradata-gaisa-filtracijas-iekartas","status":"publish","type":"product","link":"https:\/\/carnitec.com\/lv\/products\/apstradata-gaisa-filtracijas-iekartas\/","title":{"rendered":"Apstr\u0101d\u0101t\u0101 gaisa filtr\u0101cijas iek\u0101rtas"},"content":{"rendered":"<p>Apstr\u0101d\u0101t\u0101 gaisa filtr\u0101cijas iek\u0101rtas KMA AAIRMAXX likvid\u0113 d\u016bmus un smakas, un tiek izmantotas jebkura veida karst\u0101s un aukst\u0101s k\u016bpin\u0101\u0161anas kamer\u0101s.<\/p>\n<p>\u041a\u041c\u0410 firmas iek\u0101rtas apstr\u0101d\u0101t\u0101 gaisa t\u012br\u012b\u0161anai ir atradu\u0161as savu pielietojumu daudz\u0101s p\u0101rtikas r\u016bpniec\u012bbas jom\u0101s, pateicoties augstajai sp\u0113jai no apstr\u0101d\u0101t\u0101 gaisa atdal\u012bt uzkr\u0101ju\u0161os taukus, d\u016bmus un intens\u012bvas smakas.<br \/>\nAugst\u0101 produktivit\u0101te un mazais ener\u0123ijas pat\u0113ri\u0146\u0161 p\u0101rv\u0113rtu\u0161i KMA AAIRMAXX filtrus par vienu no veiksm\u012bg\u0101kajiem apstr\u0101d\u0101t\u0101 gaisa un g\u0101zu filtr\u0101cijas sist\u0113m\u0101m k\u016bpin\u0101tav\u0101m.<\/p>\n<h2>KMA filtri tiek izmantoti:<\/h2>\n<ul>\n<li>Da\u017e\u0101das konstrukcijas ga\u013cas un zivju k\u016bpin\u0101\u0161anas iek\u0101rt\u0101s<\/li>\n<li>Frit\u0113\u0161anas iek\u0101rt\u0101s un cep\u0161anas iek\u0101rt\u0101s<\/li>\n<li>Cep\u0161anas kamer\u0101s un kr\u0101sn\u012bs<\/li>\n<li>Uz\u0146\u0113mumos, kas nodarbojas ar kafijas un kakao pupi\u0146u grauzd\u0113\u0161anu<\/li>\n<li>Fabrik\u0101s \u2013 virtuv\u0113s, konservu fabrik\u0101s<\/li>\n<li>Lopkop\u012bbas uz\u0146\u0113mumos un uz\u0146\u0113mumos, kas nodarbojas ar dz\u012bvnieku bar\u012bbu sagatavi<\/li>\n<\/ul>\n<hr \/>\n<p><a href=\"http:\/\/carnitec.com\/wp-content\/uploads\/2016\/03\/smoke_room1.jpg\" rel=\"attachment wp-att-7531\" data-rel=\"lightbox-image-0\" data-rl_title=\"\" data-rl_caption=\"\" title=\"\"><img class=\"alignright size-medium wp-image-7531\" src=\"http:\/\/carnitec.com\/wp-content\/uploads\/2016\/03\/smoke_room1-300x110.jpg\" alt=\"smoke_room1\" width=\"300\" height=\"110\" \/><\/a>Apstr\u0101d\u0101t\u0101 gaisa filtr\u0101cijas iek\u0101rtas AAIRMAXX tiek izgatavotas firm\u0101 KMA ar lielu r\u016bp\u012bgumu un nep\u0101rtrauktu kvalit\u0101tes kontroli.<\/p>\n<p>Izmantotie augst\u0101s kvalit\u0101tes b\u016bvmateri\u0101li un elektroiek\u0101rtas no vado\u0161ajiem ra\u017eot\u0101jiem nodro\u0161in\u0101s iek\u0101rtai ilgu ekspluat\u0101cijas laiku un minim\u0101las invest\u012bcijas att\u012br\u012b\u0161anas ietais\u0113m.<\/p>\n<h2>Filtra konstrukcijas modu\u013ci<\/h2>\n<p>KMA AAIRMAXX ir apstr\u0101d\u0101t\u0101 gaisa att\u012br\u012b\u0161anas modu\u013cu sist\u0113ma. Filtra modu\u013ci ir:<\/p>\n<ul>\n<li>Filtrs cietaj\u0101m da\u013ci\u0146\u0101m (darvas atdal\u012b\u0161ana)<\/li>\n<li>G\u0101zes filtrs (smaku atdal\u012b\u0161ana)<\/li>\n<li>Ventilators<\/li>\n<\/ul>\n<p>Modu\u013cu filtra produktivit\u0101te ir no 100 m3\/stund\u0101 l\u012bdz vair\u0101k k\u0101 30,000 m3\/stund\u0101.<\/p>\n<h2>Vienk\u0101r\u0161a piesl\u0113g\u0161ana k\u016bpin\u0101\u0161anas kamer\u0101m<\/h2>\n<p>KMA AAIRMAXX filtrus var piesl\u0113gt jebkur\u0101m k\u016bpin\u0101\u0161anas kamer\u0101m. K\u016bpin\u0101\u0161anas kameras d\u016bmu caurulei tiek pievienota savienot\u0101jcaurule, kas savieno ar AAIRMAXX filtru. AAIRMAXX filtru var uzst\u0101d\u012bt k\u0101 l\u012bdz\u0101s kamerai, t\u0101 ar\u012b atsevi\u0161\u0137\u0101 telp\u0101 (piem\u0113ram, virs k\u016bpin\u0101\u0161anas nodal\u012bjuma vai uz jumta). Filtra uzst\u0101d\u012b\u0161anai \u0101rpus telp\u0101m tiek pieg\u0101d\u0101ts aizsargkorpuss.<\/p>\n<blockquote>\n<h2>Pateicoties d\u016bmu filtram AAIRMAXX, J\u016bs var\u0113siet kontrol\u0113t savas ra\u017eo\u0161anas izmaksas. Jo sal\u012bdzin\u0101jum\u0101 ar parastaj\u0101m termisk\u0101s p\u0113cdedzes iek\u0101rt\u0101m AAIRMAXX filtr\u0101cija par 80% samazina ener\u0123ijas pat\u0113ri\u0146u!<\/h2>\n<\/blockquote>\n","protected":false},"excerpt":{"rendered":"<p>Apstr\u0101d\u0101t\u0101 gaisa filtr\u0101cijas iek\u0101rtas KMA AAIRMAXX likvid\u0113 d\u016bmus un smakas, un tiek izmantotas jebkura veida karst\u0101s un aukst\u0101s k\u016bpin\u0101\u0161anas kamer\u0101s.<\/p>\n","protected":false},"featured_media":7536,"template":"","meta":{"content-type":"","_monsterinsights_skip_tracking":false,"_monsterinsights_sitenote_active":false,"_monsterinsights_sitenote_note":"","_monsterinsights_sitenote_category":0},"product_cat":[917],"product_tag":[],"yoast_head":"<!-- This site is optimized with the Yoast SEO plugin v19.5.1 - https:\/\/yoast.com\/wordpress\/plugins\/seo\/ -->\n<title>Apstr\u0101d\u0101t\u0101 gaisa filtr\u0101cijas iek\u0101rtas - Carnitec<\/title>\n<meta name=\"robots\" content=\"index, follow, max-snippet:-1, max-image-preview:large, max-video-preview:-1\" \/>\n<link rel=\"canonical\" href=\"https:\/\/carnitec.com\/lv\/products\/apstradata-gaisa-filtracijas-iekartas\/\" \/>\n<meta property=\"og:locale\" content=\"lv_LV\" \/>\n<meta property=\"og:type\" content=\"article\" \/>\n<meta property=\"og:title\" content=\"Apstr\u0101d\u0101t\u0101 gaisa filtr\u0101cijas iek\u0101rtas - Carnitec\" \/>\n<meta property=\"og:description\" content=\"Apstr\u0101d\u0101t\u0101 gaisa filtr\u0101cijas iek\u0101rtas KMA AAIRMAXX likvid\u0113 d\u016bmus un smakas, un tiek izmantotas jebkura veida karst\u0101s un aukst\u0101s k\u016bpin\u0101\u0161anas kamer\u0101s.\" \/>\n<meta property=\"og:url\" content=\"https:\/\/carnitec.com\/lv\/products\/apstradata-gaisa-filtracijas-iekartas\/\" \/>\n<meta property=\"og:site_name\" content=\"Carnitec\" \/>\n<meta property=\"article:publisher\" content=\"https:\/\/facebook.com\/carnitec1\" \/>\n<meta property=\"og:image\" content=\"https:\/\/carnitec.com\/wp-content\/uploads\/2016\/03\/aairmaxx_kma.jpg\" \/>\n\t<meta property=\"og:image:width\" content=\"295\" \/>\n\t<meta property=\"og:image:height\" content=\"362\" \/>\n\t<meta property=\"og:image:type\" content=\"image\/jpeg\" \/>\n<meta name=\"twitter:card\" content=\"summary\" \/>\n<meta name=\"twitter:site\" content=\"@carnitec_\" \/>\n<meta name=\"twitter:label1\" content=\"Est. reading time\" \/>\n\t<meta name=\"twitter:data1\" content=\"2 min\u016btes\" \/>\n<script type=\"application\/ld+json\" class=\"yoast-schema-graph\">{\"@context\":\"https:\/\/schema.org\",\"@graph\":[{\"@type\":\"WebPage\",\"@id\":\"https:\/\/carnitec.com\/lv\/products\/apstradata-gaisa-filtracijas-iekartas\/\",\"url\":\"https:\/\/carnitec.com\/lv\/products\/apstradata-gaisa-filtracijas-iekartas\/\",\"name\":\"Apstr\u0101d\u0101t\u0101 gaisa filtr\u0101cijas iek\u0101rtas - Carnitec\",\"isPartOf\":{\"@id\":\"https:\/\/carnitec.com\/lv\/#website\"},\"datePublished\":\"2016-10-25T15:39:16+00:00\",\"dateModified\":\"2016-10-25T15:39:16+00:00\",\"breadcrumb\":{\"@id\":\"https:\/\/carnitec.com\/lv\/products\/apstradata-gaisa-filtracijas-iekartas\/#breadcrumb\"},\"inLanguage\":\"lv-LV\",\"potentialAction\":[{\"@type\":\"ReadAction\",\"target\":[\"https:\/\/carnitec.com\/lv\/products\/apstradata-gaisa-filtracijas-iekartas\/\"]}]},{\"@type\":\"BreadcrumbList\",\"@id\":\"https:\/\/carnitec.com\/lv\/products\/apstradata-gaisa-filtracijas-iekartas\/#breadcrumb\",\"itemListElement\":[{\"@type\":\"ListItem\",\"position\":1,\"name\":\"\u0413\u043b\u0430\u0432\u043d\u0430\u044f \u0441\u0442\u0440\u0430\u043d\u0438\u0446\u0430\",\"item\":\"https:\/\/carnitec.com\/lv\/\"},{\"@type\":\"ListItem\",\"position\":2,\"name\":\"\u0422\u043e\u0432\u0430\u0440\u044b\",\"item\":\"https:\/\/carnitec.com\/shop\/\"},{\"@type\":\"ListItem\",\"position\":3,\"name\":\"Apstr\u0101d\u0101t\u0101 gaisa filtr\u0101cijas iek\u0101rtas\"}]},{\"@type\":\"WebSite\",\"@id\":\"https:\/\/carnitec.com\/lv\/#website\",\"url\":\"https:\/\/carnitec.com\/lv\/\",\"name\":\"Carnitec\",\"description\":\"P\u0101rtikas r\u016bpniec\u012bbas iek\u0101rtas\",\"publisher\":{\"@id\":\"https:\/\/carnitec.com\/lv\/#organization\"},\"potentialAction\":[{\"@type\":\"SearchAction\",\"target\":{\"@type\":\"EntryPoint\",\"urlTemplate\":\"https:\/\/carnitec.com\/lv\/?s={search_term_string}\"},\"query-input\":\"required name=search_term_string\"}],\"inLanguage\":\"lv-LV\"},{\"@type\":\"Organization\",\"@id\":\"https:\/\/carnitec.com\/lv\/#organization\",\"name\":\"Carnitec - food processing equipment\",\"url\":\"https:\/\/carnitec.com\/lv\/\",\"sameAs\":[\"https:\/\/www.instagram.com\/carnitec\/?hl=en\",\"https:\/\/www.linkedin.com\/company\/carnitec-ltd\/\",\"https:\/\/www.youtube.com\/channel\/UCwfiuJujkF2QxPPZAqB0T2w\",\"https:\/\/facebook.com\/carnitec1\",\"https:\/\/twitter.com\/carnitec_\"],\"logo\":{\"@type\":\"ImageObject\",\"inLanguage\":\"lv-LV\",\"@id\":\"https:\/\/carnitec.com\/lv\/#\/schema\/logo\/image\/\",\"url\":\"http:\/\/carnitec.com\/wp-content\/uploads\/2018\/01\/carnitec_logo_2018.png\",\"contentUrl\":\"http:\/\/carnitec.com\/wp-content\/uploads\/2018\/01\/carnitec_logo_2018.png\",\"width\":180,\"height\":50,\"caption\":\"Carnitec - food processing equipment\"},\"image\":{\"@id\":\"https:\/\/carnitec.com\/lv\/#\/schema\/logo\/image\/\"}}]}<\/script>\n<!-- \/ Yoast SEO plugin. -->","yoast_head_json":{"title":"Apstr\u0101d\u0101t\u0101 gaisa filtr\u0101cijas iek\u0101rtas - Carnitec","robots":{"index":"index","follow":"follow","max-snippet":"max-snippet:-1","max-image-preview":"max-image-preview:large","max-video-preview":"max-video-preview:-1"},"canonical":"https:\/\/carnitec.com\/lv\/products\/apstradata-gaisa-filtracijas-iekartas\/","og_locale":"lv_LV","og_type":"article","og_title":"Apstr\u0101d\u0101t\u0101 gaisa filtr\u0101cijas iek\u0101rtas - Carnitec","og_description":"Apstr\u0101d\u0101t\u0101 gaisa filtr\u0101cijas iek\u0101rtas KMA AAIRMAXX likvid\u0113 d\u016bmus un smakas, un tiek izmantotas jebkura veida karst\u0101s un aukst\u0101s k\u016bpin\u0101\u0161anas kamer\u0101s.","og_url":"https:\/\/carnitec.com\/lv\/products\/apstradata-gaisa-filtracijas-iekartas\/","og_site_name":"Carnitec","article_publisher":"https:\/\/facebook.com\/carnitec1","og_image":[{"width":295,"height":362,"url":"https:\/\/carnitec.com\/wp-content\/uploads\/2016\/03\/aairmaxx_kma.jpg","type":"image\/jpeg"}],"twitter_card":"summary","twitter_site":"@carnitec_","twitter_misc":{"Est. reading time":"2 min\u016btes"},"schema":{"@context":"https:\/\/schema.org","@graph":[{"@type":"WebPage","@id":"https:\/\/carnitec.com\/lv\/products\/apstradata-gaisa-filtracijas-iekartas\/","url":"https:\/\/carnitec.com\/lv\/products\/apstradata-gaisa-filtracijas-iekartas\/","name":"Apstr\u0101d\u0101t\u0101 gaisa filtr\u0101cijas iek\u0101rtas - Carnitec","isPartOf":{"@id":"https:\/\/carnitec.com\/lv\/#website"},"datePublished":"2016-10-25T15:39:16+00:00","dateModified":"2016-10-25T15:39:16+00:00","breadcrumb":{"@id":"https:\/\/carnitec.com\/lv\/products\/apstradata-gaisa-filtracijas-iekartas\/#breadcrumb"},"inLanguage":"lv-LV","potentialAction":[{"@type":"ReadAction","target":["https:\/\/carnitec.com\/lv\/products\/apstradata-gaisa-filtracijas-iekartas\/"]}]},{"@type":"BreadcrumbList","@id":"https:\/\/carnitec.com\/lv\/products\/apstradata-gaisa-filtracijas-iekartas\/#breadcrumb","itemListElement":[{"@type":"ListItem","position":1,"name":"\u0413\u043b\u0430\u0432\u043d\u0430\u044f \u0441\u0442\u0440\u0430\u043d\u0438\u0446\u0430","item":"https:\/\/carnitec.com\/lv\/"},{"@type":"ListItem","position":2,"name":"\u0422\u043e\u0432\u0430\u0440\u044b","item":"https:\/\/carnitec.com\/shop\/"},{"@type":"ListItem","position":3,"name":"Apstr\u0101d\u0101t\u0101 gaisa filtr\u0101cijas iek\u0101rtas"}]},{"@type":"WebSite","@id":"https:\/\/carnitec.com\/lv\/#website","url":"https:\/\/carnitec.com\/lv\/","name":"Carnitec","description":"P\u0101rtikas r\u016bpniec\u012bbas iek\u0101rtas","publisher":{"@id":"https:\/\/carnitec.com\/lv\/#organization"},"potentialAction":[{"@type":"SearchAction","target":{"@type":"EntryPoint","urlTemplate":"https:\/\/carnitec.com\/lv\/?s={search_term_string}"},"query-input":"required name=search_term_string"}],"inLanguage":"lv-LV"},{"@type":"Organization","@id":"https:\/\/carnitec.com\/lv\/#organization","name":"Carnitec - food processing equipment","url":"https:\/\/carnitec.com\/lv\/","sameAs":["https:\/\/www.instagram.com\/carnitec\/?hl=en","https:\/\/www.linkedin.com\/company\/carnitec-ltd\/","https:\/\/www.youtube.com\/channel\/UCwfiuJujkF2QxPPZAqB0T2w","https:\/\/facebook.com\/carnitec1","https:\/\/twitter.com\/carnitec_"],"logo":{"@type":"ImageObject","inLanguage":"lv-LV","@id":"https:\/\/carnitec.com\/lv\/#\/schema\/logo\/image\/","url":"http:\/\/carnitec.com\/wp-content\/uploads\/2018\/01\/carnitec_logo_2018.png","contentUrl":"http:\/\/carnitec.com\/wp-content\/uploads\/2018\/01\/carnitec_logo_2018.png","width":180,"height":50,"caption":"Carnitec - food processing equipment"},"image":{"@id":"https:\/\/carnitec.com\/lv\/#\/schema\/logo\/image\/"}}]}},"_links":{"self":[{"href":"https:\/\/carnitec.com\/lv\/wp-json\/wp\/v2\/product\/11337"}],"collection":[{"href":"https:\/\/carnitec.com\/lv\/wp-json\/wp\/v2\/product"}],"about":[{"href":"https:\/\/carnitec.com\/lv\/wp-json\/wp\/v2\/types\/product"}],"wp:featuredmedia":[{"embeddable":true,"href":"https:\/\/carnitec.com\/lv\/wp-json\/wp\/v2\/media\/7536"}],"wp:attachment":[{"href":"https:\/\/carnitec.com\/lv\/wp-json\/wp\/v2\/media?parent=11337"}],"wp:term":[{"taxonomy":"product_cat","embeddable":true,"href":"https:\/\/carnitec.com\/lv\/wp-json\/wp\/v2\/product_cat?post=11337"},{"taxonomy":"product_tag","embeddable":true,"href":"https:\/\/carnitec.com\/lv\/wp-json\/wp\/v2\/product_tag?post=11337"}],"curies":[{"name":"wp","href":"https:\/\/api.w.org\/{rel}","templated":true}]}}