{"id":11280,"date":"2015-11-24T21:42:33","date_gmt":"2016-09-22T16:19:31","guid":{"rendered":"http:\/\/carnitec.com\/lv\/?post_type=product&#038;p=11280"},"modified":"2016-09-22T19:58:31","modified_gmt":"2016-09-22T17:58:31","slug":"spriegosanas-iekarta-evolution-mp-6-t","status":"publish","type":"product","link":"https:\/\/carnitec.com\/lv\/products\/spriegosanas-iekarta-evolution-mp-6-t\/","title":{"rendered":"Spriego\u0161anas iek\u0101rta Evolution MP-6 T"},"content":{"rendered":"<p>Jauna iepakojuma spriego\u0161anas iek\u0101rtu s\u0113rija RO-MP-6 EVOLUTION, veidota, pamatojoties uz popul\u0101ra iek\u0101rtas Mosca RO-MP-5 b\u0101z\u0113 un ir p\u0101rst\u0101v\u0113ta ar trim mode\u013ciem, ar da\u017e\u0101do galdu veidu:<\/p>\n<ul>\n<li>met\u0101lisks (T),<\/li>\n<li>lentes konveijers (B)<\/li>\n<li>rull\u012b\u0161u konveijers (R).<\/li>\n<\/ul>\n<p>Iek\u0101rtas kompaktie izm\u0113ri \u013cauj izmantot \u0161o iek\u0101rtu k\u0101 atsevi\u0161\u0137i st\u0101vo\u0161u iek\u0101rtu mazajos cehos, pieg\u0101des noda\u013cas vai noliktav\u0101s , vai ar\u012b ieb\u016bv\u0113t ra\u017eo\u0161anas l\u012bnij\u0101.<\/p>\n<p>Izv\u0113l\u0113ties r\u0101mja izm\u0113ru iesp\u0113jams no 8 variantiem: no 500\u0445400mm l\u012bdz 1250\u04451000 mm vai pat 1650\u0445600mm.<\/p>\n<h3>Turkl\u0101t ma\u0161\u012bnas dizain\u0101 ar\u012b ir notiku\u0161as da\u017eas izmai\u0146as:<\/h3>\n<ul>\n<li>Optimiz\u0113ta lentes vadu sist\u0113ma;<\/li>\n<li>Iek\u0101rtas tiek izmantots jauna paaudzes apsie\u0161anas meh\u0101nisms Standarts 6, kura darba mezgli ir univers\u0101lie un der\u012bgi visam \u0161is s\u0113rijas mode\u013ciem;<\/li>\n<li>Iesp\u0113jams uzst\u0101d\u012bt ultraska\u0146as ( SoniXs tehnolo\u0123ija) vai termisko (sild\u012b\u0161anas) metin\u0101mo moduli;<\/li>\n<li>Iek\u0101rtas apkopes \u0113rt\u012bba un t\u012br\u012b\u0161ana pateicoties \u0101tri no\u0146emam piestiprin\u0101jumiem, ka ar\u012b vieglai pieejai visiem iek\u0101rtas mezgliem;<\/li>\n<li>Rot\u0113jo\u0161\u0101 vad\u012bbas panelis, k\u0101 ar\u012b papildus uzst\u0101dams ped\u0101lis \u013cauj str\u0101d\u0101t 2 operatoriem ar ra\u017eotnes maksim\u0101la slodz\u0113.<\/li>\n<li>Maksim\u0101l\u0101 ra\u017eotsp\u0113ja 58 cikli\/min.<\/li>\n<\/ul>\n<p>&nbsp;<\/p>\n<h2>Raksturojums:<\/h2>\n<p>Iepakojuma apsie\u0161anas iek\u0101rta Evolution MP-6 T<br \/>\nIek\u0101rtas modul\u0101ra konstrukcija<br \/>\nUltraska\u0146as metin\u0101\u0161anas sist\u0113ma ar elektronisko pa\u0161u kalibr\u0113\u0161anu<br \/>\nAugstas klases 6 standarta metin\u0101\u0161anas mezgli<br \/>\nIek\u0101rtas apkopes \u0113rt\u012bba un t\u012br\u012b\u0161ana pateicoties \u0101tri no\u0146emam piestiprin\u0101jumiem, ka ar\u012b vieglai pieejai visiem iek\u0101rtas mezgliem;<br \/>\nBez nolietojuma piedzi\u0146a ar past\u0101v\u012bgo str\u0101vu (DC piedzi\u0146a), bezsuku dzin\u0113ja tehnolo\u0123ija<br \/>\nRot\u0113jo\u0161s vad\u012bbas panelis, k\u0101 ar\u012b papildus uzst\u0101dams ped\u0101lis \u013cauj str\u0101d\u0101t 2 operatoriem ar ra\u017eotnes maksim\u0101la slodz\u0113.<br \/>\nRegul\u0113jama sasprieg\u0161anas sist\u0113ma ar potenciometru<br \/>\nProgramm\u0113jama lentes sprieguma v\u0113rt\u012bba<br \/>\nP\u0101rsl\u0113g\u0161ana no maksim\u0101la uz ekolo\u0123isko materi\u0101lu vad\u012bb\u0101<br \/>\nIeb\u016bv\u0113ts vad\u012bb\u0101 ciklu skait\u012bt\u0101js<br \/>\n\u0100tri main\u0101ma lentes spole<br \/>\nSpole ar lenti main\u0101ma no priek\u0161puses vai no s\u0101niem<br \/>\nAutom\u0101tiska lentes spriego\u0161anas sist\u0113ma<br \/>\nLentes gala detektors ar lentes atlikuma izme\u0161anu<br \/>\nAutom\u0101tiska lentes cilpu izme\u0161ana<br \/>\nZems ener\u0123ijas pat\u0113ri\u0146\u0161<br \/>\nGaid\u012b\u0161anas re\u017e\u012bms<br \/>\n4 rite\u0146i no tiem 2 ar blo\u0137\u0113\u0161anu<br \/>\nCE mar\u0137\u0113jums ieskaitot atbilst\u012bbas deklar\u0101ciju<br \/>\nStruktur\u0113s segums RAL 5010, zila kr\u0101sa<br \/>\nLentes izlaidums ar k\u0101jas ped\u0101li vai vad\u012bbas paneli<br \/>\nP\u0101rsl\u0113dz\u0113js m\u012bkstai delik\u0101ta iepakojuma apsie\u0161anai<br \/>\nIek\u0101rtas st\u0101vok\u013ca vizualiz\u0101cija kr\u0101saina vad\u012bbas panel\u012b<\/p>\n<blockquote>\n<h1>Ra\u017eots V\u0101cij\u0101!<\/h1>\n<\/blockquote>\n<h2><\/h2>\n<h2>Versijas un opcijas<\/h2>\n<p>aiztur\u0113\u0161anas ier\u012bce<br \/>\ngalda pagarin\u0101jums<br \/>\nbumbi\u0146as vai rull\u012b\u0161i galda virs\u0101<br \/>\nLentes autom\u0101tiska spriego\u0161ana p\u0113c iepakojuma augstuma noteik\u0161anas<br \/>\nPazemin\u0101\u0161anas \u0161asija H = 730 \u2013 835 mm uz priek\u0161u un atpaka\u013c, vai \u0101r\u0101<br \/>\nNovilk\u0161anas roku atbr\u012bvo\u0161ana ar papildus fiks\u0113tu vai lokanu k\u0101jas ped\u0101li<br \/>\nNovilk\u0161anas autom\u0101tiska atbr\u012bvo\u0161ana ar lodveida p\u0101rsl\u0113dz\u0113ju vai gaismas dev\u0113ju<br \/>\nAgra beigas indik\u0101cija ar sign\u0101lu vad\u012bbas panel\u012b<br \/>\nParametru kontroles punkts novilk\u0161anas parametru uzst\u0101d\u012b\u0161anai<br \/>\n4 rot\u0113jo\u0161ie rite\u0146i<br \/>\nsign\u0101la gaisma<br \/>\nSpeci\u0101la krasa saska\u0146\u0101 ar RAL skalu<\/p>\n<h2>Tehniskie dati<\/h2>\n<p>ra\u017eotsp\u0113ja: l\u012bdz 58 cikl.\/min. ar lenti 5mm platuma<br \/>\nLentes: 5, 6, 8, 9, 10 vai 12 mm<\/p>\n<p>Spoles ar lenti izdo\u0161anas meh\u0101nisms:<br \/>\nKodola diametrs: 200 mm<br \/>\nKodola platums: 190 mm<br \/>\nMaks. \u0101r\u0113js diametrs: 430 mm<\/p>\n<p>elektr\u012bba:<br \/>\nvolt\u0101\u017ea: 230 V, 50\/60 Hz, 1 f\u0101ze<br \/>\npat\u0113r\u0113ta jauda: ap. 0.3 kW<\/p>\n<p>metin\u0101\u0161anas ier\u012bce: Standard 6<\/p>\n<p>Svars: 190 kg (ar r\u0101mi 600 x 600 mm)<\/p>\n<p>R\u0101mju izm\u0113ri:<br \/>\n500 x 400 mm<br \/>\n600 x 600 mm<br \/>\n800 x 400 mm<br \/>\n800 x 600 mm<br \/>\n1000 x 800 mm<br \/>\n1250 x 600 mm<br \/>\n1250 x 1000 mm<br \/>\n1650 x 600 mm<\/p>\n<div class=\"embed-responsive embed-responsive-16by9\"><iframe loading=\"lazy\" title=\"Strapping Machine EVOLUTION\" width=\"640\" height=\"360\" src=\"https:\/\/www.youtube.com\/embed\/j8daag7x1lg?feature=oembed\" frameborder=\"0\" allow=\"accelerometer; autoplay; clipboard-write; encrypted-media; gyroscope; picture-in-picture\" allowfullscreen><\/iframe><\/div>\n","protected":false},"excerpt":{"rendered":"<p>Jauna iepakojuma spriego\u0161anas iek\u0101rtu s\u0113rija RO-MP-6 EVOLUTION, veidota, pamatojoties uz popul\u0101ra iek\u0101rtas Mosca RO-MP-5 b\u0101z\u0113 un ir p\u0101rst\u0101v\u0113ta ar trim mode\u013ciem, ar da\u017e\u0101do galdu veidu<\/p>\n","protected":false},"featured_media":11283,"template":"","meta":{"content-type":"","_monsterinsights_skip_tracking":false,"_monsterinsights_sitenote_active":false,"_monsterinsights_sitenote_note":"","_monsterinsights_sitenote_category":0},"product_cat":[964],"product_tag":[],"yoast_head":"<!-- This site is optimized with the Yoast SEO plugin v19.5.1 - https:\/\/yoast.com\/wordpress\/plugins\/seo\/ -->\n<title>Spriego\u0161anas iek\u0101rta Evolution MP-6 T - Carnitec<\/title>\n<meta name=\"description\" content=\"Jauna iepakojuma spriego\u0161anas iek\u0101rtu s\u0113rija RO-MP-6 EVOLUTION, veidota, pamatojoties uz popul\u0101ra iek\u0101rtas Mosca RO-MP-5 b\u0101z\u0113\" \/>\n<meta name=\"robots\" content=\"index, follow, max-snippet:-1, max-image-preview:large, max-video-preview:-1\" \/>\n<link rel=\"canonical\" href=\"https:\/\/carnitec.com\/lv\/products\/spriegosanas-iekarta-evolution-mp-6-t\/\" \/>\n<meta property=\"og:locale\" content=\"lv_LV\" \/>\n<meta property=\"og:type\" content=\"article\" \/>\n<meta property=\"og:title\" content=\"Spriego\u0161anas iek\u0101rta Evolution MP-6 T - Carnitec\" \/>\n<meta property=\"og:description\" content=\"Jauna iepakojuma spriego\u0161anas iek\u0101rtu s\u0113rija RO-MP-6 EVOLUTION, veidota, pamatojoties uz popul\u0101ra iek\u0101rtas Mosca RO-MP-5 b\u0101z\u0113\" \/>\n<meta property=\"og:url\" content=\"https:\/\/carnitec.com\/lv\/products\/spriegosanas-iekarta-evolution-mp-6-t\/\" \/>\n<meta property=\"og:site_name\" content=\"Carnitec\" \/>\n<meta property=\"article:publisher\" content=\"https:\/\/facebook.com\/carnitec1\" \/>\n<meta property=\"article:modified_time\" content=\"2016-09-22T17:58:31+00:00\" \/>\n<meta property=\"og:image\" content=\"https:\/\/carnitec.com\/wp-content\/uploads\/2015\/11\/evolution1.jpg\" \/>\n\t<meta property=\"og:image:width\" content=\"391\" \/>\n\t<meta property=\"og:image:height\" content=\"319\" \/>\n\t<meta property=\"og:image:type\" content=\"image\/jpeg\" \/>\n<meta name=\"twitter:card\" content=\"summary\" \/>\n<meta name=\"twitter:site\" content=\"@carnitec_\" \/>\n<meta name=\"twitter:label1\" content=\"Est. reading time\" \/>\n\t<meta name=\"twitter:data1\" content=\"3 min\u016btes\" \/>\n<script type=\"application\/ld+json\" class=\"yoast-schema-graph\">{\"@context\":\"https:\/\/schema.org\",\"@graph\":[{\"@type\":\"WebPage\",\"@id\":\"https:\/\/carnitec.com\/lv\/products\/spriegosanas-iekarta-evolution-mp-6-t\/\",\"url\":\"https:\/\/carnitec.com\/lv\/products\/spriegosanas-iekarta-evolution-mp-6-t\/\",\"name\":\"Spriego\u0161anas iek\u0101rta Evolution MP-6 T - Carnitec\",\"isPartOf\":{\"@id\":\"https:\/\/carnitec.com\/lv\/#website\"},\"datePublished\":\"2016-09-22T16:19:31+00:00\",\"dateModified\":\"2016-09-22T17:58:31+00:00\",\"description\":\"Jauna iepakojuma spriego\u0161anas iek\u0101rtu s\u0113rija RO-MP-6 EVOLUTION, veidota, pamatojoties uz popul\u0101ra iek\u0101rtas Mosca RO-MP-5 b\u0101z\u0113\",\"breadcrumb\":{\"@id\":\"https:\/\/carnitec.com\/lv\/products\/spriegosanas-iekarta-evolution-mp-6-t\/#breadcrumb\"},\"inLanguage\":\"lv-LV\",\"potentialAction\":[{\"@type\":\"ReadAction\",\"target\":[\"https:\/\/carnitec.com\/lv\/products\/spriegosanas-iekarta-evolution-mp-6-t\/\"]}]},{\"@type\":\"BreadcrumbList\",\"@id\":\"https:\/\/carnitec.com\/lv\/products\/spriegosanas-iekarta-evolution-mp-6-t\/#breadcrumb\",\"itemListElement\":[{\"@type\":\"ListItem\",\"position\":1,\"name\":\"\u0413\u043b\u0430\u0432\u043d\u0430\u044f \u0441\u0442\u0440\u0430\u043d\u0438\u0446\u0430\",\"item\":\"https:\/\/carnitec.com\/lv\/\"},{\"@type\":\"ListItem\",\"position\":2,\"name\":\"\u0422\u043e\u0432\u0430\u0440\u044b\",\"item\":\"https:\/\/carnitec.com\/shop\/\"},{\"@type\":\"ListItem\",\"position\":3,\"name\":\"Spriego\u0161anas iek\u0101rta Evolution MP-6 T\"}]},{\"@type\":\"WebSite\",\"@id\":\"https:\/\/carnitec.com\/lv\/#website\",\"url\":\"https:\/\/carnitec.com\/lv\/\",\"name\":\"Carnitec\",\"description\":\"P\u0101rtikas r\u016bpniec\u012bbas iek\u0101rtas\",\"publisher\":{\"@id\":\"https:\/\/carnitec.com\/lv\/#organization\"},\"potentialAction\":[{\"@type\":\"SearchAction\",\"target\":{\"@type\":\"EntryPoint\",\"urlTemplate\":\"https:\/\/carnitec.com\/lv\/?s={search_term_string}\"},\"query-input\":\"required name=search_term_string\"}],\"inLanguage\":\"lv-LV\"},{\"@type\":\"Organization\",\"@id\":\"https:\/\/carnitec.com\/lv\/#organization\",\"name\":\"Carnitec - food processing equipment\",\"url\":\"https:\/\/carnitec.com\/lv\/\",\"sameAs\":[\"https:\/\/www.instagram.com\/carnitec\/?hl=en\",\"https:\/\/www.linkedin.com\/company\/carnitec-ltd\/\",\"https:\/\/www.youtube.com\/channel\/UCwfiuJujkF2QxPPZAqB0T2w\",\"https:\/\/facebook.com\/carnitec1\",\"https:\/\/twitter.com\/carnitec_\"],\"logo\":{\"@type\":\"ImageObject\",\"inLanguage\":\"lv-LV\",\"@id\":\"https:\/\/carnitec.com\/lv\/#\/schema\/logo\/image\/\",\"url\":\"http:\/\/carnitec.com\/wp-content\/uploads\/2018\/01\/carnitec_logo_2018.png\",\"contentUrl\":\"http:\/\/carnitec.com\/wp-content\/uploads\/2018\/01\/carnitec_logo_2018.png\",\"width\":180,\"height\":50,\"caption\":\"Carnitec - food processing equipment\"},\"image\":{\"@id\":\"https:\/\/carnitec.com\/lv\/#\/schema\/logo\/image\/\"}}]}<\/script>\n<!-- \/ Yoast SEO plugin. -->","yoast_head_json":{"title":"Spriego\u0161anas iek\u0101rta Evolution MP-6 T - Carnitec","description":"Jauna iepakojuma spriego\u0161anas iek\u0101rtu s\u0113rija RO-MP-6 EVOLUTION, veidota, pamatojoties uz popul\u0101ra iek\u0101rtas Mosca RO-MP-5 b\u0101z\u0113","robots":{"index":"index","follow":"follow","max-snippet":"max-snippet:-1","max-image-preview":"max-image-preview:large","max-video-preview":"max-video-preview:-1"},"canonical":"https:\/\/carnitec.com\/lv\/products\/spriegosanas-iekarta-evolution-mp-6-t\/","og_locale":"lv_LV","og_type":"article","og_title":"Spriego\u0161anas iek\u0101rta Evolution MP-6 T - Carnitec","og_description":"Jauna iepakojuma spriego\u0161anas iek\u0101rtu s\u0113rija RO-MP-6 EVOLUTION, veidota, pamatojoties uz popul\u0101ra iek\u0101rtas Mosca RO-MP-5 b\u0101z\u0113","og_url":"https:\/\/carnitec.com\/lv\/products\/spriegosanas-iekarta-evolution-mp-6-t\/","og_site_name":"Carnitec","article_publisher":"https:\/\/facebook.com\/carnitec1","article_modified_time":"2016-09-22T17:58:31+00:00","og_image":[{"width":391,"height":319,"url":"https:\/\/carnitec.com\/wp-content\/uploads\/2015\/11\/evolution1.jpg","type":"image\/jpeg"}],"twitter_card":"summary","twitter_site":"@carnitec_","twitter_misc":{"Est. reading time":"3 min\u016btes"},"schema":{"@context":"https:\/\/schema.org","@graph":[{"@type":"WebPage","@id":"https:\/\/carnitec.com\/lv\/products\/spriegosanas-iekarta-evolution-mp-6-t\/","url":"https:\/\/carnitec.com\/lv\/products\/spriegosanas-iekarta-evolution-mp-6-t\/","name":"Spriego\u0161anas iek\u0101rta Evolution MP-6 T - Carnitec","isPartOf":{"@id":"https:\/\/carnitec.com\/lv\/#website"},"datePublished":"2016-09-22T16:19:31+00:00","dateModified":"2016-09-22T17:58:31+00:00","description":"Jauna iepakojuma spriego\u0161anas iek\u0101rtu s\u0113rija RO-MP-6 EVOLUTION, veidota, pamatojoties uz popul\u0101ra iek\u0101rtas Mosca RO-MP-5 b\u0101z\u0113","breadcrumb":{"@id":"https:\/\/carnitec.com\/lv\/products\/spriegosanas-iekarta-evolution-mp-6-t\/#breadcrumb"},"inLanguage":"lv-LV","potentialAction":[{"@type":"ReadAction","target":["https:\/\/carnitec.com\/lv\/products\/spriegosanas-iekarta-evolution-mp-6-t\/"]}]},{"@type":"BreadcrumbList","@id":"https:\/\/carnitec.com\/lv\/products\/spriegosanas-iekarta-evolution-mp-6-t\/#breadcrumb","itemListElement":[{"@type":"ListItem","position":1,"name":"\u0413\u043b\u0430\u0432\u043d\u0430\u044f \u0441\u0442\u0440\u0430\u043d\u0438\u0446\u0430","item":"https:\/\/carnitec.com\/lv\/"},{"@type":"ListItem","position":2,"name":"\u0422\u043e\u0432\u0430\u0440\u044b","item":"https:\/\/carnitec.com\/shop\/"},{"@type":"ListItem","position":3,"name":"Spriego\u0161anas iek\u0101rta Evolution MP-6 T"}]},{"@type":"WebSite","@id":"https:\/\/carnitec.com\/lv\/#website","url":"https:\/\/carnitec.com\/lv\/","name":"Carnitec","description":"P\u0101rtikas r\u016bpniec\u012bbas iek\u0101rtas","publisher":{"@id":"https:\/\/carnitec.com\/lv\/#organization"},"potentialAction":[{"@type":"SearchAction","target":{"@type":"EntryPoint","urlTemplate":"https:\/\/carnitec.com\/lv\/?s={search_term_string}"},"query-input":"required name=search_term_string"}],"inLanguage":"lv-LV"},{"@type":"Organization","@id":"https:\/\/carnitec.com\/lv\/#organization","name":"Carnitec - food processing equipment","url":"https:\/\/carnitec.com\/lv\/","sameAs":["https:\/\/www.instagram.com\/carnitec\/?hl=en","https:\/\/www.linkedin.com\/company\/carnitec-ltd\/","https:\/\/www.youtube.com\/channel\/UCwfiuJujkF2QxPPZAqB0T2w","https:\/\/facebook.com\/carnitec1","https:\/\/twitter.com\/carnitec_"],"logo":{"@type":"ImageObject","inLanguage":"lv-LV","@id":"https:\/\/carnitec.com\/lv\/#\/schema\/logo\/image\/","url":"http:\/\/carnitec.com\/wp-content\/uploads\/2018\/01\/carnitec_logo_2018.png","contentUrl":"http:\/\/carnitec.com\/wp-content\/uploads\/2018\/01\/carnitec_logo_2018.png","width":180,"height":50,"caption":"Carnitec - food processing equipment"},"image":{"@id":"https:\/\/carnitec.com\/lv\/#\/schema\/logo\/image\/"}}]}},"_links":{"self":[{"href":"https:\/\/carnitec.com\/lv\/wp-json\/wp\/v2\/product\/11280"}],"collection":[{"href":"https:\/\/carnitec.com\/lv\/wp-json\/wp\/v2\/product"}],"about":[{"href":"https:\/\/carnitec.com\/lv\/wp-json\/wp\/v2\/types\/product"}],"wp:featuredmedia":[{"embeddable":true,"href":"https:\/\/carnitec.com\/lv\/wp-json\/wp\/v2\/media\/11283"}],"wp:attachment":[{"href":"https:\/\/carnitec.com\/lv\/wp-json\/wp\/v2\/media?parent=11280"}],"wp:term":[{"taxonomy":"product_cat","embeddable":true,"href":"https:\/\/carnitec.com\/lv\/wp-json\/wp\/v2\/product_cat?post=11280"},{"taxonomy":"product_tag","embeddable":true,"href":"https:\/\/carnitec.com\/lv\/wp-json\/wp\/v2\/product_tag?post=11280"}],"curies":[{"name":"wp","href":"https:\/\/api.w.org\/{rel}","templated":true}]}}