{"id":11111,"date":"2016-09-04T15:50:05","date_gmt":"2016-09-04T13:51:37","guid":{"rendered":"http:\/\/carnitec.com\/lv\/?post_type=product&#038;p=11111"},"modified":"2016-09-04T15:51:37","modified_gmt":"2016-09-04T13:51:37","slug":"miesnieka-cirvi","status":"publish","type":"product","link":"https:\/\/carnitec.com\/lv\/products\/miesnieka-cirvi\/","title":{"rendered":"Miesnieka cirvi"},"content":{"rendered":"<h2 class=\"p1\"><span class=\"s1\">\u0421\u0435\u043a\u0430\u0447 \u043f\u043e\u0432\u0430\u0440\u0441\u043a\u043e\u0439<\/span><\/h2>\n<p><a href=\"http:\/\/carnitec.com\/wp-content\/uploads\/2016\/09\/medium-91099150-1396518459.jpg\" data-rel=\"lightbox-image-0\" data-rl_title=\"\" data-rl_caption=\"\" title=\"\"><img class=\"alignnone size-medium wp-image-11108\" src=\"http:\/\/carnitec.com\/wp-content\/uploads\/2016\/09\/medium-91099150-1396518459-300x98.jpg\" alt=\"medium-91099150-1396518459\" width=\"300\" height=\"98\" \/><\/a><\/p>\n<table class=\"t1\" cellspacing=\"0\" cellpadding=\"0\">\n<tbody>\n<tr>\n<td class=\"td1\" valign=\"middle\">\n<p class=\"p3\"><span class=\"s1\">\u0410\u0440\u0442.<\/span><\/p>\n<\/td>\n<td class=\"td2\" valign=\"middle\">\n<p class=\"p3\"><span class=\"s1\">colour<\/span><\/p>\n<\/td>\n<td class=\"td3\" valign=\"middle\">\n<p class=\"p3\"><span class=\"s1\">\u0432\u0435\u0441<\/span><\/p>\n<\/td>\n<td class=\"td4\" valign=\"middle\">\n<p class=\"p3\"><span class=\"s1\">length of blade<\/span><\/p>\n<\/td>\n<td class=\"td5\" valign=\"middle\">\n<p class=\"p3\"><span class=\"s1\">handle length<\/span><\/p>\n<\/td>\n<\/tr>\n<tr>\n<td class=\"td1\" valign=\"top\">\n<p class=\"p3\"><span class=\"s1\">91099150<\/span><\/p>\n<\/td>\n<td class=\"td2\" valign=\"top\"><\/td>\n<td class=\"td3\" valign=\"top\">\n<p class=\"p3\"><span class=\"s1\">0,5 kg<\/span><\/p>\n<\/td>\n<td class=\"td4\" valign=\"top\">\n<p class=\"p3\"><span class=\"s1\">6&#8243;<\/span><\/p>\n<\/td>\n<td class=\"td5\" valign=\"top\">\n<p class=\"p3\"><span class=\"s1\">5 1\/2&#8243;<\/span><\/p>\n<\/td>\n<\/tr>\n<\/tbody>\n<\/table>\n<h2 class=\"p1\"><span class=\"s1\">\u0421\u0435\u043a\u0430\u0447 \u043f\u043e\u0432\u0430\u0440\u0441\u043a\u043e\u0439<\/span><\/h2>\n<p><a href=\"http:\/\/carnitec.com\/wp-content\/uploads\/2016\/09\/medium-93100180-1396518481.jpg\" data-rel=\"lightbox-image-1\" data-rl_title=\"\" data-rl_caption=\"\" title=\"\"><img class=\"alignnone size-medium wp-image-11105\" src=\"http:\/\/carnitec.com\/wp-content\/uploads\/2016\/09\/medium-93100180-1396518481-300x99.jpg\" alt=\"medium-93100180-1396518481\" width=\"300\" height=\"99\" \/><\/a><\/p>\n<table class=\"t1\" cellspacing=\"0\" cellpadding=\"0\">\n<tbody>\n<tr>\n<td class=\"td1\" valign=\"middle\">\n<p class=\"p3\"><span class=\"s1\">\u0410\u0440\u0442.<\/span><\/p>\n<\/td>\n<td class=\"td2\" valign=\"middle\">\n<p class=\"p3\"><span class=\"s1\">colour<\/span><\/p>\n<\/td>\n<td class=\"td3\" valign=\"middle\">\n<p class=\"p3\">\u0432\u0435\u0441<\/p>\n<\/td>\n<td class=\"td4\" valign=\"middle\">\n<p class=\"p3\"><span class=\"s1\">length of blade<\/span><\/p>\n<\/td>\n<td class=\"td5\" valign=\"middle\">\n<p class=\"p3\"><span class=\"s1\">handle length<\/span><\/p>\n<\/td>\n<\/tr>\n<tr>\n<td class=\"td1\" valign=\"top\">\n<p class=\"p3\"><span class=\"s1\">93100180<\/span><\/p>\n<\/td>\n<td class=\"td2\" valign=\"top\"><\/td>\n<td class=\"td3\" valign=\"top\">\n<p class=\"p3\"><span class=\"s1\">0,9 kg<\/span><\/p>\n<\/td>\n<td class=\"td4\" valign=\"top\">\n<p class=\"p3\"><span class=\"s1\">18 cm<\/span><\/p>\n<\/td>\n<td class=\"td5\" valign=\"top\">\n<p class=\"p3\"><span class=\"s1\">6 1\/2&#8243;<\/span><\/p>\n<\/td>\n<\/tr>\n<\/tbody>\n<\/table>\n<h2 class=\"p1\"><span class=\"s1\">\u0421\u0435\u043a\u0430\u0447 \u043f\u043e\u0432\u0430\u0440\u0441\u043a\u043e\u0439<\/span><\/h2>\n<p><a href=\"http:\/\/carnitec.com\/wp-content\/uploads\/2016\/09\/medium-92022-23-1437400854.jpg\" data-rel=\"lightbox-image-2\" data-rl_title=\"\" data-rl_caption=\"\" title=\"\"><img class=\"alignnone size-medium wp-image-11102\" src=\"http:\/\/carnitec.com\/wp-content\/uploads\/2016\/09\/medium-92022-23-1437400854-300x95.jpg\" alt=\"92022\" width=\"300\" height=\"95\" \/><\/a><\/p>\n<table class=\"t1\" cellspacing=\"0\" cellpadding=\"0\">\n<tbody>\n<tr>\n<td class=\"td6\" valign=\"middle\">\n<p class=\"p3\"><span class=\"s1\">\u0410\u0440\u0442.<\/span><\/p>\n<\/td>\n<td class=\"td7\" valign=\"middle\">\n<p class=\"p3\"><span class=\"s1\">colour<\/span><\/p>\n<\/td>\n<td class=\"td8\" valign=\"middle\">\n<p class=\"p3\">\u0432\u0435\u0441<\/p>\n<\/td>\n<td class=\"td9\" valign=\"middle\">\n<p class=\"p3\"><span class=\"s1\">length of blade<\/span><\/p>\n<\/td>\n<td class=\"td10\" valign=\"middle\">\n<p class=\"p3\"><span class=\"s1\">handle length<\/span><\/p>\n<\/td>\n<\/tr>\n<tr>\n<td class=\"td6\" valign=\"top\">\n<p class=\"p3\"><span class=\"s1\">92022200<\/span><\/p>\n<\/td>\n<td class=\"td7\" valign=\"top\"><\/td>\n<td class=\"td8\" valign=\"top\">\n<p class=\"p3\"><span class=\"s1\">1,5 kg<\/span><\/p>\n<\/td>\n<td class=\"td9\" valign=\"top\">\n<p class=\"p3\"><span class=\"s1\">20 cm<\/span><\/p>\n<\/td>\n<td class=\"td10\" valign=\"top\">\n<p class=\"p3\"><span class=\"s1\">10&#8243;<\/span><\/p>\n<\/td>\n<\/tr>\n<tr>\n<td class=\"td6\" valign=\"top\">\n<p class=\"p3\"><span class=\"s1\">92022230<\/span><\/p>\n<\/td>\n<td class=\"td7\" valign=\"top\"><\/td>\n<td class=\"td8\" valign=\"top\">\n<p class=\"p3\"><span class=\"s1\">1,7 kg<\/span><\/p>\n<\/td>\n<td class=\"td9\" valign=\"top\">\n<p class=\"p3\"><span class=\"s1\">23 cm<\/span><\/p>\n<\/td>\n<td class=\"td10\" valign=\"top\">\n<p class=\"p3\"><span class=\"s1\">10&#8243;<\/span><\/p>\n<\/td>\n<\/tr>\n<tr>\n<td class=\"td6\" valign=\"top\">\n<p class=\"p3\"><span class=\"s1\">92022250<\/span><\/p>\n<\/td>\n<td class=\"td7\" valign=\"top\"><\/td>\n<td class=\"td8\" valign=\"top\">\n<p class=\"p3\"><span class=\"s1\">1,9 kg<\/span><\/p>\n<\/td>\n<td class=\"td9\" valign=\"top\">\n<p class=\"p3\"><span class=\"s1\">25 cm<\/span><\/p>\n<\/td>\n<td class=\"td10\" valign=\"top\">\n<p class=\"p3\"><span class=\"s1\">10&#8243;<\/span><\/p>\n<\/td>\n<\/tr>\n<\/tbody>\n<\/table>\n<h2 class=\"p1\"><span class=\"s1\">\u0421\u0435\u043a\u0430\u0447 \u043f\u043e\u0432\u0430\u0440\u0441\u043a\u043e\u0439<\/span><\/h2>\n<p><a href=\"http:\/\/carnitec.com\/wp-content\/uploads\/2016\/09\/medium-92023230-1396518480.jpg\" data-rel=\"lightbox-image-3\" data-rl_title=\"\" data-rl_caption=\"\" title=\"\"><img class=\"alignnone size-medium wp-image-11099\" src=\"http:\/\/carnitec.com\/wp-content\/uploads\/2016\/09\/medium-92023230-1396518480-300x109.jpg\" alt=\"92023230\" width=\"300\" height=\"109\" \/><\/a><\/p>\n<table class=\"t1\" cellspacing=\"0\" cellpadding=\"0\">\n<tbody>\n<tr>\n<td class=\"td11\" valign=\"middle\">\n<p class=\"p3\"><span class=\"s1\">\u0410\u0440\u0442.<\/span><\/p>\n<\/td>\n<td class=\"td12\" valign=\"middle\">\n<p class=\"p3\"><span class=\"s1\">colour<\/span><\/p>\n<p class=\"p3\"><span class=\"s1\">\u0432\u0435\u0441<\/span><\/p>\n<\/td>\n<td class=\"td8\" valign=\"middle\"><\/td>\n<td class=\"td9\" valign=\"middle\">\n<p class=\"p3\"><span class=\"s1\">length of blade<\/span><\/p>\n<\/td>\n<td class=\"td10\" valign=\"middle\">\n<p class=\"p3\"><span class=\"s1\">handle length<\/span><\/p>\n<\/td>\n<\/tr>\n<tr>\n<td class=\"td11\" valign=\"top\">\n<p class=\"p3\"><span class=\"s1\">92023230<\/span><\/p>\n<\/td>\n<td class=\"td12\" valign=\"top\"><\/td>\n<td class=\"td8\" valign=\"top\">\n<p class=\"p3\"><span class=\"s1\">1,5 kg<\/span><\/p>\n<\/td>\n<td class=\"td9\" valign=\"top\">\n<p class=\"p3\"><span class=\"s1\">23 cm<\/span><\/p>\n<\/td>\n<td class=\"td10\" valign=\"top\">\n<p class=\"p3\"><span class=\"s1\">6 1\/2&#8243;<\/span><\/p>\n<\/td>\n<\/tr>\n<\/tbody>\n<\/table>\n<h2 class=\"p1\"><span class=\"s1\">\u0421\u0435\u043a\u0430\u0447 \u043f\u043e\u0432\u0430\u0440\u0441\u043a\u043e\u0439<\/span><\/h2>\n<p><a href=\"http:\/\/carnitec.com\/wp-content\/uploads\/2016\/09\/medium-92098200-1396518480.jpg\" data-rel=\"lightbox-image-4\" data-rl_title=\"\" data-rl_caption=\"\" title=\"\"><img class=\"alignnone size-medium wp-image-11096\" src=\"http:\/\/carnitec.com\/wp-content\/uploads\/2016\/09\/medium-92098200-1396518480-300x92.jpg\" alt=\"92098200\" width=\"300\" height=\"92\" \/><\/a><\/p>\n<table class=\"t1\" cellspacing=\"0\" cellpadding=\"0\">\n<tbody>\n<tr>\n<td class=\"td13\" valign=\"middle\">\n<p class=\"p3\"><span class=\"s1\">\u0410\u0440\u0442.<\/span><\/p>\n<\/td>\n<td class=\"td7\" valign=\"middle\">\n<p class=\"p3\"><span class=\"s1\">\u0446\u0432\u0435\u0442<\/span><\/p>\n<\/td>\n<td class=\"td8\" valign=\"middle\">\n<p class=\"p3\">\u0432\u0435\u0441<\/p>\n<\/td>\n<td class=\"td14\" valign=\"middle\">\n<p class=\"p3\"><span class=\"s1\">\u0434\u043b\u0438\u043d\u0430 \u043a\u043b\u0438\u043d\u043a\u0430<\/span><\/p>\n<\/td>\n<td class=\"td15\" valign=\"middle\">\n<p class=\"p3\"><span class=\"s1\">\u0440\u0443\u043a\u043e\u044f\u0442\u043a\u0430<\/span><\/p>\n<\/td>\n<\/tr>\n<tr>\n<td class=\"td13\" valign=\"top\">\n<p class=\"p3\"><span class=\"s1\">92098200<\/span><\/p>\n<\/td>\n<td class=\"td7\" valign=\"top\"><\/td>\n<td class=\"td8\" valign=\"top\">\n<p class=\"p3\"><span class=\"s1\">0,9 kg<\/span><\/p>\n<\/td>\n<td class=\"td14\" valign=\"top\">\n<p class=\"p3\"><span class=\"s1\">20 cm<\/span><\/p>\n<\/td>\n<td class=\"td15\" valign=\"top\">\n<p class=\"p3\"><span class=\"s1\">6 1\/2&#8243;<\/span><\/p>\n<\/td>\n<\/tr>\n<\/tbody>\n<\/table>\n<h2 class=\"p1\"><span class=\"s1\">\u0421\u0435\u043a\u0430\u0447 \u0434\u0432\u0443\u0441\u0442\u043e\u0440\u043e\u043d\u043d\u0438\u0439<\/span><\/h2>\n<p><a href=\"http:\/\/carnitec.com\/wp-content\/uploads\/2016\/09\/medium-92111600-1396518480.jpg\" data-rel=\"lightbox-image-5\" data-rl_title=\"\" data-rl_caption=\"\" title=\"\"><img class=\"alignnone size-medium wp-image-11093\" src=\"http:\/\/carnitec.com\/wp-content\/uploads\/2016\/09\/medium-92111600-1396518480-300x162.jpg\" alt=\"92111600\" width=\"300\" height=\"162\" \/><\/a><\/p>\n<table class=\"t1\" cellspacing=\"0\" cellpadding=\"0\">\n<tbody>\n<tr>\n<td class=\"td16\" valign=\"middle\">\n<p class=\"p3\"><span class=\"s1\">\u0410\u0440\u0442.<\/span><\/p>\n<\/td>\n<td class=\"td17\" valign=\"middle\">\n<p class=\"p3\"><span class=\"s1\">colour<\/span><\/p>\n<\/td>\n<td class=\"td18\" valign=\"middle\">\n<p class=\"p3\"><span class=\"s1\">\u0432\u0435\u0441<\/span><\/p>\n<\/td>\n<td class=\"td19\" valign=\"middle\">\n<p class=\"p3\"><span class=\"s1\">length of blade<\/span><\/p>\n<\/td>\n<td class=\"td20\" valign=\"middle\">\n<p class=\"p3\"><span class=\"s1\">handle length<\/span><\/p>\n<\/td>\n<\/tr>\n<tr>\n<td class=\"td16\" valign=\"top\">\n<p class=\"p3\"><span class=\"s1\">92111600<\/span><\/p>\n<\/td>\n<td class=\"td17\" valign=\"top\"><\/td>\n<td class=\"td18\" valign=\"top\">\n<p class=\"p3\"><span class=\"s1\">1,9 kg<\/span><\/p>\n<\/td>\n<td class=\"td19\" valign=\"top\">\n<p class=\"p3\"><span class=\"s1\">16 cm<\/span><\/p>\n<\/td>\n<td class=\"td20\" valign=\"top\">\n<p class=\"p3\"><span class=\"s1\">5 1\/2&#8243;<\/span><\/p>\n<\/td>\n<\/tr>\n<\/tbody>\n<\/table>\n<h2 class=\"p1\"><span class=\"s1\">\u0421\u0435\u043a\u0430\u0447 \u0434\u043b\u044f \u0440\u0443\u0431\u043a\u0438 \u0441\u0432\u0438\u043d\u0438\u043d\u044b \u0443\u0437\u043a\u0438\u0439<\/span><\/h2>\n<p><a href=\"http:\/\/carnitec.com\/wp-content\/uploads\/2016\/09\/medium-92107-35-1437394393.jpg\" data-rel=\"lightbox-image-6\" data-rl_title=\"\" data-rl_caption=\"\" title=\"\"><img class=\"alignnone size-medium wp-image-11090\" src=\"http:\/\/carnitec.com\/wp-content\/uploads\/2016\/09\/medium-92107-35-1437394393-300x46.jpg\" alt=\"medium\" width=\"300\" height=\"46\" \/><\/a><\/p>\n<table class=\"t1\" cellspacing=\"0\" cellpadding=\"0\">\n<tbody>\n<tr>\n<td class=\"td8\" valign=\"middle\">\n<p class=\"p3\"><span class=\"s1\">\u0410\u0440\u0442.<\/span><\/p>\n<\/td>\n<td class=\"td2\" valign=\"middle\">\n<p class=\"p3\"><span class=\"s1\">colour<\/span><\/p>\n<\/td>\n<td class=\"td21\" valign=\"middle\">\n<p class=\"p3\"><span class=\"s1\">net weight<\/span><\/p>\n<\/td>\n<td class=\"td4\" valign=\"middle\">\n<p class=\"p3\"><span class=\"s1\">length of blade<\/span><\/p>\n<\/td>\n<td class=\"td22\" valign=\"middle\">\n<p class=\"p3\"><span class=\"s1\">handle length<\/span><\/p>\n<\/td>\n<\/tr>\n<tr>\n<td class=\"td8\" valign=\"top\">\n<p class=\"p3\"><span class=\"s1\">92107350<\/span><\/p>\n<\/td>\n<td class=\"td2\" valign=\"top\"><\/td>\n<td class=\"td21\" valign=\"top\">\n<p class=\"p3\"><span class=\"s1\">2,7 kg<\/span><\/p>\n<\/td>\n<td class=\"td4\" valign=\"top\">\n<p class=\"p3\"><span class=\"s1\">35 cm<\/span><\/p>\n<\/td>\n<td class=\"td22\" valign=\"top\">\n<p class=\"p3\"><span class=\"s1\">18&#8243;<\/span><\/p>\n<\/td>\n<\/tr>\n<\/tbody>\n<\/table>\n<h2 class=\"p1\"><span class=\"s1\">\u0421\u0435\u043a\u0430\u0447 \u0434\u043b\u044f \u0440\u0443\u0431\u043a\u0438 \u0433\u043e\u0432\u044f\u0434\u0438\u043d\u044b \u0448\u0438\u0440\u043e\u043a\u0438\u0439<\/span><\/h2>\n<p><a href=\"http:\/\/carnitec.com\/wp-content\/uploads\/2016\/09\/medium-92042-35-1437394341.jpg\" data-rel=\"lightbox-image-7\" data-rl_title=\"\" data-rl_caption=\"\" title=\"\"><img class=\"alignnone size-medium wp-image-11087\" src=\"http:\/\/carnitec.com\/wp-content\/uploads\/2016\/09\/medium-92042-35-1437394341-300x57.jpg\" alt=\"92042\" width=\"300\" height=\"57\" \/><\/a><\/p>\n<table class=\"t1\" cellspacing=\"0\" cellpadding=\"0\">\n<tbody>\n<tr>\n<td class=\"td11\" valign=\"middle\">\n<p class=\"p3\"><span class=\"s1\">\u0410\u0440\u0442.<\/span><\/p>\n<\/td>\n<td class=\"td12\" valign=\"middle\">\n<p class=\"p3\"><span class=\"s1\">colour<\/span><\/p>\n<\/td>\n<td class=\"td8\" valign=\"middle\">\n<p class=\"p3\"><span class=\"s1\">net weight<\/span><\/p>\n<\/td>\n<td class=\"td9\" valign=\"middle\">\n<p class=\"p3\"><span class=\"s1\">length of blade<\/span><\/p>\n<\/td>\n<td class=\"td10\" valign=\"middle\">\n<p class=\"p3\"><span class=\"s1\">handle length<\/span><\/p>\n<\/td>\n<\/tr>\n<tr>\n<td class=\"td11\" valign=\"top\">\n<p class=\"p3\"><span class=\"s1\">92042350<\/span><\/p>\n<\/td>\n<td class=\"td12\" valign=\"top\"><\/td>\n<td class=\"td8\" valign=\"top\">\n<p class=\"p3\"><span class=\"s1\">3,0 kg<\/span><\/p>\n<\/td>\n<td class=\"td9\" valign=\"top\">\n<p class=\"p3\"><span class=\"s1\">35 cm<\/span><\/p>\n<\/td>\n<td class=\"td10\" valign=\"top\">\n<p class=\"p3\"><span class=\"s1\">18&#8243;<\/span><\/p>\n<\/td>\n<\/tr>\n<tr>\n<td class=\"td11\" valign=\"top\">\n<p class=\"p3\"><span class=\"s1\">92042400<\/span><\/p>\n<\/td>\n<td class=\"td12\" valign=\"top\"><\/td>\n<td class=\"td8\" valign=\"top\">\n<p class=\"p3\"><span class=\"s1\">3,3 kg<\/span><\/p>\n<\/td>\n<td class=\"td9\" valign=\"top\">\n<p class=\"p3\"><span class=\"s1\">40 cm<\/span><\/p>\n<\/td>\n<td class=\"td10\" valign=\"top\">\n<p class=\"p3\"><span class=\"s1\">18&#8243;<\/span><\/p>\n<\/td>\n<\/tr>\n<\/tbody>\n<\/table>\n<p>&nbsp;<\/p>\n","protected":false},"excerpt":{"rendered":"<p>\u041d\u0435\u0437\u0430\u043c\u0435\u043d\u0438\u043c\u044b\u0435 \u043f\u043e\u043c\u043e\u0449\u043d\u0438\u043a\u0438 \u043f\u0440\u043e\u0444\u0435\u0441\u0441\u0438\u043e\u043d\u0430\u043b\u044c\u043d\u044b\u0445 \u043f\u043e\u0432\u0430\u0440\u043e\u0432, \u0432\u044b\u043f\u043e\u043b\u043d\u0435\u043d\u043d\u044b\u0435 \u0438\u0437 \u043a\u043e\u0432\u0430\u043d\u043e\u0439 \u0441\u0442\u0430\u043b\u0438 \u0441 \u0431\u0435\u0437\u043e\u043f\u0430\u0441\u043d\u044b\u043c \u0441\u043e\u0435\u0434\u0438\u043d\u0435\u043d\u0438\u0435\u043c \u0440\u0443\u043a\u043e\u044f\u0442\u043a\u0438 \u0438 \u043b\u0435\u0437\u0432\u0438\u044f. \u0420\u0443\u0431\u043a\u0430, \u0440\u0430\u0441\u043f\u0438\u043b\u043a\u0430, \u0441\u043e\u043b\u0435\u043d\u0438\u0435 \u0438 \u0448\u043f\u0438\u0433\u043e\u0432\u043a\u0430 \u0441\u0442\u0430\u043d\u0443\u0442 \u043f\u0440\u043e\u0449\u0435 \u0438 \u0443\u0432\u0435\u0440\u0435\u043d\u043d\u0435\u0435 \u0441 \u043f\u043e\u0432\u0430\u0440\u0441\u043a\u0438\u043c\u0438 \u0441\u0435\u043a\u0430\u0447\u0430\u043c\u0438 Dick. \u041f\u043e\u0432\u0430\u0440\u0441\u043a\u0438\u0435 \u0441\u0435\u043a\u0430\u0447\u0438 Dick &#8211; \u043f\u0440\u0435\u043a\u0440\u0430\u0441\u043d\u043e\u0435 \u0434\u043e\u043f\u043e\u043b\u043d\u0435\u043d\u0438\u0435 \u043a \u043a\u0443\u0445\u043e\u043d\u043d\u044b\u043c \u0438 \u043f\u043e\u0432\u0430\u0440\u0441\u043a\u0438\u043c \u043d\u043e\u0436\u0430\u043c!<\/p>\n","protected":false},"featured_media":11098,"template":"","meta":{"content-type":"","_monsterinsights_skip_tracking":false,"_monsterinsights_sitenote_active":false,"_monsterinsights_sitenote_note":"","_monsterinsights_sitenote_category":0},"product_cat":[2127],"product_tag":[],"yoast_head":"<!-- This site is optimized with the Yoast SEO plugin v19.5.1 - https:\/\/yoast.com\/wordpress\/plugins\/seo\/ -->\n<title>Miesnieka cirvi - Carnitec<\/title>\n<meta name=\"robots\" content=\"index, follow, max-snippet:-1, max-image-preview:large, max-video-preview:-1\" \/>\n<link rel=\"canonical\" href=\"https:\/\/carnitec.com\/lv\/products\/miesnieka-cirvi\/\" \/>\n<meta property=\"og:locale\" content=\"lv_LV\" \/>\n<meta property=\"og:type\" content=\"article\" \/>\n<meta property=\"og:title\" content=\"Miesnieka cirvi - Carnitec\" \/>\n<meta property=\"og:description\" content=\"\u041d\u0435\u0437\u0430\u043c\u0435\u043d\u0438\u043c\u044b\u0435 \u043f\u043e\u043c\u043e\u0449\u043d\u0438\u043a\u0438 \u043f\u0440\u043e\u0444\u0435\u0441\u0441\u0438\u043e\u043d\u0430\u043b\u044c\u043d\u044b\u0445 \u043f\u043e\u0432\u0430\u0440\u043e\u0432, \u0432\u044b\u043f\u043e\u043b\u043d\u0435\u043d\u043d\u044b\u0435 \u0438\u0437 \u043a\u043e\u0432\u0430\u043d\u043e\u0439 \u0441\u0442\u0430\u043b\u0438 \u0441 \u0431\u0435\u0437\u043e\u043f\u0430\u0441\u043d\u044b\u043c \u0441\u043e\u0435\u0434\u0438\u043d\u0435\u043d\u0438\u0435\u043c \u0440\u0443\u043a\u043e\u044f\u0442\u043a\u0438 \u0438 \u043b\u0435\u0437\u0432\u0438\u044f. \u0420\u0443\u0431\u043a\u0430, \u0440\u0430\u0441\u043f\u0438\u043b\u043a\u0430, \u0441\u043e\u043b\u0435\u043d\u0438\u0435 \u0438 \u0448\u043f\u0438\u0433\u043e\u0432\u043a\u0430 \u0441\u0442\u0430\u043d\u0443\u0442 \u043f\u0440\u043e\u0449\u0435 \u0438 \u0443\u0432\u0435\u0440\u0435\u043d\u043d\u0435\u0435 \u0441 \u043f\u043e\u0432\u0430\u0440\u0441\u043a\u0438\u043c\u0438 \u0441\u0435\u043a\u0430\u0447\u0430\u043c\u0438 Dick. \u041f\u043e\u0432\u0430\u0440\u0441\u043a\u0438\u0435 \u0441\u0435\u043a\u0430\u0447\u0438 Dick - \u043f\u0440\u0435\u043a\u0440\u0430\u0441\u043d\u043e\u0435 \u0434\u043e\u043f\u043e\u043b\u043d\u0435\u043d\u0438\u0435 \u043a \u043a\u0443\u0445\u043e\u043d\u043d\u044b\u043c \u0438 \u043f\u043e\u0432\u0430\u0440\u0441\u043a\u0438\u043c \u043d\u043e\u0436\u0430\u043c!\" \/>\n<meta property=\"og:url\" content=\"https:\/\/carnitec.com\/lv\/products\/miesnieka-cirvi\/\" \/>\n<meta property=\"og:site_name\" content=\"Carnitec\" \/>\n<meta property=\"article:publisher\" content=\"https:\/\/facebook.com\/carnitec1\" \/>\n<meta property=\"og:image\" content=\"https:\/\/carnitec.com\/wp-content\/uploads\/2016\/09\/medium-92098200-1396518480.jpg\" \/>\n\t<meta property=\"og:image:width\" content=\"400\" \/>\n\t<meta property=\"og:image:height\" content=\"122\" \/>\n\t<meta property=\"og:image:type\" content=\"image\/jpeg\" \/>\n<meta name=\"twitter:card\" content=\"summary\" \/>\n<meta name=\"twitter:site\" content=\"@carnitec_\" \/>\n<script type=\"application\/ld+json\" class=\"yoast-schema-graph\">{\"@context\":\"https:\/\/schema.org\",\"@graph\":[{\"@type\":\"WebPage\",\"@id\":\"https:\/\/carnitec.com\/lv\/products\/miesnieka-cirvi\/\",\"url\":\"https:\/\/carnitec.com\/lv\/products\/miesnieka-cirvi\/\",\"name\":\"Miesnieka cirvi - Carnitec\",\"isPartOf\":{\"@id\":\"https:\/\/carnitec.com\/lv\/#website\"},\"datePublished\":\"2016-09-04T13:51:37+00:00\",\"dateModified\":\"2016-09-04T13:51:37+00:00\",\"breadcrumb\":{\"@id\":\"https:\/\/carnitec.com\/lv\/products\/miesnieka-cirvi\/#breadcrumb\"},\"inLanguage\":\"lv-LV\",\"potentialAction\":[{\"@type\":\"ReadAction\",\"target\":[\"https:\/\/carnitec.com\/lv\/products\/miesnieka-cirvi\/\"]}]},{\"@type\":\"BreadcrumbList\",\"@id\":\"https:\/\/carnitec.com\/lv\/products\/miesnieka-cirvi\/#breadcrumb\",\"itemListElement\":[{\"@type\":\"ListItem\",\"position\":1,\"name\":\"\u0413\u043b\u0430\u0432\u043d\u0430\u044f \u0441\u0442\u0440\u0430\u043d\u0438\u0446\u0430\",\"item\":\"https:\/\/carnitec.com\/lv\/\"},{\"@type\":\"ListItem\",\"position\":2,\"name\":\"\u0422\u043e\u0432\u0430\u0440\u044b\",\"item\":\"https:\/\/carnitec.com\/shop\/\"},{\"@type\":\"ListItem\",\"position\":3,\"name\":\"Miesnieka cirvi\"}]},{\"@type\":\"WebSite\",\"@id\":\"https:\/\/carnitec.com\/lv\/#website\",\"url\":\"https:\/\/carnitec.com\/lv\/\",\"name\":\"Carnitec\",\"description\":\"P\u0101rtikas r\u016bpniec\u012bbas iek\u0101rtas\",\"publisher\":{\"@id\":\"https:\/\/carnitec.com\/lv\/#organization\"},\"potentialAction\":[{\"@type\":\"SearchAction\",\"target\":{\"@type\":\"EntryPoint\",\"urlTemplate\":\"https:\/\/carnitec.com\/lv\/?s={search_term_string}\"},\"query-input\":\"required name=search_term_string\"}],\"inLanguage\":\"lv-LV\"},{\"@type\":\"Organization\",\"@id\":\"https:\/\/carnitec.com\/lv\/#organization\",\"name\":\"Carnitec - food processing equipment\",\"url\":\"https:\/\/carnitec.com\/lv\/\",\"sameAs\":[\"https:\/\/www.instagram.com\/carnitec\/?hl=en\",\"https:\/\/www.linkedin.com\/company\/carnitec-ltd\/\",\"https:\/\/www.youtube.com\/channel\/UCwfiuJujkF2QxPPZAqB0T2w\",\"https:\/\/facebook.com\/carnitec1\",\"https:\/\/twitter.com\/carnitec_\"],\"logo\":{\"@type\":\"ImageObject\",\"inLanguage\":\"lv-LV\",\"@id\":\"https:\/\/carnitec.com\/lv\/#\/schema\/logo\/image\/\",\"url\":\"http:\/\/carnitec.com\/wp-content\/uploads\/2018\/01\/carnitec_logo_2018.png\",\"contentUrl\":\"http:\/\/carnitec.com\/wp-content\/uploads\/2018\/01\/carnitec_logo_2018.png\",\"width\":180,\"height\":50,\"caption\":\"Carnitec - food processing equipment\"},\"image\":{\"@id\":\"https:\/\/carnitec.com\/lv\/#\/schema\/logo\/image\/\"}}]}<\/script>\n<!-- \/ Yoast SEO plugin. -->","yoast_head_json":{"title":"Miesnieka cirvi - Carnitec","robots":{"index":"index","follow":"follow","max-snippet":"max-snippet:-1","max-image-preview":"max-image-preview:large","max-video-preview":"max-video-preview:-1"},"canonical":"https:\/\/carnitec.com\/lv\/products\/miesnieka-cirvi\/","og_locale":"lv_LV","og_type":"article","og_title":"Miesnieka cirvi - Carnitec","og_description":"\u041d\u0435\u0437\u0430\u043c\u0435\u043d\u0438\u043c\u044b\u0435 \u043f\u043e\u043c\u043e\u0449\u043d\u0438\u043a\u0438 \u043f\u0440\u043e\u0444\u0435\u0441\u0441\u0438\u043e\u043d\u0430\u043b\u044c\u043d\u044b\u0445 \u043f\u043e\u0432\u0430\u0440\u043e\u0432, \u0432\u044b\u043f\u043e\u043b\u043d\u0435\u043d\u043d\u044b\u0435 \u0438\u0437 \u043a\u043e\u0432\u0430\u043d\u043e\u0439 \u0441\u0442\u0430\u043b\u0438 \u0441 \u0431\u0435\u0437\u043e\u043f\u0430\u0441\u043d\u044b\u043c \u0441\u043e\u0435\u0434\u0438\u043d\u0435\u043d\u0438\u0435\u043c \u0440\u0443\u043a\u043e\u044f\u0442\u043a\u0438 \u0438 \u043b\u0435\u0437\u0432\u0438\u044f. \u0420\u0443\u0431\u043a\u0430, \u0440\u0430\u0441\u043f\u0438\u043b\u043a\u0430, \u0441\u043e\u043b\u0435\u043d\u0438\u0435 \u0438 \u0448\u043f\u0438\u0433\u043e\u0432\u043a\u0430 \u0441\u0442\u0430\u043d\u0443\u0442 \u043f\u0440\u043e\u0449\u0435 \u0438 \u0443\u0432\u0435\u0440\u0435\u043d\u043d\u0435\u0435 \u0441 \u043f\u043e\u0432\u0430\u0440\u0441\u043a\u0438\u043c\u0438 \u0441\u0435\u043a\u0430\u0447\u0430\u043c\u0438 Dick. \u041f\u043e\u0432\u0430\u0440\u0441\u043a\u0438\u0435 \u0441\u0435\u043a\u0430\u0447\u0438 Dick - \u043f\u0440\u0435\u043a\u0440\u0430\u0441\u043d\u043e\u0435 \u0434\u043e\u043f\u043e\u043b\u043d\u0435\u043d\u0438\u0435 \u043a \u043a\u0443\u0445\u043e\u043d\u043d\u044b\u043c \u0438 \u043f\u043e\u0432\u0430\u0440\u0441\u043a\u0438\u043c \u043d\u043e\u0436\u0430\u043c!","og_url":"https:\/\/carnitec.com\/lv\/products\/miesnieka-cirvi\/","og_site_name":"Carnitec","article_publisher":"https:\/\/facebook.com\/carnitec1","og_image":[{"width":400,"height":122,"url":"https:\/\/carnitec.com\/wp-content\/uploads\/2016\/09\/medium-92098200-1396518480.jpg","type":"image\/jpeg"}],"twitter_card":"summary","twitter_site":"@carnitec_","schema":{"@context":"https:\/\/schema.org","@graph":[{"@type":"WebPage","@id":"https:\/\/carnitec.com\/lv\/products\/miesnieka-cirvi\/","url":"https:\/\/carnitec.com\/lv\/products\/miesnieka-cirvi\/","name":"Miesnieka cirvi - Carnitec","isPartOf":{"@id":"https:\/\/carnitec.com\/lv\/#website"},"datePublished":"2016-09-04T13:51:37+00:00","dateModified":"2016-09-04T13:51:37+00:00","breadcrumb":{"@id":"https:\/\/carnitec.com\/lv\/products\/miesnieka-cirvi\/#breadcrumb"},"inLanguage":"lv-LV","potentialAction":[{"@type":"ReadAction","target":["https:\/\/carnitec.com\/lv\/products\/miesnieka-cirvi\/"]}]},{"@type":"BreadcrumbList","@id":"https:\/\/carnitec.com\/lv\/products\/miesnieka-cirvi\/#breadcrumb","itemListElement":[{"@type":"ListItem","position":1,"name":"\u0413\u043b\u0430\u0432\u043d\u0430\u044f \u0441\u0442\u0440\u0430\u043d\u0438\u0446\u0430","item":"https:\/\/carnitec.com\/lv\/"},{"@type":"ListItem","position":2,"name":"\u0422\u043e\u0432\u0430\u0440\u044b","item":"https:\/\/carnitec.com\/shop\/"},{"@type":"ListItem","position":3,"name":"Miesnieka cirvi"}]},{"@type":"WebSite","@id":"https:\/\/carnitec.com\/lv\/#website","url":"https:\/\/carnitec.com\/lv\/","name":"Carnitec","description":"P\u0101rtikas r\u016bpniec\u012bbas iek\u0101rtas","publisher":{"@id":"https:\/\/carnitec.com\/lv\/#organization"},"potentialAction":[{"@type":"SearchAction","target":{"@type":"EntryPoint","urlTemplate":"https:\/\/carnitec.com\/lv\/?s={search_term_string}"},"query-input":"required name=search_term_string"}],"inLanguage":"lv-LV"},{"@type":"Organization","@id":"https:\/\/carnitec.com\/lv\/#organization","name":"Carnitec - food processing equipment","url":"https:\/\/carnitec.com\/lv\/","sameAs":["https:\/\/www.instagram.com\/carnitec\/?hl=en","https:\/\/www.linkedin.com\/company\/carnitec-ltd\/","https:\/\/www.youtube.com\/channel\/UCwfiuJujkF2QxPPZAqB0T2w","https:\/\/facebook.com\/carnitec1","https:\/\/twitter.com\/carnitec_"],"logo":{"@type":"ImageObject","inLanguage":"lv-LV","@id":"https:\/\/carnitec.com\/lv\/#\/schema\/logo\/image\/","url":"http:\/\/carnitec.com\/wp-content\/uploads\/2018\/01\/carnitec_logo_2018.png","contentUrl":"http:\/\/carnitec.com\/wp-content\/uploads\/2018\/01\/carnitec_logo_2018.png","width":180,"height":50,"caption":"Carnitec - food processing equipment"},"image":{"@id":"https:\/\/carnitec.com\/lv\/#\/schema\/logo\/image\/"}}]}},"_links":{"self":[{"href":"https:\/\/carnitec.com\/lv\/wp-json\/wp\/v2\/product\/11111"}],"collection":[{"href":"https:\/\/carnitec.com\/lv\/wp-json\/wp\/v2\/product"}],"about":[{"href":"https:\/\/carnitec.com\/lv\/wp-json\/wp\/v2\/types\/product"}],"wp:featuredmedia":[{"embeddable":true,"href":"https:\/\/carnitec.com\/lv\/wp-json\/wp\/v2\/media\/11098"}],"wp:attachment":[{"href":"https:\/\/carnitec.com\/lv\/wp-json\/wp\/v2\/media?parent=11111"}],"wp:term":[{"taxonomy":"product_cat","embeddable":true,"href":"https:\/\/carnitec.com\/lv\/wp-json\/wp\/v2\/product_cat?post=11111"},{"taxonomy":"product_tag","embeddable":true,"href":"https:\/\/carnitec.com\/lv\/wp-json\/wp\/v2\/product_tag?post=11111"}],"curies":[{"name":"wp","href":"https:\/\/api.w.org\/{rel}","templated":true}]}}