{"id":11032,"date":"2016-08-18T08:38:56","date_gmt":"2016-08-18T06:45:08","guid":{"rendered":"http:\/\/carnitec.com\/lv\/?post_type=product&#038;p=11032"},"modified":"2018-03-09T14:38:11","modified_gmt":"2018-03-09T12:38:11","slug":"cilpu-sasiesanas-iekarta-e85-2-galas-pakarsanai","status":"publish","type":"product","link":"https:\/\/carnitec.com\/lv\/products\/cilpu-sasiesanas-iekarta-e85-2-galas-pakarsanai\/","title":{"rendered":"Cilpu sasie\u0161anas iek\u0101rta E85-2 ga\u013cas pak\u0101r\u0161anai"},"content":{"rendered":"<p>Cilpu sasie\u0161anas iek\u0101rta E85-2 ga\u013cas pak\u0101r\u0161anai.\u00a0Da\u017e\u0101du ga\u013cas produktu pak\u0101r\u0161ana<\/p>\n<div class=\"embed-responsive embed-responsive-16by9\"><iframe loading=\"lazy\" title=\"Schlaufenknotmaschine \/\/ Looper machine E85-2 IFFA 2016\" width=\"640\" height=\"360\" src=\"https:\/\/www.youtube.com\/embed\/UahpU3cTI6Q?feature=oembed\" frameborder=\"0\" allow=\"accelerometer; autoplay; clipboard-write; encrypted-media; gyroscope; picture-in-picture\" allowfullscreen><\/iframe><\/div>\n<h2>Apraksts:<\/h2>\n<p>R\u0101mis izgatavots no ner\u016bs\u0113jo\u0161a t\u0113rauda 1.4301; stipra konstrukcija; konstrukcija atbilst faktiskiem dro\u0161\u012bbas un higi\u0113nas norm\u0101m, CE atbilst\u012bba, DGUV-sertific\u0113ts; SPS-logo ar dro\u0161\u012bbas norm\u0101m; atz\u012bts stat\u0146u piedzi\u0146a ; 4 adatu diametru izv\u0113le optim\u0101lai centr\u0113\u0161anai produktam (9,8,7,6 mm), standarts 8 mm ; nav adatas virsmas apkopi; Viegli izmantot un t\u012br\u012bt; darbs ar da\u017e\u0101dam auklu un krasu veidiem k\u0101 PP-aukla vai natur\u0101la aukla (ka\u0146ep\u0101ju).<\/p>\n<p><strong>Opcijas:<\/strong><br \/>\n&#8211; Augsts adatu poz\u012bcijas att\u0101lums bieziem produktiem<br \/>\n&#8211; Da\u017e\u0101di sanu galda ier\u012bces tie\u0161ai pak\u0101r\u0161anai uz k\u016bpin\u0101\u0161anas n\u016bj\u0101m<br \/>\n&#8211; Pneimatisks cilpu pagarin\u0101jums gar\u0101kam cilp\u0101m<br \/>\n&#8211; C\u016bku k\u0101ji\u0146u izstiep\u0161anas ier\u012bce<br \/>\n&#8211; Sasie\u0161anas ier\u012bce smalkam ga\u013cas produkti<\/p>\n<p>&nbsp;<\/p>\n<p><strong>STANDARD\u00a0<\/strong><\/p>\n<p><a href=\"http:\/\/carnitec.com\/wp-content\/uploads\/2016\/08\/E85_rauchstockanlage_standard_robuste-ausfuehrung.jpg\" data-rel=\"lightbox-image-0\" data-rl_title=\"\" data-rl_caption=\"\" title=\"\"><img class=\"alignnone size-medium wp-image-11026\" src=\"http:\/\/carnitec.com\/wp-content\/uploads\/2016\/08\/E85_rauchstockanlage_standard_robuste-ausfuehrung-300x184.jpg\" alt=\"E85_rauchstockanlage_standard_robuste-ausfuehrung\" width=\"300\" height=\"184\" \/><\/a><br \/>\n<strong>STOCKFIX\u00a0<\/strong><\/p>\n<p><a href=\"http:\/\/carnitec.com\/wp-content\/uploads\/2016\/08\/E85_rauchstockanlage_stockfix_guenstige-ausfuehrung.jpg\" data-rel=\"lightbox-image-1\" data-rl_title=\"\" data-rl_caption=\"\" title=\"\"><img class=\"alignnone size-medium wp-image-11023\" src=\"http:\/\/carnitec.com\/wp-content\/uploads\/2016\/08\/E85_rauchstockanlage_stockfix_guenstige-ausfuehrung-300x212.jpg\" alt=\"E85_rauchstockanlage_stockfix_guenstige-ausfuehrung\" width=\"300\" height=\"212\" \/><\/a><br \/>\n<strong>Ergonomic\u00a0<\/strong><\/p>\n<p><a href=\"http:\/\/carnitec.com\/wp-content\/uploads\/2016\/08\/E85_rauchstockanlage_ergonomic.jpg\" data-rel=\"lightbox-image-2\" data-rl_title=\"\" data-rl_caption=\"\" title=\"\"><img class=\"alignnone size-medium wp-image-11020\" src=\"http:\/\/carnitec.com\/wp-content\/uploads\/2016\/08\/E85_rauchstockanlage_ergonomic-300x197.jpg\" alt=\"E85_rauchstockanlage_ergonomic\" width=\"300\" height=\"197\" \/><\/a><\/p>\n<p><strong>Pneimatisks cilpu pagarin\u0101jums gar\u0101kam cilp\u0101m<\/strong><\/p>\n<p><a href=\"http:\/\/carnitec.com\/wp-content\/uploads\/2016\/08\/E85_pneumatische-schlaufenverlaengerung.jpg\" data-rel=\"lightbox-image-3\" data-rl_title=\"\" data-rl_caption=\"\" title=\"\"><img class=\"alignnone size-medium wp-image-11017\" src=\"http:\/\/carnitec.com\/wp-content\/uploads\/2016\/08\/E85_pneumatische-schlaufenverlaengerung-300x202.jpg\" alt=\"E85_pneumatische-schlaufenverlaengerung\" width=\"300\" height=\"202\" \/><\/a><br \/>\n<strong>C\u016bku k\u0101ji\u0146u izstiep\u0161anas ier\u012bce<\/strong><\/p>\n<p><a href=\"http:\/\/carnitec.com\/wp-content\/uploads\/2016\/08\/E85_vorrichtung-schweinefussspreizer.jpg\" data-rel=\"lightbox-image-4\" data-rl_title=\"\" data-rl_caption=\"\" title=\"\"><img class=\"alignnone size-medium wp-image-11014\" src=\"http:\/\/carnitec.com\/wp-content\/uploads\/2016\/08\/E85_vorrichtung-schweinefussspreizer-300x211.jpg\" alt=\"E85_vorrichtung-schweinefussspreizer\" width=\"300\" height=\"211\" \/><\/a><\/p>\n","protected":false},"excerpt":{"rendered":"<p>Cilpu sasie\u0161anas iek\u0101rta E85-2 ga\u013cas pak\u0101r\u0161anai<\/p>\n","protected":false},"featured_media":11031,"template":"","meta":{"content-type":"","_monsterinsights_skip_tracking":false,"_monsterinsights_sitenote_active":false,"_monsterinsights_sitenote_note":"","_monsterinsights_sitenote_category":0},"product_cat":[935],"product_tag":[],"yoast_head":"<!-- This site is optimized with the Yoast SEO plugin v19.5.1 - https:\/\/yoast.com\/wordpress\/plugins\/seo\/ -->\n<title>Cilpu sasie\u0161anas iek\u0101rta E85-2 ga\u013cas pak\u0101r\u0161anai - Carnitec<\/title>\n<meta name=\"robots\" content=\"index, follow, max-snippet:-1, max-image-preview:large, max-video-preview:-1\" \/>\n<link rel=\"canonical\" href=\"https:\/\/carnitec.com\/lv\/products\/cilpu-sasiesanas-iekarta-e85-2-galas-pakarsanai\/\" \/>\n<meta property=\"og:locale\" content=\"lv_LV\" \/>\n<meta property=\"og:type\" content=\"article\" \/>\n<meta property=\"og:title\" content=\"Cilpu sasie\u0161anas iek\u0101rta E85-2 ga\u013cas pak\u0101r\u0161anai - Carnitec\" \/>\n<meta property=\"og:description\" content=\"Cilpu sasie\u0161anas iek\u0101rta E85-2 ga\u013cas pak\u0101r\u0161anai\" \/>\n<meta property=\"og:url\" content=\"https:\/\/carnitec.com\/lv\/products\/cilpu-sasiesanas-iekarta-e85-2-galas-pakarsanai\/\" \/>\n<meta property=\"og:site_name\" content=\"Carnitec\" \/>\n<meta property=\"article:publisher\" content=\"https:\/\/facebook.com\/carnitec1\" \/>\n<meta property=\"article:modified_time\" content=\"2018-03-09T12:38:11+00:00\" \/>\n<meta property=\"og:image\" content=\"https:\/\/carnitec.com\/wp-content\/uploads\/2016\/08\/E85_schlaufenknotenmaschine.jpg\" \/>\n\t<meta property=\"og:image:width\" content=\"437\" \/>\n\t<meta property=\"og:image:height\" content=\"653\" \/>\n\t<meta property=\"og:image:type\" content=\"image\/jpeg\" \/>\n<meta name=\"twitter:card\" content=\"summary\" \/>\n<meta name=\"twitter:site\" content=\"@carnitec_\" \/>\n<meta name=\"twitter:label1\" content=\"Est. reading time\" \/>\n\t<meta name=\"twitter:data1\" content=\"1 min\u016b\u0161u\" \/>\n<script type=\"application\/ld+json\" class=\"yoast-schema-graph\">{\"@context\":\"https:\/\/schema.org\",\"@graph\":[{\"@type\":\"WebPage\",\"@id\":\"https:\/\/carnitec.com\/lv\/products\/cilpu-sasiesanas-iekarta-e85-2-galas-pakarsanai\/\",\"url\":\"https:\/\/carnitec.com\/lv\/products\/cilpu-sasiesanas-iekarta-e85-2-galas-pakarsanai\/\",\"name\":\"Cilpu sasie\u0161anas iek\u0101rta E85-2 ga\u013cas pak\u0101r\u0161anai - Carnitec\",\"isPartOf\":{\"@id\":\"https:\/\/carnitec.com\/lv\/#website\"},\"datePublished\":\"2016-08-18T06:45:08+00:00\",\"dateModified\":\"2018-03-09T12:38:11+00:00\",\"breadcrumb\":{\"@id\":\"https:\/\/carnitec.com\/lv\/products\/cilpu-sasiesanas-iekarta-e85-2-galas-pakarsanai\/#breadcrumb\"},\"inLanguage\":\"lv-LV\",\"potentialAction\":[{\"@type\":\"ReadAction\",\"target\":[\"https:\/\/carnitec.com\/lv\/products\/cilpu-sasiesanas-iekarta-e85-2-galas-pakarsanai\/\"]}]},{\"@type\":\"BreadcrumbList\",\"@id\":\"https:\/\/carnitec.com\/lv\/products\/cilpu-sasiesanas-iekarta-e85-2-galas-pakarsanai\/#breadcrumb\",\"itemListElement\":[{\"@type\":\"ListItem\",\"position\":1,\"name\":\"\u0413\u043b\u0430\u0432\u043d\u0430\u044f \u0441\u0442\u0440\u0430\u043d\u0438\u0446\u0430\",\"item\":\"https:\/\/carnitec.com\/lv\/\"},{\"@type\":\"ListItem\",\"position\":2,\"name\":\"\u0422\u043e\u0432\u0430\u0440\u044b\",\"item\":\"https:\/\/carnitec.com\/shop\/\"},{\"@type\":\"ListItem\",\"position\":3,\"name\":\"Cilpu sasie\u0161anas iek\u0101rta E85-2 ga\u013cas pak\u0101r\u0161anai\"}]},{\"@type\":\"WebSite\",\"@id\":\"https:\/\/carnitec.com\/lv\/#website\",\"url\":\"https:\/\/carnitec.com\/lv\/\",\"name\":\"Carnitec\",\"description\":\"P\u0101rtikas r\u016bpniec\u012bbas iek\u0101rtas\",\"publisher\":{\"@id\":\"https:\/\/carnitec.com\/lv\/#organization\"},\"potentialAction\":[{\"@type\":\"SearchAction\",\"target\":{\"@type\":\"EntryPoint\",\"urlTemplate\":\"https:\/\/carnitec.com\/lv\/?s={search_term_string}\"},\"query-input\":\"required name=search_term_string\"}],\"inLanguage\":\"lv-LV\"},{\"@type\":\"Organization\",\"@id\":\"https:\/\/carnitec.com\/lv\/#organization\",\"name\":\"Carnitec - food processing equipment\",\"url\":\"https:\/\/carnitec.com\/lv\/\",\"sameAs\":[\"https:\/\/www.instagram.com\/carnitec\/?hl=en\",\"https:\/\/www.linkedin.com\/company\/carnitec-ltd\/\",\"https:\/\/www.youtube.com\/channel\/UCwfiuJujkF2QxPPZAqB0T2w\",\"https:\/\/facebook.com\/carnitec1\",\"https:\/\/twitter.com\/carnitec_\"],\"logo\":{\"@type\":\"ImageObject\",\"inLanguage\":\"lv-LV\",\"@id\":\"https:\/\/carnitec.com\/lv\/#\/schema\/logo\/image\/\",\"url\":\"http:\/\/carnitec.com\/wp-content\/uploads\/2018\/01\/carnitec_logo_2018.png\",\"contentUrl\":\"http:\/\/carnitec.com\/wp-content\/uploads\/2018\/01\/carnitec_logo_2018.png\",\"width\":180,\"height\":50,\"caption\":\"Carnitec - food processing equipment\"},\"image\":{\"@id\":\"https:\/\/carnitec.com\/lv\/#\/schema\/logo\/image\/\"}}]}<\/script>\n<!-- \/ Yoast SEO plugin. -->","yoast_head_json":{"title":"Cilpu sasie\u0161anas iek\u0101rta E85-2 ga\u013cas pak\u0101r\u0161anai - Carnitec","robots":{"index":"index","follow":"follow","max-snippet":"max-snippet:-1","max-image-preview":"max-image-preview:large","max-video-preview":"max-video-preview:-1"},"canonical":"https:\/\/carnitec.com\/lv\/products\/cilpu-sasiesanas-iekarta-e85-2-galas-pakarsanai\/","og_locale":"lv_LV","og_type":"article","og_title":"Cilpu sasie\u0161anas iek\u0101rta E85-2 ga\u013cas pak\u0101r\u0161anai - Carnitec","og_description":"Cilpu sasie\u0161anas iek\u0101rta E85-2 ga\u013cas pak\u0101r\u0161anai","og_url":"https:\/\/carnitec.com\/lv\/products\/cilpu-sasiesanas-iekarta-e85-2-galas-pakarsanai\/","og_site_name":"Carnitec","article_publisher":"https:\/\/facebook.com\/carnitec1","article_modified_time":"2018-03-09T12:38:11+00:00","og_image":[{"width":437,"height":653,"url":"https:\/\/carnitec.com\/wp-content\/uploads\/2016\/08\/E85_schlaufenknotenmaschine.jpg","type":"image\/jpeg"}],"twitter_card":"summary","twitter_site":"@carnitec_","twitter_misc":{"Est. reading time":"1 min\u016b\u0161u"},"schema":{"@context":"https:\/\/schema.org","@graph":[{"@type":"WebPage","@id":"https:\/\/carnitec.com\/lv\/products\/cilpu-sasiesanas-iekarta-e85-2-galas-pakarsanai\/","url":"https:\/\/carnitec.com\/lv\/products\/cilpu-sasiesanas-iekarta-e85-2-galas-pakarsanai\/","name":"Cilpu sasie\u0161anas iek\u0101rta E85-2 ga\u013cas pak\u0101r\u0161anai - Carnitec","isPartOf":{"@id":"https:\/\/carnitec.com\/lv\/#website"},"datePublished":"2016-08-18T06:45:08+00:00","dateModified":"2018-03-09T12:38:11+00:00","breadcrumb":{"@id":"https:\/\/carnitec.com\/lv\/products\/cilpu-sasiesanas-iekarta-e85-2-galas-pakarsanai\/#breadcrumb"},"inLanguage":"lv-LV","potentialAction":[{"@type":"ReadAction","target":["https:\/\/carnitec.com\/lv\/products\/cilpu-sasiesanas-iekarta-e85-2-galas-pakarsanai\/"]}]},{"@type":"BreadcrumbList","@id":"https:\/\/carnitec.com\/lv\/products\/cilpu-sasiesanas-iekarta-e85-2-galas-pakarsanai\/#breadcrumb","itemListElement":[{"@type":"ListItem","position":1,"name":"\u0413\u043b\u0430\u0432\u043d\u0430\u044f \u0441\u0442\u0440\u0430\u043d\u0438\u0446\u0430","item":"https:\/\/carnitec.com\/lv\/"},{"@type":"ListItem","position":2,"name":"\u0422\u043e\u0432\u0430\u0440\u044b","item":"https:\/\/carnitec.com\/shop\/"},{"@type":"ListItem","position":3,"name":"Cilpu sasie\u0161anas iek\u0101rta E85-2 ga\u013cas pak\u0101r\u0161anai"}]},{"@type":"WebSite","@id":"https:\/\/carnitec.com\/lv\/#website","url":"https:\/\/carnitec.com\/lv\/","name":"Carnitec","description":"P\u0101rtikas r\u016bpniec\u012bbas iek\u0101rtas","publisher":{"@id":"https:\/\/carnitec.com\/lv\/#organization"},"potentialAction":[{"@type":"SearchAction","target":{"@type":"EntryPoint","urlTemplate":"https:\/\/carnitec.com\/lv\/?s={search_term_string}"},"query-input":"required name=search_term_string"}],"inLanguage":"lv-LV"},{"@type":"Organization","@id":"https:\/\/carnitec.com\/lv\/#organization","name":"Carnitec - food processing equipment","url":"https:\/\/carnitec.com\/lv\/","sameAs":["https:\/\/www.instagram.com\/carnitec\/?hl=en","https:\/\/www.linkedin.com\/company\/carnitec-ltd\/","https:\/\/www.youtube.com\/channel\/UCwfiuJujkF2QxPPZAqB0T2w","https:\/\/facebook.com\/carnitec1","https:\/\/twitter.com\/carnitec_"],"logo":{"@type":"ImageObject","inLanguage":"lv-LV","@id":"https:\/\/carnitec.com\/lv\/#\/schema\/logo\/image\/","url":"http:\/\/carnitec.com\/wp-content\/uploads\/2018\/01\/carnitec_logo_2018.png","contentUrl":"http:\/\/carnitec.com\/wp-content\/uploads\/2018\/01\/carnitec_logo_2018.png","width":180,"height":50,"caption":"Carnitec - food processing equipment"},"image":{"@id":"https:\/\/carnitec.com\/lv\/#\/schema\/logo\/image\/"}}]}},"_links":{"self":[{"href":"https:\/\/carnitec.com\/lv\/wp-json\/wp\/v2\/product\/11032"}],"collection":[{"href":"https:\/\/carnitec.com\/lv\/wp-json\/wp\/v2\/product"}],"about":[{"href":"https:\/\/carnitec.com\/lv\/wp-json\/wp\/v2\/types\/product"}],"wp:featuredmedia":[{"embeddable":true,"href":"https:\/\/carnitec.com\/lv\/wp-json\/wp\/v2\/media\/11031"}],"wp:attachment":[{"href":"https:\/\/carnitec.com\/lv\/wp-json\/wp\/v2\/media?parent=11032"}],"wp:term":[{"taxonomy":"product_cat","embeddable":true,"href":"https:\/\/carnitec.com\/lv\/wp-json\/wp\/v2\/product_cat?post=11032"},{"taxonomy":"product_tag","embeddable":true,"href":"https:\/\/carnitec.com\/lv\/wp-json\/wp\/v2\/product_tag?post=11032"}],"curies":[{"name":"wp","href":"https:\/\/api.w.org\/{rel}","templated":true}]}}