{"id":11011,"date":"2016-05-30T10:25:55","date_gmt":"2016-08-17T08:39:55","guid":{"rendered":"http:\/\/carnitec.com\/lv\/?post_type=product&#038;p=11011"},"modified":"2019-05-14T12:54:29","modified_gmt":"2019-05-14T10:54:29","slug":"holac-cubixx-speka-griesanas-iekartas","status":"publish","type":"product","link":"https:\/\/carnitec.com\/lv\/products\/holac-cubixx-speka-griesanas-iekartas\/","title":{"rendered":"holac Cubixx spe\u0137a grie\u0161anas iek\u0101rtas"},"content":{"rendered":"<p><span style=\"font-weight: 300;\">Kompaktas un daudzfunkcion\u0101las iek\u0101rtas holac Cubixx s\u0113rijas \u013cauj sasmalcin\u0101t ga\u013cu,zivi, sieru, d\u0101rze\u0146us kubi\u0146os, sloksn\u012bt\u0113s, gabali\u0146os, salmi\u0146os. Ga\u013cas p\u0101rstr\u0101d\u0113 tiek pla\u0161i izmantotas spe\u0137a grie\u0161anai.<\/span><\/p>\n<p><span style=\"font-weight: 300;\">Cubixx iek\u0101rtas ir dro\u0161as ik dienas ekspluat\u0101cij\u0101, garant\u0113 teicamo darba rezult\u0101tu, minim\u0101lo atlikumu daudzumu, skaisto gludu griezumu no pirm\u0101 l\u012bdz p\u0113d\u0113ja gabala.<br \/>\n<\/span><\/p>\n<p><strong>Cubixx 100<\/strong> &#8211; vismaz\u0101k\u0101 univers\u0101la grie\u0161anas iek\u0101rta no HOLAC programmas. Vi\u0146a at\u0161\u0137iras ar vieglo vad\u012bbu un \u0161\u0101da klases iek\u0101rtas optim\u0101lo funkcionalit\u0101ti. Rekomend\u0113ta lielveikaliem un kulin\u0101ra cehiem.<br \/>\nRa\u017eotsp\u0113ja ap. 1.300 kg\/h<\/p>\n<p><strong>Cubixx 100L<\/strong> &#8211; pirmk\u0101rt at\u0161\u0137iras ar pielieto\u0161anas elast\u012bgumu: kubi\u0146i gula\u0161am, rag\u016b, \u0161\u0137i\u0146\u0137a gabali\u0146i vai r\u012bv\u0113ts siers.<br \/>\nRa\u017eotsp\u0113ja ap. 1.600 kg\/h<\/p>\n<div class=\"embed-responsive embed-responsive-16by9\"><iframe loading=\"lazy\" title=\"holac Maschinenbau GmbH - Cubixx 100 L\" width=\"640\" height=\"360\" src=\"https:\/\/www.youtube.com\/embed\/9Z2jLQY9uPc?start=6&#038;feature=oembed\" frameborder=\"0\" allow=\"accelerometer; autoplay; clipboard-write; encrypted-media; gyroscope; picture-in-picture\" allowfullscreen><\/iframe><\/div>\n<p><strong>Cubixx 100 CX<\/strong> neliela pusautom\u0101tiska iek\u0101rta inovat\u012bvai iekrau\u0161anas sist\u0113mai.<br \/>\nRa\u017eotsp\u0113ja ap. 2.000 kg\/h<\/p>\n<p><strong>Cubixx 100 LP<\/strong> pats kompakt\u0101ka pusautom\u0101tiska grie\u0161anas iek\u0101rta tirgus. Magaz\u012bna garums vair\u0101k ne k\u0101 500mm.<br \/>\nCubixx 100LP \u013cauj p\u0101rstr\u0101d\u0101t liela kalibra produkti bez darbietilp\u012bgas iepriek\u0161\u0113jas grie\u0161anas. Ieteicama ga\u013cas cehiem.<br \/>\nRa\u017eotsp\u0113ja ap. 2.000 kg\/h<\/p>\n<p><strong>Cubixx 120<\/strong> \u2013 pilnveidota modele ar palielin\u0101to magaz\u012bnu un jaud\u012bgu piedzi\u0146u. Piem\u0113rota ikdienas r\u016bpniec\u012bbas lieto\u0161anai un garant\u0113 lielisku rezult\u0101tu.<br \/>\nRa\u017eotsp\u0113ja ap. 2.800 kg\/h<\/p>\n<div class=\"embed-responsive embed-responsive-16by9\"><iframe loading=\"lazy\" title=\"holac Maschinenbau GmbH (Cubixx120)\" width=\"640\" height=\"360\" src=\"https:\/\/www.youtube.com\/embed\/Pt2vS3toJxo?feature=oembed\" frameborder=\"0\" allow=\"accelerometer; autoplay; clipboard-write; encrypted-media; gyroscope; picture-in-picture\" allowfullscreen><\/iframe><\/div>\n<p><strong>Cubixx 150<\/strong> \u2013 piln\u012bgi autom\u0101tisk\u0101 grie\u0161anas iek\u0101rta lielai ra\u017eotsp\u0113jai ar palielin\u0101to magaz\u012bnu un jaud\u012bgu piedzi\u0146u. Piem\u0113rota ikdienas r\u016bpniec\u012bbas lieto\u0161anai un garant\u0113 lielisku rezult\u0101tu.<br \/>\nRa\u017eotsp\u0113ja ap. 4.800 kg\/h<\/p>\n<h1 class=\"p1\"><span class=\"s1\">Daudzfunkcion\u0101las spe\u0137a grie\u0161anas iek\u0101rtas \u00a0Holac<\/span><\/h1>\n<table class=\"t1\" width=\"673.0\" cellspacing=\"0\" cellpadding=\"0\">\n<tbody>\n<tr>\n<td class=\"td1\" valign=\"middle\">\n<p class=\"p2\"><span class=\"s1\"><b>Programma <\/b><\/span><\/p>\n<\/td>\n<td class=\"td2\" valign=\"middle\">\n<p class=\"p2\"><span class=\"s1\"><b>Iekrau\u0161ana<\/b><\/span><\/p>\n<\/td>\n<td class=\"td3\" valign=\"middle\">\n<p class=\"p2\"><span class=\"s1\"><b>Izkrau\u0161ana<\/b><\/span><\/p>\n<\/td>\n<td class=\"td4\" valign=\"middle\">\n<p class=\"p2\"><span class=\"s1\"><b>Iek\u0101rtas tips<\/b><\/span><\/p>\n<\/td>\n<td class=\"td5\" valign=\"middle\">\n<p class=\"p2\"><span class=\"s1\"><b>Pielieto\u0161ana<\/b><\/span><\/p>\n<\/td>\n<\/tr>\n<tr>\n<td class=\"td6\" colspan=\"5\" valign=\"top\">\n<p class=\"p3\"><span class=\"s1\"><b>Spe\u0137a grie\u0161anas iek\u0101rtas<\/b><\/span><\/p>\n<\/td>\n<\/tr>\n<tr>\n<td class=\"td7\" valign=\"top\">\n<p class=\"p4\"><span class=\"s1\">Cubixx 100<\/span><\/p>\n<\/td>\n<td class=\"td8\" valign=\"top\">\n<p class=\"p3\">ar rok\u0101m<\/p>\n<\/td>\n<td class=\"td9\" valign=\"top\"><\/td>\n<td class=\"td10\" valign=\"top\">\n<p class=\"p3\"><span class=\"s1\">ar rok\u0101m<\/span><\/p>\n<\/td>\n<td class=\"td11\" valign=\"top\"><\/td>\n<\/tr>\n<tr>\n<td class=\"td7\" valign=\"top\">\n<p class=\"p4\"><span class=\"s1\">Cubixx 100 L<\/span><\/p>\n<\/td>\n<td class=\"td8\" valign=\"top\">\n<p class=\"p3\">ar rok\u0101m<\/p>\n<\/td>\n<td class=\"td9\" valign=\"top\"><\/td>\n<td class=\"td10\" valign=\"top\">\n<p class=\"p3\">ar rok\u0101m<\/p>\n<\/td>\n<td class=\"td11\" valign=\"top\"><\/td>\n<\/tr>\n<tr>\n<td class=\"td7\" valign=\"top\">\n<p class=\"p4\"><span class=\"s1\">Cubixx 100 CX<\/span><\/p>\n<\/td>\n<td class=\"td8\" valign=\"top\">\n<p class=\"p3\">ar rok\u0101m<\/p>\n<\/td>\n<td class=\"td9\" valign=\"top\"><\/td>\n<td class=\"td10\" valign=\"top\">\n<p class=\"p3\">ar rok\u0101m<\/p>\n<\/td>\n<td class=\"td11\" valign=\"top\"><\/td>\n<\/tr>\n<tr>\n<td class=\"td7\" valign=\"top\">\n<p class=\"p4\"><span class=\"s1\">Cubixx 100 LP<\/span><\/p>\n<\/td>\n<td class=\"td8\" valign=\"top\">\n<p class=\"p3\"><span class=\"s1\">konveijers\/<\/span><\/p>\n<p class=\"p3\"><span class=\"s1\">c\u0113l\u0101js<\/span><\/p>\n<\/td>\n<td class=\"td9\" valign=\"top\"><\/td>\n<td class=\"td10\" valign=\"top\">\n<p class=\"p3\"><span class=\"s1\">autom\u0101tisk\u0101<\/span><\/p>\n<\/td>\n<td class=\"td11\" valign=\"top\"><\/td>\n<\/tr>\n<tr>\n<td class=\"td7\" valign=\"top\">\n<p class=\"p4\"><span class=\"s1\">Cubixx 120<\/span><\/p>\n<\/td>\n<td class=\"td8\" valign=\"top\">\n<p class=\"p3\">ar rok\u0101m<\/p>\n<\/td>\n<td class=\"td9\" valign=\"top\"><\/td>\n<td class=\"td10\" valign=\"top\">\n<p class=\"p3\">ar rok\u0101m<\/p>\n<\/td>\n<td class=\"td11\" valign=\"top\"><\/td>\n<\/tr>\n<tr>\n<td class=\"td7\" valign=\"top\">\n<p class=\"p4\"><span class=\"s1\">Cubixx 120 U<\/span><\/p>\n<\/td>\n<td class=\"td8\" valign=\"top\">\n<p class=\"p3\">konveijers<\/p>\n<\/td>\n<td class=\"td9\" valign=\"top\"><\/td>\n<td class=\"td10\" valign=\"top\">\n<p class=\"p3\">autom\u0101tisk\u0101<\/p>\n<\/td>\n<td class=\"td11\" valign=\"top\"><\/td>\n<\/tr>\n<tr>\n<td class=\"td7\" valign=\"top\">\n<p class=\"p4\"><span class=\"s1\">Cubixx 120 LP<\/span><\/p>\n<\/td>\n<td class=\"td8\" valign=\"top\">\n<p class=\"p3\"><span class=\"s1\">konveijers\/<\/span><\/p>\n<p class=\"p3\"><span class=\"s1\">c\u0113l\u0101js<\/span><\/p>\n<\/td>\n<td class=\"td9\" valign=\"top\"><\/td>\n<td class=\"td10\" valign=\"top\">\n<p class=\"p3\">autom\u0101tisk\u0101<\/p>\n<\/td>\n<td class=\"td11\" valign=\"top\"><\/td>\n<\/tr>\n<tr>\n<td class=\"td7\" valign=\"top\">\n<p class=\"p4\"><span class=\"s1\">Cubixx 150 LP<\/span><\/p>\n<\/td>\n<td class=\"td8\" valign=\"top\">\n<p class=\"p3\"><span class=\"s1\">konveijers\/<\/span><\/p>\n<p class=\"p3\"><span class=\"s1\">c\u0113l\u0101js<\/span><\/p>\n<\/td>\n<td class=\"td9\" valign=\"top\"><\/td>\n<td class=\"td10\" valign=\"top\">\n<p class=\"p3\">autom\u0101tisk\u0101<\/p>\n<\/td>\n<td class=\"td11\" valign=\"top\"><\/td>\n<\/tr>\n<tr>\n<td class=\"td7\" valign=\"top\">\n<p class=\"p4\"><span class=\"s1\">Maxx 116 U<\/span><\/p>\n<\/td>\n<td class=\"td8\" valign=\"top\">\n<p class=\"p3\">konveijers<\/p>\n<\/td>\n<td class=\"td9\" valign=\"top\"><\/td>\n<td class=\"td10\" valign=\"top\">\n<p class=\"p3\">autom\u0101tisk\u0101<\/p>\n<\/td>\n<td class=\"td11\" valign=\"top\"><\/td>\n<\/tr>\n<tr>\n<td class=\"td7\" valign=\"top\">\n<p class=\"p4\"><span class=\"s1\">Maxx 116 LP<\/span><\/p>\n<\/td>\n<td class=\"td8\" valign=\"top\">\n<p class=\"p3\"><span class=\"s1\">konveijers\/<\/span><\/p>\n<p class=\"p3\"><span class=\"s1\">c\u0113l\u0101js<\/span><\/p>\n<\/td>\n<td class=\"td9\" valign=\"top\"><\/td>\n<td class=\"td10\" valign=\"top\">\n<p class=\"p3\">autom\u0101tisk\u0101<\/p>\n<\/td>\n<td class=\"td11\" valign=\"top\"><\/td>\n<\/tr>\n<tr>\n<td class=\"td7\" valign=\"top\">\n<p class=\"p4\"><span class=\"s1\">Maxx 150 LP<\/span><\/p>\n<\/td>\n<td class=\"td8\" valign=\"top\">\n<p class=\"p3\"><span class=\"s1\">konveijers\/<\/span><\/p>\n<p class=\"p3\"><span class=\"s1\">c\u0113l\u0101js<\/span><\/p>\n<\/td>\n<td class=\"td9\" valign=\"top\"><\/td>\n<td class=\"td10\" valign=\"top\">\n<p class=\"p3\">autom\u0101tisk\u0101<\/p>\n<\/td>\n<td class=\"td11\" valign=\"top\"><\/td>\n<\/tr>\n<tr>\n<td class=\"td7\" valign=\"top\">\n<p class=\"p4\"><span class=\"s1\">HA 30<\/span><\/p>\n<\/td>\n<td class=\"td8\" valign=\"top\">\n<p class=\"p3\"><span class=\"s1\">konveijers<\/span><\/p>\n<\/td>\n<td class=\"td9\" valign=\"top\"><\/td>\n<td class=\"td10\" valign=\"top\">\n<p class=\"p3\">autom\u0101tisk\u0101<\/p>\n<\/td>\n<td class=\"td11\" valign=\"top\"><\/td>\n<\/tr>\n<tr>\n<td class=\"td7\" valign=\"top\">\n<p class=\"p4\"><span class=\"s1\">AUT 30<\/span><\/p>\n<\/td>\n<td class=\"td8\" valign=\"top\">\n<p class=\"p3\"><span class=\"s1\">konveijers\/<\/span><\/p>\n<p class=\"p3\"><span class=\"s1\">c\u0113l\u0101js<\/span><\/p>\n<\/td>\n<td class=\"td9\" valign=\"top\"><\/td>\n<td class=\"td10\" valign=\"top\">\n<p class=\"p3\">autom\u0101tisk\u0101<\/p>\n<\/td>\n<td class=\"td11\" valign=\"top\"><\/td>\n<\/tr>\n<tr>\n<td class=\"td7\" valign=\"top\">\n<p class=\"p4\"><span class=\"s1\">HA 125<\/span><\/p>\n<\/td>\n<td class=\"td8\" valign=\"top\">\n<p class=\"p3\"><span class=\"s1\">c\u0113l\u0101js<\/span><\/p>\n<\/td>\n<td class=\"td9\" valign=\"top\"><\/td>\n<td class=\"td10\" valign=\"top\">\n<p class=\"p3\"><span class=\"s1\">\u043f\u043e\u043b\u0443<\/span>autom\u0101tisk\u0101<\/p>\n<\/td>\n<td class=\"td11\" valign=\"top\"><\/td>\n<\/tr>\n<tr>\n<td class=\"td7\" valign=\"top\">\n<p class=\"p4\"><span class=\"s1\">VA 125<\/span><\/p>\n<\/td>\n<td class=\"td8\" valign=\"top\">\n<p class=\"p3\"><span class=\"s1\">konveijers\/<\/span><\/p>\n<p class=\"p3\"><span class=\"s1\">c\u0113l\u0101js<\/span><\/p>\n<\/td>\n<td class=\"td9\" valign=\"top\"><\/td>\n<td class=\"td10\" valign=\"top\">\n<p class=\"p3\">autom\u0101tisk\u0101<\/p>\n<\/td>\n<td class=\"td11\" valign=\"top\"><\/td>\n<\/tr>\n<tr>\n<td class=\"td7\" valign=\"top\">\n<p class=\"p4\"><span class=\"s1\">VA 150 N\/G<\/span><\/p>\n<\/td>\n<td class=\"td8\" valign=\"top\">\n<p class=\"p3\"><span class=\"s1\">konveijers\/<\/span><\/p>\n<p class=\"p3\"><span class=\"s1\">c\u0113l\u0101js<\/span><\/p>\n<\/td>\n<td class=\"td9\" valign=\"top\"><\/td>\n<td class=\"td10\" valign=\"top\">\n<p class=\"p3\">autom\u0101tisk\u0101<\/p>\n<\/td>\n<td class=\"td11\" valign=\"top\"><\/td>\n<\/tr>\n<tr>\n<td class=\"td7\" valign=\"top\">\n<p class=\"p4\"><span class=\"s1\">WS 150<\/span><\/p>\n<\/td>\n<td class=\"td8\" valign=\"top\">\n<p class=\"p3\"><span class=\"s1\">konveijers\/<\/span><\/p>\n<p class=\"p3\"><span class=\"s1\">c\u0113l\u0101js<\/span><\/p>\n<\/td>\n<td class=\"td9\" valign=\"top\"><\/td>\n<td class=\"td10\" colspan=\"2\" valign=\"top\">\n<p class=\"p3\"><span class=\"s1\">auto pre-cutter<\/span><\/p>\n<\/td>\n<\/tr>\n<\/tbody>\n<\/table>\n<p>&nbsp;<\/p>\n","protected":false},"excerpt":{"rendered":"<p>Kompaktas un daudzfunkcion\u0101las iek\u0101rtas holac Cubixx s\u0113rijas \u013cauj sasmalcin\u0101t ga\u013cu,zivi, sieru, d\u0101rze\u0146us kubi\u0146os, sloksn\u012bt\u0113s, gabali\u0146os, salmi\u0146os. Ga\u013cas p\u0101rstr\u0101d\u0113 tiek pla\u0161i izmantotas spe\u0137a grie\u0161anai.<\/p>\n","protected":false},"featured_media":9858,"template":"","meta":{"content-type":"","_monsterinsights_skip_tracking":false,"_monsterinsights_sitenote_active":false,"_monsterinsights_sitenote_note":"","_monsterinsights_sitenote_category":0},"product_cat":[1183],"product_tag":[],"yoast_head":"<!-- This site is optimized with the Yoast SEO plugin v19.5.1 - https:\/\/yoast.com\/wordpress\/plugins\/seo\/ -->\n<title>holac Cubixx spe\u0137a grie\u0161anas iek\u0101rtas - Carnitec<\/title>\n<meta name=\"description\" content=\"Kompaktas un daudzfunkcion\u0101las iek\u0101rtas holac Cubixx s\u0113rijas \u013cauj sasmalcin\u0101t ga\u013cu,zivi, sieru, d\u0101rze\u0146us kubi\u0146os, sloksn\u012bt\u0113s, gabali\u0146os, salmi\u0146os.\" \/>\n<meta name=\"robots\" content=\"index, follow, max-snippet:-1, max-image-preview:large, max-video-preview:-1\" \/>\n<link rel=\"canonical\" href=\"https:\/\/carnitec.com\/lv\/products\/holac-cubixx-speka-griesanas-iekartas\/\" \/>\n<meta property=\"og:locale\" content=\"lv_LV\" \/>\n<meta property=\"og:type\" content=\"article\" \/>\n<meta property=\"og:title\" content=\"holac Cubixx spe\u0137a grie\u0161anas iek\u0101rtas - Carnitec\" \/>\n<meta property=\"og:description\" content=\"Kompaktas un daudzfunkcion\u0101las iek\u0101rtas holac Cubixx s\u0113rijas \u013cauj sasmalcin\u0101t ga\u013cu,zivi, sieru, d\u0101rze\u0146us kubi\u0146os, sloksn\u012bt\u0113s, gabali\u0146os, salmi\u0146os.\" \/>\n<meta property=\"og:url\" content=\"https:\/\/carnitec.com\/lv\/products\/holac-cubixx-speka-griesanas-iekartas\/\" \/>\n<meta property=\"og:site_name\" content=\"Carnitec\" \/>\n<meta property=\"article:publisher\" content=\"https:\/\/facebook.com\/carnitec1\" \/>\n<meta property=\"article:modified_time\" content=\"2019-05-14T10:54:29+00:00\" \/>\n<meta property=\"og:image\" content=\"https:\/\/carnitec.com\/wp-content\/uploads\/2016\/05\/cubixx.jpg\" \/>\n\t<meta property=\"og:image:width\" content=\"1024\" \/>\n\t<meta property=\"og:image:height\" content=\"683\" \/>\n\t<meta property=\"og:image:type\" content=\"image\/jpeg\" \/>\n<meta name=\"twitter:card\" content=\"summary\" \/>\n<meta name=\"twitter:site\" content=\"@carnitec_\" \/>\n<meta name=\"twitter:label1\" content=\"Est. reading time\" \/>\n\t<meta name=\"twitter:data1\" content=\"2 min\u016btes\" \/>\n<script type=\"application\/ld+json\" class=\"yoast-schema-graph\">{\"@context\":\"https:\/\/schema.org\",\"@graph\":[{\"@type\":\"WebPage\",\"@id\":\"https:\/\/carnitec.com\/lv\/products\/holac-cubixx-speka-griesanas-iekartas\/\",\"url\":\"https:\/\/carnitec.com\/lv\/products\/holac-cubixx-speka-griesanas-iekartas\/\",\"name\":\"holac Cubixx spe\u0137a grie\u0161anas iek\u0101rtas - Carnitec\",\"isPartOf\":{\"@id\":\"https:\/\/carnitec.com\/lv\/#website\"},\"datePublished\":\"2016-08-17T08:39:55+00:00\",\"dateModified\":\"2019-05-14T10:54:29+00:00\",\"description\":\"Kompaktas un daudzfunkcion\u0101las iek\u0101rtas holac Cubixx s\u0113rijas \u013cauj sasmalcin\u0101t ga\u013cu,zivi, sieru, d\u0101rze\u0146us kubi\u0146os, sloksn\u012bt\u0113s, gabali\u0146os, salmi\u0146os.\",\"breadcrumb\":{\"@id\":\"https:\/\/carnitec.com\/lv\/products\/holac-cubixx-speka-griesanas-iekartas\/#breadcrumb\"},\"inLanguage\":\"lv-LV\",\"potentialAction\":[{\"@type\":\"ReadAction\",\"target\":[\"https:\/\/carnitec.com\/lv\/products\/holac-cubixx-speka-griesanas-iekartas\/\"]}]},{\"@type\":\"BreadcrumbList\",\"@id\":\"https:\/\/carnitec.com\/lv\/products\/holac-cubixx-speka-griesanas-iekartas\/#breadcrumb\",\"itemListElement\":[{\"@type\":\"ListItem\",\"position\":1,\"name\":\"\u0413\u043b\u0430\u0432\u043d\u0430\u044f \u0441\u0442\u0440\u0430\u043d\u0438\u0446\u0430\",\"item\":\"https:\/\/carnitec.com\/lv\/\"},{\"@type\":\"ListItem\",\"position\":2,\"name\":\"\u0422\u043e\u0432\u0430\u0440\u044b\",\"item\":\"https:\/\/carnitec.com\/shop\/\"},{\"@type\":\"ListItem\",\"position\":3,\"name\":\"holac Cubixx spe\u0137a grie\u0161anas iek\u0101rtas\"}]},{\"@type\":\"WebSite\",\"@id\":\"https:\/\/carnitec.com\/lv\/#website\",\"url\":\"https:\/\/carnitec.com\/lv\/\",\"name\":\"Carnitec\",\"description\":\"P\u0101rtikas r\u016bpniec\u012bbas iek\u0101rtas\",\"publisher\":{\"@id\":\"https:\/\/carnitec.com\/lv\/#organization\"},\"potentialAction\":[{\"@type\":\"SearchAction\",\"target\":{\"@type\":\"EntryPoint\",\"urlTemplate\":\"https:\/\/carnitec.com\/lv\/?s={search_term_string}\"},\"query-input\":\"required name=search_term_string\"}],\"inLanguage\":\"lv-LV\"},{\"@type\":\"Organization\",\"@id\":\"https:\/\/carnitec.com\/lv\/#organization\",\"name\":\"Carnitec - food processing equipment\",\"url\":\"https:\/\/carnitec.com\/lv\/\",\"sameAs\":[\"https:\/\/www.instagram.com\/carnitec\/?hl=en\",\"https:\/\/www.linkedin.com\/company\/carnitec-ltd\/\",\"https:\/\/www.youtube.com\/channel\/UCwfiuJujkF2QxPPZAqB0T2w\",\"https:\/\/facebook.com\/carnitec1\",\"https:\/\/twitter.com\/carnitec_\"],\"logo\":{\"@type\":\"ImageObject\",\"inLanguage\":\"lv-LV\",\"@id\":\"https:\/\/carnitec.com\/lv\/#\/schema\/logo\/image\/\",\"url\":\"http:\/\/carnitec.com\/wp-content\/uploads\/2018\/01\/carnitec_logo_2018.png\",\"contentUrl\":\"http:\/\/carnitec.com\/wp-content\/uploads\/2018\/01\/carnitec_logo_2018.png\",\"width\":180,\"height\":50,\"caption\":\"Carnitec - food processing equipment\"},\"image\":{\"@id\":\"https:\/\/carnitec.com\/lv\/#\/schema\/logo\/image\/\"}}]}<\/script>\n<!-- \/ Yoast SEO plugin. -->","yoast_head_json":{"title":"holac Cubixx spe\u0137a grie\u0161anas iek\u0101rtas - Carnitec","description":"Kompaktas un daudzfunkcion\u0101las iek\u0101rtas holac Cubixx s\u0113rijas \u013cauj sasmalcin\u0101t ga\u013cu,zivi, sieru, d\u0101rze\u0146us kubi\u0146os, sloksn\u012bt\u0113s, gabali\u0146os, salmi\u0146os.","robots":{"index":"index","follow":"follow","max-snippet":"max-snippet:-1","max-image-preview":"max-image-preview:large","max-video-preview":"max-video-preview:-1"},"canonical":"https:\/\/carnitec.com\/lv\/products\/holac-cubixx-speka-griesanas-iekartas\/","og_locale":"lv_LV","og_type":"article","og_title":"holac Cubixx spe\u0137a grie\u0161anas iek\u0101rtas - Carnitec","og_description":"Kompaktas un daudzfunkcion\u0101las iek\u0101rtas holac Cubixx s\u0113rijas \u013cauj sasmalcin\u0101t ga\u013cu,zivi, sieru, d\u0101rze\u0146us kubi\u0146os, sloksn\u012bt\u0113s, gabali\u0146os, salmi\u0146os.","og_url":"https:\/\/carnitec.com\/lv\/products\/holac-cubixx-speka-griesanas-iekartas\/","og_site_name":"Carnitec","article_publisher":"https:\/\/facebook.com\/carnitec1","article_modified_time":"2019-05-14T10:54:29+00:00","og_image":[{"width":1024,"height":683,"url":"https:\/\/carnitec.com\/wp-content\/uploads\/2016\/05\/cubixx.jpg","type":"image\/jpeg"}],"twitter_card":"summary","twitter_site":"@carnitec_","twitter_misc":{"Est. reading time":"2 min\u016btes"},"schema":{"@context":"https:\/\/schema.org","@graph":[{"@type":"WebPage","@id":"https:\/\/carnitec.com\/lv\/products\/holac-cubixx-speka-griesanas-iekartas\/","url":"https:\/\/carnitec.com\/lv\/products\/holac-cubixx-speka-griesanas-iekartas\/","name":"holac Cubixx spe\u0137a grie\u0161anas iek\u0101rtas - Carnitec","isPartOf":{"@id":"https:\/\/carnitec.com\/lv\/#website"},"datePublished":"2016-08-17T08:39:55+00:00","dateModified":"2019-05-14T10:54:29+00:00","description":"Kompaktas un daudzfunkcion\u0101las iek\u0101rtas holac Cubixx s\u0113rijas \u013cauj sasmalcin\u0101t ga\u013cu,zivi, sieru, d\u0101rze\u0146us kubi\u0146os, sloksn\u012bt\u0113s, gabali\u0146os, salmi\u0146os.","breadcrumb":{"@id":"https:\/\/carnitec.com\/lv\/products\/holac-cubixx-speka-griesanas-iekartas\/#breadcrumb"},"inLanguage":"lv-LV","potentialAction":[{"@type":"ReadAction","target":["https:\/\/carnitec.com\/lv\/products\/holac-cubixx-speka-griesanas-iekartas\/"]}]},{"@type":"BreadcrumbList","@id":"https:\/\/carnitec.com\/lv\/products\/holac-cubixx-speka-griesanas-iekartas\/#breadcrumb","itemListElement":[{"@type":"ListItem","position":1,"name":"\u0413\u043b\u0430\u0432\u043d\u0430\u044f \u0441\u0442\u0440\u0430\u043d\u0438\u0446\u0430","item":"https:\/\/carnitec.com\/lv\/"},{"@type":"ListItem","position":2,"name":"\u0422\u043e\u0432\u0430\u0440\u044b","item":"https:\/\/carnitec.com\/shop\/"},{"@type":"ListItem","position":3,"name":"holac Cubixx spe\u0137a grie\u0161anas iek\u0101rtas"}]},{"@type":"WebSite","@id":"https:\/\/carnitec.com\/lv\/#website","url":"https:\/\/carnitec.com\/lv\/","name":"Carnitec","description":"P\u0101rtikas r\u016bpniec\u012bbas iek\u0101rtas","publisher":{"@id":"https:\/\/carnitec.com\/lv\/#organization"},"potentialAction":[{"@type":"SearchAction","target":{"@type":"EntryPoint","urlTemplate":"https:\/\/carnitec.com\/lv\/?s={search_term_string}"},"query-input":"required name=search_term_string"}],"inLanguage":"lv-LV"},{"@type":"Organization","@id":"https:\/\/carnitec.com\/lv\/#organization","name":"Carnitec - food processing equipment","url":"https:\/\/carnitec.com\/lv\/","sameAs":["https:\/\/www.instagram.com\/carnitec\/?hl=en","https:\/\/www.linkedin.com\/company\/carnitec-ltd\/","https:\/\/www.youtube.com\/channel\/UCwfiuJujkF2QxPPZAqB0T2w","https:\/\/facebook.com\/carnitec1","https:\/\/twitter.com\/carnitec_"],"logo":{"@type":"ImageObject","inLanguage":"lv-LV","@id":"https:\/\/carnitec.com\/lv\/#\/schema\/logo\/image\/","url":"http:\/\/carnitec.com\/wp-content\/uploads\/2018\/01\/carnitec_logo_2018.png","contentUrl":"http:\/\/carnitec.com\/wp-content\/uploads\/2018\/01\/carnitec_logo_2018.png","width":180,"height":50,"caption":"Carnitec - food processing equipment"},"image":{"@id":"https:\/\/carnitec.com\/lv\/#\/schema\/logo\/image\/"}}]}},"_links":{"self":[{"href":"https:\/\/carnitec.com\/lv\/wp-json\/wp\/v2\/product\/11011"}],"collection":[{"href":"https:\/\/carnitec.com\/lv\/wp-json\/wp\/v2\/product"}],"about":[{"href":"https:\/\/carnitec.com\/lv\/wp-json\/wp\/v2\/types\/product"}],"wp:featuredmedia":[{"embeddable":true,"href":"https:\/\/carnitec.com\/lv\/wp-json\/wp\/v2\/media\/9858"}],"wp:attachment":[{"href":"https:\/\/carnitec.com\/lv\/wp-json\/wp\/v2\/media?parent=11011"}],"wp:term":[{"taxonomy":"product_cat","embeddable":true,"href":"https:\/\/carnitec.com\/lv\/wp-json\/wp\/v2\/product_cat?post=11011"},{"taxonomy":"product_tag","embeddable":true,"href":"https:\/\/carnitec.com\/lv\/wp-json\/wp\/v2\/product_tag?post=11011"}],"curies":[{"name":"wp","href":"https:\/\/api.w.org\/{rel}","templated":true}]}}