{"id":10845,"date":"2016-07-22T15:54:26","date_gmt":"2016-07-22T14:06:36","guid":{"rendered":"http:\/\/carnitec.com\/lv\/?post_type=product&#038;p=10845"},"modified":"2016-10-25T18:32:46","modified_gmt":"2016-10-25T16:32:46","slug":"injektori-imax-350-420-eco","status":"publish","type":"product","link":"https:\/\/carnitec.com\/lv\/products\/injektori-imax-350-420-eco\/","title":{"rendered":"Injektori IMAX 350\/420 ECO"},"content":{"rendered":"<p>\u0160\u012b injektoru s\u0113rija paredz\u0113ta izmanto\u0161anai maza un vid\u0113ja jauda uz\u0146\u0113mumos. Neskatoties uz kompakto izm\u0113ru, iek\u0101rtas \u013cauj sasniegt augstus kvalitat\u012bvus rad\u012bt\u0101jus ra\u017eojot injic\u0113tus produktus, pateicoties iek\u0101rtu konstrukt\u012bvam \u012bpatn\u012bb\u0101m.<\/p>\n<div id='gallery-1' class='gallery galleryid-10845 gallery-columns-4 gallery-size-thumbnail'><figure class='gallery-item'>\n\t\t\t<div class='gallery-icon landscape'>\n\t\t\t\t<a href='https:\/\/carnitec.com\/wp-content\/uploads\/2016\/07\/IMAX350-02.jpg' title=\"\" data-rl_title=\"\" class=\"rl-gallery-link\" data-rl_caption=\"\" data-rel=\"lightbox-gallery-1\"><img width=\"150\" height=\"141\" src=\"https:\/\/carnitec.com\/wp-content\/uploads\/2016\/07\/IMAX350-02.jpg\" class=\"attachment-thumbnail size-thumbnail\" alt=\"\" \/><\/a>\n\t\t\t<\/div><\/figure><figure class='gallery-item'>\n\t\t\t<div class='gallery-icon landscape'>\n\t\t\t\t<a href='https:\/\/carnitec.com\/wp-content\/uploads\/2016\/07\/IMAX350_03.jpg' title=\"\" data-rl_title=\"\" class=\"rl-gallery-link\" data-rl_caption=\"\" data-rel=\"lightbox-gallery-1\"><img width=\"150\" height=\"141\" src=\"https:\/\/carnitec.com\/wp-content\/uploads\/2016\/07\/IMAX350_03.jpg\" class=\"attachment-thumbnail size-thumbnail\" alt=\"\" \/><\/a>\n\t\t\t<\/div><\/figure><figure class='gallery-item'>\n\t\t\t<div class='gallery-icon landscape'>\n\t\t\t\t<a href='https:\/\/carnitec.com\/wp-content\/uploads\/2016\/07\/IMAX350_04.jpg' title=\"\" data-rl_title=\"\" class=\"rl-gallery-link\" data-rl_caption=\"\" data-rel=\"lightbox-gallery-1\"><img width=\"150\" height=\"141\" src=\"https:\/\/carnitec.com\/wp-content\/uploads\/2016\/07\/IMAX350_04.jpg\" class=\"attachment-thumbnail size-thumbnail\" alt=\"\" \/><\/a>\n\t\t\t<\/div><\/figure><figure class='gallery-item'>\n\t\t\t<div class='gallery-icon landscape'>\n\t\t\t\t<a href='https:\/\/carnitec.com\/wp-content\/uploads\/2016\/07\/IMAX350_05.jpg' title=\"\" data-rl_title=\"\" class=\"rl-gallery-link\" data-rl_caption=\"\" data-rel=\"lightbox-gallery-1\"><img width=\"150\" height=\"141\" src=\"https:\/\/carnitec.com\/wp-content\/uploads\/2016\/07\/IMAX350_05.jpg\" class=\"attachment-thumbnail size-thumbnail\" alt=\"\" \/><\/a>\n\t\t\t<\/div><\/figure><figure class='gallery-item'>\n\t\t\t<div class='gallery-icon landscape'>\n\t\t\t\t<a href='https:\/\/carnitec.com\/wp-content\/uploads\/2016\/07\/IMAX350_06.jpg' title=\"\" data-rl_title=\"\" class=\"rl-gallery-link\" data-rl_caption=\"\" data-rel=\"lightbox-gallery-1\"><img width=\"150\" height=\"141\" src=\"https:\/\/carnitec.com\/wp-content\/uploads\/2016\/07\/IMAX350_06.jpg\" class=\"attachment-thumbnail size-thumbnail\" alt=\"\" \/><\/a>\n\t\t\t<\/div><\/figure><figure class='gallery-item'>\n\t\t\t<div class='gallery-icon landscape'>\n\t\t\t\t<a href='https:\/\/carnitec.com\/wp-content\/uploads\/2016\/07\/IMAX350_07.jpg' title=\"\" data-rl_title=\"\" class=\"rl-gallery-link\" data-rl_caption=\"\" data-rel=\"lightbox-gallery-1\"><img width=\"150\" height=\"141\" src=\"https:\/\/carnitec.com\/wp-content\/uploads\/2016\/07\/IMAX350_07.jpg\" class=\"attachment-thumbnail size-thumbnail\" alt=\"\" \/><\/a>\n\t\t\t<\/div><\/figure><figure class='gallery-item'>\n\t\t\t<div class='gallery-icon landscape'>\n\t\t\t\t<a href='https:\/\/carnitec.com\/wp-content\/uploads\/2016\/07\/IMAX420_01.jpg' title=\"\" data-rl_title=\"\" class=\"rl-gallery-link\" data-rl_caption=\"\" data-rel=\"lightbox-gallery-1\"><img width=\"150\" height=\"141\" src=\"https:\/\/carnitec.com\/wp-content\/uploads\/2016\/07\/IMAX420_01.jpg\" class=\"attachment-thumbnail size-thumbnail\" alt=\"\" \/><\/a>\n\t\t\t<\/div><\/figure><figure class='gallery-item'>\n\t\t\t<div class='gallery-icon landscape'>\n\t\t\t\t<a href='https:\/\/carnitec.com\/wp-content\/uploads\/2016\/07\/IMAX420_02.jpg' title=\"\" data-rl_title=\"\" class=\"rl-gallery-link\" data-rl_caption=\"\" data-rel=\"lightbox-gallery-1\"><img width=\"150\" height=\"141\" src=\"https:\/\/carnitec.com\/wp-content\/uploads\/2016\/07\/IMAX420_02.jpg\" class=\"attachment-thumbnail size-thumbnail\" alt=\"\" \/><\/a>\n\t\t\t<\/div><\/figure>\n\t\t<\/div>\n\n<table cellspacing=\"0\" cellpadding=\"0\">\n<tbody>\n<tr>\n<td class=\"td1\" valign=\"baseline\">\n<p class=\"p1\"><strong><span class=\"s1\">Tehniskie dati<\/span><\/strong><\/p>\n<\/td>\n<td class=\"td2\" valign=\"baseline\">\n<p class=\"p1\"><strong><span class=\"s1\">IMAX 350<\/span><\/strong><\/p>\n<\/td>\n<td class=\"td3\" valign=\"baseline\">\n<p class=\"p1\"><strong><span class=\"s1\">IMAX 420 eco<\/span><\/strong><\/p>\n<\/td>\n<\/tr>\n<tr>\n<td class=\"td4\" valign=\"baseline\">\n<p class=\"p1\"><span class=\"s1\">Transport\u0113\u0161anas veids<\/span><\/p>\n<\/td>\n<td class=\"td5\" valign=\"baseline\">\n<p class=\"p1\"><span class=\"s1\"> re\u017e\u0123is <\/span><\/p>\n<\/td>\n<td class=\"td6\" valign=\"baseline\">\n<p class=\"p1\"><span class=\"s1\"> re\u017e\u0123is <\/span><\/p>\n<\/td>\n<\/tr>\n<tr>\n<td class=\"td1\" valign=\"baseline\">\n<p class=\"p1\"><span class=\"s1\">Iek\u0101rtas garums<\/span><\/p>\n<\/td>\n<td class=\"td2\" valign=\"baseline\">\n<p class=\"p1\"><span class=\"s1\">1850 mm<\/span><\/p>\n<\/td>\n<td class=\"td3\" valign=\"baseline\">\n<p class=\"p1\"><span class=\"s1\">2100 mm<\/span><\/p>\n<\/td>\n<\/tr>\n<tr>\n<td class=\"td4\" valign=\"baseline\">\n<p class=\"p1\"><span class=\"s1\">Iek\u0101rtas platums<\/span><\/p>\n<\/td>\n<td class=\"td5\" valign=\"baseline\">\n<p class=\"p1\"><span class=\"s1\">950 mm<\/span><\/p>\n<\/td>\n<td class=\"td6\" valign=\"baseline\">\n<p class=\"p1\"><span class=\"s1\">900 mm<\/span><\/p>\n<\/td>\n<\/tr>\n<tr>\n<td class=\"td1\" valign=\"baseline\">\n<p class=\"p1\"><span class=\"s1\">Iek\u0101rtas augstums<\/span><\/p>\n<\/td>\n<td class=\"td2\" valign=\"baseline\">\n<p class=\"p1\"><span class=\"s1\">1950 mm<\/span><\/p>\n<\/td>\n<td class=\"td3\" valign=\"baseline\">\n<p class=\"p1\"><span class=\"s1\">2320 mm<\/span><\/p>\n<\/td>\n<\/tr>\n<tr>\n<td class=\"td4\" valign=\"baseline\">\n<p class=\"p1\"><span class=\"s1\">Iekrau\u0161anas augstums<\/span><\/p>\n<\/td>\n<td class=\"td5\" valign=\"baseline\">\n<p class=\"p1\"><span class=\"s1\">1040 mm<\/span><\/p>\n<\/td>\n<td class=\"td6\" valign=\"baseline\">\n<p class=\"p1\"><span class=\"s1\">1150 mm<\/span><\/p>\n<\/td>\n<\/tr>\n<tr>\n<td class=\"td1\" valign=\"baseline\">\n<p class=\"p1\"><span class=\"s1\">Taktu \u0101trums\/min.<\/span><\/p>\n<\/td>\n<td class=\"td2\" valign=\"baseline\">\n<p class=\"p1\"><span class=\"s1\">15-60<\/span><\/p>\n<\/td>\n<td class=\"td3\" valign=\"baseline\">\n<p class=\"p1\"><span class=\"s1\">15-60<\/span><\/p>\n<\/td>\n<\/tr>\n<tr>\n<td class=\"td4\" valign=\"baseline\">\n<p class=\"p1\"><span class=\"s1\"> solis <\/span><\/p>\n<\/td>\n<td class=\"td5\" valign=\"baseline\">\n<p class=\"p1\"><span class=\"s1\">20\/40 vai tikai 60 mm<\/span><\/p>\n<\/td>\n<td class=\"td6\" valign=\"baseline\">\n<p class=\"p1\"><span class=\"s1\">30\/60 mm<\/span><\/p>\n<\/td>\n<\/tr>\n<tr>\n<td class=\"td1\" valign=\"baseline\">\n<p class=\"p1\"><span class=\"s1\">Elektr.piesl\u0113gums<\/span><\/p>\n<\/td>\n<td class=\"td2\" valign=\"baseline\">\n<p class=\"p1\"><span class=\"s1\">380-440 V, 50\/60 Hz<\/span><\/p>\n<p class=\"p1\"><span class=\"s1\">3\u0420\/\u0420\u0415, 16 \u0410<\/span><\/p>\n<\/td>\n<td class=\"td3\" valign=\"baseline\">\n<p class=\"p1\"><span class=\"s1\">380-440 V, 50\/60 Hz<\/span><\/p>\n<p class=\"p1\"><span class=\"s1\">3\u0420\/\u0420\u0415, 22 \u0410<\/span><\/p>\n<\/td>\n<\/tr>\n<tr>\n<td class=\"td4\" valign=\"baseline\">\n<p class=\"p1\"><span class=\"s1\"> piesl\u0113g\u0161ana s\u016bknis\/piedzi\u0146a<\/span><\/p>\n<\/td>\n<td class=\"td5\" valign=\"baseline\">\n<p class=\"p1\"><span class=\"s1\">8 kW<\/span><\/p>\n<\/td>\n<td class=\"td6\" valign=\"baseline\">\n<p class=\"p1\"><span class=\"s1\">11 kW<\/span><\/p>\n<\/td>\n<\/tr>\n<\/tbody>\n<\/table>\n<h2>Opcijas:<\/h2>\n<p>Tenderizators<br \/>\nTilpums s\u0101\u013cu \u0161\u0137\u012bdumam ar cirkul\u0101ro filtr\u0101ciju un rot\u0101cijas filtru<br \/>\nAdatas ar diametru 2,3 vai 4 mm<br \/>\n50,66 vai 102 adatas uz re\u0123istru<\/p>\n<h2>Savieno\u0161ana ar citiem produktiem:<\/h2>\n<p>BRIMAX s\u0101\u013cu \u0161\u0137\u012bdumu sagatavo\u0161anas un glab\u0101\u0161anas iek\u0101rta<br \/>\nMACMAX tenderizators<\/p>\n<p>&nbsp;<\/p>\n<p><iframe loading=\"lazy\" src=\"https:\/\/player.vimeo.com\/video\/104305032\" width=\"640\" height=\"359\" frameborder=\"0\" allowfullscreen=\"allowfullscreen\"><\/iframe><\/p>\n","protected":false},"excerpt":{"rendered":"<p>\u0160\u012b injektoru s\u0113rija paredz\u0113ta izmanto\u0161anai maza un vid\u0113ja jauda uz\u0146\u0113mumos. Neskatoties uz kompakto izm\u0113ru, iek\u0101rtas \u013cauj sasniegt augstus kvalitat\u012bvus rad\u012bt\u0101jus ra\u017eojot injic\u0113tus produktus, pateicoties iek\u0101rtu konstrukt\u012bvam \u012bpatn\u012bb\u0101m.<\/p>\n[gallery link=\"file\" columns=\"4\" ids=\"10839,10836,10833,10830,10827,10824,10821,10818\"]\n","protected":false},"featured_media":10844,"template":"","meta":{"content-type":"","_monsterinsights_skip_tracking":false,"_monsterinsights_sitenote_active":false,"_monsterinsights_sitenote_note":"","_monsterinsights_sitenote_category":0},"product_cat":[915,942],"product_tag":[],"yoast_head":"<!-- This site is optimized with the Yoast SEO plugin v19.5.1 - https:\/\/yoast.com\/wordpress\/plugins\/seo\/ -->\n<title>Injektori IMAX 350\/420 ECO - Carnitec<\/title>\n<meta name=\"robots\" content=\"index, follow, max-snippet:-1, max-image-preview:large, max-video-preview:-1\" \/>\n<link rel=\"canonical\" href=\"https:\/\/carnitec.com\/lv\/products\/injektori-imax-350-420-eco\/\" \/>\n<meta property=\"og:locale\" content=\"lv_LV\" \/>\n<meta property=\"og:type\" content=\"article\" \/>\n<meta property=\"og:title\" content=\"Injektori IMAX 350\/420 ECO - Carnitec\" \/>\n<meta property=\"og:description\" content=\"\u0160\u012b injektoru s\u0113rija paredz\u0113ta izmanto\u0161anai maza un vid\u0113ja jauda uz\u0146\u0113mumos. Neskatoties uz kompakto izm\u0113ru, iek\u0101rtas \u013cauj sasniegt augstus kvalitat\u012bvus rad\u012bt\u0101jus ra\u017eojot injic\u0113tus produktus, pateicoties iek\u0101rtu konstrukt\u012bvam \u012bpatn\u012bb\u0101m.\" \/>\n<meta property=\"og:url\" content=\"https:\/\/carnitec.com\/lv\/products\/injektori-imax-350-420-eco\/\" \/>\n<meta property=\"og:site_name\" content=\"Carnitec\" \/>\n<meta property=\"article:publisher\" content=\"https:\/\/facebook.com\/carnitec1\" \/>\n<meta property=\"article:modified_time\" content=\"2016-10-25T16:32:46+00:00\" \/>\n<meta property=\"og:image\" content=\"https:\/\/carnitec.com\/wp-content\/uploads\/2016\/07\/IMAX350.jpg\" \/>\n\t<meta property=\"og:image:width\" content=\"600\" \/>\n\t<meta property=\"og:image:height\" content=\"565\" \/>\n\t<meta property=\"og:image:type\" content=\"image\/jpeg\" \/>\n<meta name=\"twitter:card\" content=\"summary\" \/>\n<meta name=\"twitter:site\" content=\"@carnitec_\" \/>\n<meta name=\"twitter:label1\" content=\"Est. reading time\" \/>\n\t<meta name=\"twitter:data1\" content=\"1 min\u016b\u0161u\" \/>\n<script type=\"application\/ld+json\" class=\"yoast-schema-graph\">{\"@context\":\"https:\/\/schema.org\",\"@graph\":[{\"@type\":\"WebPage\",\"@id\":\"https:\/\/carnitec.com\/lv\/products\/injektori-imax-350-420-eco\/\",\"url\":\"https:\/\/carnitec.com\/lv\/products\/injektori-imax-350-420-eco\/\",\"name\":\"Injektori IMAX 350\/420 ECO - Carnitec\",\"isPartOf\":{\"@id\":\"https:\/\/carnitec.com\/lv\/#website\"},\"datePublished\":\"2016-07-22T14:06:36+00:00\",\"dateModified\":\"2016-10-25T16:32:46+00:00\",\"breadcrumb\":{\"@id\":\"https:\/\/carnitec.com\/lv\/products\/injektori-imax-350-420-eco\/#breadcrumb\"},\"inLanguage\":\"lv-LV\",\"potentialAction\":[{\"@type\":\"ReadAction\",\"target\":[\"https:\/\/carnitec.com\/lv\/products\/injektori-imax-350-420-eco\/\"]}]},{\"@type\":\"BreadcrumbList\",\"@id\":\"https:\/\/carnitec.com\/lv\/products\/injektori-imax-350-420-eco\/#breadcrumb\",\"itemListElement\":[{\"@type\":\"ListItem\",\"position\":1,\"name\":\"\u0413\u043b\u0430\u0432\u043d\u0430\u044f \u0441\u0442\u0440\u0430\u043d\u0438\u0446\u0430\",\"item\":\"https:\/\/carnitec.com\/lv\/\"},{\"@type\":\"ListItem\",\"position\":2,\"name\":\"\u0422\u043e\u0432\u0430\u0440\u044b\",\"item\":\"https:\/\/carnitec.com\/shop\/\"},{\"@type\":\"ListItem\",\"position\":3,\"name\":\"Injektori IMAX 350\/420 ECO\"}]},{\"@type\":\"WebSite\",\"@id\":\"https:\/\/carnitec.com\/lv\/#website\",\"url\":\"https:\/\/carnitec.com\/lv\/\",\"name\":\"Carnitec\",\"description\":\"P\u0101rtikas r\u016bpniec\u012bbas iek\u0101rtas\",\"publisher\":{\"@id\":\"https:\/\/carnitec.com\/lv\/#organization\"},\"potentialAction\":[{\"@type\":\"SearchAction\",\"target\":{\"@type\":\"EntryPoint\",\"urlTemplate\":\"https:\/\/carnitec.com\/lv\/?s={search_term_string}\"},\"query-input\":\"required name=search_term_string\"}],\"inLanguage\":\"lv-LV\"},{\"@type\":\"Organization\",\"@id\":\"https:\/\/carnitec.com\/lv\/#organization\",\"name\":\"Carnitec - food processing equipment\",\"url\":\"https:\/\/carnitec.com\/lv\/\",\"sameAs\":[\"https:\/\/www.instagram.com\/carnitec\/?hl=en\",\"https:\/\/www.linkedin.com\/company\/carnitec-ltd\/\",\"https:\/\/www.youtube.com\/channel\/UCwfiuJujkF2QxPPZAqB0T2w\",\"https:\/\/facebook.com\/carnitec1\",\"https:\/\/twitter.com\/carnitec_\"],\"logo\":{\"@type\":\"ImageObject\",\"inLanguage\":\"lv-LV\",\"@id\":\"https:\/\/carnitec.com\/lv\/#\/schema\/logo\/image\/\",\"url\":\"http:\/\/carnitec.com\/wp-content\/uploads\/2018\/01\/carnitec_logo_2018.png\",\"contentUrl\":\"http:\/\/carnitec.com\/wp-content\/uploads\/2018\/01\/carnitec_logo_2018.png\",\"width\":180,\"height\":50,\"caption\":\"Carnitec - food processing equipment\"},\"image\":{\"@id\":\"https:\/\/carnitec.com\/lv\/#\/schema\/logo\/image\/\"}}]}<\/script>\n<!-- \/ Yoast SEO plugin. -->","yoast_head_json":{"title":"Injektori IMAX 350\/420 ECO - Carnitec","robots":{"index":"index","follow":"follow","max-snippet":"max-snippet:-1","max-image-preview":"max-image-preview:large","max-video-preview":"max-video-preview:-1"},"canonical":"https:\/\/carnitec.com\/lv\/products\/injektori-imax-350-420-eco\/","og_locale":"lv_LV","og_type":"article","og_title":"Injektori IMAX 350\/420 ECO - Carnitec","og_description":"\u0160\u012b injektoru s\u0113rija paredz\u0113ta izmanto\u0161anai maza un vid\u0113ja jauda uz\u0146\u0113mumos. Neskatoties uz kompakto izm\u0113ru, iek\u0101rtas \u013cauj sasniegt augstus kvalitat\u012bvus rad\u012bt\u0101jus ra\u017eojot injic\u0113tus produktus, pateicoties iek\u0101rtu konstrukt\u012bvam \u012bpatn\u012bb\u0101m.","og_url":"https:\/\/carnitec.com\/lv\/products\/injektori-imax-350-420-eco\/","og_site_name":"Carnitec","article_publisher":"https:\/\/facebook.com\/carnitec1","article_modified_time":"2016-10-25T16:32:46+00:00","og_image":[{"width":600,"height":565,"url":"https:\/\/carnitec.com\/wp-content\/uploads\/2016\/07\/IMAX350.jpg","type":"image\/jpeg"}],"twitter_card":"summary","twitter_site":"@carnitec_","twitter_misc":{"Est. reading time":"1 min\u016b\u0161u"},"schema":{"@context":"https:\/\/schema.org","@graph":[{"@type":"WebPage","@id":"https:\/\/carnitec.com\/lv\/products\/injektori-imax-350-420-eco\/","url":"https:\/\/carnitec.com\/lv\/products\/injektori-imax-350-420-eco\/","name":"Injektori IMAX 350\/420 ECO - Carnitec","isPartOf":{"@id":"https:\/\/carnitec.com\/lv\/#website"},"datePublished":"2016-07-22T14:06:36+00:00","dateModified":"2016-10-25T16:32:46+00:00","breadcrumb":{"@id":"https:\/\/carnitec.com\/lv\/products\/injektori-imax-350-420-eco\/#breadcrumb"},"inLanguage":"lv-LV","potentialAction":[{"@type":"ReadAction","target":["https:\/\/carnitec.com\/lv\/products\/injektori-imax-350-420-eco\/"]}]},{"@type":"BreadcrumbList","@id":"https:\/\/carnitec.com\/lv\/products\/injektori-imax-350-420-eco\/#breadcrumb","itemListElement":[{"@type":"ListItem","position":1,"name":"\u0413\u043b\u0430\u0432\u043d\u0430\u044f \u0441\u0442\u0440\u0430\u043d\u0438\u0446\u0430","item":"https:\/\/carnitec.com\/lv\/"},{"@type":"ListItem","position":2,"name":"\u0422\u043e\u0432\u0430\u0440\u044b","item":"https:\/\/carnitec.com\/shop\/"},{"@type":"ListItem","position":3,"name":"Injektori IMAX 350\/420 ECO"}]},{"@type":"WebSite","@id":"https:\/\/carnitec.com\/lv\/#website","url":"https:\/\/carnitec.com\/lv\/","name":"Carnitec","description":"P\u0101rtikas r\u016bpniec\u012bbas iek\u0101rtas","publisher":{"@id":"https:\/\/carnitec.com\/lv\/#organization"},"potentialAction":[{"@type":"SearchAction","target":{"@type":"EntryPoint","urlTemplate":"https:\/\/carnitec.com\/lv\/?s={search_term_string}"},"query-input":"required name=search_term_string"}],"inLanguage":"lv-LV"},{"@type":"Organization","@id":"https:\/\/carnitec.com\/lv\/#organization","name":"Carnitec - food processing equipment","url":"https:\/\/carnitec.com\/lv\/","sameAs":["https:\/\/www.instagram.com\/carnitec\/?hl=en","https:\/\/www.linkedin.com\/company\/carnitec-ltd\/","https:\/\/www.youtube.com\/channel\/UCwfiuJujkF2QxPPZAqB0T2w","https:\/\/facebook.com\/carnitec1","https:\/\/twitter.com\/carnitec_"],"logo":{"@type":"ImageObject","inLanguage":"lv-LV","@id":"https:\/\/carnitec.com\/lv\/#\/schema\/logo\/image\/","url":"http:\/\/carnitec.com\/wp-content\/uploads\/2018\/01\/carnitec_logo_2018.png","contentUrl":"http:\/\/carnitec.com\/wp-content\/uploads\/2018\/01\/carnitec_logo_2018.png","width":180,"height":50,"caption":"Carnitec - food processing equipment"},"image":{"@id":"https:\/\/carnitec.com\/lv\/#\/schema\/logo\/image\/"}}]}},"_links":{"self":[{"href":"https:\/\/carnitec.com\/lv\/wp-json\/wp\/v2\/product\/10845"}],"collection":[{"href":"https:\/\/carnitec.com\/lv\/wp-json\/wp\/v2\/product"}],"about":[{"href":"https:\/\/carnitec.com\/lv\/wp-json\/wp\/v2\/types\/product"}],"wp:featuredmedia":[{"embeddable":true,"href":"https:\/\/carnitec.com\/lv\/wp-json\/wp\/v2\/media\/10844"}],"wp:attachment":[{"href":"https:\/\/carnitec.com\/lv\/wp-json\/wp\/v2\/media?parent=10845"}],"wp:term":[{"taxonomy":"product_cat","embeddable":true,"href":"https:\/\/carnitec.com\/lv\/wp-json\/wp\/v2\/product_cat?post=10845"},{"taxonomy":"product_tag","embeddable":true,"href":"https:\/\/carnitec.com\/lv\/wp-json\/wp\/v2\/product_tag?post=10845"}],"curies":[{"name":"wp","href":"https:\/\/api.w.org\/{rel}","templated":true}]}}