{"id":10780,"date":"2015-07-22T14:40:54","date_gmt":"2016-07-22T12:53:15","guid":{"rendered":"http:\/\/carnitec.com\/lv\/?post_type=product&#038;p=10780"},"modified":"2016-07-22T14:53:15","modified_gmt":"2016-07-22T12:53:15","slug":"ratini-pildijumiem","status":"publish","type":"product","link":"https:\/\/carnitec.com\/lv\/products\/ratini-pildijumiem\/","title":{"rendered":"Rati\u0146i pild\u012bjumiem"},"content":{"rendered":"<p>Rati\u0146i pild\u012bjumiem, maltai ga\u013cai<\/p>\n<p>standarta virsma, sienas biezums 2 mm, dibena biezums 5 mm,<br \/>\nsvars versijai 200 l \u2013 40 kg +\/\u2013250 g,<br \/>\n4 rull\u012b\u0161i ar sl\u012bpumu,<br \/>\natbilsto\u0161i standartam DIN 9797<\/p>\n<div id='gallery-1' class='gallery galleryid-10780 gallery-columns-3 gallery-size-thumbnail'><figure class='gallery-item'>\n\t\t\t<div class='gallery-icon landscape'>\n\t\t\t\t<a href='https:\/\/carnitec.com\/wp-content\/uploads\/2015\/07\/kitajka_1.jpg' title=\"\" data-rl_title=\"\" class=\"rl-gallery-link\" data-rl_caption=\"\" data-rel=\"lightbox-gallery-1\"><img width=\"150\" height=\"115\" src=\"https:\/\/carnitec.com\/wp-content\/uploads\/2015\/07\/kitajka_1.jpg\" class=\"attachment-thumbnail size-thumbnail\" alt=\"\" \/><\/a>\n\t\t\t<\/div><\/figure><figure class='gallery-item'>\n\t\t\t<div class='gallery-icon landscape'>\n\t\t\t\t<a href='https:\/\/carnitec.com\/wp-content\/uploads\/2015\/07\/kitajka_3.jpg' title=\"\" data-rl_title=\"\" class=\"rl-gallery-link\" data-rl_caption=\"\" data-rel=\"lightbox-gallery-1\"><img width=\"150\" height=\"115\" src=\"https:\/\/carnitec.com\/wp-content\/uploads\/2015\/07\/kitajka_3.jpg\" class=\"attachment-thumbnail size-thumbnail\" alt=\"\" \/><\/a>\n\t\t\t<\/div><\/figure><figure class='gallery-item'>\n\t\t\t<div class='gallery-icon landscape'>\n\t\t\t\t<a href='https:\/\/carnitec.com\/wp-content\/uploads\/2016\/07\/kitajka_2.jpg' title=\"\" data-rl_title=\"\" class=\"rl-gallery-link\" data-rl_caption=\"\" data-rel=\"lightbox-gallery-1\"><img width=\"150\" height=\"115\" src=\"https:\/\/carnitec.com\/wp-content\/uploads\/2016\/07\/kitajka_2.jpg\" class=\"attachment-thumbnail size-thumbnail\" alt=\"\" \/><\/a>\n\t\t\t<\/div><\/figure>\n\t\t<\/div>\n\n<table class=\"t1\" cellspacing=\"0\" cellpadding=\"0\">\n<tbody>\n<tr>\n<td class=\"td1\" valign=\"baseline\">\n<p class=\"p1\"><span class=\"s1\"><b>Apraksts<\/b><\/span><\/p>\n<\/td>\n<td class=\"td2\" colspan=\"3\" valign=\"baseline\">\n<p class=\"p1\"><span class=\"s1\"><b>Izm\u0113ri<\/b><\/span><\/p>\n<\/td>\n<\/tr>\n<tr>\n<td class=\"td1\" valign=\"baseline\">\n<p class=\"p1\"><span class=\"s1\">Apjoms\u00a0120\u00a0l<\/span><\/p>\n<\/td>\n<td class=\"td2\" colspan=\"3\" valign=\"baseline\">\n<p class=\"p1\"><span class=\"s1\">580 x 580 x 595 mm<\/span><\/p>\n<\/td>\n<\/tr>\n<tr>\n<td class=\"td1\" valign=\"baseline\">\n<p class=\"p1\"><span class=\"s1\">Apjoms 200 l<\/span><\/p>\n<\/td>\n<td class=\"td2\" colspan=\"3\" valign=\"baseline\">\n<p class=\"p1\"><span class=\"s1\">680 x 690 x 700 mm<\/span><\/p>\n<\/td>\n<\/tr>\n<tr>\n<td class=\"td1\" valign=\"baseline\">\n<p class=\"p1\"><span class=\"s1\">Apjoms 300 l<\/span><\/p>\n<\/td>\n<td class=\"td2\" colspan=\"3\" valign=\"baseline\">\n<p class=\"p1\"><span class=\"s1\">680 x 690 x 950 mm<\/span><\/p>\n<\/td>\n<\/tr>\n<tr>\n<td class=\"td1\" valign=\"baseline\">\n<p class=\"p1\"><span class=\"s1\">Apjoms 200 l ar perforaciju<\/span><\/p>\n<\/td>\n<td class=\"td2\" colspan=\"3\" rowspan=\"2\" valign=\"baseline\">\n<p class=\"p1\"><span class=\"s1\">680 x 690 x 700 mm<\/span><\/p>\n<\/td>\n<\/tr>\n<tr>\n<td class=\"td1\" valign=\"baseline\">\n<p class=\"p1\"><span class=\"s1\">Apjoms 200 l\u00a0| ar pajumi<\/span><\/p>\n<\/td>\n<td class=\"td3\" valign=\"baseline\"><\/td>\n<\/tr>\n<tr>\n<td class=\"td1\" valign=\"baseline\">\n<p class=\"p1\">Apjoms 300 l\u00a0| ar pajumi<\/p>\n<\/td>\n<td class=\"td2\" colspan=\"3\" valign=\"baseline\">\n<p class=\"p1\"><span class=\"s1\">680 x 690 x 950 mm<\/span><\/p>\n<\/td>\n<\/tr>\n<\/tbody>\n<\/table>\n<p><\/p>\n","protected":false},"excerpt":{"rendered":"<p>Rati\u0146i pild\u012bjumiem<\/p>\n","protected":false},"featured_media":10772,"template":"","meta":{"content-type":"","_monsterinsights_skip_tracking":false,"_monsterinsights_sitenote_active":false,"_monsterinsights_sitenote_note":"","_monsterinsights_sitenote_category":0},"product_cat":[1160],"product_tag":[],"yoast_head":"<!-- This site is optimized with the Yoast SEO plugin v19.5.1 - https:\/\/yoast.com\/wordpress\/plugins\/seo\/ -->\n<title>Rati\u0146i pild\u012bjumiem - Carnitec<\/title>\n<meta name=\"robots\" content=\"index, follow, max-snippet:-1, max-image-preview:large, max-video-preview:-1\" \/>\n<link rel=\"canonical\" href=\"https:\/\/carnitec.com\/lv\/products\/ratini-pildijumiem\/\" \/>\n<meta property=\"og:locale\" content=\"lv_LV\" \/>\n<meta property=\"og:type\" content=\"article\" \/>\n<meta property=\"og:title\" content=\"Rati\u0146i pild\u012bjumiem - Carnitec\" \/>\n<meta property=\"og:description\" content=\"Rati\u0146i pild\u012bjumiem\" \/>\n<meta property=\"og:url\" content=\"https:\/\/carnitec.com\/lv\/products\/ratini-pildijumiem\/\" \/>\n<meta property=\"og:site_name\" content=\"Carnitec\" \/>\n<meta property=\"article:publisher\" content=\"https:\/\/facebook.com\/carnitec1\" \/>\n<meta property=\"og:image\" content=\"https:\/\/carnitec.com\/wp-content\/uploads\/2016\/07\/kitajka_2.jpg\" \/>\n\t<meta property=\"og:image:width\" content=\"315\" \/>\n\t<meta property=\"og:image:height\" content=\"241\" \/>\n\t<meta property=\"og:image:type\" content=\"image\/jpeg\" \/>\n<meta name=\"twitter:card\" content=\"summary\" \/>\n<meta name=\"twitter:site\" content=\"@carnitec_\" \/>\n<script type=\"application\/ld+json\" class=\"yoast-schema-graph\">{\"@context\":\"https:\/\/schema.org\",\"@graph\":[{\"@type\":\"WebPage\",\"@id\":\"https:\/\/carnitec.com\/lv\/products\/ratini-pildijumiem\/\",\"url\":\"https:\/\/carnitec.com\/lv\/products\/ratini-pildijumiem\/\",\"name\":\"Rati\u0146i pild\u012bjumiem - Carnitec\",\"isPartOf\":{\"@id\":\"https:\/\/carnitec.com\/lv\/#website\"},\"datePublished\":\"2016-07-22T12:53:15+00:00\",\"dateModified\":\"2016-07-22T12:53:15+00:00\",\"breadcrumb\":{\"@id\":\"https:\/\/carnitec.com\/lv\/products\/ratini-pildijumiem\/#breadcrumb\"},\"inLanguage\":\"lv-LV\",\"potentialAction\":[{\"@type\":\"ReadAction\",\"target\":[\"https:\/\/carnitec.com\/lv\/products\/ratini-pildijumiem\/\"]}]},{\"@type\":\"BreadcrumbList\",\"@id\":\"https:\/\/carnitec.com\/lv\/products\/ratini-pildijumiem\/#breadcrumb\",\"itemListElement\":[{\"@type\":\"ListItem\",\"position\":1,\"name\":\"\u0413\u043b\u0430\u0432\u043d\u0430\u044f \u0441\u0442\u0440\u0430\u043d\u0438\u0446\u0430\",\"item\":\"https:\/\/carnitec.com\/lv\/\"},{\"@type\":\"ListItem\",\"position\":2,\"name\":\"\u0422\u043e\u0432\u0430\u0440\u044b\",\"item\":\"https:\/\/carnitec.com\/shop\/\"},{\"@type\":\"ListItem\",\"position\":3,\"name\":\"Rati\u0146i pild\u012bjumiem\"}]},{\"@type\":\"WebSite\",\"@id\":\"https:\/\/carnitec.com\/lv\/#website\",\"url\":\"https:\/\/carnitec.com\/lv\/\",\"name\":\"Carnitec\",\"description\":\"P\u0101rtikas r\u016bpniec\u012bbas iek\u0101rtas\",\"publisher\":{\"@id\":\"https:\/\/carnitec.com\/lv\/#organization\"},\"potentialAction\":[{\"@type\":\"SearchAction\",\"target\":{\"@type\":\"EntryPoint\",\"urlTemplate\":\"https:\/\/carnitec.com\/lv\/?s={search_term_string}\"},\"query-input\":\"required name=search_term_string\"}],\"inLanguage\":\"lv-LV\"},{\"@type\":\"Organization\",\"@id\":\"https:\/\/carnitec.com\/lv\/#organization\",\"name\":\"Carnitec - food processing equipment\",\"url\":\"https:\/\/carnitec.com\/lv\/\",\"sameAs\":[\"https:\/\/www.instagram.com\/carnitec\/?hl=en\",\"https:\/\/www.linkedin.com\/company\/carnitec-ltd\/\",\"https:\/\/www.youtube.com\/channel\/UCwfiuJujkF2QxPPZAqB0T2w\",\"https:\/\/facebook.com\/carnitec1\",\"https:\/\/twitter.com\/carnitec_\"],\"logo\":{\"@type\":\"ImageObject\",\"inLanguage\":\"lv-LV\",\"@id\":\"https:\/\/carnitec.com\/lv\/#\/schema\/logo\/image\/\",\"url\":\"http:\/\/carnitec.com\/wp-content\/uploads\/2018\/01\/carnitec_logo_2018.png\",\"contentUrl\":\"http:\/\/carnitec.com\/wp-content\/uploads\/2018\/01\/carnitec_logo_2018.png\",\"width\":180,\"height\":50,\"caption\":\"Carnitec - food processing equipment\"},\"image\":{\"@id\":\"https:\/\/carnitec.com\/lv\/#\/schema\/logo\/image\/\"}}]}<\/script>\n<!-- \/ Yoast SEO plugin. -->","yoast_head_json":{"title":"Rati\u0146i pild\u012bjumiem - Carnitec","robots":{"index":"index","follow":"follow","max-snippet":"max-snippet:-1","max-image-preview":"max-image-preview:large","max-video-preview":"max-video-preview:-1"},"canonical":"https:\/\/carnitec.com\/lv\/products\/ratini-pildijumiem\/","og_locale":"lv_LV","og_type":"article","og_title":"Rati\u0146i pild\u012bjumiem - Carnitec","og_description":"Rati\u0146i pild\u012bjumiem","og_url":"https:\/\/carnitec.com\/lv\/products\/ratini-pildijumiem\/","og_site_name":"Carnitec","article_publisher":"https:\/\/facebook.com\/carnitec1","og_image":[{"width":315,"height":241,"url":"https:\/\/carnitec.com\/wp-content\/uploads\/2016\/07\/kitajka_2.jpg","type":"image\/jpeg"}],"twitter_card":"summary","twitter_site":"@carnitec_","schema":{"@context":"https:\/\/schema.org","@graph":[{"@type":"WebPage","@id":"https:\/\/carnitec.com\/lv\/products\/ratini-pildijumiem\/","url":"https:\/\/carnitec.com\/lv\/products\/ratini-pildijumiem\/","name":"Rati\u0146i pild\u012bjumiem - Carnitec","isPartOf":{"@id":"https:\/\/carnitec.com\/lv\/#website"},"datePublished":"2016-07-22T12:53:15+00:00","dateModified":"2016-07-22T12:53:15+00:00","breadcrumb":{"@id":"https:\/\/carnitec.com\/lv\/products\/ratini-pildijumiem\/#breadcrumb"},"inLanguage":"lv-LV","potentialAction":[{"@type":"ReadAction","target":["https:\/\/carnitec.com\/lv\/products\/ratini-pildijumiem\/"]}]},{"@type":"BreadcrumbList","@id":"https:\/\/carnitec.com\/lv\/products\/ratini-pildijumiem\/#breadcrumb","itemListElement":[{"@type":"ListItem","position":1,"name":"\u0413\u043b\u0430\u0432\u043d\u0430\u044f \u0441\u0442\u0440\u0430\u043d\u0438\u0446\u0430","item":"https:\/\/carnitec.com\/lv\/"},{"@type":"ListItem","position":2,"name":"\u0422\u043e\u0432\u0430\u0440\u044b","item":"https:\/\/carnitec.com\/shop\/"},{"@type":"ListItem","position":3,"name":"Rati\u0146i pild\u012bjumiem"}]},{"@type":"WebSite","@id":"https:\/\/carnitec.com\/lv\/#website","url":"https:\/\/carnitec.com\/lv\/","name":"Carnitec","description":"P\u0101rtikas r\u016bpniec\u012bbas iek\u0101rtas","publisher":{"@id":"https:\/\/carnitec.com\/lv\/#organization"},"potentialAction":[{"@type":"SearchAction","target":{"@type":"EntryPoint","urlTemplate":"https:\/\/carnitec.com\/lv\/?s={search_term_string}"},"query-input":"required name=search_term_string"}],"inLanguage":"lv-LV"},{"@type":"Organization","@id":"https:\/\/carnitec.com\/lv\/#organization","name":"Carnitec - food processing equipment","url":"https:\/\/carnitec.com\/lv\/","sameAs":["https:\/\/www.instagram.com\/carnitec\/?hl=en","https:\/\/www.linkedin.com\/company\/carnitec-ltd\/","https:\/\/www.youtube.com\/channel\/UCwfiuJujkF2QxPPZAqB0T2w","https:\/\/facebook.com\/carnitec1","https:\/\/twitter.com\/carnitec_"],"logo":{"@type":"ImageObject","inLanguage":"lv-LV","@id":"https:\/\/carnitec.com\/lv\/#\/schema\/logo\/image\/","url":"http:\/\/carnitec.com\/wp-content\/uploads\/2018\/01\/carnitec_logo_2018.png","contentUrl":"http:\/\/carnitec.com\/wp-content\/uploads\/2018\/01\/carnitec_logo_2018.png","width":180,"height":50,"caption":"Carnitec - food processing equipment"},"image":{"@id":"https:\/\/carnitec.com\/lv\/#\/schema\/logo\/image\/"}}]}},"_links":{"self":[{"href":"https:\/\/carnitec.com\/lv\/wp-json\/wp\/v2\/product\/10780"}],"collection":[{"href":"https:\/\/carnitec.com\/lv\/wp-json\/wp\/v2\/product"}],"about":[{"href":"https:\/\/carnitec.com\/lv\/wp-json\/wp\/v2\/types\/product"}],"wp:featuredmedia":[{"embeddable":true,"href":"https:\/\/carnitec.com\/lv\/wp-json\/wp\/v2\/media\/10772"}],"wp:attachment":[{"href":"https:\/\/carnitec.com\/lv\/wp-json\/wp\/v2\/media?parent=10780"}],"wp:term":[{"taxonomy":"product_cat","embeddable":true,"href":"https:\/\/carnitec.com\/lv\/wp-json\/wp\/v2\/product_cat?post=10780"},{"taxonomy":"product_tag","embeddable":true,"href":"https:\/\/carnitec.com\/lv\/wp-json\/wp\/v2\/product_tag?post=10780"}],"curies":[{"name":"wp","href":"https:\/\/api.w.org\/{rel}","templated":true}]}}