{"id":10469,"date":"2016-07-15T19:13:06","date_gmt":"2016-07-15T17:15:34","guid":{"rendered":"http:\/\/carnitec.com\/lv\/?post_type=product&#038;p=10469"},"modified":"2016-07-15T19:16:01","modified_gmt":"2016-07-15T17:16:01","slug":"horizontalais-iepakotais-fp-025-evo-bb","status":"publish","type":"product","link":"https:\/\/carnitec.com\/lv\/products\/horizontalais-iepakotais-fp-025-evo-bb\/","title":{"rendered":"Horizont\u0101lais iepakotais FP 025 EVO BB"},"content":{"rendered":"<p>Speci\u0101la iepakojuma ier\u012bce, g\u0101zu darbu veik\u0161anai (MAP). Tas ir vispiem\u0113rot\u0101kais modelis est\u0113tikas iepakojuma ra\u017eo\u0161anai, izmantojot bl\u012bvu iepakojuma materi\u0101lo. Ir konsolveida r\u0101mis. \u013boti \u0113rta pieejam\u012bba ma\u0161\u012bnas t\u012br\u012b\u0161anai un apkopes noda\u013cai.<\/p>\n<div id='gallery-1' class='gallery galleryid-10469 gallery-columns-3 gallery-size-thumbnail'><figure class='gallery-item'>\n\t\t\t<div class='gallery-icon landscape'>\n\t\t\t\t<a href='https:\/\/carnitec.com\/wp-content\/uploads\/2016\/07\/specia.jpg' title=\"\" data-rl_title=\"\" class=\"rl-gallery-link\" data-rl_caption=\"\" data-rel=\"lightbox-gallery-1\"><img width=\"150\" height=\"100\" src=\"https:\/\/carnitec.com\/wp-content\/uploads\/2016\/07\/specia.jpg\" class=\"attachment-thumbnail size-thumbnail\" alt=\"\" srcset=\"https:\/\/carnitec.com\/wp-content\/uploads\/2016\/07\/specia.jpg 800w, https:\/\/carnitec.com\/wp-content\/uploads\/2016\/07\/specia-600x400.jpg 600w\" sizes=\"(max-width: 150px) 100vw, 150px\" \/><\/a>\n\t\t\t<\/div><\/figure><figure class='gallery-item'>\n\t\t\t<div class='gallery-icon landscape'>\n\t\t\t\t<a href='https:\/\/carnitec.com\/wp-content\/uploads\/2016\/07\/jaws.jpg' title=\"\" data-rl_title=\"\" class=\"rl-gallery-link\" data-rl_caption=\"\" data-rel=\"lightbox-gallery-1\"><img width=\"150\" height=\"100\" src=\"https:\/\/carnitec.com\/wp-content\/uploads\/2016\/07\/jaws.jpg\" class=\"attachment-thumbnail size-thumbnail\" alt=\"\" srcset=\"https:\/\/carnitec.com\/wp-content\/uploads\/2016\/07\/jaws.jpg 800w, https:\/\/carnitec.com\/wp-content\/uploads\/2016\/07\/jaws-600x401.jpg 600w\" sizes=\"(max-width: 150px) 100vw, 150px\" \/><\/a>\n\t\t\t<\/div><\/figure><figure class='gallery-item'>\n\t\t\t<div class='gallery-icon landscape'>\n\t\t\t\t<a href='https:\/\/carnitec.com\/wp-content\/uploads\/2016\/07\/ebbo0.jpg' title=\"\" data-rl_title=\"\" class=\"rl-gallery-link\" data-rl_caption=\"\" data-rel=\"lightbox-gallery-1\"><img width=\"150\" height=\"100\" src=\"https:\/\/carnitec.com\/wp-content\/uploads\/2016\/07\/ebbo0.jpg\" class=\"attachment-thumbnail size-thumbnail\" alt=\"\" srcset=\"https:\/\/carnitec.com\/wp-content\/uploads\/2016\/07\/ebbo0.jpg 800w, https:\/\/carnitec.com\/wp-content\/uploads\/2016\/07\/ebbo0-600x400.jpg 600w\" sizes=\"(max-width: 150px) 100vw, 150px\" \/><\/a>\n\t\t\t<\/div><\/figure>\n\t\t<\/div>\n<br \/>\n<strong>Ier\u012bces iesp\u0113jas:<\/strong><\/p>\n<p>paketes garuma autom\u0101tisk\u0101s izmai\u0146as<br \/>\nautom\u0101tiskas l\u012bm\u0113\u0161anas prese<br \/>\nfotoelements, kas nosaka fotometru pl\u0113v\u0113<br \/>\nmodific\u0113ta atmosf\u0113ra (MAP)<br \/>\nkod\u0113\u0161ana<br \/>\npl\u0113ves ru\u013c\u013ca tur\u0113t\u0101js ar piedzi\u0146u<br \/>\nfas\u0113juma ier\u012bces<br \/>\ngaisa izspie\u0161anas ier\u012bces<br \/>\nfunkcija nav produkta\/ nav maisa<br \/>\nfunkcija nav interv\u0101la starp produktiem\/ nav aizlod\u0113\u0161anas<br \/>\nsp\u012bles salied\u0113\u0161anas apst\u0101\u0161ana, produkta pieskar\u0161anas gad\u012bjuma<br \/>\nfunkcija \u201eEasy opening\u201d(maisa viegla atv\u0113r\u0161ana)<br \/>\nmaisu izsnieg\u0161anas kontrole<br \/>\nner\u016bs\u0113jo\u0161a t\u0113rauda ier\u012bce<br \/>\nkonveijera lentes pagarin\u0101jums produkta padeves noda\u013c\u0101<br \/>\n<strong>Tehniskie dati:<\/strong><\/p>\n<p>Produktivit\u0101te l\u012bdz 60 mm<br \/>\nProdukta izm\u0113ri:<\/p>\n<p>platums maks. 350 mm<br \/>\naugstums maks. 180 mm<br \/>\n<strong>Pl\u0113ves ru\u013c\u013ca tur\u0113t\u0101ja izm\u0113ri:<\/strong><\/p>\n<p>standarts 520 mm (l\u012bdz 920 mm, ka lietojama opcija)<br \/>\n\u0101rpus\u0113 \u00d8 maks 350 mm<br \/>\niek\u0161pus\u0113 \u00d8 70 \u00f7 76 mm<br \/>\n<strong>Iepakojuma materi\u0101ls:<\/strong><\/p>\n<p>karsts aizlod\u0113jums<br \/>\nMasi\u0146as svars (neto): 1 100kg<br \/>\nIer\u012bces izm\u0113ri:<\/p>\n<p>FP025EVO garums 5400 mm (1500 mm iekrau\u0161an\u0101s zona), platums 1320 mm, augstums 1750 mm<br \/>\nFP025EVO BB garums 5960 mm (1500 mm iekrau\u0161an\u0101s zona), platums 1350 mm, augstums 1610 mm<br \/>\n<strong>Elektriska iek\u0101rta un kontrole:<\/strong><\/p>\n<p>darb\u012bbas kontrole ar ieb\u016bv\u0113to programm\u0113jamu kontrolieri pal\u012bdz\u012bbu (PLC).<br \/>\nsensoriska paneli \u201eTouch screen\u201d, kas izmaina ier\u012bces parametrus.<br \/>\ndarba programmas atcer\u0113\u0161anas<br \/>\nier\u012bc\u0113s diagnostika<br \/>\njauda 6 KW<br \/>\n<strong>Pneimatika:<\/strong><\/p>\n<p>Saspiests gaiss 6 b\u0101ri (sauss un filtr\u0113ts)<br \/>\nSaspiesta gaisa pat\u0113ri\u0146\u0161: 10 NL\/cikl\u0101<\/p>\n","protected":false},"excerpt":{"rendered":"<p>Speci\u0101la iepakojuma ier\u012bce, g\u0101zu darbu veik\u0161anai (MAP). Tas ir vispiem\u0113rot\u0101kais modelis est\u0113tikas iepakojuma ra\u017eo\u0161anai, izmantojot bl\u012bvu iepakojuma materi\u0101lo. Ir konsolveida r\u0101mis. \u013boti \u0113rta pieejam\u012bba ma\u0161\u012bnas t\u012br\u012b\u0161anai un apkopes noda\u013cai.<\/p>\n","protected":false},"featured_media":10468,"template":"","meta":{"content-type":"","_monsterinsights_skip_tracking":false,"_monsterinsights_sitenote_active":false,"_monsterinsights_sitenote_note":"","_monsterinsights_sitenote_category":0},"product_cat":[969],"product_tag":[],"yoast_head":"<!-- This site is optimized with the Yoast SEO plugin v19.5.1 - https:\/\/yoast.com\/wordpress\/plugins\/seo\/ -->\n<title>Horizont\u0101lais iepakotais FP 025 EVO BB - Carnitec<\/title>\n<meta name=\"robots\" content=\"index, follow, max-snippet:-1, max-image-preview:large, max-video-preview:-1\" \/>\n<link rel=\"canonical\" href=\"https:\/\/carnitec.com\/lv\/products\/horizontalais-iepakotais-fp-025-evo-bb\/\" \/>\n<meta property=\"og:locale\" content=\"lv_LV\" \/>\n<meta property=\"og:type\" content=\"article\" \/>\n<meta property=\"og:title\" content=\"Horizont\u0101lais iepakotais FP 025 EVO BB - Carnitec\" \/>\n<meta property=\"og:description\" content=\"Speci\u0101la iepakojuma ier\u012bce, g\u0101zu darbu veik\u0161anai (MAP). Tas ir vispiem\u0113rot\u0101kais modelis est\u0113tikas iepakojuma ra\u017eo\u0161anai, izmantojot bl\u012bvu iepakojuma materi\u0101lo. Ir konsolveida r\u0101mis. \u013boti \u0113rta pieejam\u012bba ma\u0161\u012bnas t\u012br\u012b\u0161anai un apkopes noda\u013cai.\" \/>\n<meta property=\"og:url\" content=\"https:\/\/carnitec.com\/lv\/products\/horizontalais-iepakotais-fp-025-evo-bb\/\" \/>\n<meta property=\"og:site_name\" content=\"Carnitec\" \/>\n<meta property=\"article:publisher\" content=\"https:\/\/facebook.com\/carnitec1\" \/>\n<meta property=\"article:modified_time\" content=\"2016-07-15T17:16:01+00:00\" \/>\n<meta property=\"og:image\" content=\"https:\/\/carnitec.com\/wp-content\/uploads\/2016\/07\/evo25.jpg\" \/>\n\t<meta property=\"og:image:width\" content=\"800\" \/>\n\t<meta property=\"og:image:height\" content=\"534\" \/>\n\t<meta property=\"og:image:type\" content=\"image\/jpeg\" \/>\n<meta name=\"twitter:card\" content=\"summary\" \/>\n<meta name=\"twitter:site\" content=\"@carnitec_\" \/>\n<meta name=\"twitter:label1\" content=\"Est. reading time\" \/>\n\t<meta name=\"twitter:data1\" content=\"1 min\u016b\u0161u\" \/>\n<script type=\"application\/ld+json\" class=\"yoast-schema-graph\">{\"@context\":\"https:\/\/schema.org\",\"@graph\":[{\"@type\":\"WebPage\",\"@id\":\"https:\/\/carnitec.com\/lv\/products\/horizontalais-iepakotais-fp-025-evo-bb\/\",\"url\":\"https:\/\/carnitec.com\/lv\/products\/horizontalais-iepakotais-fp-025-evo-bb\/\",\"name\":\"Horizont\u0101lais iepakotais FP 025 EVO BB - Carnitec\",\"isPartOf\":{\"@id\":\"https:\/\/carnitec.com\/lv\/#website\"},\"datePublished\":\"2016-07-15T17:15:34+00:00\",\"dateModified\":\"2016-07-15T17:16:01+00:00\",\"breadcrumb\":{\"@id\":\"https:\/\/carnitec.com\/lv\/products\/horizontalais-iepakotais-fp-025-evo-bb\/#breadcrumb\"},\"inLanguage\":\"lv-LV\",\"potentialAction\":[{\"@type\":\"ReadAction\",\"target\":[\"https:\/\/carnitec.com\/lv\/products\/horizontalais-iepakotais-fp-025-evo-bb\/\"]}]},{\"@type\":\"BreadcrumbList\",\"@id\":\"https:\/\/carnitec.com\/lv\/products\/horizontalais-iepakotais-fp-025-evo-bb\/#breadcrumb\",\"itemListElement\":[{\"@type\":\"ListItem\",\"position\":1,\"name\":\"\u0413\u043b\u0430\u0432\u043d\u0430\u044f \u0441\u0442\u0440\u0430\u043d\u0438\u0446\u0430\",\"item\":\"https:\/\/carnitec.com\/lv\/\"},{\"@type\":\"ListItem\",\"position\":2,\"name\":\"\u0422\u043e\u0432\u0430\u0440\u044b\",\"item\":\"https:\/\/carnitec.com\/shop\/\"},{\"@type\":\"ListItem\",\"position\":3,\"name\":\"Horizont\u0101lais iepakotais FP 025 EVO BB\"}]},{\"@type\":\"WebSite\",\"@id\":\"https:\/\/carnitec.com\/lv\/#website\",\"url\":\"https:\/\/carnitec.com\/lv\/\",\"name\":\"Carnitec\",\"description\":\"P\u0101rtikas r\u016bpniec\u012bbas iek\u0101rtas\",\"publisher\":{\"@id\":\"https:\/\/carnitec.com\/lv\/#organization\"},\"potentialAction\":[{\"@type\":\"SearchAction\",\"target\":{\"@type\":\"EntryPoint\",\"urlTemplate\":\"https:\/\/carnitec.com\/lv\/?s={search_term_string}\"},\"query-input\":\"required name=search_term_string\"}],\"inLanguage\":\"lv-LV\"},{\"@type\":\"Organization\",\"@id\":\"https:\/\/carnitec.com\/lv\/#organization\",\"name\":\"Carnitec - food processing equipment\",\"url\":\"https:\/\/carnitec.com\/lv\/\",\"sameAs\":[\"https:\/\/www.instagram.com\/carnitec\/?hl=en\",\"https:\/\/www.linkedin.com\/company\/carnitec-ltd\/\",\"https:\/\/www.youtube.com\/channel\/UCwfiuJujkF2QxPPZAqB0T2w\",\"https:\/\/facebook.com\/carnitec1\",\"https:\/\/twitter.com\/carnitec_\"],\"logo\":{\"@type\":\"ImageObject\",\"inLanguage\":\"lv-LV\",\"@id\":\"https:\/\/carnitec.com\/lv\/#\/schema\/logo\/image\/\",\"url\":\"http:\/\/carnitec.com\/wp-content\/uploads\/2018\/01\/carnitec_logo_2018.png\",\"contentUrl\":\"http:\/\/carnitec.com\/wp-content\/uploads\/2018\/01\/carnitec_logo_2018.png\",\"width\":180,\"height\":50,\"caption\":\"Carnitec - food processing equipment\"},\"image\":{\"@id\":\"https:\/\/carnitec.com\/lv\/#\/schema\/logo\/image\/\"}}]}<\/script>\n<!-- \/ Yoast SEO plugin. -->","yoast_head_json":{"title":"Horizont\u0101lais iepakotais FP 025 EVO BB - Carnitec","robots":{"index":"index","follow":"follow","max-snippet":"max-snippet:-1","max-image-preview":"max-image-preview:large","max-video-preview":"max-video-preview:-1"},"canonical":"https:\/\/carnitec.com\/lv\/products\/horizontalais-iepakotais-fp-025-evo-bb\/","og_locale":"lv_LV","og_type":"article","og_title":"Horizont\u0101lais iepakotais FP 025 EVO BB - Carnitec","og_description":"Speci\u0101la iepakojuma ier\u012bce, g\u0101zu darbu veik\u0161anai (MAP). Tas ir vispiem\u0113rot\u0101kais modelis est\u0113tikas iepakojuma ra\u017eo\u0161anai, izmantojot bl\u012bvu iepakojuma materi\u0101lo. Ir konsolveida r\u0101mis. \u013boti \u0113rta pieejam\u012bba ma\u0161\u012bnas t\u012br\u012b\u0161anai un apkopes noda\u013cai.","og_url":"https:\/\/carnitec.com\/lv\/products\/horizontalais-iepakotais-fp-025-evo-bb\/","og_site_name":"Carnitec","article_publisher":"https:\/\/facebook.com\/carnitec1","article_modified_time":"2016-07-15T17:16:01+00:00","og_image":[{"width":800,"height":534,"url":"https:\/\/carnitec.com\/wp-content\/uploads\/2016\/07\/evo25.jpg","type":"image\/jpeg"}],"twitter_card":"summary","twitter_site":"@carnitec_","twitter_misc":{"Est. reading time":"1 min\u016b\u0161u"},"schema":{"@context":"https:\/\/schema.org","@graph":[{"@type":"WebPage","@id":"https:\/\/carnitec.com\/lv\/products\/horizontalais-iepakotais-fp-025-evo-bb\/","url":"https:\/\/carnitec.com\/lv\/products\/horizontalais-iepakotais-fp-025-evo-bb\/","name":"Horizont\u0101lais iepakotais FP 025 EVO BB - Carnitec","isPartOf":{"@id":"https:\/\/carnitec.com\/lv\/#website"},"datePublished":"2016-07-15T17:15:34+00:00","dateModified":"2016-07-15T17:16:01+00:00","breadcrumb":{"@id":"https:\/\/carnitec.com\/lv\/products\/horizontalais-iepakotais-fp-025-evo-bb\/#breadcrumb"},"inLanguage":"lv-LV","potentialAction":[{"@type":"ReadAction","target":["https:\/\/carnitec.com\/lv\/products\/horizontalais-iepakotais-fp-025-evo-bb\/"]}]},{"@type":"BreadcrumbList","@id":"https:\/\/carnitec.com\/lv\/products\/horizontalais-iepakotais-fp-025-evo-bb\/#breadcrumb","itemListElement":[{"@type":"ListItem","position":1,"name":"\u0413\u043b\u0430\u0432\u043d\u0430\u044f \u0441\u0442\u0440\u0430\u043d\u0438\u0446\u0430","item":"https:\/\/carnitec.com\/lv\/"},{"@type":"ListItem","position":2,"name":"\u0422\u043e\u0432\u0430\u0440\u044b","item":"https:\/\/carnitec.com\/shop\/"},{"@type":"ListItem","position":3,"name":"Horizont\u0101lais iepakotais FP 025 EVO BB"}]},{"@type":"WebSite","@id":"https:\/\/carnitec.com\/lv\/#website","url":"https:\/\/carnitec.com\/lv\/","name":"Carnitec","description":"P\u0101rtikas r\u016bpniec\u012bbas iek\u0101rtas","publisher":{"@id":"https:\/\/carnitec.com\/lv\/#organization"},"potentialAction":[{"@type":"SearchAction","target":{"@type":"EntryPoint","urlTemplate":"https:\/\/carnitec.com\/lv\/?s={search_term_string}"},"query-input":"required name=search_term_string"}],"inLanguage":"lv-LV"},{"@type":"Organization","@id":"https:\/\/carnitec.com\/lv\/#organization","name":"Carnitec - food processing equipment","url":"https:\/\/carnitec.com\/lv\/","sameAs":["https:\/\/www.instagram.com\/carnitec\/?hl=en","https:\/\/www.linkedin.com\/company\/carnitec-ltd\/","https:\/\/www.youtube.com\/channel\/UCwfiuJujkF2QxPPZAqB0T2w","https:\/\/facebook.com\/carnitec1","https:\/\/twitter.com\/carnitec_"],"logo":{"@type":"ImageObject","inLanguage":"lv-LV","@id":"https:\/\/carnitec.com\/lv\/#\/schema\/logo\/image\/","url":"http:\/\/carnitec.com\/wp-content\/uploads\/2018\/01\/carnitec_logo_2018.png","contentUrl":"http:\/\/carnitec.com\/wp-content\/uploads\/2018\/01\/carnitec_logo_2018.png","width":180,"height":50,"caption":"Carnitec - food processing equipment"},"image":{"@id":"https:\/\/carnitec.com\/lv\/#\/schema\/logo\/image\/"}}]}},"_links":{"self":[{"href":"https:\/\/carnitec.com\/lv\/wp-json\/wp\/v2\/product\/10469"}],"collection":[{"href":"https:\/\/carnitec.com\/lv\/wp-json\/wp\/v2\/product"}],"about":[{"href":"https:\/\/carnitec.com\/lv\/wp-json\/wp\/v2\/types\/product"}],"wp:featuredmedia":[{"embeddable":true,"href":"https:\/\/carnitec.com\/lv\/wp-json\/wp\/v2\/media\/10468"}],"wp:attachment":[{"href":"https:\/\/carnitec.com\/lv\/wp-json\/wp\/v2\/media?parent=10469"}],"wp:term":[{"taxonomy":"product_cat","embeddable":true,"href":"https:\/\/carnitec.com\/lv\/wp-json\/wp\/v2\/product_cat?post=10469"},{"taxonomy":"product_tag","embeddable":true,"href":"https:\/\/carnitec.com\/lv\/wp-json\/wp\/v2\/product_tag?post=10469"}],"curies":[{"name":"wp","href":"https:\/\/api.w.org\/{rel}","templated":true}]}}