{"id":10303,"date":"2016-06-30T11:26:18","date_gmt":"2016-06-30T14:16:20","guid":{"rendered":"http:\/\/staging1.carnitec.com\/lv\/?post_type=product&#038;p=10303"},"modified":"2016-06-30T16:16:20","modified_gmt":"2016-06-30T14:16:20","slug":"lapstinas-izvilksanas-ierice","status":"publish","type":"product","link":"https:\/\/carnitec.com\/lv\/products\/lapstinas-izvilksanas-ierice\/","title":{"rendered":"L\u0101psti\u0146as izvilk\u0161anas ier\u012bce"},"content":{"rendered":"<p>L\u0101psti\u0146as izvilk\u0161anas ier\u012bce paredz\u0113ta meh\u0101niskai pal\u012bdz\u012bbai ga\u013cas izcirt\u0113jam, atbr\u012bvojot vi\u0146u no p\u0101rm\u0113r\u012bgas noslodzes plecam, elkonim un pirsktiem.<\/p>\n<p><!--more--><\/p>\n<p>L\u0101psti\u0146as izvilk\u0161anas ier\u012bce tas ir \u013coti dro\u0161a iek\u0101rta ar minim\u0101lo apkalpo\u0161anu.<\/p>\n<p><a href=\"http:\/\/carnitec.com\/wp-content\/uploads\/2016\/06\/blade_bone.jpg\" data-rel=\"lightbox-image-0\" data-rl_title=\"\" data-rl_caption=\"\" title=\"\"><img class=\"alignnone wp-image-10302 size-large\" src=\"http:\/\/carnitec.com\/wp-content\/uploads\/2016\/06\/blade_bone-800x245.jpg\" alt=\"blade_bone\" width=\"800\" height=\"245\" \/><\/a><\/p>\n<p><strong>Higi\u0113na<\/strong><br \/>\nIek\u0101rta atbilst vis\u0101m stingr\u0101m higi\u0113nas un sanit\u0101rijas pras\u012bb\u0101m.<\/p>\n<p><strong>Opcijas<\/strong><br \/>\n&#8212; L\u0101psti\u0146as izvilk\u0161anas ier\u012bce pieejama divos versijas &#8211; viena c\u016bk\u0101m, otra &#8211; siv\u0113nm\u0101tem<br \/>\n&#8212; L\u0101psti\u0146as izvilk\u0161anas ier\u012bce noregul\u0113jama roku kaulu izvilk\u0161anai<br \/>\n&#8212; Izmantojama gan gald\u0101 ar vienu darbinieku , gan sadales linij\u0101<br \/>\n&#8212; Darbs ar vienu roku un viegla vad\u012bba<br \/>\n&#8212; Samazina smago rokas darbu, pazeminot lielu noslodzi darbinieka plecam, elkonim un pirkstiem<br \/>\n&#8212; Kaula izvilk\u0161anas regul\u0113jams \u0101trums<br \/>\n&#8212; Viegla noregul\u0113\u0161ana izvilk\u0161anai no kreisas vai no labas puses<br \/>\n&#8212; Noregul\u0113\u0161ana roku kaulu izvilk\u0161anai<br \/>\n&#8212; Minim\u0101la apkope<br \/>\n&#8212; Nek\u0101da \u012bpa\u0161a apm\u0101c\u012bba ir nepiecie\u0161ama pirms lieto\u0161anas<br \/>\n&#8212; Minim\u0101ls trok\u0161\u0146u un vibr\u0101cijas l\u012bmenis<\/p>\n<p><strong>Dro\u0161\u012bba<\/strong><br \/>\nL\u0101psti\u0146as izvilk\u0161anas ier\u012bce atbilst visstingr\u0101kaj\u0101m ES pras\u012bb\u0101m attiec\u012bb\u0101 uz darba aizsardz\u012bbas.<\/p>\n<p><strong>S\u0101kotn\u0113jie tiesiskie apst\u0101k\u013ci<\/strong><br \/>\nL\u0101psti\u0146as izvilk\u0161anas ier\u012bce izstr\u0101d\u0101ta saska\u0146\u0101 ar ES standartiem un USDA.<\/p>\n<p><strong>Tehniskie dati<\/strong><br \/>\nRa\u017eotsp\u0113ja l\u012bdz 800 kauliem \/ stund\u0101<\/p>\n<blockquote>\n<h1>Palieliniet ieguvumu no l\u0101psti\u0146as ar vieglumu!<\/h1>\n<\/blockquote>\n<p>&nbsp;<\/p>\n<div class=\"embed-responsive embed-responsive-16by9\"><iframe loading=\"lazy\" title=\"Blade Bone Puller\" width=\"640\" height=\"480\" src=\"https:\/\/www.youtube.com\/embed\/AVoA7sJardU?feature=oembed\" frameborder=\"0\" allow=\"accelerometer; autoplay; clipboard-write; encrypted-media; gyroscope; picture-in-picture\" allowfullscreen><\/iframe><\/div>\n","protected":false},"excerpt":{"rendered":"<p>L\u0101psti\u0146as izvilk\u0161anas ier\u012bce paredz\u0113ta meh\u0101niskai pal\u012bdz\u012bbai ga\u013cas izcirt\u0113jam, atbr\u012bvojot vi\u0146u no p\u0101rm\u0113r\u012bgas noslodzes plecam, elkonim un pirsktiem.<\/p>\n","protected":false},"featured_media":10298,"template":"","meta":{"content-type":"","_monsterinsights_skip_tracking":false,"_monsterinsights_sitenote_active":false,"_monsterinsights_sitenote_note":"","_monsterinsights_sitenote_category":0},"product_cat":[923],"product_tag":[],"yoast_head":"<!-- This site is optimized with the Yoast SEO plugin v19.5.1 - https:\/\/yoast.com\/wordpress\/plugins\/seo\/ -->\n<title>L\u0101psti\u0146as izvilk\u0161anas ier\u012bce - Carnitec<\/title>\n<meta name=\"robots\" content=\"index, follow, max-snippet:-1, max-image-preview:large, max-video-preview:-1\" \/>\n<link rel=\"canonical\" href=\"https:\/\/carnitec.com\/lv\/products\/lapstinas-izvilksanas-ierice\/\" \/>\n<meta property=\"og:locale\" content=\"lv_LV\" \/>\n<meta property=\"og:type\" content=\"article\" \/>\n<meta property=\"og:title\" content=\"L\u0101psti\u0146as izvilk\u0161anas ier\u012bce - Carnitec\" \/>\n<meta property=\"og:description\" content=\"L\u0101psti\u0146as izvilk\u0161anas ier\u012bce paredz\u0113ta meh\u0101niskai pal\u012bdz\u012bbai ga\u013cas izcirt\u0113jam, atbr\u012bvojot vi\u0146u no p\u0101rm\u0113r\u012bgas noslodzes plecam, elkonim un pirsktiem.\" \/>\n<meta property=\"og:url\" content=\"https:\/\/carnitec.com\/lv\/products\/lapstinas-izvilksanas-ierice\/\" \/>\n<meta property=\"og:site_name\" content=\"Carnitec\" \/>\n<meta property=\"article:publisher\" content=\"https:\/\/facebook.com\/carnitec1\" \/>\n<meta property=\"og:image\" content=\"https:\/\/carnitec.com\/wp-content\/uploads\/2016\/06\/blade_bone_puller.jpg\" \/>\n\t<meta property=\"og:image:width\" content=\"400\" \/>\n\t<meta property=\"og:image:height\" content=\"267\" \/>\n\t<meta property=\"og:image:type\" content=\"image\/jpeg\" \/>\n<meta name=\"twitter:card\" content=\"summary\" \/>\n<meta name=\"twitter:site\" content=\"@carnitec_\" \/>\n<meta name=\"twitter:label1\" content=\"Est. reading time\" \/>\n\t<meta name=\"twitter:data1\" content=\"1 min\u016b\u0161u\" \/>\n<script type=\"application\/ld+json\" class=\"yoast-schema-graph\">{\"@context\":\"https:\/\/schema.org\",\"@graph\":[{\"@type\":\"WebPage\",\"@id\":\"https:\/\/carnitec.com\/lv\/products\/lapstinas-izvilksanas-ierice\/\",\"url\":\"https:\/\/carnitec.com\/lv\/products\/lapstinas-izvilksanas-ierice\/\",\"name\":\"L\u0101psti\u0146as izvilk\u0161anas ier\u012bce - Carnitec\",\"isPartOf\":{\"@id\":\"https:\/\/carnitec.com\/lv\/#website\"},\"datePublished\":\"2016-06-30T14:16:20+00:00\",\"dateModified\":\"2016-06-30T14:16:20+00:00\",\"breadcrumb\":{\"@id\":\"https:\/\/carnitec.com\/lv\/products\/lapstinas-izvilksanas-ierice\/#breadcrumb\"},\"inLanguage\":\"lv-LV\",\"potentialAction\":[{\"@type\":\"ReadAction\",\"target\":[\"https:\/\/carnitec.com\/lv\/products\/lapstinas-izvilksanas-ierice\/\"]}]},{\"@type\":\"BreadcrumbList\",\"@id\":\"https:\/\/carnitec.com\/lv\/products\/lapstinas-izvilksanas-ierice\/#breadcrumb\",\"itemListElement\":[{\"@type\":\"ListItem\",\"position\":1,\"name\":\"\u0413\u043b\u0430\u0432\u043d\u0430\u044f \u0441\u0442\u0440\u0430\u043d\u0438\u0446\u0430\",\"item\":\"https:\/\/carnitec.com\/lv\/\"},{\"@type\":\"ListItem\",\"position\":2,\"name\":\"\u0422\u043e\u0432\u0430\u0440\u044b\",\"item\":\"https:\/\/carnitec.com\/shop\/\"},{\"@type\":\"ListItem\",\"position\":3,\"name\":\"L\u0101psti\u0146as izvilk\u0161anas ier\u012bce\"}]},{\"@type\":\"WebSite\",\"@id\":\"https:\/\/carnitec.com\/lv\/#website\",\"url\":\"https:\/\/carnitec.com\/lv\/\",\"name\":\"Carnitec\",\"description\":\"P\u0101rtikas r\u016bpniec\u012bbas iek\u0101rtas\",\"publisher\":{\"@id\":\"https:\/\/carnitec.com\/lv\/#organization\"},\"potentialAction\":[{\"@type\":\"SearchAction\",\"target\":{\"@type\":\"EntryPoint\",\"urlTemplate\":\"https:\/\/carnitec.com\/lv\/?s={search_term_string}\"},\"query-input\":\"required name=search_term_string\"}],\"inLanguage\":\"lv-LV\"},{\"@type\":\"Organization\",\"@id\":\"https:\/\/carnitec.com\/lv\/#organization\",\"name\":\"Carnitec - food processing equipment\",\"url\":\"https:\/\/carnitec.com\/lv\/\",\"sameAs\":[\"https:\/\/www.instagram.com\/carnitec\/?hl=en\",\"https:\/\/www.linkedin.com\/company\/carnitec-ltd\/\",\"https:\/\/www.youtube.com\/channel\/UCwfiuJujkF2QxPPZAqB0T2w\",\"https:\/\/facebook.com\/carnitec1\",\"https:\/\/twitter.com\/carnitec_\"],\"logo\":{\"@type\":\"ImageObject\",\"inLanguage\":\"lv-LV\",\"@id\":\"https:\/\/carnitec.com\/lv\/#\/schema\/logo\/image\/\",\"url\":\"http:\/\/carnitec.com\/wp-content\/uploads\/2018\/01\/carnitec_logo_2018.png\",\"contentUrl\":\"http:\/\/carnitec.com\/wp-content\/uploads\/2018\/01\/carnitec_logo_2018.png\",\"width\":180,\"height\":50,\"caption\":\"Carnitec - food processing equipment\"},\"image\":{\"@id\":\"https:\/\/carnitec.com\/lv\/#\/schema\/logo\/image\/\"}}]}<\/script>\n<!-- \/ Yoast SEO plugin. -->","yoast_head_json":{"title":"L\u0101psti\u0146as izvilk\u0161anas ier\u012bce - Carnitec","robots":{"index":"index","follow":"follow","max-snippet":"max-snippet:-1","max-image-preview":"max-image-preview:large","max-video-preview":"max-video-preview:-1"},"canonical":"https:\/\/carnitec.com\/lv\/products\/lapstinas-izvilksanas-ierice\/","og_locale":"lv_LV","og_type":"article","og_title":"L\u0101psti\u0146as izvilk\u0161anas ier\u012bce - Carnitec","og_description":"L\u0101psti\u0146as izvilk\u0161anas ier\u012bce paredz\u0113ta meh\u0101niskai pal\u012bdz\u012bbai ga\u013cas izcirt\u0113jam, atbr\u012bvojot vi\u0146u no p\u0101rm\u0113r\u012bgas noslodzes plecam, elkonim un pirsktiem.","og_url":"https:\/\/carnitec.com\/lv\/products\/lapstinas-izvilksanas-ierice\/","og_site_name":"Carnitec","article_publisher":"https:\/\/facebook.com\/carnitec1","og_image":[{"width":400,"height":267,"url":"https:\/\/carnitec.com\/wp-content\/uploads\/2016\/06\/blade_bone_puller.jpg","type":"image\/jpeg"}],"twitter_card":"summary","twitter_site":"@carnitec_","twitter_misc":{"Est. reading time":"1 min\u016b\u0161u"},"schema":{"@context":"https:\/\/schema.org","@graph":[{"@type":"WebPage","@id":"https:\/\/carnitec.com\/lv\/products\/lapstinas-izvilksanas-ierice\/","url":"https:\/\/carnitec.com\/lv\/products\/lapstinas-izvilksanas-ierice\/","name":"L\u0101psti\u0146as izvilk\u0161anas ier\u012bce - Carnitec","isPartOf":{"@id":"https:\/\/carnitec.com\/lv\/#website"},"datePublished":"2016-06-30T14:16:20+00:00","dateModified":"2016-06-30T14:16:20+00:00","breadcrumb":{"@id":"https:\/\/carnitec.com\/lv\/products\/lapstinas-izvilksanas-ierice\/#breadcrumb"},"inLanguage":"lv-LV","potentialAction":[{"@type":"ReadAction","target":["https:\/\/carnitec.com\/lv\/products\/lapstinas-izvilksanas-ierice\/"]}]},{"@type":"BreadcrumbList","@id":"https:\/\/carnitec.com\/lv\/products\/lapstinas-izvilksanas-ierice\/#breadcrumb","itemListElement":[{"@type":"ListItem","position":1,"name":"\u0413\u043b\u0430\u0432\u043d\u0430\u044f \u0441\u0442\u0440\u0430\u043d\u0438\u0446\u0430","item":"https:\/\/carnitec.com\/lv\/"},{"@type":"ListItem","position":2,"name":"\u0422\u043e\u0432\u0430\u0440\u044b","item":"https:\/\/carnitec.com\/shop\/"},{"@type":"ListItem","position":3,"name":"L\u0101psti\u0146as izvilk\u0161anas ier\u012bce"}]},{"@type":"WebSite","@id":"https:\/\/carnitec.com\/lv\/#website","url":"https:\/\/carnitec.com\/lv\/","name":"Carnitec","description":"P\u0101rtikas r\u016bpniec\u012bbas iek\u0101rtas","publisher":{"@id":"https:\/\/carnitec.com\/lv\/#organization"},"potentialAction":[{"@type":"SearchAction","target":{"@type":"EntryPoint","urlTemplate":"https:\/\/carnitec.com\/lv\/?s={search_term_string}"},"query-input":"required name=search_term_string"}],"inLanguage":"lv-LV"},{"@type":"Organization","@id":"https:\/\/carnitec.com\/lv\/#organization","name":"Carnitec - food processing equipment","url":"https:\/\/carnitec.com\/lv\/","sameAs":["https:\/\/www.instagram.com\/carnitec\/?hl=en","https:\/\/www.linkedin.com\/company\/carnitec-ltd\/","https:\/\/www.youtube.com\/channel\/UCwfiuJujkF2QxPPZAqB0T2w","https:\/\/facebook.com\/carnitec1","https:\/\/twitter.com\/carnitec_"],"logo":{"@type":"ImageObject","inLanguage":"lv-LV","@id":"https:\/\/carnitec.com\/lv\/#\/schema\/logo\/image\/","url":"http:\/\/carnitec.com\/wp-content\/uploads\/2018\/01\/carnitec_logo_2018.png","contentUrl":"http:\/\/carnitec.com\/wp-content\/uploads\/2018\/01\/carnitec_logo_2018.png","width":180,"height":50,"caption":"Carnitec - food processing equipment"},"image":{"@id":"https:\/\/carnitec.com\/lv\/#\/schema\/logo\/image\/"}}]}},"_links":{"self":[{"href":"https:\/\/carnitec.com\/lv\/wp-json\/wp\/v2\/product\/10303"}],"collection":[{"href":"https:\/\/carnitec.com\/lv\/wp-json\/wp\/v2\/product"}],"about":[{"href":"https:\/\/carnitec.com\/lv\/wp-json\/wp\/v2\/types\/product"}],"wp:featuredmedia":[{"embeddable":true,"href":"https:\/\/carnitec.com\/lv\/wp-json\/wp\/v2\/media\/10298"}],"wp:attachment":[{"href":"https:\/\/carnitec.com\/lv\/wp-json\/wp\/v2\/media?parent=10303"}],"wp:term":[{"taxonomy":"product_cat","embeddable":true,"href":"https:\/\/carnitec.com\/lv\/wp-json\/wp\/v2\/product_cat?post=10303"},{"taxonomy":"product_tag","embeddable":true,"href":"https:\/\/carnitec.com\/lv\/wp-json\/wp\/v2\/product_tag?post=10303"}],"curies":[{"name":"wp","href":"https:\/\/api.w.org\/{rel}","templated":true}]}}