{"id":8281,"date":"2016-04-03T18:47:59","date_gmt":"2016-04-03T16:47:59","guid":{"rendered":"http:\/\/carnitec.com\/lv\/?page_id=8281"},"modified":"2016-04-03T18:47:59","modified_gmt":"2016-04-03T16:47:59","slug":"galas-parstrades-uznemumu-projektesana","status":"publish","type":"page","link":"https:\/\/carnitec.com\/lv\/pakalpojumi\/galas-parstrades-uznemumu-projektesana\/","title":{"rendered":"Ga\u013cas p\u0101rstr\u0101des uz\u0146\u0113mumu projekt\u0113\u0161ana"},"content":{"rendered":"<p>[vc_row][vc_column][vc_column_text]<img class=\"alignright size-full wp-image-5288\" src=\"http:\/\/carnitec.com\/wp-content\/uploads\/2016\/01\/design-300x191.jpg\" alt=\"design\" width=\"300\" height=\"191\" \/>Ga\u013cas p\u0101rstr\u0101des uz\u0146\u0113mumu tehnolo\u0123iska projekt\u0113\u0161ana. P\u0101rstr\u0101des ra\u017eotnes rekonstrukcijas projekti. Kau\u0161anas l\u012bnijas projekt\u0113\u0161ana.<\/p>\n<p><!--more--><\/p>\n<p>Pied\u0101v\u0101jam projekt\u0113\u0161anas pakalpojumus un kompleksa projektu izveido\u0161anu ga\u013cas industrij\u0101.<\/p>\n<ul>\n<li>Kompleks\u0101 objektu koncepcijas un tehnolo\u0123iskie projekti p\u0101rtikas r\u016bpniec\u012bbai, \u012bpa\u0161i ga\u013cas p\u0101rstr\u0101des cehiem un kombin\u0101tiem, putnu fabrik\u0101m, sald\u0113\u0161anas kombin\u0101tiem un sald\u0113tav\u0101m<\/li>\n<li>Ga\u013cas kombin\u0101tu un cehu tehnolo\u0123ijas projekti<\/li>\n<li>Ga\u013cas p\u0101rstr\u0101des uz\u0146\u0113mumu projekt\u0113\u0161anai<\/li>\n<li>Atsevi\u0161\u0137u cehu un tehnolo\u0123iskas l\u012bnijas moderniz\u0101cijas projekti<\/li>\n<li>Atsevi\u0161\u0137as iek\u0101rtas piemekl\u0113\u0161ana, ar optim\u0101liem tehniskiem un tehnolo\u0123iskiem parametriem atkar\u012bgi no pas\u016bt\u012bt\u0101ja vajadz\u012bb\u0101s<\/li>\n<li>Jaunu objektu kompleks\u0101 projektu realiz\u0101cija<\/li>\n<li>Objektu moderniz\u0101cija visas nozar\u0113s, k\u0101 ar\u012b b\u016bvniec\u012bbas un instal\u0113\u0161anas projekti (arhitekt\u016bra, konstrukcijas, sanit\u0101rais apr\u012bkojums, sald\u0113\u0161anas, elektriskas instal\u0101cijas u t.t.)<\/li>\n<li>Juridiskas jaut\u0101jumus, tehnolo\u0123isk\u0101s un izpild\u012b\u0161anas standartus br\u012bni\u0161\u0137\u012bga zin\u0101\u0161ana, nepiecie\u0161amas ES valst\u012bs, p\u0101rliecina m\u016bsu klientus, k\u0101 vi\u0146as invest\u012bcijas atbilst augst\u0101kam pras\u012bb\u0101m, bet iek\u0101rtu un tehnolo\u0123iskas l\u012bnijas optim\u0101la izv\u0113le \u013cauj iev\u0113rojami ietaup\u012bt.<\/li>\n<\/ul>\n<p>Ga\u013cas p\u0101rstr\u0101des uz\u0146\u0113mumu tehnolo\u0123iska projekt\u0113\u0161ana. P\u0101rstr\u0101des ra\u017eotnes rekonstrukcijas projekti. Kau\u0161anas l\u012bnijas projekt\u0113\u0161ana.<\/p>\n<h2>Pilns projekta cikls:<\/h2>\n<ul>\n<li>Masterpl\u0101ns<\/li>\n<li>Tehnolo\u0123iskie projekti<\/li>\n<li>\u201cB\u016bvniec\u012bbas projekts\u201d posms<\/li>\n<li>\u201cDarba projekts\u201d posms<\/li>\n<\/ul>\n<h1>Kautuves, kau\u0161anas l\u012bnijas un lopu p\u0101rstr\u0101des uz\u0146\u0113mumu projekt\u0113\u0161ana<\/h1>\n<p><img class=\"alignright size-full wp-image-5282\" src=\"http:\/\/carnitec.com\/wp-content\/uploads\/2016\/01\/uboj_1a.jpg\" alt=\"uboj_1a\" width=\"300\" height=\"152\" \/>Visaptvero\u0161i risin\u0101jumi kau\u0161anas cehus un prim\u0101ro apstr\u0101di projekt\u0113\u0161anu un komplekt\u0113\u0161anu, k\u0101 ar\u012b dzi\u013cu ga\u013cas p\u0101rstr\u0101de.<\/p>\n<h2>Tehnolo\u0123isko uzdevumu integr\u0113ti risin\u0101jumi:<\/h2>\n<p>\u2022 Kau\u0161ana<br \/>\n\u2022 Ga\u013cas sadale un atkaulo\u0161ana<br \/>\n\u2022 Iepako\u0161ana<br \/>\n\u2022 Temperat\u016bras re\u017e\u012bms visas tehnolo\u0123iskas stadijas<br \/>\n\u2022 Sanit\u0101ras un higi\u0113niskas pras\u012bbas saska\u0146a ar ES noteikumiem.<br \/>\n\u2022 Izejvielu kust\u012bbas kontrole un uzskaite da\u017e\u0101das tehnolo\u0123iskas stadija[\/vc_column_text][vc_empty_space][\/vc_column][\/vc_row][vc_row][vc_column][titles type=&#8221;h2&#8243; text=&#8221;U2ElQzUlODZlbXQlMjBiZXptYWtzYXMlMjBrb25zdWx0JUM0JTgxY2lqdQ==&#8221;][\/vc_column][\/vc_row][vc_row][vc_column]<div role=\"form\" class=\"wpcf7\" id=\"wpcf7-f3900-o1\" lang=\"lv\" dir=\"ltr\">\n<div class=\"screen-reader-response\"><p role=\"status\" aria-live=\"polite\" aria-atomic=\"true\"><\/p> <ul><\/ul><\/div>\n<form action=\"\/lv\/wp-json\/wp\/v2\/pages\/8281#wpcf7-f3900-o1\" method=\"post\" class=\"wpcf7-form init\" novalidate=\"novalidate\" data-status=\"init\">\n<div style=\"display: none;\">\n<input type=\"hidden\" name=\"_wpcf7\" value=\"3900\" \/>\n<input type=\"hidden\" name=\"_wpcf7_version\" value=\"5.6.2\" \/>\n<input type=\"hidden\" name=\"_wpcf7_locale\" value=\"lv\" \/>\n<input type=\"hidden\" name=\"_wpcf7_unit_tag\" value=\"wpcf7-f3900-o1\" \/>\n<input type=\"hidden\" name=\"_wpcf7_container_post\" value=\"0\" \/>\n<input type=\"hidden\" name=\"_wpcf7_posted_data_hash\" value=\"\" \/>\n<\/div>\n<div class=\"cforms\">\n\t<label class=\"label\">J\u016bsu v\u0101rds (oblig\u0101ti)<em>*<\/em><\/label><br \/>\n\t<span class=\"wpcf7-form-control-wrap\" data-name=\"your-name\"><input type=\"text\" name=\"your-name\" value=\"\" size=\"40\" class=\"wpcf7-form-control wpcf7-text wpcf7-validates-as-required\" aria-required=\"true\" aria-invalid=\"false\" \/><\/span> <\/p>\n<div class=\"clearfix\"><\/div>\n<p><label class=\"label\">J\u016bsu firma<em><\/em><\/label><br \/>\n\t<span class=\"wpcf7-form-control-wrap\" data-name=\"text-10\"><input type=\"text\" name=\"text-10\" value=\"\" size=\"40\" class=\"wpcf7-form-control wpcf7-text\" aria-invalid=\"false\" \/><\/span> <\/p>\n<div class=\"clearfix\"><\/div>\n<p>\t<label class=\"label\">J\u016bsu e-mail (oblig\u0101ti) <em>*<\/em><\/label><br \/>\n\t<span class=\"wpcf7-form-control-wrap\" data-name=\"your-email\"><input type=\"email\" name=\"your-email\" value=\"\" size=\"40\" class=\"wpcf7-form-control wpcf7-text wpcf7-email wpcf7-validates-as-required wpcf7-validates-as-email\" aria-required=\"true\" aria-invalid=\"false\" \/><\/span><\/p>\n<div class=\"clearfix\"><\/div>\n<p>\t<label class=\"label\">Temats <em>*<\/em><\/label><br \/>\n\t<span class=\"wpcf7-form-control-wrap\" data-name=\"your-subject\"><input type=\"text\" name=\"your-subject\" value=\"\" size=\"40\" class=\"wpcf7-form-control wpcf7-text\" aria-invalid=\"false\" \/><\/span><\/p>\n<div class=\"clearfix\"><\/div>\n<p>\t<label class=\"label\"> Zi\u0146ojums <em>*<\/em><\/label><br \/>\n\t<span class=\"wpcf7-form-control-wrap\" data-name=\"your-message\"><textarea name=\"your-message\" cols=\"40\" rows=\"10\" class=\"wpcf7-form-control wpcf7-textarea\" aria-invalid=\"false\"><\/textarea><\/span><\/p>\n<div class=\"clearfix\"><\/div>\n<p>[recaptcha recaptcha-86]<\/p>\n<p>\t<input type=\"submit\" value=\"Nos\u016bt\u012bt\" class=\"wpcf7-form-control has-spinner wpcf7-submit button\" \/>\n<\/p><\/div>\n<input type='hidden' class='wpcf7-pum' value='{\"closepopup\":false,\"closedelay\":0,\"openpopup\":false,\"openpopup_id\":0}' \/><div class=\"wpcf7-response-output\" aria-hidden=\"true\"><\/div><\/form><\/div>[\/vc_column][\/vc_row]<\/p>\n","protected":false},"excerpt":{"rendered":"<p>[vc_row][vc_column][vc_column_text]Ga\u013cas p\u0101rstr\u0101des uz\u0146\u0113mumu tehnolo\u0123iska projekt\u0113\u0161ana. P\u0101rstr\u0101des ra\u017eotnes rekonstrukcijas projekti. Kau\u0161anas l\u012bnijas projekt\u0113\u0161ana.<\/p>\n","protected":false},"author":1,"featured_media":0,"parent":5875,"menu_order":0,"comment_status":"closed","ping_status":"closed","template":"","meta":{"content-type":"","_monsterinsights_skip_tracking":false,"_monsterinsights_sitenote_active":false,"_monsterinsights_sitenote_note":"","_monsterinsights_sitenote_category":0},"tags":[828,1218,1397,1399,1398,830],"yoast_head":"<!-- This site is optimized with the Yoast SEO plugin v19.5.1 - https:\/\/yoast.com\/wordpress\/plugins\/seo\/ -->\n<title>Ga\u013cas p\u0101rstr\u0101des uz\u0146\u0113mumu projekt\u0113\u0161ana - Carnitec<\/title>\n<meta name=\"robots\" content=\"index, follow, max-snippet:-1, max-image-preview:large, max-video-preview:-1\" \/>\n<link rel=\"canonical\" href=\"https:\/\/carnitec.com\/lv\/pakalpojumi\/galas-parstrades-uznemumu-projektesana\/\" \/>\n<meta property=\"og:locale\" content=\"lv_LV\" \/>\n<meta property=\"og:type\" content=\"article\" \/>\n<meta property=\"og:title\" content=\"Ga\u013cas p\u0101rstr\u0101des uz\u0146\u0113mumu projekt\u0113\u0161ana - Carnitec\" \/>\n<meta property=\"og:description\" content=\"[vc_row][vc_column][vc_column_text]Ga\u013cas p\u0101rstr\u0101des uz\u0146\u0113mumu tehnolo\u0123iska projekt\u0113\u0161ana. P\u0101rstr\u0101des ra\u017eotnes rekonstrukcijas projekti. Kau\u0161anas l\u012bnijas projekt\u0113\u0161ana.\" \/>\n<meta property=\"og:url\" content=\"https:\/\/carnitec.com\/lv\/pakalpojumi\/galas-parstrades-uznemumu-projektesana\/\" \/>\n<meta property=\"og:site_name\" content=\"Carnitec\" \/>\n<meta property=\"article:publisher\" content=\"https:\/\/facebook.com\/carnitec1\" \/>\n<meta property=\"og:image\" content=\"http:\/\/carnitec.com\/wp-content\/uploads\/2016\/01\/design-300x191.jpg\" \/>\n<meta name=\"twitter:card\" content=\"summary\" \/>\n<meta name=\"twitter:site\" content=\"@carnitec_\" \/>\n<meta name=\"twitter:label1\" content=\"Est. reading time\" \/>\n\t<meta name=\"twitter:data1\" content=\"2 min\u016btes\" \/>\n<script type=\"application\/ld+json\" class=\"yoast-schema-graph\">{\"@context\":\"https:\/\/schema.org\",\"@graph\":[{\"@type\":\"WebPage\",\"@id\":\"https:\/\/carnitec.com\/lv\/pakalpojumi\/galas-parstrades-uznemumu-projektesana\/\",\"url\":\"https:\/\/carnitec.com\/lv\/pakalpojumi\/galas-parstrades-uznemumu-projektesana\/\",\"name\":\"Ga\u013cas p\u0101rstr\u0101des uz\u0146\u0113mumu projekt\u0113\u0161ana - Carnitec\",\"isPartOf\":{\"@id\":\"https:\/\/carnitec.com\/lv\/#website\"},\"datePublished\":\"2016-04-03T16:47:59+00:00\",\"dateModified\":\"2016-04-03T16:47:59+00:00\",\"breadcrumb\":{\"@id\":\"https:\/\/carnitec.com\/lv\/pakalpojumi\/galas-parstrades-uznemumu-projektesana\/#breadcrumb\"},\"inLanguage\":\"lv-LV\",\"potentialAction\":[{\"@type\":\"ReadAction\",\"target\":[\"https:\/\/carnitec.com\/lv\/pakalpojumi\/galas-parstrades-uznemumu-projektesana\/\"]}]},{\"@type\":\"BreadcrumbList\",\"@id\":\"https:\/\/carnitec.com\/lv\/pakalpojumi\/galas-parstrades-uznemumu-projektesana\/#breadcrumb\",\"itemListElement\":[{\"@type\":\"ListItem\",\"position\":1,\"name\":\"\u0413\u043b\u0430\u0432\u043d\u0430\u044f \u0441\u0442\u0440\u0430\u043d\u0438\u0446\u0430\",\"item\":\"https:\/\/carnitec.com\/lv\/\"},{\"@type\":\"ListItem\",\"position\":2,\"name\":\"Pakalpojumi\",\"item\":\"https:\/\/carnitec.com\/lv\/pakalpojumi\/\"},{\"@type\":\"ListItem\",\"position\":3,\"name\":\"Ga\u013cas p\u0101rstr\u0101des uz\u0146\u0113mumu projekt\u0113\u0161ana\"}]},{\"@type\":\"WebSite\",\"@id\":\"https:\/\/carnitec.com\/lv\/#website\",\"url\":\"https:\/\/carnitec.com\/lv\/\",\"name\":\"Carnitec\",\"description\":\"P\u0101rtikas r\u016bpniec\u012bbas iek\u0101rtas\",\"publisher\":{\"@id\":\"https:\/\/carnitec.com\/lv\/#organization\"},\"potentialAction\":[{\"@type\":\"SearchAction\",\"target\":{\"@type\":\"EntryPoint\",\"urlTemplate\":\"https:\/\/carnitec.com\/lv\/?s={search_term_string}\"},\"query-input\":\"required name=search_term_string\"}],\"inLanguage\":\"lv-LV\"},{\"@type\":\"Organization\",\"@id\":\"https:\/\/carnitec.com\/lv\/#organization\",\"name\":\"Carnitec - food processing equipment\",\"url\":\"https:\/\/carnitec.com\/lv\/\",\"sameAs\":[\"https:\/\/www.instagram.com\/carnitec\/?hl=en\",\"https:\/\/www.linkedin.com\/company\/carnitec-ltd\/\",\"https:\/\/www.youtube.com\/channel\/UCwfiuJujkF2QxPPZAqB0T2w\",\"https:\/\/facebook.com\/carnitec1\",\"https:\/\/twitter.com\/carnitec_\"],\"logo\":{\"@type\":\"ImageObject\",\"inLanguage\":\"lv-LV\",\"@id\":\"https:\/\/carnitec.com\/lv\/#\/schema\/logo\/image\/\",\"url\":\"http:\/\/carnitec.com\/wp-content\/uploads\/2018\/01\/carnitec_logo_2018.png\",\"contentUrl\":\"http:\/\/carnitec.com\/wp-content\/uploads\/2018\/01\/carnitec_logo_2018.png\",\"width\":180,\"height\":50,\"caption\":\"Carnitec - food processing equipment\"},\"image\":{\"@id\":\"https:\/\/carnitec.com\/lv\/#\/schema\/logo\/image\/\"}}]}<\/script>\n<!-- \/ Yoast SEO plugin. -->","yoast_head_json":{"title":"Ga\u013cas p\u0101rstr\u0101des uz\u0146\u0113mumu projekt\u0113\u0161ana - Carnitec","robots":{"index":"index","follow":"follow","max-snippet":"max-snippet:-1","max-image-preview":"max-image-preview:large","max-video-preview":"max-video-preview:-1"},"canonical":"https:\/\/carnitec.com\/lv\/pakalpojumi\/galas-parstrades-uznemumu-projektesana\/","og_locale":"lv_LV","og_type":"article","og_title":"Ga\u013cas p\u0101rstr\u0101des uz\u0146\u0113mumu projekt\u0113\u0161ana - Carnitec","og_description":"[vc_row][vc_column][vc_column_text]Ga\u013cas p\u0101rstr\u0101des uz\u0146\u0113mumu tehnolo\u0123iska projekt\u0113\u0161ana. P\u0101rstr\u0101des ra\u017eotnes rekonstrukcijas projekti. Kau\u0161anas l\u012bnijas projekt\u0113\u0161ana.","og_url":"https:\/\/carnitec.com\/lv\/pakalpojumi\/galas-parstrades-uznemumu-projektesana\/","og_site_name":"Carnitec","article_publisher":"https:\/\/facebook.com\/carnitec1","og_image":[{"url":"http:\/\/carnitec.com\/wp-content\/uploads\/2016\/01\/design-300x191.jpg"}],"twitter_card":"summary","twitter_site":"@carnitec_","twitter_misc":{"Est. reading time":"2 min\u016btes"},"schema":{"@context":"https:\/\/schema.org","@graph":[{"@type":"WebPage","@id":"https:\/\/carnitec.com\/lv\/pakalpojumi\/galas-parstrades-uznemumu-projektesana\/","url":"https:\/\/carnitec.com\/lv\/pakalpojumi\/galas-parstrades-uznemumu-projektesana\/","name":"Ga\u013cas p\u0101rstr\u0101des uz\u0146\u0113mumu projekt\u0113\u0161ana - Carnitec","isPartOf":{"@id":"https:\/\/carnitec.com\/lv\/#website"},"datePublished":"2016-04-03T16:47:59+00:00","dateModified":"2016-04-03T16:47:59+00:00","breadcrumb":{"@id":"https:\/\/carnitec.com\/lv\/pakalpojumi\/galas-parstrades-uznemumu-projektesana\/#breadcrumb"},"inLanguage":"lv-LV","potentialAction":[{"@type":"ReadAction","target":["https:\/\/carnitec.com\/lv\/pakalpojumi\/galas-parstrades-uznemumu-projektesana\/"]}]},{"@type":"BreadcrumbList","@id":"https:\/\/carnitec.com\/lv\/pakalpojumi\/galas-parstrades-uznemumu-projektesana\/#breadcrumb","itemListElement":[{"@type":"ListItem","position":1,"name":"\u0413\u043b\u0430\u0432\u043d\u0430\u044f \u0441\u0442\u0440\u0430\u043d\u0438\u0446\u0430","item":"https:\/\/carnitec.com\/lv\/"},{"@type":"ListItem","position":2,"name":"Pakalpojumi","item":"https:\/\/carnitec.com\/lv\/pakalpojumi\/"},{"@type":"ListItem","position":3,"name":"Ga\u013cas p\u0101rstr\u0101des uz\u0146\u0113mumu projekt\u0113\u0161ana"}]},{"@type":"WebSite","@id":"https:\/\/carnitec.com\/lv\/#website","url":"https:\/\/carnitec.com\/lv\/","name":"Carnitec","description":"P\u0101rtikas r\u016bpniec\u012bbas iek\u0101rtas","publisher":{"@id":"https:\/\/carnitec.com\/lv\/#organization"},"potentialAction":[{"@type":"SearchAction","target":{"@type":"EntryPoint","urlTemplate":"https:\/\/carnitec.com\/lv\/?s={search_term_string}"},"query-input":"required name=search_term_string"}],"inLanguage":"lv-LV"},{"@type":"Organization","@id":"https:\/\/carnitec.com\/lv\/#organization","name":"Carnitec - food processing equipment","url":"https:\/\/carnitec.com\/lv\/","sameAs":["https:\/\/www.instagram.com\/carnitec\/?hl=en","https:\/\/www.linkedin.com\/company\/carnitec-ltd\/","https:\/\/www.youtube.com\/channel\/UCwfiuJujkF2QxPPZAqB0T2w","https:\/\/facebook.com\/carnitec1","https:\/\/twitter.com\/carnitec_"],"logo":{"@type":"ImageObject","inLanguage":"lv-LV","@id":"https:\/\/carnitec.com\/lv\/#\/schema\/logo\/image\/","url":"http:\/\/carnitec.com\/wp-content\/uploads\/2018\/01\/carnitec_logo_2018.png","contentUrl":"http:\/\/carnitec.com\/wp-content\/uploads\/2018\/01\/carnitec_logo_2018.png","width":180,"height":50,"caption":"Carnitec - food processing equipment"},"image":{"@id":"https:\/\/carnitec.com\/lv\/#\/schema\/logo\/image\/"}}]}},"_links":{"self":[{"href":"https:\/\/carnitec.com\/lv\/wp-json\/wp\/v2\/pages\/8281"}],"collection":[{"href":"https:\/\/carnitec.com\/lv\/wp-json\/wp\/v2\/pages"}],"about":[{"href":"https:\/\/carnitec.com\/lv\/wp-json\/wp\/v2\/types\/page"}],"author":[{"embeddable":true,"href":"https:\/\/carnitec.com\/lv\/wp-json\/wp\/v2\/users\/1"}],"replies":[{"embeddable":true,"href":"https:\/\/carnitec.com\/lv\/wp-json\/wp\/v2\/comments?post=8281"}],"version-history":[{"count":0,"href":"https:\/\/carnitec.com\/lv\/wp-json\/wp\/v2\/pages\/8281\/revisions"}],"up":[{"embeddable":true,"href":"https:\/\/carnitec.com\/lv\/wp-json\/wp\/v2\/pages\/5875"}],"wp:attachment":[{"href":"https:\/\/carnitec.com\/lv\/wp-json\/wp\/v2\/media?parent=8281"}],"wp:term":[{"taxonomy":"post_tag","embeddable":true,"href":"https:\/\/carnitec.com\/lv\/wp-json\/wp\/v2\/tags?post=8281"}],"curies":[{"name":"wp","href":"https:\/\/api.w.org\/{rel}","templated":true}]}}