{"id":5859,"date":"2016-02-08T17:52:21","date_gmt":"2016-02-08T15:52:21","guid":{"rendered":"http:\/\/carnitec.com\/lv\/?page_id=5859"},"modified":"2016-02-08T17:52:21","modified_gmt":"2016-02-08T15:52:21","slug":"piegadataji","status":"publish","type":"page","link":"https:\/\/carnitec.com\/lv\/par-mums\/piegadataji\/","title":{"rendered":"Pieg\u0101d\u0101t\u0101ji"},"content":{"rendered":"<div class=\"mgwoocommercebrands brands-listing\"><ul><li class=\"brand-by-letter\"><h3 class=\"brand-letter\" id=\"brand_A\">A<\/h3><ul><li><li><a href=\"https:\/\/carnitec.com\/lv\/brands\/am2c-lv\/\">AM2C<\/a> <span class=\"count\">(4)<\/span><\/li><\/li><\/ul><\/li><li class=\"brand-by-letter\"><h3 class=\"brand-letter\" id=\"brand_B\">B<\/h3><ul><li><a href=\"https:\/\/carnitec.com\/lv\/brands\/bladestop-lv\/\"><img src=\"http:\/\/carnitec.com\/wp-content\/uploads\/2017\/06\/bladestop.jpg\" alt=\"BladeStop\"\/><\/a><\/li><li><a href=\"https:\/\/carnitec.com\/lv\/brands\/busch-lv\/\"><img src=\"https:\/\/carnitec.com\/wp-content\/uploads\/2018\/07\/busch_logo.png\" alt=\"Busch\"\/><\/a><\/li><\/ul><\/li><li class=\"brand-by-letter\"><h3 class=\"brand-letter\" id=\"brand_C\">C<\/h3><ul><li><a href=\"https:\/\/carnitec.com\/lv\/brands\/carnitec-lv\/\"><img src=\"http:\/\/carnitec.com\/wp-content\/uploads\/2018\/01\/carnitec_brand.png\" alt=\"Carnitec\"\/><\/a><\/li><\/ul><\/li><li class=\"brand-by-letter\"><h3 class=\"brand-letter\" id=\"brand_D\">D<\/h3><ul><li><a href=\"https:\/\/carnitec.com\/lv\/brands\/dibal-lv\/\"><img src=\"http:\/\/carnitec.com\/wp-content\/uploads\/2016\/07\/Dibal_sa.png\" alt=\"Dibal\"\/><\/a><\/li><\/ul><\/li><li class=\"brand-by-letter\"><h3 class=\"brand-letter\" id=\"brand_E\">E<\/h3><ul><li><a href=\"https:\/\/carnitec.com\/lv\/brands\/efa-lv\/\"><img src=\"http:\/\/carnitec.com\/wp-content\/uploads\/2016\/03\/efa-1.png\" alt=\"EFA\"\/><\/a><\/li><li><a href=\"https:\/\/carnitec.com\/lv\/brands\/euroflex-lv\/\"><img src=\"http:\/\/carnitec.com\/wp-content\/uploads\/2016\/03\/euroflex.png\" alt=\"Euroflex\"\/><\/a><\/li><\/ul><\/li><li class=\"brand-by-letter\"><h3 class=\"brand-letter\" id=\"brand_F\">F<\/h3><ul><li><a href=\"https:\/\/carnitec.com\/lv\/brands\/foodlogistik-lv\/\"><img src=\"https:\/\/carnitec.com\/wp-content\/uploads\/2019\/06\/foodlogistik_103-1.png\" alt=\"Foodlogistik\"\/><\/a><\/li><li><a href=\"https:\/\/carnitec.com\/lv\/brands\/foodmate-lv\/\"><img src=\"http:\/\/carnitec.com\/wp-content\/uploads\/2018\/03\/foodmate.png\" alt=\"Foodmate\"\/><\/a><\/li><li><a href=\"https:\/\/carnitec.com\/lv\/brands\/fr-dick-lv\/\"><img src=\"http:\/\/carnitec.com\/wp-content\/uploads\/2016\/03\/fr_dick.png\" alt=\"Fr.DICK\"\/><\/a><\/li><li><a href=\"https:\/\/carnitec.com\/lv\/brands\/freund-lv\/\"><img src=\"http:\/\/carnitec.com\/wp-content\/uploads\/2016\/03\/freund_germany.png\" alt=\"Freund\"\/><\/a><\/li><li><a href=\"https:\/\/carnitec.com\/lv\/brands\/frontmatec-lv\/\"><img src=\"http:\/\/carnitec.com\/wp-content\/uploads\/2018\/08\/frontmatec.png\" alt=\"Frontmatec\"\/><\/a><\/li><\/ul><\/li><li class=\"brand-by-letter\"><h3 class=\"brand-letter\" id=\"brand_G\">G<\/h3><ul><li><a href=\"https:\/\/carnitec.com\/lv\/brands\/gea-geneglace-lv\/\"><img src=\"http:\/\/carnitec.com\/wp-content\/uploads\/2017\/12\/geneglace_logo.png\" alt=\"Geneglace\"\/><\/a><\/li><\/ul><\/li><li class=\"brand-by-letter\"><h3 class=\"brand-letter\" id=\"brand_H\">H<\/h3><ul><li><a href=\"https:\/\/carnitec.com\/lv\/brands\/henkovac-lv\/\"><img src=\"http:\/\/carnitec.com\/wp-content\/uploads\/2016\/03\/henkovac.png\" alt=\"Henkovac\"\/><\/a><\/li><\/ul><\/li><li class=\"brand-by-letter\"><h3 class=\"brand-letter\" id=\"brand_K\">K<\/h3><ul><li><a href=\"https:\/\/carnitec.com\/lv\/brands\/knecht-lv\/\"><img src=\"http:\/\/carnitec.com\/wp-content\/uploads\/2018\/08\/knecht.png\" alt=\"Knecht\"\/><\/a><\/li><\/ul><\/li><li class=\"brand-by-letter\"><h3 class=\"brand-letter\" id=\"brand_M\">M<\/h3><ul><li><a href=\"https:\/\/carnitec.com\/lv\/brands\/mado-lv\/\"><img src=\"http:\/\/carnitec.com\/wp-content\/uploads\/2016\/03\/mado.png\" alt=\"Mado\"\/><\/a><\/li><li><a href=\"https:\/\/carnitec.com\/lv\/brands\/maja-lv\/\"><img src=\"http:\/\/carnitec.com\/wp-content\/uploads\/2019\/05\/maja_marel-150x150.png\" alt=\"MAJA Maschinenfabrik\"\/><\/a><\/li><li><a href=\"https:\/\/carnitec.com\/lv\/brands\/medoc-sa-lv\/\"><img src=\"http:\/\/carnitec.com\/wp-content\/uploads\/2016\/03\/medoc.png\" alt=\"Medoc SA\"\/><\/a><\/li><li><a href=\"https:\/\/carnitec.com\/lv\/brands\/mosca-lv\/\"><img src=\"http:\/\/carnitec.com\/wp-content\/uploads\/2016\/03\/mosca.png\" alt=\"Mosca\"\/><\/a><\/li><\/ul><\/li><li class=\"brand-by-letter\"><h3 class=\"brand-letter\" id=\"brand_N\">N<\/h3><ul><li><a href=\"https:\/\/carnitec.com\/lv\/brands\/niroflex-lv\/\"><img src=\"http:\/\/carnitec.com\/wp-content\/uploads\/2018\/02\/niroflex.png\" alt=\"Niroflex\"\/><\/a><\/li><li><a href=\"https:\/\/carnitec.com\/lv\/brands\/nomatech-lv\/\"><img src=\"http:\/\/carnitec.com\/wp-content\/uploads\/2019\/01\/Nomatech.png\" alt=\"Nomatech\"\/><\/a><\/li><\/ul><\/li><li class=\"brand-by-letter\"><h3 class=\"brand-letter\" id=\"brand_O\">O<\/h3><ul><li><a href=\"https:\/\/carnitec.com\/lv\/brands\/ollari-conti-international-lv\/\"><img src=\"http:\/\/carnitec.com\/wp-content\/uploads\/2016\/03\/ollari_conti.png\" alt=\"Ollari &amp; Conti International\"\/><\/a><\/li><\/ul><\/li><li class=\"brand-by-letter\"><h3 class=\"brand-letter\" id=\"brand_P\">P<\/h3><ul><li><a href=\"https:\/\/carnitec.com\/lv\/brands\/panini-lv\/\"><img src=\"http:\/\/carnitec.com\/wp-content\/uploads\/2016\/03\/panini_op.png\" alt=\"Panini\"\/><\/a><\/li><li><a href=\"https:\/\/carnitec.com\/lv\/brands\/peboeck\/\"><img src=\"http:\/\/carnitec.com\/wp-content\/uploads\/2017\/06\/peboeck.jpg\" alt=\"Peb\u00f6ck\"\/><\/a><\/li><\/ul><\/li><li class=\"brand-by-letter\"><h3 class=\"brand-letter\" id=\"brand_R\">R<\/h3><ul><li><a href=\"https:\/\/carnitec.com\/lv\/brands\/radex-lv\/\"><img src=\"http:\/\/carnitec.com\/wp-content\/uploads\/2016\/03\/radex.png\" alt=\"Radex\"\/><\/a><\/li><li><a href=\"https:\/\/carnitec.com\/lv\/brands\/reepack\/\"><img src=\"http:\/\/carnitec.com\/wp-content\/uploads\/2018\/03\/Reepack.png\" alt=\"Reepack\"\/><\/a><\/li><li><a href=\"https:\/\/carnitec.com\/lv\/brands\/reich-lv\/\"><img src=\"http:\/\/carnitec.com\/wp-content\/uploads\/2016\/03\/reich_logo.png\" alt=\"Reich\"\/><\/a><\/li><li><a href=\"https:\/\/carnitec.com\/lv\/brands\/renner-lv\/\"><img src=\"http:\/\/carnitec.com\/wp-content\/uploads\/2018\/04\/renner.png\" alt=\"Renner\"\/><\/a><\/li><li><a href=\"https:\/\/carnitec.com\/lv\/brands\/risco-lv\/\"><img src=\"http:\/\/carnitec.com\/wp-content\/uploads\/2016\/03\/risco_spa.png\" alt=\"Risco\"\/><\/a><\/li><li><a href=\"https:\/\/carnitec.com\/lv\/brands\/rudolf-schad-lv\/\"><img src=\"http:\/\/carnitec.com\/wp-content\/uploads\/2018\/03\/Rudolf_Schad.png\" alt=\"Rudolf Schad\"\/><\/a><\/li><\/ul><\/li><li class=\"brand-by-letter\"><h3 class=\"brand-letter\" id=\"brand_S\">S<\/h3><ul><li><a href=\"https:\/\/carnitec.com\/lv\/brands\/schroder-lv\/\"><img src=\"http:\/\/carnitec.com\/wp-content\/uploads\/2016\/07\/schroeder.png\" alt=\"Schr\u00f6der\"\/><\/a><\/li><li><a href=\"https:\/\/carnitec.com\/lv\/brands\/siebeck-lv\/\"><img src=\"http:\/\/carnitec.com\/wp-content\/uploads\/2016\/03\/siebeck_logo.png\" alt=\"Siebeck\"\/><\/a><\/li><li><a href=\"https:\/\/carnitec.com\/lv\/brands\/stephan-lv\/\"><img src=\"http:\/\/carnitec.com\/wp-content\/uploads\/2016\/03\/stephan_logo.png\" alt=\"Stephan\"\/><\/a><\/li><\/ul><\/li><li class=\"brand-by-letter\"><h3 class=\"brand-letter\" id=\"brand_T\">T<\/h3><ul><li><a href=\"https:\/\/carnitec.com\/lv\/brands\/tavil-lv\/\"><img src=\"http:\/\/carnitec.com\/wp-content\/uploads\/2016\/03\/tavil_logo.png\" alt=\"Tavil\"\/><\/a><\/li><li><li><a href=\"https:\/\/carnitec.com\/lv\/brands\/tecno-pack-lv\/\">Tecno Pack<\/a> <span class=\"count\">(0)<\/span><\/li><\/li><\/ul><\/li><li class=\"brand-by-letter\"><h3 class=\"brand-letter\" id=\"brand_U\">U<\/h3><ul><li><a href=\"https:\/\/carnitec.com\/lv\/brands\/uni-food-technic\/\"><img src=\"http:\/\/carnitec.com\/wp-content\/uploads\/2021\/05\/unifood.png\" alt=\"Uni-Food Technic\"\/><\/a><\/li><\/ul><\/li><li class=\"brand-by-letter\"><h3 class=\"brand-letter\" id=\"brand_V\">V<\/h3><ul><li><a href=\"https:\/\/carnitec.com\/lv\/brands\/vakona-lv\/\"><img src=\"http:\/\/carnitec.com\/wp-content\/uploads\/2016\/03\/vakona_logo.png\" alt=\"Vakona\"\/><\/a><\/li><\/ul><\/li><\/ul><\/div>\n","protected":false},"excerpt":{"rendered":"AAM2C (4)BCDEFGHKMNOPRSTTecno Pack (0)UV","protected":false},"author":1,"featured_media":0,"parent":5853,"menu_order":0,"comment_status":"closed","ping_status":"closed","template":"","meta":{"content-type":"","_monsterinsights_skip_tracking":false,"_monsterinsights_sitenote_active":false,"_monsterinsights_sitenote_note":"","_monsterinsights_sitenote_category":0},"tags":[843,828,829,827,839,831,837,826],"yoast_head":"<!-- This site is optimized with the Yoast SEO plugin v19.5.1 - https:\/\/yoast.com\/wordpress\/plugins\/seo\/ -->\n<title>Pieg\u0101d\u0101t\u0101ji - Carnitec<\/title>\n<meta name=\"description\" content=\"Risco,\u00a0MAJA-Maschinenfabrik, Henkovac, Reich, Mado,, E.M.F Lebensmitteltechnik-Anlagenbau, EFA Schmid, Mado, Geneglace, Fr.DICK, Dosimaq, Vakona, Tecnopack\" \/>\n<meta name=\"robots\" content=\"index, follow, max-snippet:-1, max-image-preview:large, max-video-preview:-1\" \/>\n<link rel=\"canonical\" href=\"https:\/\/carnitec.com\/lv\/par-mums\/piegadataji\/\" \/>\n<meta property=\"og:locale\" content=\"lv_LV\" \/>\n<meta property=\"og:type\" content=\"article\" \/>\n<meta property=\"og:title\" content=\"Pieg\u0101d\u0101t\u0101ji - Carnitec\" \/>\n<meta property=\"og:description\" content=\"Risco,\u00a0MAJA-Maschinenfabrik, Henkovac, Reich, Mado,, E.M.F Lebensmitteltechnik-Anlagenbau, EFA Schmid, Mado, Geneglace, Fr.DICK, Dosimaq, Vakona, Tecnopack\" \/>\n<meta property=\"og:url\" content=\"https:\/\/carnitec.com\/lv\/par-mums\/piegadataji\/\" \/>\n<meta property=\"og:site_name\" content=\"Carnitec\" \/>\n<meta property=\"article:publisher\" content=\"https:\/\/facebook.com\/carnitec1\" \/>\n<meta name=\"twitter:card\" content=\"summary\" \/>\n<meta name=\"twitter:site\" content=\"@carnitec_\" \/>\n<script type=\"application\/ld+json\" class=\"yoast-schema-graph\">{\"@context\":\"https:\/\/schema.org\",\"@graph\":[{\"@type\":\"WebPage\",\"@id\":\"https:\/\/carnitec.com\/lv\/par-mums\/piegadataji\/\",\"url\":\"https:\/\/carnitec.com\/lv\/par-mums\/piegadataji\/\",\"name\":\"Pieg\u0101d\u0101t\u0101ji - Carnitec\",\"isPartOf\":{\"@id\":\"https:\/\/carnitec.com\/lv\/#website\"},\"datePublished\":\"2016-02-08T15:52:21+00:00\",\"dateModified\":\"2016-02-08T15:52:21+00:00\",\"description\":\"Risco,\u00a0MAJA-Maschinenfabrik, Henkovac, Reich, Mado,, E.M.F Lebensmitteltechnik-Anlagenbau, EFA Schmid, Mado, Geneglace, Fr.DICK, Dosimaq, Vakona, Tecnopack\",\"breadcrumb\":{\"@id\":\"https:\/\/carnitec.com\/lv\/par-mums\/piegadataji\/#breadcrumb\"},\"inLanguage\":\"lv-LV\",\"potentialAction\":[{\"@type\":\"ReadAction\",\"target\":[\"https:\/\/carnitec.com\/lv\/par-mums\/piegadataji\/\"]}]},{\"@type\":\"BreadcrumbList\",\"@id\":\"https:\/\/carnitec.com\/lv\/par-mums\/piegadataji\/#breadcrumb\",\"itemListElement\":[{\"@type\":\"ListItem\",\"position\":1,\"name\":\"\u0413\u043b\u0430\u0432\u043d\u0430\u044f \u0441\u0442\u0440\u0430\u043d\u0438\u0446\u0430\",\"item\":\"https:\/\/carnitec.com\/lv\/\"},{\"@type\":\"ListItem\",\"position\":2,\"name\":\"Par mums\",\"item\":\"https:\/\/carnitec.com\/lv\/par-mums\/\"},{\"@type\":\"ListItem\",\"position\":3,\"name\":\"Pieg\u0101d\u0101t\u0101ji\"}]},{\"@type\":\"WebSite\",\"@id\":\"https:\/\/carnitec.com\/lv\/#website\",\"url\":\"https:\/\/carnitec.com\/lv\/\",\"name\":\"Carnitec\",\"description\":\"P\u0101rtikas r\u016bpniec\u012bbas iek\u0101rtas\",\"publisher\":{\"@id\":\"https:\/\/carnitec.com\/lv\/#organization\"},\"potentialAction\":[{\"@type\":\"SearchAction\",\"target\":{\"@type\":\"EntryPoint\",\"urlTemplate\":\"https:\/\/carnitec.com\/lv\/?s={search_term_string}\"},\"query-input\":\"required name=search_term_string\"}],\"inLanguage\":\"lv-LV\"},{\"@type\":\"Organization\",\"@id\":\"https:\/\/carnitec.com\/lv\/#organization\",\"name\":\"Carnitec - food processing equipment\",\"url\":\"https:\/\/carnitec.com\/lv\/\",\"sameAs\":[\"https:\/\/www.instagram.com\/carnitec\/?hl=en\",\"https:\/\/www.linkedin.com\/company\/carnitec-ltd\/\",\"https:\/\/www.youtube.com\/channel\/UCwfiuJujkF2QxPPZAqB0T2w\",\"https:\/\/facebook.com\/carnitec1\",\"https:\/\/twitter.com\/carnitec_\"],\"logo\":{\"@type\":\"ImageObject\",\"inLanguage\":\"lv-LV\",\"@id\":\"https:\/\/carnitec.com\/lv\/#\/schema\/logo\/image\/\",\"url\":\"http:\/\/carnitec.com\/wp-content\/uploads\/2018\/01\/carnitec_logo_2018.png\",\"contentUrl\":\"http:\/\/carnitec.com\/wp-content\/uploads\/2018\/01\/carnitec_logo_2018.png\",\"width\":180,\"height\":50,\"caption\":\"Carnitec - food processing equipment\"},\"image\":{\"@id\":\"https:\/\/carnitec.com\/lv\/#\/schema\/logo\/image\/\"}}]}<\/script>\n<!-- \/ Yoast SEO plugin. -->","yoast_head_json":{"title":"Pieg\u0101d\u0101t\u0101ji - Carnitec","description":"Risco,\u00a0MAJA-Maschinenfabrik, Henkovac, Reich, Mado,, E.M.F Lebensmitteltechnik-Anlagenbau, EFA Schmid, Mado, Geneglace, Fr.DICK, Dosimaq, Vakona, Tecnopack","robots":{"index":"index","follow":"follow","max-snippet":"max-snippet:-1","max-image-preview":"max-image-preview:large","max-video-preview":"max-video-preview:-1"},"canonical":"https:\/\/carnitec.com\/lv\/par-mums\/piegadataji\/","og_locale":"lv_LV","og_type":"article","og_title":"Pieg\u0101d\u0101t\u0101ji - Carnitec","og_description":"Risco,\u00a0MAJA-Maschinenfabrik, Henkovac, Reich, Mado,, E.M.F Lebensmitteltechnik-Anlagenbau, EFA Schmid, Mado, Geneglace, Fr.DICK, Dosimaq, Vakona, Tecnopack","og_url":"https:\/\/carnitec.com\/lv\/par-mums\/piegadataji\/","og_site_name":"Carnitec","article_publisher":"https:\/\/facebook.com\/carnitec1","twitter_card":"summary","twitter_site":"@carnitec_","schema":{"@context":"https:\/\/schema.org","@graph":[{"@type":"WebPage","@id":"https:\/\/carnitec.com\/lv\/par-mums\/piegadataji\/","url":"https:\/\/carnitec.com\/lv\/par-mums\/piegadataji\/","name":"Pieg\u0101d\u0101t\u0101ji - Carnitec","isPartOf":{"@id":"https:\/\/carnitec.com\/lv\/#website"},"datePublished":"2016-02-08T15:52:21+00:00","dateModified":"2016-02-08T15:52:21+00:00","description":"Risco,\u00a0MAJA-Maschinenfabrik, Henkovac, Reich, Mado,, E.M.F Lebensmitteltechnik-Anlagenbau, EFA Schmid, Mado, Geneglace, Fr.DICK, Dosimaq, Vakona, Tecnopack","breadcrumb":{"@id":"https:\/\/carnitec.com\/lv\/par-mums\/piegadataji\/#breadcrumb"},"inLanguage":"lv-LV","potentialAction":[{"@type":"ReadAction","target":["https:\/\/carnitec.com\/lv\/par-mums\/piegadataji\/"]}]},{"@type":"BreadcrumbList","@id":"https:\/\/carnitec.com\/lv\/par-mums\/piegadataji\/#breadcrumb","itemListElement":[{"@type":"ListItem","position":1,"name":"\u0413\u043b\u0430\u0432\u043d\u0430\u044f \u0441\u0442\u0440\u0430\u043d\u0438\u0446\u0430","item":"https:\/\/carnitec.com\/lv\/"},{"@type":"ListItem","position":2,"name":"Par mums","item":"https:\/\/carnitec.com\/lv\/par-mums\/"},{"@type":"ListItem","position":3,"name":"Pieg\u0101d\u0101t\u0101ji"}]},{"@type":"WebSite","@id":"https:\/\/carnitec.com\/lv\/#website","url":"https:\/\/carnitec.com\/lv\/","name":"Carnitec","description":"P\u0101rtikas r\u016bpniec\u012bbas iek\u0101rtas","publisher":{"@id":"https:\/\/carnitec.com\/lv\/#organization"},"potentialAction":[{"@type":"SearchAction","target":{"@type":"EntryPoint","urlTemplate":"https:\/\/carnitec.com\/lv\/?s={search_term_string}"},"query-input":"required name=search_term_string"}],"inLanguage":"lv-LV"},{"@type":"Organization","@id":"https:\/\/carnitec.com\/lv\/#organization","name":"Carnitec - food processing equipment","url":"https:\/\/carnitec.com\/lv\/","sameAs":["https:\/\/www.instagram.com\/carnitec\/?hl=en","https:\/\/www.linkedin.com\/company\/carnitec-ltd\/","https:\/\/www.youtube.com\/channel\/UCwfiuJujkF2QxPPZAqB0T2w","https:\/\/facebook.com\/carnitec1","https:\/\/twitter.com\/carnitec_"],"logo":{"@type":"ImageObject","inLanguage":"lv-LV","@id":"https:\/\/carnitec.com\/lv\/#\/schema\/logo\/image\/","url":"http:\/\/carnitec.com\/wp-content\/uploads\/2018\/01\/carnitec_logo_2018.png","contentUrl":"http:\/\/carnitec.com\/wp-content\/uploads\/2018\/01\/carnitec_logo_2018.png","width":180,"height":50,"caption":"Carnitec - food processing equipment"},"image":{"@id":"https:\/\/carnitec.com\/lv\/#\/schema\/logo\/image\/"}}]}},"_links":{"self":[{"href":"https:\/\/carnitec.com\/lv\/wp-json\/wp\/v2\/pages\/5859"}],"collection":[{"href":"https:\/\/carnitec.com\/lv\/wp-json\/wp\/v2\/pages"}],"about":[{"href":"https:\/\/carnitec.com\/lv\/wp-json\/wp\/v2\/types\/page"}],"author":[{"embeddable":true,"href":"https:\/\/carnitec.com\/lv\/wp-json\/wp\/v2\/users\/1"}],"replies":[{"embeddable":true,"href":"https:\/\/carnitec.com\/lv\/wp-json\/wp\/v2\/comments?post=5859"}],"version-history":[{"count":0,"href":"https:\/\/carnitec.com\/lv\/wp-json\/wp\/v2\/pages\/5859\/revisions"}],"up":[{"embeddable":true,"href":"https:\/\/carnitec.com\/lv\/wp-json\/wp\/v2\/pages\/5853"}],"wp:attachment":[{"href":"https:\/\/carnitec.com\/lv\/wp-json\/wp\/v2\/media?parent=5859"}],"wp:term":[{"taxonomy":"post_tag","embeddable":true,"href":"https:\/\/carnitec.com\/lv\/wp-json\/wp\/v2\/tags?post=5859"}],"curies":[{"name":"wp","href":"https:\/\/api.w.org\/{rel}","templated":true}]}}