{"id":5841,"date":"2016-02-07T20:07:20","date_gmt":"2016-02-07T18:07:20","guid":{"rendered":"http:\/\/carnitec.com\/lv\/?page_id=5841"},"modified":"2021-12-28T22:17:28","modified_gmt":"2021-12-28T20:17:28","slug":"produkcija","status":"publish","type":"page","link":"https:\/\/carnitec.com\/lv\/produkcija\/","title":{"rendered":"Produkcija"},"content":{"rendered":"<p>[vc_row][vc_column][tm_heading custom_google_font=&#8221;&#8221; text=&#8221;<mark>M\u016bsu<\/mark> produkcija&#8221;][\/vc_column][\/vc_row][vc_row][vc_column][tm_spacer size=&#8221;lg:20&#8243;][\/vc_column][\/vc_row][vc_row][vc_column]<div class=\"woocommerce columns-4\"><ul class=\"products tm-products row columns-4\">\n<div class=\"swiper-slide\">\n\t<div class=\"product-category product first\">\n\n\t\t\n\t\t<div class=\"cat-image\">\n\t\t\t\t\t<\/div>\n\t\t<div class=\"cat-text\">\n\t\t\t<div class=\"inner\">\n\t\t\t\t<h5 class=\"cat-title\">\n\t\t\t\t\tCitas iek\u0101rtas\t\t\t\t<\/h5>\n\t\t\t\t<p class=\"cat-count\">\n\t\t\t\t\t 12 Products\t\t\t\t<\/p>\n\t\t\t\t\t\t\t<\/div>\n\t\t<\/div>\n\n\t\t\n\t<\/div>\n<\/div>\n<div class=\"swiper-slide\">\n\t<div class=\"product-category product\">\n\n\t\t\n\t\t<div class=\"cat-image\">\n\t\t\t\t\t<\/div>\n\t\t<div class=\"cat-text\">\n\t\t\t<div class=\"inner\">\n\t\t\t\t<h5 class=\"cat-title\">\n\t\t\t\t\tRa\u017eo\u0161anas higi\u0113na un sanit\u0101rija\t\t\t\t<\/h5>\n\t\t\t\t<p class=\"cat-count\">\n\t\t\t\t\t 94 Products\t\t\t\t<\/p>\n\t\t\t\t\t\t\t<\/div>\n\t\t<\/div>\n\n\t\t\n\t<\/div>\n<\/div>\n<div class=\"swiper-slide\">\n\t<div class=\"product-category product\">\n\n\t\t\n\t\t<div class=\"cat-image\">\n\t\t\t\t\t<\/div>\n\t\t<div class=\"cat-text\">\n\t\t\t<div class=\"inner\">\n\t\t\t\t<h5 class=\"cat-title\">\n\t\t\t\t\tPiena p\u0101rstr\u0101des iek\u0101rtas\t\t\t\t<\/h5>\n\t\t\t\t<p class=\"cat-count\">\n\t\t\t\t\t 20 Products\t\t\t\t<\/p>\n\t\t\t\t\t\t\t<\/div>\n\t\t<\/div>\n\n\t\t\n\t<\/div>\n<\/div>\n<div class=\"swiper-slide\">\n\t<div class=\"product-category product last\">\n\n\t\t\n\t\t<div class=\"cat-image\">\n\t\t\t\t\t<\/div>\n\t\t<div class=\"cat-text\">\n\t\t\t<div class=\"inner\">\n\t\t\t\t<h5 class=\"cat-title\">\n\t\t\t\t\tGa\u013cas p\u0101rstr\u0101des iek\u0101rtas\t\t\t\t<\/h5>\n\t\t\t\t<p class=\"cat-count\">\n\t\t\t\t\t 11 Products\t\t\t\t<\/p>\n\t\t\t\t\t\t\t<\/div>\n\t\t<\/div>\n\n\t\t\n\t<\/div>\n<\/div>\n<div class=\"swiper-slide\">\n\t<div class=\"product-category product first\">\n\n\t\t\n\t\t<div class=\"cat-image\">\n\t\t\t\t\t<\/div>\n\t\t<div class=\"cat-text\">\n\t\t\t<div class=\"inner\">\n\t\t\t\t<h5 class=\"cat-title\">\n\t\t\t\t\tZivju p\u0101rstr\u0101des iek\u0101rtas\t\t\t\t<\/h5>\n\t\t\t\t<p class=\"cat-count\">\n\t\t\t\t\t 20 Products\t\t\t\t<\/p>\n\t\t\t\t\t\t\t<\/div>\n\t\t<\/div>\n\n\t\t\n\t<\/div>\n<\/div>\n<div class=\"swiper-slide\">\n\t<div class=\"product-category product\">\n\n\t\t\n\t\t<div class=\"cat-image\">\n\t\t\t\t\t<\/div>\n\t\t<div class=\"cat-text\">\n\t\t\t<div class=\"inner\">\n\t\t\t\t<h5 class=\"cat-title\">\n\t\t\t\t\tKau\u0161anas l\u012bnijas un iek\u0101rtas\t\t\t\t<\/h5>\n\t\t\t\t<p class=\"cat-count\">\n\t\t\t\t\t 6 Products\t\t\t\t<\/p>\n\t\t\t\t\t\t\t<\/div>\n\t\t<\/div>\n\n\t\t\n\t<\/div>\n<\/div>\n<div class=\"swiper-slide\">\n\t<div class=\"product-category product\">\n\n\t\t\n\t\t<div class=\"cat-image\">\n\t\t\t\t\t<\/div>\n\t\t<div class=\"cat-text\">\n\t\t\t<div class=\"inner\">\n\t\t\t\t<h5 class=\"cat-title\">\n\t\t\t\t\tIepako\u0161anas iek\u0101rtas\t\t\t\t<\/h5>\n\t\t\t\t<p class=\"cat-count\">\n\t\t\t\t\t 1 Product\t\t\t\t<\/p>\n\t\t\t\t\t\t\t<\/div>\n\t\t<\/div>\n\n\t\t\n\t<\/div>\n<\/div>\n<div class=\"swiper-slide\">\n\t<div class=\"product-category product last\">\n\n\t\t\n\t\t<div class=\"cat-image\">\n\t\t\t\t\t<\/div>\n\t\t<div class=\"cat-text\">\n\t\t\t<div class=\"inner\">\n\t\t\t\t<h5 class=\"cat-title\">\n\t\t\t\t\tRezerves da\u013cas un izdevumu materi\u0101li\t\t\t\t<\/h5>\n\t\t\t\t<p class=\"cat-count\">\n\t\t\t\t\t 2 Products\t\t\t\t<\/p>\n\t\t\t\t\t\t\t<\/div>\n\t\t<\/div>\n\n\t\t\n\t<\/div>\n<\/div>\n<\/ul>\n<\/div>[\/vc_column][\/vc_row][vc_row king_class=&#8221;featured_section31&#8243;][vc_column][vc_row_inner content_alignment=&#8221;right&#8221; md_content_alignment=&#8221;center&#8221; max_width=&#8221;770px&#8221;][vc_column_inner][tm_spacer size=&#8221;lg:100&#8243;][tm_heading custom_google_font=&#8221;&#8221; text=&#8221;Zvaniet mums vai nos\u016btiet piepras\u012bjumu&#8221; font_size=&#8221;md:36;lg:40&#8243;][tm_spacer size=&#8221;lg:70&#8243;][tm_list list_style=&#8221;modern-icon-03&#8243; columns=&#8221;xs:1;sm:1;lg:4&#8243; items=&#8221;%5B%7B%22item_title%22%3A%22Adrese%22%2C%22item_desc%22%3A%22Ventspils%20iela%2051%2C%20R%C4%ABga%20LV-1002%2C%20Latvija%22%2C%22icon%22%3A%22ion-ios-location-outline%22%7D%2C%7B%22item_title%22%3A%22Darba%20laiks%22%2C%22item_desc%22%3A%22Pirm.%E2%80%93Piekt.%3A%209%3A00%E2%80%9318%3A00%5Cn%5Cn%22%2C%22icon%22%3A%22ion-ios-clock-outline%22%7D%2C%7B%22item_title%22%3A%22Visp%C4%81r%C4%ABgi%20jaut%C4%81jumi%22%2C%22item_desc%22%3A%22%2B371%2063031802%5Cn%2B371%2029579056%22%2C%22icon%22%3A%22ion-ios-telephone-outline%22%7D%2C%7B%22item_title%22%3A%22Serviss%22%2C%22item_desc%22%3A%22%2B371%2020335939%E2%80%AC%22%2C%22icon%22%3A%22ion-android-phone-portrait%22%7D%5D&#8221;][tm_spacer size=&#8221;lg:70&#8243;][tm_contact_form_7 id=&#8221;3900&#8243;][tm_spacer size=&#8221;lg:100&#8243;][\/vc_column_inner][\/vc_row_inner][\/vc_column][\/vc_row]<\/p>\n","protected":false},"excerpt":{"rendered":"<p>[vc_row][vc_column][tm_heading custom_google_font=&#8221;&#8221; text=&#8221;M\u016bsu produkcija&#8221;][\/vc_column][\/vc_row][vc_row][vc_column][tm_spacer size=&#8221;lg:20&#8243;][\/vc_column][\/vc_row][vc_row][vc_column][\/vc_column][\/vc_row][vc_row king_class=&#8221;featured_section31&#8243;][vc_column][vc_row_inner content_alignment=&#8221;right&#8221; md_content_alignment=&#8221;center&#8221; max_width=&#8221;770px&#8221;][vc_column_inner][tm_spacer size=&#8221;lg:100&#8243;][tm_heading custom_google_font=&#8221;&#8221; text=&#8221;Zvaniet mums vai nos\u016btiet piepras\u012bjumu&#8221; font_size=&#8221;md:36;lg:40&#8243;][tm_spacer size=&#8221;lg:70&#8243;][tm_list list_style=&#8221;modern-icon-03&#8243; columns=&#8221;xs:1;sm:1;lg:4&#8243; items=&#8221;%5B%7B%22item_title%22%3A%22Adrese%22%2C%22item_desc%22%3A%22Ventspils%20iela%2051%2C%20R%C4%ABga%20LV-1002%2C%20Latvija%22%2C%22icon%22%3A%22ion-ios-location-outline%22%7D%2C%7B%22item_title%22%3A%22Darba%20laiks%22%2C%22item_desc%22%3A%22Pirm.%E2%80%93Piekt.%3A%209%3A00%E2%80%9318%3A00%5Cn%5Cn%22%2C%22icon%22%3A%22ion-ios-clock-outline%22%7D%2C%7B%22item_title%22%3A%22Visp%C4%81r%C4%ABgi%20jaut%C4%81jumi%22%2C%22item_desc%22%3A%22%2B371%2063031802%5Cn%2B371%2029579056%22%2C%22icon%22%3A%22ion-ios-telephone-outline%22%7D%2C%7B%22item_title%22%3A%22Serviss%22%2C%22item_desc%22%3A%22%2B371%2020335939%E2%80%AC%22%2C%22icon%22%3A%22ion-android-phone-portrait%22%7D%5D&#8221;][tm_spacer size=&#8221;lg:70&#8243;][tm_contact_form_7 id=&#8221;3900&#8243;][tm_spacer size=&#8221;lg:100&#8243;][\/vc_column_inner][\/vc_row_inner][\/vc_column][\/vc_row]<\/p>\n","protected":false},"author":1,"featured_media":0,"parent":0,"menu_order":0,"comment_status":"closed","ping_status":"closed","template":"","meta":{"content-type":"","_monsterinsights_skip_tracking":false,"_monsterinsights_sitenote_active":false,"_monsterinsights_sitenote_note":"","_monsterinsights_sitenote_category":0},"tags":[3319,828,829,3384,838,3381,3382,3383,827,2933,839,830,1620,3329,831,837,826],"yoast_head":"<!-- This site is optimized with the Yoast SEO plugin v19.5.1 - https:\/\/yoast.com\/wordpress\/plugins\/seo\/ -->\n<title>Produkcija - Carnitec<\/title>\n<meta name=\"description\" content=\"Kau\u0161anas l\u012bnijas un iek\u0101rtas. Ga\u013cas p\u0101rstr\u0101des iek\u0101rtas. Zivju p\u0101rstr\u0101des iek\u0101rtas. Iepako\u0161anas iek\u0101rtas. Ra\u017eo\u0161anas higi\u0113na un sanit\u0101rija\" \/>\n<meta name=\"robots\" content=\"index, follow, max-snippet:-1, max-image-preview:large, max-video-preview:-1\" \/>\n<link rel=\"canonical\" href=\"https:\/\/carnitec.com\/lv\/produkcija\/\" \/>\n<meta property=\"og:locale\" content=\"lv_LV\" \/>\n<meta property=\"og:type\" content=\"article\" \/>\n<meta property=\"og:title\" content=\"Produkcija - Carnitec\" \/>\n<meta property=\"og:description\" content=\"Kau\u0161anas l\u012bnijas un iek\u0101rtas. Ga\u013cas p\u0101rstr\u0101des iek\u0101rtas. Zivju p\u0101rstr\u0101des iek\u0101rtas. Iepako\u0161anas iek\u0101rtas. Ra\u017eo\u0161anas higi\u0113na un sanit\u0101rija\" \/>\n<meta property=\"og:url\" content=\"https:\/\/carnitec.com\/lv\/produkcija\/\" \/>\n<meta property=\"og:site_name\" content=\"Carnitec\" \/>\n<meta property=\"article:publisher\" content=\"https:\/\/facebook.com\/carnitec1\" \/>\n<meta property=\"article:modified_time\" content=\"2021-12-28T20:17:28+00:00\" \/>\n<meta name=\"twitter:card\" content=\"summary\" \/>\n<meta name=\"twitter:site\" content=\"@carnitec_\" \/>\n<meta name=\"twitter:label1\" content=\"Est. reading time\" \/>\n\t<meta name=\"twitter:data1\" content=\"3 min\u016btes\" \/>\n<script type=\"application\/ld+json\" class=\"yoast-schema-graph\">{\"@context\":\"https:\/\/schema.org\",\"@graph\":[{\"@type\":\"WebPage\",\"@id\":\"https:\/\/carnitec.com\/lv\/produkcija\/\",\"url\":\"https:\/\/carnitec.com\/lv\/produkcija\/\",\"name\":\"Produkcija - Carnitec\",\"isPartOf\":{\"@id\":\"https:\/\/carnitec.com\/lv\/#website\"},\"datePublished\":\"2016-02-07T18:07:20+00:00\",\"dateModified\":\"2021-12-28T20:17:28+00:00\",\"description\":\"Kau\u0161anas l\u012bnijas un iek\u0101rtas. Ga\u013cas p\u0101rstr\u0101des iek\u0101rtas. Zivju p\u0101rstr\u0101des iek\u0101rtas. Iepako\u0161anas iek\u0101rtas. Ra\u017eo\u0161anas higi\u0113na un sanit\u0101rija\",\"breadcrumb\":{\"@id\":\"https:\/\/carnitec.com\/lv\/produkcija\/#breadcrumb\"},\"inLanguage\":\"lv-LV\",\"potentialAction\":[{\"@type\":\"ReadAction\",\"target\":[\"https:\/\/carnitec.com\/lv\/produkcija\/\"]}]},{\"@type\":\"BreadcrumbList\",\"@id\":\"https:\/\/carnitec.com\/lv\/produkcija\/#breadcrumb\",\"itemListElement\":[{\"@type\":\"ListItem\",\"position\":1,\"name\":\"\u0413\u043b\u0430\u0432\u043d\u0430\u044f \u0441\u0442\u0440\u0430\u043d\u0438\u0446\u0430\",\"item\":\"https:\/\/carnitec.com\/lv\/\"},{\"@type\":\"ListItem\",\"position\":2,\"name\":\"Produkcija\"}]},{\"@type\":\"WebSite\",\"@id\":\"https:\/\/carnitec.com\/lv\/#website\",\"url\":\"https:\/\/carnitec.com\/lv\/\",\"name\":\"Carnitec\",\"description\":\"P\u0101rtikas r\u016bpniec\u012bbas iek\u0101rtas\",\"publisher\":{\"@id\":\"https:\/\/carnitec.com\/lv\/#organization\"},\"potentialAction\":[{\"@type\":\"SearchAction\",\"target\":{\"@type\":\"EntryPoint\",\"urlTemplate\":\"https:\/\/carnitec.com\/lv\/?s={search_term_string}\"},\"query-input\":\"required name=search_term_string\"}],\"inLanguage\":\"lv-LV\"},{\"@type\":\"Organization\",\"@id\":\"https:\/\/carnitec.com\/lv\/#organization\",\"name\":\"Carnitec - food processing equipment\",\"url\":\"https:\/\/carnitec.com\/lv\/\",\"sameAs\":[\"https:\/\/www.instagram.com\/carnitec\/?hl=en\",\"https:\/\/www.linkedin.com\/company\/carnitec-ltd\/\",\"https:\/\/www.youtube.com\/channel\/UCwfiuJujkF2QxPPZAqB0T2w\",\"https:\/\/facebook.com\/carnitec1\",\"https:\/\/twitter.com\/carnitec_\"],\"logo\":{\"@type\":\"ImageObject\",\"inLanguage\":\"lv-LV\",\"@id\":\"https:\/\/carnitec.com\/lv\/#\/schema\/logo\/image\/\",\"url\":\"http:\/\/carnitec.com\/wp-content\/uploads\/2018\/01\/carnitec_logo_2018.png\",\"contentUrl\":\"http:\/\/carnitec.com\/wp-content\/uploads\/2018\/01\/carnitec_logo_2018.png\",\"width\":180,\"height\":50,\"caption\":\"Carnitec - food processing equipment\"},\"image\":{\"@id\":\"https:\/\/carnitec.com\/lv\/#\/schema\/logo\/image\/\"}}]}<\/script>\n<!-- \/ Yoast SEO plugin. -->","yoast_head_json":{"title":"Produkcija - Carnitec","description":"Kau\u0161anas l\u012bnijas un iek\u0101rtas. Ga\u013cas p\u0101rstr\u0101des iek\u0101rtas. Zivju p\u0101rstr\u0101des iek\u0101rtas. Iepako\u0161anas iek\u0101rtas. Ra\u017eo\u0161anas higi\u0113na un sanit\u0101rija","robots":{"index":"index","follow":"follow","max-snippet":"max-snippet:-1","max-image-preview":"max-image-preview:large","max-video-preview":"max-video-preview:-1"},"canonical":"https:\/\/carnitec.com\/lv\/produkcija\/","og_locale":"lv_LV","og_type":"article","og_title":"Produkcija - Carnitec","og_description":"Kau\u0161anas l\u012bnijas un iek\u0101rtas. Ga\u013cas p\u0101rstr\u0101des iek\u0101rtas. Zivju p\u0101rstr\u0101des iek\u0101rtas. Iepako\u0161anas iek\u0101rtas. Ra\u017eo\u0161anas higi\u0113na un sanit\u0101rija","og_url":"https:\/\/carnitec.com\/lv\/produkcija\/","og_site_name":"Carnitec","article_publisher":"https:\/\/facebook.com\/carnitec1","article_modified_time":"2021-12-28T20:17:28+00:00","twitter_card":"summary","twitter_site":"@carnitec_","twitter_misc":{"Est. reading time":"3 min\u016btes"},"schema":{"@context":"https:\/\/schema.org","@graph":[{"@type":"WebPage","@id":"https:\/\/carnitec.com\/lv\/produkcija\/","url":"https:\/\/carnitec.com\/lv\/produkcija\/","name":"Produkcija - Carnitec","isPartOf":{"@id":"https:\/\/carnitec.com\/lv\/#website"},"datePublished":"2016-02-07T18:07:20+00:00","dateModified":"2021-12-28T20:17:28+00:00","description":"Kau\u0161anas l\u012bnijas un iek\u0101rtas. Ga\u013cas p\u0101rstr\u0101des iek\u0101rtas. Zivju p\u0101rstr\u0101des iek\u0101rtas. Iepako\u0161anas iek\u0101rtas. Ra\u017eo\u0161anas higi\u0113na un sanit\u0101rija","breadcrumb":{"@id":"https:\/\/carnitec.com\/lv\/produkcija\/#breadcrumb"},"inLanguage":"lv-LV","potentialAction":[{"@type":"ReadAction","target":["https:\/\/carnitec.com\/lv\/produkcija\/"]}]},{"@type":"BreadcrumbList","@id":"https:\/\/carnitec.com\/lv\/produkcija\/#breadcrumb","itemListElement":[{"@type":"ListItem","position":1,"name":"\u0413\u043b\u0430\u0432\u043d\u0430\u044f \u0441\u0442\u0440\u0430\u043d\u0438\u0446\u0430","item":"https:\/\/carnitec.com\/lv\/"},{"@type":"ListItem","position":2,"name":"Produkcija"}]},{"@type":"WebSite","@id":"https:\/\/carnitec.com\/lv\/#website","url":"https:\/\/carnitec.com\/lv\/","name":"Carnitec","description":"P\u0101rtikas r\u016bpniec\u012bbas iek\u0101rtas","publisher":{"@id":"https:\/\/carnitec.com\/lv\/#organization"},"potentialAction":[{"@type":"SearchAction","target":{"@type":"EntryPoint","urlTemplate":"https:\/\/carnitec.com\/lv\/?s={search_term_string}"},"query-input":"required name=search_term_string"}],"inLanguage":"lv-LV"},{"@type":"Organization","@id":"https:\/\/carnitec.com\/lv\/#organization","name":"Carnitec - food processing equipment","url":"https:\/\/carnitec.com\/lv\/","sameAs":["https:\/\/www.instagram.com\/carnitec\/?hl=en","https:\/\/www.linkedin.com\/company\/carnitec-ltd\/","https:\/\/www.youtube.com\/channel\/UCwfiuJujkF2QxPPZAqB0T2w","https:\/\/facebook.com\/carnitec1","https:\/\/twitter.com\/carnitec_"],"logo":{"@type":"ImageObject","inLanguage":"lv-LV","@id":"https:\/\/carnitec.com\/lv\/#\/schema\/logo\/image\/","url":"http:\/\/carnitec.com\/wp-content\/uploads\/2018\/01\/carnitec_logo_2018.png","contentUrl":"http:\/\/carnitec.com\/wp-content\/uploads\/2018\/01\/carnitec_logo_2018.png","width":180,"height":50,"caption":"Carnitec - food processing equipment"},"image":{"@id":"https:\/\/carnitec.com\/lv\/#\/schema\/logo\/image\/"}}]}},"_links":{"self":[{"href":"https:\/\/carnitec.com\/lv\/wp-json\/wp\/v2\/pages\/5841"}],"collection":[{"href":"https:\/\/carnitec.com\/lv\/wp-json\/wp\/v2\/pages"}],"about":[{"href":"https:\/\/carnitec.com\/lv\/wp-json\/wp\/v2\/types\/page"}],"author":[{"embeddable":true,"href":"https:\/\/carnitec.com\/lv\/wp-json\/wp\/v2\/users\/1"}],"replies":[{"embeddable":true,"href":"https:\/\/carnitec.com\/lv\/wp-json\/wp\/v2\/comments?post=5841"}],"version-history":[{"count":3,"href":"https:\/\/carnitec.com\/lv\/wp-json\/wp\/v2\/pages\/5841\/revisions"}],"predecessor-version":[{"id":48116,"href":"https:\/\/carnitec.com\/lv\/wp-json\/wp\/v2\/pages\/5841\/revisions\/48116"}],"wp:attachment":[{"href":"https:\/\/carnitec.com\/lv\/wp-json\/wp\/v2\/media?parent=5841"}],"wp:term":[{"taxonomy":"post_tag","embeddable":true,"href":"https:\/\/carnitec.com\/lv\/wp-json\/wp\/v2\/tags?post=5841"}],"curies":[{"name":"wp","href":"https:\/\/api.w.org\/{rel}","templated":true}]}}