{"id":5833,"date":"2016-02-07T19:47:18","date_gmt":"2016-02-07T17:47:18","guid":{"rendered":"http:\/\/carnitec.com\/lv\/?page_id=5833"},"modified":"2018-03-17T12:56:00","modified_gmt":"2018-03-17T10:56:00","slug":"cart","status":"publish","type":"page","link":"https:\/\/carnitec.com\/lv\/cart\/","title":{"rendered":"Cart"},"content":{"rendered":"<p>[vc_row][vc_column][\/vc_column][\/vc_row][vc_row][vc_column]<div class=\"woocommerce columns-5\"><ul class=\"products tm-products row columns-5\">\n<div class=\"swiper-slide\">\n\t<div class=\"product-category product first\">\n\n\t\t\n\t\t<div class=\"cat-image\">\n\t\t\t\t\t<\/div>\n\t\t<div class=\"cat-text\">\n\t\t\t<div class=\"inner\">\n\t\t\t\t<h5 class=\"cat-title\">\n\t\t\t\t\tZivju p\u0101rstr\u0101des iek\u0101rtas\t\t\t\t<\/h5>\n\t\t\t\t<p class=\"cat-count\">\n\t\t\t\t\t 20 Products\t\t\t\t<\/p>\n\t\t\t\t\t\t\t<\/div>\n\t\t<\/div>\n\n\t\t\n\t<\/div>\n<\/div>\n<div class=\"swiper-slide\">\n\t<div class=\"product-category product\">\n\n\t\t\n\t\t<div class=\"cat-image\">\n\t\t\t\t\t<\/div>\n\t\t<div class=\"cat-text\">\n\t\t\t<div class=\"inner\">\n\t\t\t\t<h5 class=\"cat-title\">\n\t\t\t\t\tRa\u017eo\u0161anas higi\u0113na un sanit\u0101rija\t\t\t\t<\/h5>\n\t\t\t\t<p class=\"cat-count\">\n\t\t\t\t\t 96 Products\t\t\t\t<\/p>\n\t\t\t\t\t\t\t<\/div>\n\t\t<\/div>\n\n\t\t\n\t<\/div>\n<\/div>\n<div class=\"swiper-slide\">\n\t<div class=\"product-category product\">\n\n\t\t\n\t\t<div class=\"cat-image\">\n\t\t\t\t\t<\/div>\n\t\t<div class=\"cat-text\">\n\t\t\t<div class=\"inner\">\n\t\t\t\t<h5 class=\"cat-title\">\n\t\t\t\t\tK\u016bpin\u0101\u0161anas kameras\t\t\t\t<\/h5>\n\t\t\t\t<p class=\"cat-count\">\n\t\t\t\t\t 13 Products\t\t\t\t<\/p>\n\t\t\t\t\t\t\t<\/div>\n\t\t<\/div>\n\n\t\t\n\t<\/div>\n<\/div>\n<div class=\"swiper-slide\">\n\t<div class=\"product-category product\">\n\n\t\t\n\t\t<div class=\"cat-image\">\n\t\t\t\t\t<\/div>\n\t\t<div class=\"cat-text\">\n\t\t\t<div class=\"inner\">\n\t\t\t\t<h5 class=\"cat-title\">\n\t\t\t\t\tIepako\u0161anas iek\u0101rtas\t\t\t\t<\/h5>\n\t\t\t\t<p class=\"cat-count\">\n\t\t\t\t\t 1 Product\t\t\t\t<\/p>\n\t\t\t\t\t\t\t<\/div>\n\t\t<\/div>\n\n\t\t\n\t<\/div>\n<\/div>\n<div class=\"swiper-slide\">\n\t<div class=\"product-category product last\">\n\n\t\t\n\t\t<div class=\"cat-image\">\n\t\t\t\t\t<\/div>\n\t\t<div class=\"cat-text\">\n\t\t\t<div class=\"inner\">\n\t\t\t\t<h5 class=\"cat-title\">\n\t\t\t\t\tGa\u013cas p\u0101rstr\u0101des iek\u0101rtas\t\t\t\t<\/h5>\n\t\t\t\t<p class=\"cat-count\">\n\t\t\t\t\t 11 Products\t\t\t\t<\/p>\n\t\t\t\t\t\t\t<\/div>\n\t\t<\/div>\n\n\t\t\n\t<\/div>\n<\/div>\n<\/ul>\n<\/div>[\/vc_column][\/vc_row][vc_row][vc_column]<div class=\"mgwoocommercebrands brands-slider brands-slider-29237\"><ul><li><li><a href=\"https:\/\/carnitec.com\/lv\/brands\/am2c-lv\/\">AM2C<\/a><\/li><\/li><li><a href=\"https:\/\/carnitec.com\/lv\/brands\/bladestop-lv\/\"><img src=\"http:\/\/carnitec.com\/wp-content\/uploads\/2017\/06\/bladestop.jpg\" alt=\"BladeStop\"\/><\/a><\/li><li><a href=\"https:\/\/carnitec.com\/lv\/brands\/busch-lv\/\"><img src=\"https:\/\/carnitec.com\/wp-content\/uploads\/2018\/07\/busch_logo.png\" alt=\"Busch\"\/><\/a><\/li><li><a href=\"https:\/\/carnitec.com\/lv\/brands\/carnitec-lv\/\"><img src=\"http:\/\/carnitec.com\/wp-content\/uploads\/2018\/01\/carnitec_brand.png\" alt=\"Carnitec\"\/><\/a><\/li><li><a href=\"https:\/\/carnitec.com\/lv\/brands\/dibal-lv\/\"><img src=\"http:\/\/carnitec.com\/wp-content\/uploads\/2016\/07\/Dibal_sa.png\" alt=\"Dibal\"\/><\/a><\/li><li><a href=\"https:\/\/carnitec.com\/lv\/brands\/efa-lv\/\"><img src=\"http:\/\/carnitec.com\/wp-content\/uploads\/2016\/03\/efa-1.png\" alt=\"EFA\"\/><\/a><\/li><li><a href=\"https:\/\/carnitec.com\/lv\/brands\/euroflex-lv\/\"><img src=\"http:\/\/carnitec.com\/wp-content\/uploads\/2016\/03\/euroflex.png\" alt=\"Euroflex\"\/><\/a><\/li><li><a href=\"https:\/\/carnitec.com\/lv\/brands\/foodlogistik-lv\/\"><img src=\"https:\/\/carnitec.com\/wp-content\/uploads\/2019\/06\/foodlogistik_103-1.png\" alt=\"Foodlogistik\"\/><\/a><\/li><li><a href=\"https:\/\/carnitec.com\/lv\/brands\/foodmate-lv\/\"><img src=\"http:\/\/carnitec.com\/wp-content\/uploads\/2018\/03\/foodmate.png\" alt=\"Foodmate\"\/><\/a><\/li><li><a href=\"https:\/\/carnitec.com\/lv\/brands\/fr-dick-lv\/\"><img src=\"http:\/\/carnitec.com\/wp-content\/uploads\/2016\/03\/fr_dick.png\" alt=\"Fr.DICK\"\/><\/a><\/li><\/ul><\/div>\n\t\t\t<script>\n\t\t\t(function($){\n\t\t\t$(document).ready(function() {\n\t\t\t\t$('.mgwoocommercebrands.brands-slider.brands-slider-29237 ul').owlCarousel({\n\t\t            items: 6,\n\t\t            itemsTablet: [770,3],\n\t\t            itemsMobile : [480,1],\n\t\t            navigation: true,\n\t\t            navigationText : false,\n\t\t            pagination: false,\n\t\t            autoPlay: true\n\t\t\t    });\n\t\n\t\t\t});\n\t\t\t})(jQuery);\n\t\t    <\/script>[\/vc_column][\/vc_row]<\/p>\n","protected":false},"excerpt":{"rendered":"<p>[vc_row][vc_column][\/vc_column][\/vc_row][vc_row][vc_column][\/vc_column][\/vc_row][vc_row][vc_column][\/vc_column][\/vc_row]<\/p>\n","protected":false},"author":1,"featured_media":0,"parent":0,"menu_order":0,"comment_status":"closed","ping_status":"closed","template":"","meta":{"content-type":"","_monsterinsights_skip_tracking":false,"_monsterinsights_sitenote_active":false,"_monsterinsights_sitenote_note":"","_monsterinsights_sitenote_category":0},"tags":[],"yoast_head":"<!-- This site is optimized with the Yoast SEO plugin v19.5.1 - https:\/\/yoast.com\/wordpress\/plugins\/seo\/ -->\n<title>Cart - Carnitec<\/title>\n<meta name=\"robots\" content=\"index, follow, max-snippet:-1, max-image-preview:large, max-video-preview:-1\" \/>\n<link rel=\"canonical\" href=\"https:\/\/carnitec.com\/lv\/cart\/\" \/>\n<meta property=\"og:locale\" content=\"lv_LV\" \/>\n<meta property=\"og:type\" content=\"article\" \/>\n<meta property=\"og:title\" content=\"Cart - Carnitec\" \/>\n<meta property=\"og:description\" content=\"[vc_row][vc_column][\/vc_column][\/vc_row][vc_row][vc_column][\/vc_column][\/vc_row][vc_row][vc_column][\/vc_column][\/vc_row]\" \/>\n<meta property=\"og:url\" content=\"https:\/\/carnitec.com\/lv\/cart\/\" \/>\n<meta property=\"og:site_name\" content=\"Carnitec\" \/>\n<meta property=\"article:publisher\" content=\"https:\/\/facebook.com\/carnitec1\" \/>\n<meta property=\"article:modified_time\" content=\"2018-03-17T10:56:00+00:00\" \/>\n<meta name=\"twitter:card\" content=\"summary\" \/>\n<meta name=\"twitter:site\" content=\"@carnitec_\" \/>\n<script type=\"application\/ld+json\" class=\"yoast-schema-graph\">{\"@context\":\"https:\/\/schema.org\",\"@graph\":[{\"@type\":\"WebPage\",\"@id\":\"https:\/\/carnitec.com\/lv\/cart\/\",\"url\":\"https:\/\/carnitec.com\/lv\/cart\/\",\"name\":\"Cart - Carnitec\",\"isPartOf\":{\"@id\":\"https:\/\/carnitec.com\/lv\/#website\"},\"datePublished\":\"2016-02-07T17:47:18+00:00\",\"dateModified\":\"2018-03-17T10:56:00+00:00\",\"breadcrumb\":{\"@id\":\"https:\/\/carnitec.com\/lv\/cart\/#breadcrumb\"},\"inLanguage\":\"lv-LV\",\"potentialAction\":[{\"@type\":\"ReadAction\",\"target\":[\"https:\/\/carnitec.com\/lv\/cart\/\"]}]},{\"@type\":\"BreadcrumbList\",\"@id\":\"https:\/\/carnitec.com\/lv\/cart\/#breadcrumb\",\"itemListElement\":[{\"@type\":\"ListItem\",\"position\":1,\"name\":\"\u0413\u043b\u0430\u0432\u043d\u0430\u044f \u0441\u0442\u0440\u0430\u043d\u0438\u0446\u0430\",\"item\":\"https:\/\/carnitec.com\/lv\/\"},{\"@type\":\"ListItem\",\"position\":2,\"name\":\"Cart\"}]},{\"@type\":\"WebSite\",\"@id\":\"https:\/\/carnitec.com\/lv\/#website\",\"url\":\"https:\/\/carnitec.com\/lv\/\",\"name\":\"Carnitec\",\"description\":\"P\u0101rtikas r\u016bpniec\u012bbas iek\u0101rtas\",\"publisher\":{\"@id\":\"https:\/\/carnitec.com\/lv\/#organization\"},\"potentialAction\":[{\"@type\":\"SearchAction\",\"target\":{\"@type\":\"EntryPoint\",\"urlTemplate\":\"https:\/\/carnitec.com\/lv\/?s={search_term_string}\"},\"query-input\":\"required name=search_term_string\"}],\"inLanguage\":\"lv-LV\"},{\"@type\":\"Organization\",\"@id\":\"https:\/\/carnitec.com\/lv\/#organization\",\"name\":\"Carnitec - food processing equipment\",\"url\":\"https:\/\/carnitec.com\/lv\/\",\"sameAs\":[\"https:\/\/www.instagram.com\/carnitec\/?hl=en\",\"https:\/\/www.linkedin.com\/company\/carnitec-ltd\/\",\"https:\/\/www.youtube.com\/channel\/UCwfiuJujkF2QxPPZAqB0T2w\",\"https:\/\/facebook.com\/carnitec1\",\"https:\/\/twitter.com\/carnitec_\"],\"logo\":{\"@type\":\"ImageObject\",\"inLanguage\":\"lv-LV\",\"@id\":\"https:\/\/carnitec.com\/lv\/#\/schema\/logo\/image\/\",\"url\":\"http:\/\/carnitec.com\/wp-content\/uploads\/2018\/01\/carnitec_logo_2018.png\",\"contentUrl\":\"http:\/\/carnitec.com\/wp-content\/uploads\/2018\/01\/carnitec_logo_2018.png\",\"width\":180,\"height\":50,\"caption\":\"Carnitec - food processing equipment\"},\"image\":{\"@id\":\"https:\/\/carnitec.com\/lv\/#\/schema\/logo\/image\/\"}}]}<\/script>\n<!-- \/ Yoast SEO plugin. -->","yoast_head_json":{"title":"Cart - Carnitec","robots":{"index":"index","follow":"follow","max-snippet":"max-snippet:-1","max-image-preview":"max-image-preview:large","max-video-preview":"max-video-preview:-1"},"canonical":"https:\/\/carnitec.com\/lv\/cart\/","og_locale":"lv_LV","og_type":"article","og_title":"Cart - Carnitec","og_description":"[vc_row][vc_column][\/vc_column][\/vc_row][vc_row][vc_column][\/vc_column][\/vc_row][vc_row][vc_column][\/vc_column][\/vc_row]","og_url":"https:\/\/carnitec.com\/lv\/cart\/","og_site_name":"Carnitec","article_publisher":"https:\/\/facebook.com\/carnitec1","article_modified_time":"2018-03-17T10:56:00+00:00","twitter_card":"summary","twitter_site":"@carnitec_","schema":{"@context":"https:\/\/schema.org","@graph":[{"@type":"WebPage","@id":"https:\/\/carnitec.com\/lv\/cart\/","url":"https:\/\/carnitec.com\/lv\/cart\/","name":"Cart - Carnitec","isPartOf":{"@id":"https:\/\/carnitec.com\/lv\/#website"},"datePublished":"2016-02-07T17:47:18+00:00","dateModified":"2018-03-17T10:56:00+00:00","breadcrumb":{"@id":"https:\/\/carnitec.com\/lv\/cart\/#breadcrumb"},"inLanguage":"lv-LV","potentialAction":[{"@type":"ReadAction","target":["https:\/\/carnitec.com\/lv\/cart\/"]}]},{"@type":"BreadcrumbList","@id":"https:\/\/carnitec.com\/lv\/cart\/#breadcrumb","itemListElement":[{"@type":"ListItem","position":1,"name":"\u0413\u043b\u0430\u0432\u043d\u0430\u044f \u0441\u0442\u0440\u0430\u043d\u0438\u0446\u0430","item":"https:\/\/carnitec.com\/lv\/"},{"@type":"ListItem","position":2,"name":"Cart"}]},{"@type":"WebSite","@id":"https:\/\/carnitec.com\/lv\/#website","url":"https:\/\/carnitec.com\/lv\/","name":"Carnitec","description":"P\u0101rtikas r\u016bpniec\u012bbas iek\u0101rtas","publisher":{"@id":"https:\/\/carnitec.com\/lv\/#organization"},"potentialAction":[{"@type":"SearchAction","target":{"@type":"EntryPoint","urlTemplate":"https:\/\/carnitec.com\/lv\/?s={search_term_string}"},"query-input":"required name=search_term_string"}],"inLanguage":"lv-LV"},{"@type":"Organization","@id":"https:\/\/carnitec.com\/lv\/#organization","name":"Carnitec - food processing equipment","url":"https:\/\/carnitec.com\/lv\/","sameAs":["https:\/\/www.instagram.com\/carnitec\/?hl=en","https:\/\/www.linkedin.com\/company\/carnitec-ltd\/","https:\/\/www.youtube.com\/channel\/UCwfiuJujkF2QxPPZAqB0T2w","https:\/\/facebook.com\/carnitec1","https:\/\/twitter.com\/carnitec_"],"logo":{"@type":"ImageObject","inLanguage":"lv-LV","@id":"https:\/\/carnitec.com\/lv\/#\/schema\/logo\/image\/","url":"http:\/\/carnitec.com\/wp-content\/uploads\/2018\/01\/carnitec_logo_2018.png","contentUrl":"http:\/\/carnitec.com\/wp-content\/uploads\/2018\/01\/carnitec_logo_2018.png","width":180,"height":50,"caption":"Carnitec - food processing equipment"},"image":{"@id":"https:\/\/carnitec.com\/lv\/#\/schema\/logo\/image\/"}}]}},"_links":{"self":[{"href":"https:\/\/carnitec.com\/lv\/wp-json\/wp\/v2\/pages\/5833"}],"collection":[{"href":"https:\/\/carnitec.com\/lv\/wp-json\/wp\/v2\/pages"}],"about":[{"href":"https:\/\/carnitec.com\/lv\/wp-json\/wp\/v2\/types\/page"}],"author":[{"embeddable":true,"href":"https:\/\/carnitec.com\/lv\/wp-json\/wp\/v2\/users\/1"}],"replies":[{"embeddable":true,"href":"https:\/\/carnitec.com\/lv\/wp-json\/wp\/v2\/comments?post=5833"}],"version-history":[{"count":0,"href":"https:\/\/carnitec.com\/lv\/wp-json\/wp\/v2\/pages\/5833\/revisions"}],"wp:attachment":[{"href":"https:\/\/carnitec.com\/lv\/wp-json\/wp\/v2\/media?parent=5833"}],"wp:term":[{"taxonomy":"post_tag","embeddable":true,"href":"https:\/\/carnitec.com\/lv\/wp-json\/wp\/v2\/tags?post=5833"}],"curies":[{"name":"wp","href":"https:\/\/api.w.org\/{rel}","templated":true}]}}