{"id":5827,"date":"2016-02-07T19:44:41","date_gmt":"2016-02-07T17:44:41","guid":{"rendered":"http:\/\/carnitec.com\/lv\/?page_id=5827"},"modified":"2024-04-12T20:17:12","modified_gmt":"2024-04-12T18:17:12","slug":"kontakti","status":"publish","type":"page","link":"https:\/\/carnitec.com\/lv\/kontakti\/","title":{"rendered":"Kontakti"},"content":{"rendered":"<p>[vc_row full_width=&#8221;stretch_row_content_no_spaces&#8221;][vc_column][tm_gmaps map_height=&#8221;550px&#8221; zoom=&#8221;16&#8243; map_style=&#8221;subtle_grayscale&#8221; overlay_enable=&#8221;1&#8243; markers=&#8221;%5B%7B%22address%22%3A%22Ventspils%20iela%2051%2C%20Riga%20LV1002%22%7D%5D&#8221;][\/vc_column][\/vc_row][vc_row lg_spacing=&#8221;padding_top:90;padding_bottom:30&#8243;][vc_column width=&#8221;1\/4&#8243; lg_spacing=&#8221;margin_bottom:30;padding_top:0&#8243;][vc_row_inner content_placement=&#8221;middle&#8221;][vc_column_inner width=&#8221;1\/4&#8243; lg_spacing=&#8221;margin_bottom:30;padding_top:0&#8243;][tm_image image=&#8221;48567&#8243;][\/vc_column_inner][vc_column_inner width=&#8221;3\/4&#8243; lg_spacing=&#8221;margin_bottom:30;padding_top:0&#8243;][tm_heading tag=&#8221;div&#8221; custom_google_font=&#8221;&#8221; google_fonts=&#8221;font_family:Poppins%3A300%2Cregular%2C500%2C600%2C700|font_style:700%20bold%20regular%3A700%3Anormal&#8221; font_weight=&#8221;700&#8243; text_color=&#8221;secondary&#8221; text=&#8221;Adrese un rekviz\u012bti&#8221; line_height=&#8221;1&#8243; font_size=&#8221;lg:18&#8243; css=&#8221;.vc_custom_1641206834951{margin-bottom: 10px !important;}&#8221;][tm_heading tag=&#8221;div&#8221; custom_google_font=&#8221;&#8221; google_fonts=&#8221;font_family:Poppins%3A300%2Cregular%2C500%2C600%2C700|font_style:400%20regular%3A400%3Anormal&#8221; text=&#8221;Carnitec SIA<br \/>\nVentspils iela 51<br \/>\nR\u012bga, LV-1002<\/p>\n<p>R\u0113\u0123.nr. LV40003976301&#8243; line_height=&#8221;24px&#8221;][\/vc_column_inner][\/vc_row_inner][\/vc_column][vc_column width=&#8221;1\/4&#8243; lg_spacing=&#8221;margin_bottom:30;padding_top:0&#8243;][vc_row_inner content_placement=&#8221;middle&#8221;][vc_column_inner width=&#8221;1\/4&#8243; lg_spacing=&#8221;margin_bottom:30;padding_top:0&#8243;][tm_image image=&#8221;48571&#8243;][\/vc_column_inner][vc_column_inner width=&#8221;3\/4&#8243; lg_spacing=&#8221;margin_bottom:30;padding_top:0&#8243;][tm_heading tag=&#8221;div&#8221; custom_google_font=&#8221;&#8221; google_fonts=&#8221;font_family:Poppins%3A300%2Cregular%2C500%2C600%2C700|font_style:700%20bold%20regular%3A700%3Anormal&#8221; font_weight=&#8221;700&#8243; text_color=&#8221;secondary&#8221; text=&#8221;Zvaniet mums&#8221; line_height=&#8221;1&#8243; font_size=&#8221;lg:18&#8243; css=&#8221;.vc_custom_1641206947446{margin-bottom: 10px !important;}&#8221;][tm_heading tag=&#8221;div&#8221; custom_google_font=&#8221;&#8221; google_fonts=&#8221;font_family:Poppins%3A300%2Cregular%2C500%2C600%2C700|font_style:400%20regular%3A400%3Anormal&#8221; text=&#8221;Tirdzniec\u012bba un serviss<br \/>\n+371 63 03 18 02<br \/>\n+371 29 57 90 56\u202c&#8221; line_height=&#8221;24px&#8221;][\/vc_column_inner][\/vc_row_inner][\/vc_column][vc_column width=&#8221;1\/4&#8243; lg_spacing=&#8221;margin_bottom:30;padding_top:0&#8243;][vc_row_inner content_placement=&#8221;middle&#8221;][vc_column_inner width=&#8221;1\/4&#8243; lg_spacing=&#8221;margin_bottom:30;padding_top:0&#8243;][tm_image image=&#8221;48588&#8243;][\/vc_column_inner][vc_column_inner width=&#8221;3\/4&#8243; lg_spacing=&#8221;margin_bottom:30;padding_top:0&#8243;][tm_heading tag=&#8221;div&#8221; custom_google_font=&#8221;&#8221; google_fonts=&#8221;font_family:Poppins%3A300%2Cregular%2C500%2C600%2C700|font_style:700%20bold%20regular%3A700%3Anormal&#8221; font_weight=&#8221;700&#8243; text_color=&#8221;secondary&#8221; text=&#8221;Rakst\u012bt uz WhatsApp&#8221; line_height=&#8221;1&#8243; font_size=&#8221;lg:18&#8243; css=&#8221;.vc_custom_1641207050434{margin-bottom: 10px !important;}&#8221;][tm_heading tag=&#8221;div&#8221; custom_google_font=&#8221;&#8221; google_fonts=&#8221;font_family:Poppins%3A300%2Cregular%2C500%2C600%2C700|font_style:400%20regular%3A400%3Anormal&#8221; text=&#8221;WhatsApp<br \/>\n+37129579056&#8243; line_height=&#8221;24px&#8221; link=&#8221;https:\/\/wa.me\/37129579056&#8243;][\/vc_column_inner][\/vc_row_inner][\/vc_column][vc_column width=&#8221;1\/4&#8243;][vc_row_inner content_placement=&#8221;middle&#8221;][vc_column_inner width=&#8221;1\/4&#8243; lg_spacing=&#8221;margin_bottom:30;padding_top:0&#8243;][tm_image image=&#8221;48575&#8243;][\/vc_column_inner][vc_column_inner width=&#8221;3\/4&#8243; lg_spacing=&#8221;margin_bottom:30;padding_top:0&#8243;][tm_heading tag=&#8221;div&#8221; custom_google_font=&#8221;&#8221; google_fonts=&#8221;font_family:Poppins%3A300%2Cregular%2C500%2C600%2C700|font_style:700%20bold%20regular%3A700%3Anormal&#8221; font_weight=&#8221;700&#8243; text_color=&#8221;secondary&#8221; text=&#8221;Nos\u016btiet mums e-pastu&#8221; line_height=&#8221;1&#8243; font_size=&#8221;lg:18&#8243; css=&#8221;.vc_custom_1641207073462{margin-bottom: 10px !important;}&#8221;][tm_heading tag=&#8221;div&#8221; custom_google_font=&#8221;&#8221; google_fonts=&#8221;font_family:Poppins%3A300%2Cregular%2C500%2C600%2C700|font_style:400%20regular%3A400%3Anormal&#8221; text=&#8221;info@carnitec.com&#8221; line_height=&#8221;24px&#8221;][\/vc_column_inner][\/vc_row_inner][\/vc_column][\/vc_row][vc_row][vc_column width=&#8221;2\/3&#8243;][tm_heading tag=&#8221;div&#8221; custom_google_font=&#8221;&#8221; google_fonts=&#8221;font_family:Poppins%3A300%2Cregular%2C500%2C600%2C700|font_style:700%20bold%20regular%3A700%3Anormal&#8221; font_weight=&#8221;700&#8243; text_color=&#8221;secondary&#8221; text=&#8221;Uzrakstiet mums&#8221; font_size=&#8221;lg:40&#8243; line_height=&#8221;1&#8243; css=&#8221;.vc_custom_1641207279393{margin-bottom: 30px !important;}&#8221;][tm_contact_form_7 id=&#8221;49344&#8243;][\/vc_column][vc_column width=&#8221;1\/3&#8243;][tm_heading tag=&#8221;div&#8221; custom_google_font=&#8221;&#8221; google_fonts=&#8221;font_family:Poppins%3A300%2Cregular%2C500%2C600%2C700|font_style:700%20bold%20regular%3A700%3Anormal&#8221; font_weight=&#8221;700&#8243; text_color=&#8221;secondary&#8221; text=&#8221;Seko mums&#8221; font_size=&#8221;lg:40&#8243; line_height=&#8221;1&#8243; css=&#8221;.vc_custom_1641207293667{margin-bottom: 30px !important;}&#8221;][tm_social_networks style=&#8221;rounded-icon-title&#8221; layout=&#8221;two-columns&#8221; items=&#8221;%5B%7B%22title%22%3A%22Facebook%22%2C%22link%22%3A%22https%3A%2F%2Ffacebook.com%2Fcarnitec1%22%2C%22icon_type%22%3A%22ion%22%2C%22icon_ion%22%3A%22ion-social-facebook%22%2C%22icon_themify%22%3A%22ti-arrow-up%22%2C%22icon_pe7stroke%22%3A%22pe-7s-album%22%2C%22icon_tractor%22%3A%22tractor-chat%22%2C%22icon_icomoon%22%3A%22icomoon-alarm-clock%22%7D%2C%7B%22title%22%3A%22Linkedin%22%2C%22link%22%3A%22https%3A%2F%2Fwww.linkedin.com%2Fcompany%2Fcarnitec-ltd%2F%22%2C%22icon_type%22%3A%22ion%22%2C%22icon_ion%22%3A%22ion-social-linkedin%22%2C%22icon_themify%22%3A%22ti-arrow-up%22%2C%22icon_pe7stroke%22%3A%22pe-7s-album%22%2C%22icon_tractor%22%3A%22tractor-chat%22%2C%22icon_icomoon%22%3A%22icomoon-alarm-clock%22%7D%2C%7B%22title%22%3A%22Twitter%22%2C%22link%22%3A%22https%3A%2F%2Ftwitter.com%2Fcarnitec_%22%2C%22icon_type%22%3A%22ion%22%2C%22icon_ion%22%3A%22ion-social-twitter%22%2C%22icon_themify%22%3A%22ti-arrow-up%22%2C%22icon_pe7stroke%22%3A%22pe-7s-album%22%2C%22icon_tractor%22%3A%22tractor-chat%22%2C%22icon_icomoon%22%3A%22icomoon-alarm-clock%22%7D%2C%7B%22title%22%3A%22YouTube%22%2C%22link%22%3A%22https%3A%2F%2Fwww.youtube.com%2Fchannel%2FUCmyO5BGp63GY2LLAI-AOs8g%22%2C%22icon_type%22%3A%22ion%22%2C%22icon_ion%22%3A%22ion-social-youtube%22%2C%22icon_themify%22%3A%22ti-arrow-up%22%2C%22icon_pe7stroke%22%3A%22pe-7s-album%22%2C%22icon_tractor%22%3A%22tractor-chat%22%2C%22icon_icomoon%22%3A%22icomoon-alarm-clock%22%7D%5D&#8221;][\/vc_column][\/vc_row][vc_row][vc_column][tm_spacer size=&#8221;lg:20&#8243;][\/vc_column][\/vc_row]<\/p>\n","protected":false},"excerpt":{"rendered":"<p>[vc_row full_width=&#8221;stretch_row_content_no_spaces&#8221;][vc_column][tm_gmaps map_height=&#8221;550px&#8221; zoom=&#8221;16&#8243; map_style=&#8221;subtle_grayscale&#8221; overlay_enable=&#8221;1&#8243; markers=&#8221;%5B%7B%22address%22%3A%22Ventspils%20iela%2051%2C%20Riga%20LV1002%22%7D%5D&#8221;][\/vc_column][\/vc_row][vc_row lg_spacing=&#8221;padding_top:90;padding_bottom:30&#8243;][vc_column width=&#8221;1\/4&#8243; lg_spacing=&#8221;margin_bottom:30;padding_top:0&#8243;][vc_row_inner content_placement=&#8221;middle&#8221;][vc_column_inner width=&#8221;1\/4&#8243; lg_spacing=&#8221;margin_bottom:30;padding_top:0&#8243;][tm_image image=&#8221;48567&#8243;][\/vc_column_inner][vc_column_inner width=&#8221;3\/4&#8243; lg_spacing=&#8221;margin_bottom:30;padding_top:0&#8243;][tm_heading tag=&#8221;div&#8221; custom_google_font=&#8221;&#8221; google_fonts=&#8221;font_family:Poppins%3A300%2Cregular%2C500%2C600%2C700|font_style:700%20bold%20regular%3A700%3Anormal&#8221; font_weight=&#8221;700&#8243; text_color=&#8221;secondary&#8221; text=&#8221;Adrese un rekviz\u012bti&#8221; line_height=&#8221;1&#8243; font_size=&#8221;lg:18&#8243; css=&#8221;.vc_custom_1641206834951{margin-bottom: 10px !important;}&#8221;][tm_heading tag=&#8221;div&#8221; custom_google_font=&#8221;&#8221; google_fonts=&#8221;font_family:Poppins%3A300%2Cregular%2C500%2C600%2C700|font_style:400%20regular%3A400%3Anormal&#8221; text=&#8221;Carnitec SIA Ventspils iela 51 R\u012bga, LV-1002 R\u0113\u0123.nr. LV40003976301&#8243; line_height=&#8221;24px&#8221;][\/vc_column_inner][\/vc_row_inner][\/vc_column][vc_column width=&#8221;1\/4&#8243; lg_spacing=&#8221;margin_bottom:30;padding_top:0&#8243;][vc_row_inner content_placement=&#8221;middle&#8221;][vc_column_inner width=&#8221;1\/4&#8243; lg_spacing=&#8221;margin_bottom:30;padding_top:0&#8243;][tm_image image=&#8221;48571&#8243;][\/vc_column_inner][vc_column_inner width=&#8221;3\/4&#8243; lg_spacing=&#8221;margin_bottom:30;padding_top:0&#8243;][tm_heading tag=&#8221;div&#8221; custom_google_font=&#8221;&#8221; google_fonts=&#8221;font_family:Poppins%3A300%2Cregular%2C500%2C600%2C700|font_style:700%20bold%20regular%3A700%3Anormal&#8221; font_weight=&#8221;700&#8243; text_color=&#8221;secondary&#8221; text=&#8221;Zvaniet mums&#8221; line_height=&#8221;1&#8243; font_size=&#8221;lg:18&#8243; css=&#8221;.vc_custom_1641206947446{margin-bottom: 10px !important;}&#8221;][tm_heading tag=&#8221;div&#8221; custom_google_font=&#8221;&#8221; google_fonts=&#8221;font_family:Poppins%3A300%2Cregular%2C500%2C600%2C700|font_style:400%20regular%3A400%3Anormal&#8221; text=&#8221;Tirdzniec\u012bba un serviss +371 63 03 18 02 +371 29 57 90 56\u202c&#8221; line_height=&#8221;24px&#8221;][\/vc_column_inner][\/vc_row_inner][\/vc_column][vc_column width=&#8221;1\/4&#8243; lg_spacing=&#8221;margin_bottom:30;padding_top:0&#8243;][vc_row_inner content_placement=&#8221;middle&#8221;][vc_column_inner width=&#8221;1\/4&#8243; lg_spacing=&#8221;margin_bottom:30;padding_top:0&#8243;][tm_image image=&#8221;48588&#8243;][\/vc_column_inner][vc_column_inner width=&#8221;3\/4&#8243; lg_spacing=&#8221;margin_bottom:30;padding_top:0&#8243;][tm_heading tag=&#8221;div&#8221; custom_google_font=&#8221;&#8221; google_fonts=&#8221;font_family:Poppins%3A300%2Cregular%2C500%2C600%2C700|font_style:700%20bold%20regular%3A700%3Anormal&#8221; font_weight=&#8221;700&#8243; text_color=&#8221;secondary&#8221; text=&#8221;Rakst\u012bt uz WhatsApp&#8221; line_height=&#8221;1&#8243; font_size=&#8221;lg:18&#8243; css=&#8221;.vc_custom_1641207050434{margin-bottom: 10px !important;}&#8221;][tm_heading tag=&#8221;div&#8221; custom_google_font=&#8221;&#8221; google_fonts=&#8221;font_family:Poppins%3A300%2Cregular%2C500%2C600%2C700|font_style:400%20regular%3A400%3Anormal&#8221; text=&#8221;WhatsApp +37129579056&#8243; line_height=&#8221;24px&#8221; link=&#8221;https:\/\/wa.me\/37129579056&#8243;][\/vc_column_inner][\/vc_row_inner][\/vc_column][vc_column width=&#8221;1\/4&#8243;][vc_row_inner content_placement=&#8221;middle&#8221;][vc_column_inner width=&#8221;1\/4&#8243; lg_spacing=&#8221;margin_bottom:30;padding_top:0&#8243;][tm_image image=&#8221;48575&#8243;][\/vc_column_inner][vc_column_inner width=&#8221;3\/4&#8243; lg_spacing=&#8221;margin_bottom:30;padding_top:0&#8243;][tm_heading tag=&#8221;div&#8221; custom_google_font=&#8221;&#8221; google_fonts=&#8221;font_family:Poppins%3A300%2Cregular%2C500%2C600%2C700|font_style:700%20bold%20regular%3A700%3Anormal&#8221; font_weight=&#8221;700&#8243; text_color=&#8221;secondary&#8221; text=&#8221;Nos\u016btiet mums e-pastu&#8221; line_height=&#8221;1&#8243; font_size=&#8221;lg:18&#8243; css=&#8221;.vc_custom_1641207073462{margin-bottom: 10px !important;}&#8221;][tm_heading tag=&#8221;div&#8221; custom_google_font=&#8221;&#8221; google_fonts=&#8221;font_family:Poppins%3A300%2Cregular%2C500%2C600%2C700|font_style:400%20regular%3A400%3Anormal&#8221; text=&#8221;info@carnitec.com&#8221; line_height=&#8221;24px&#8221;][\/vc_column_inner][\/vc_row_inner][\/vc_column][\/vc_row][vc_row][vc_column width=&#8221;2\/3&#8243;][tm_heading tag=&#8221;div&#8221; custom_google_font=&#8221;&#8221; google_fonts=&#8221;font_family:Poppins%3A300%2Cregular%2C500%2C600%2C700|font_style:700%20bold%20regular%3A700%3Anormal&#8221; font_weight=&#8221;700&#8243; text_color=&#8221;secondary&#8221; text=&#8221;Uzrakstiet mums&#8221; font_size=&#8221;lg:40&#8243; line_height=&#8221;1&#8243; css=&#8221;.vc_custom_1641207279393{margin-bottom: 30px !important;}&#8221;][tm_contact_form_7 id=&#8221;49344&#8243;][\/vc_column][vc_column width=&#8221;1\/3&#8243;][tm_heading tag=&#8221;div&#8221; custom_google_font=&#8221;&#8221; google_fonts=&#8221;font_family:Poppins%3A300%2Cregular%2C500%2C600%2C700|font_style:700%20bold%20regular%3A700%3Anormal&#8221; font_weight=&#8221;700&#8243; text_color=&#8221;secondary&#8221; text=&#8221;Seko mums&#8221; font_size=&#8221;lg:40&#8243; line_height=&#8221;1&#8243; css=&#8221;.vc_custom_1641207293667{margin-bottom: 30px !important;}&#8221;][tm_social_networks style=&#8221;rounded-icon-title&#8221; layout=&#8221;two-columns&#8221; items=&#8221;%5B%7B%22title%22%3A%22Facebook%22%2C%22link%22%3A%22https%3A%2F%2Ffacebook.com%2Fcarnitec1%22%2C%22icon_type%22%3A%22ion%22%2C%22icon_ion%22%3A%22ion-social-facebook%22%2C%22icon_themify%22%3A%22ti-arrow-up%22%2C%22icon_pe7stroke%22%3A%22pe-7s-album%22%2C%22icon_tractor%22%3A%22tractor-chat%22%2C%22icon_icomoon%22%3A%22icomoon-alarm-clock%22%7D%2C%7B%22title%22%3A%22Linkedin%22%2C%22link%22%3A%22https%3A%2F%2Fwww.linkedin.com%2Fcompany%2Fcarnitec-ltd%2F%22%2C%22icon_type%22%3A%22ion%22%2C%22icon_ion%22%3A%22ion-social-linkedin%22%2C%22icon_themify%22%3A%22ti-arrow-up%22%2C%22icon_pe7stroke%22%3A%22pe-7s-album%22%2C%22icon_tractor%22%3A%22tractor-chat%22%2C%22icon_icomoon%22%3A%22icomoon-alarm-clock%22%7D%2C%7B%22title%22%3A%22Twitter%22%2C%22link%22%3A%22https%3A%2F%2Ftwitter.com%2Fcarnitec_%22%2C%22icon_type%22%3A%22ion%22%2C%22icon_ion%22%3A%22ion-social-twitter%22%2C%22icon_themify%22%3A%22ti-arrow-up%22%2C%22icon_pe7stroke%22%3A%22pe-7s-album%22%2C%22icon_tractor%22%3A%22tractor-chat%22%2C%22icon_icomoon%22%3A%22icomoon-alarm-clock%22%7D%2C%7B%22title%22%3A%22YouTube%22%2C%22link%22%3A%22https%3A%2F%2Fwww.youtube.com%2Fchannel%2FUCmyO5BGp63GY2LLAI-AOs8g%22%2C%22icon_type%22%3A%22ion%22%2C%22icon_ion%22%3A%22ion-social-youtube%22%2C%22icon_themify%22%3A%22ti-arrow-up%22%2C%22icon_pe7stroke%22%3A%22pe-7s-album%22%2C%22icon_tractor%22%3A%22tractor-chat%22%2C%22icon_icomoon%22%3A%22icomoon-alarm-clock%22%7D%5D&#8221;][\/vc_column][\/vc_row][vc_row][vc_column][tm_spacer size=&#8221;lg:20&#8243;][\/vc_column][\/vc_row]<\/p>\n","protected":false},"author":1,"featured_media":0,"parent":0,"menu_order":0,"comment_status":"closed","ping_status":"closed","template":"","meta":{"content-type":"","_monsterinsights_skip_tracking":false,"_monsterinsights_sitenote_active":false,"_monsterinsights_sitenote_note":"","_monsterinsights_sitenote_category":0},"tags":[2108,1192,828,1181,829,827,839,830,831,837,826,240],"yoast_head":"<!-- This site is optimized with the Yoast SEO plugin v19.5.1 - https:\/\/yoast.com\/wordpress\/plugins\/seo\/ -->\n<title>Kontakti - Carnitec<\/title>\n<meta name=\"description\" content=\"Ga\u013cas un zivju p\u0101rstr\u0101des iek\u0101rtu pieg\u0101de, mont\u0101\u017ea un ievie\u0161ana ekspluat\u0101cija.\" \/>\n<meta name=\"robots\" content=\"index, follow, max-snippet:-1, max-image-preview:large, max-video-preview:-1\" \/>\n<link rel=\"canonical\" href=\"https:\/\/carnitec.com\/lv\/kontakti\/\" \/>\n<meta property=\"og:locale\" content=\"lv_LV\" \/>\n<meta property=\"og:type\" content=\"article\" \/>\n<meta property=\"og:title\" content=\"Kontakti - Carnitec\" \/>\n<meta property=\"og:description\" content=\"Ga\u013cas un zivju p\u0101rstr\u0101des iek\u0101rtu pieg\u0101de, mont\u0101\u017ea un ievie\u0161ana ekspluat\u0101cija.\" \/>\n<meta property=\"og:url\" content=\"https:\/\/carnitec.com\/lv\/kontakti\/\" \/>\n<meta property=\"og:site_name\" content=\"Carnitec\" \/>\n<meta property=\"article:publisher\" content=\"https:\/\/facebook.com\/carnitec1\" \/>\n<meta property=\"article:modified_time\" content=\"2024-04-12T18:17:12+00:00\" \/>\n<meta name=\"twitter:card\" content=\"summary\" \/>\n<meta name=\"twitter:site\" content=\"@carnitec_\" \/>\n<meta name=\"twitter:label1\" content=\"Est. reading time\" \/>\n\t<meta name=\"twitter:data1\" content=\"1 min\u016b\u0161u\" \/>\n<script type=\"application\/ld+json\" class=\"yoast-schema-graph\">{\"@context\":\"https:\/\/schema.org\",\"@graph\":[{\"@type\":\"WebPage\",\"@id\":\"https:\/\/carnitec.com\/lv\/kontakti\/\",\"url\":\"https:\/\/carnitec.com\/lv\/kontakti\/\",\"name\":\"Kontakti - Carnitec\",\"isPartOf\":{\"@id\":\"https:\/\/carnitec.com\/lv\/#website\"},\"datePublished\":\"2016-02-07T17:44:41+00:00\",\"dateModified\":\"2024-04-12T18:17:12+00:00\",\"description\":\"Ga\u013cas un zivju p\u0101rstr\u0101des iek\u0101rtu pieg\u0101de, mont\u0101\u017ea un ievie\u0161ana ekspluat\u0101cija.\",\"breadcrumb\":{\"@id\":\"https:\/\/carnitec.com\/lv\/kontakti\/#breadcrumb\"},\"inLanguage\":\"lv-LV\",\"potentialAction\":[{\"@type\":\"ReadAction\",\"target\":[\"https:\/\/carnitec.com\/lv\/kontakti\/\"]}]},{\"@type\":\"BreadcrumbList\",\"@id\":\"https:\/\/carnitec.com\/lv\/kontakti\/#breadcrumb\",\"itemListElement\":[{\"@type\":\"ListItem\",\"position\":1,\"name\":\"\u0413\u043b\u0430\u0432\u043d\u0430\u044f \u0441\u0442\u0440\u0430\u043d\u0438\u0446\u0430\",\"item\":\"https:\/\/carnitec.com\/lv\/\"},{\"@type\":\"ListItem\",\"position\":2,\"name\":\"Kontakti\"}]},{\"@type\":\"WebSite\",\"@id\":\"https:\/\/carnitec.com\/lv\/#website\",\"url\":\"https:\/\/carnitec.com\/lv\/\",\"name\":\"Carnitec\",\"description\":\"P\u0101rtikas r\u016bpniec\u012bbas iek\u0101rtas\",\"publisher\":{\"@id\":\"https:\/\/carnitec.com\/lv\/#organization\"},\"potentialAction\":[{\"@type\":\"SearchAction\",\"target\":{\"@type\":\"EntryPoint\",\"urlTemplate\":\"https:\/\/carnitec.com\/lv\/?s={search_term_string}\"},\"query-input\":\"required name=search_term_string\"}],\"inLanguage\":\"lv-LV\"},{\"@type\":\"Organization\",\"@id\":\"https:\/\/carnitec.com\/lv\/#organization\",\"name\":\"Carnitec - food processing equipment\",\"url\":\"https:\/\/carnitec.com\/lv\/\",\"sameAs\":[\"https:\/\/www.instagram.com\/carnitec\/?hl=en\",\"https:\/\/www.linkedin.com\/company\/carnitec-ltd\/\",\"https:\/\/www.youtube.com\/channel\/UCwfiuJujkF2QxPPZAqB0T2w\",\"https:\/\/facebook.com\/carnitec1\",\"https:\/\/twitter.com\/carnitec_\"],\"logo\":{\"@type\":\"ImageObject\",\"inLanguage\":\"lv-LV\",\"@id\":\"https:\/\/carnitec.com\/lv\/#\/schema\/logo\/image\/\",\"url\":\"http:\/\/carnitec.com\/wp-content\/uploads\/2018\/01\/carnitec_logo_2018.png\",\"contentUrl\":\"http:\/\/carnitec.com\/wp-content\/uploads\/2018\/01\/carnitec_logo_2018.png\",\"width\":180,\"height\":50,\"caption\":\"Carnitec - food processing equipment\"},\"image\":{\"@id\":\"https:\/\/carnitec.com\/lv\/#\/schema\/logo\/image\/\"}}]}<\/script>\n<!-- \/ Yoast SEO plugin. -->","yoast_head_json":{"title":"Kontakti - Carnitec","description":"Ga\u013cas un zivju p\u0101rstr\u0101des iek\u0101rtu pieg\u0101de, mont\u0101\u017ea un ievie\u0161ana ekspluat\u0101cija.","robots":{"index":"index","follow":"follow","max-snippet":"max-snippet:-1","max-image-preview":"max-image-preview:large","max-video-preview":"max-video-preview:-1"},"canonical":"https:\/\/carnitec.com\/lv\/kontakti\/","og_locale":"lv_LV","og_type":"article","og_title":"Kontakti - Carnitec","og_description":"Ga\u013cas un zivju p\u0101rstr\u0101des iek\u0101rtu pieg\u0101de, mont\u0101\u017ea un ievie\u0161ana ekspluat\u0101cija.","og_url":"https:\/\/carnitec.com\/lv\/kontakti\/","og_site_name":"Carnitec","article_publisher":"https:\/\/facebook.com\/carnitec1","article_modified_time":"2024-04-12T18:17:12+00:00","twitter_card":"summary","twitter_site":"@carnitec_","twitter_misc":{"Est. reading time":"1 min\u016b\u0161u"},"schema":{"@context":"https:\/\/schema.org","@graph":[{"@type":"WebPage","@id":"https:\/\/carnitec.com\/lv\/kontakti\/","url":"https:\/\/carnitec.com\/lv\/kontakti\/","name":"Kontakti - Carnitec","isPartOf":{"@id":"https:\/\/carnitec.com\/lv\/#website"},"datePublished":"2016-02-07T17:44:41+00:00","dateModified":"2024-04-12T18:17:12+00:00","description":"Ga\u013cas un zivju p\u0101rstr\u0101des iek\u0101rtu pieg\u0101de, mont\u0101\u017ea un ievie\u0161ana ekspluat\u0101cija.","breadcrumb":{"@id":"https:\/\/carnitec.com\/lv\/kontakti\/#breadcrumb"},"inLanguage":"lv-LV","potentialAction":[{"@type":"ReadAction","target":["https:\/\/carnitec.com\/lv\/kontakti\/"]}]},{"@type":"BreadcrumbList","@id":"https:\/\/carnitec.com\/lv\/kontakti\/#breadcrumb","itemListElement":[{"@type":"ListItem","position":1,"name":"\u0413\u043b\u0430\u0432\u043d\u0430\u044f \u0441\u0442\u0440\u0430\u043d\u0438\u0446\u0430","item":"https:\/\/carnitec.com\/lv\/"},{"@type":"ListItem","position":2,"name":"Kontakti"}]},{"@type":"WebSite","@id":"https:\/\/carnitec.com\/lv\/#website","url":"https:\/\/carnitec.com\/lv\/","name":"Carnitec","description":"P\u0101rtikas r\u016bpniec\u012bbas iek\u0101rtas","publisher":{"@id":"https:\/\/carnitec.com\/lv\/#organization"},"potentialAction":[{"@type":"SearchAction","target":{"@type":"EntryPoint","urlTemplate":"https:\/\/carnitec.com\/lv\/?s={search_term_string}"},"query-input":"required name=search_term_string"}],"inLanguage":"lv-LV"},{"@type":"Organization","@id":"https:\/\/carnitec.com\/lv\/#organization","name":"Carnitec - food processing equipment","url":"https:\/\/carnitec.com\/lv\/","sameAs":["https:\/\/www.instagram.com\/carnitec\/?hl=en","https:\/\/www.linkedin.com\/company\/carnitec-ltd\/","https:\/\/www.youtube.com\/channel\/UCwfiuJujkF2QxPPZAqB0T2w","https:\/\/facebook.com\/carnitec1","https:\/\/twitter.com\/carnitec_"],"logo":{"@type":"ImageObject","inLanguage":"lv-LV","@id":"https:\/\/carnitec.com\/lv\/#\/schema\/logo\/image\/","url":"http:\/\/carnitec.com\/wp-content\/uploads\/2018\/01\/carnitec_logo_2018.png","contentUrl":"http:\/\/carnitec.com\/wp-content\/uploads\/2018\/01\/carnitec_logo_2018.png","width":180,"height":50,"caption":"Carnitec - food processing equipment"},"image":{"@id":"https:\/\/carnitec.com\/lv\/#\/schema\/logo\/image\/"}}]}},"_links":{"self":[{"href":"https:\/\/carnitec.com\/lv\/wp-json\/wp\/v2\/pages\/5827"}],"collection":[{"href":"https:\/\/carnitec.com\/lv\/wp-json\/wp\/v2\/pages"}],"about":[{"href":"https:\/\/carnitec.com\/lv\/wp-json\/wp\/v2\/types\/page"}],"author":[{"embeddable":true,"href":"https:\/\/carnitec.com\/lv\/wp-json\/wp\/v2\/users\/1"}],"replies":[{"embeddable":true,"href":"https:\/\/carnitec.com\/lv\/wp-json\/wp\/v2\/comments?post=5827"}],"version-history":[{"count":4,"href":"https:\/\/carnitec.com\/lv\/wp-json\/wp\/v2\/pages\/5827\/revisions"}],"predecessor-version":[{"id":264020,"href":"https:\/\/carnitec.com\/lv\/wp-json\/wp\/v2\/pages\/5827\/revisions\/264020"}],"wp:attachment":[{"href":"https:\/\/carnitec.com\/lv\/wp-json\/wp\/v2\/media?parent=5827"}],"wp:term":[{"taxonomy":"post_tag","embeddable":true,"href":"https:\/\/carnitec.com\/lv\/wp-json\/wp\/v2\/tags?post=5827"}],"curies":[{"name":"wp","href":"https:\/\/api.w.org\/{rel}","templated":true}]}}