{"id":46992,"date":"2021-12-24T15:08:13","date_gmt":"2021-12-24T13:08:13","guid":{"rendered":"http:\/\/carnitec.com\/?post_type=product&#038;p=46992"},"modified":"2021-12-24T15:08:13","modified_gmt":"2021-12-24T13:08:13","slug":"r-5-ra-0160-0302-d-vaakumpump-busch","status":"publish","type":"product","link":"https:\/\/carnitec.com\/et\/products\/r-5-ra-0160-0302-d-vaakumpump-busch\/","title":{"rendered":"R 5 RA 0160 &#8211; 0302 D vaakumpump BUSCH"},"content":{"rendered":"<p>R5 RA 0160 &#8211; 0302 D kuuluvad Buschi t\u00f5estatud p\u00f6\u00f6rlevate labadega vaakumpumpade Busch tooteperekonda. Need on spetsiaalselt loodud pidevaks t\u00f6\u00f6ks vaakumpakendimasinates. Lisateavet eeliste, tehnoloogia, lisavarustuse ja varuosade, rakenduste ning t\u00e4ieliku toote\u00fclevaate leiate meie R 5 RA seeria t\u00fc\u00fcpi lehelt.<\/p>\n<p><iframe loading=\"lazy\" title=\"R 5 RD Series Rotary Vane Vacuum Pumps \u2013 Busch Vacuum Pumps and Systems\" width=\"640\" height=\"360\" src=\"https:\/\/www.youtube.com\/embed\/l__XV6ERTZk?feature=oembed\" frameborder=\"0\" allow=\"accelerometer; autoplay; clipboard-write; encrypted-media; gyroscope; picture-in-picture\" allowfullscreen><\/iframe><\/p>\n<h2>Tehnilised kirjeldused<\/h2>\n<p>P\u00f6\u00f6rdlabatehnoloogia on tugeva ja funktsionaalse konstruktsiooni s\u00fcnon\u00fc\u00fcm. R5 p\u00f6\u00f6rleva labaga vaakumpumbasid iseloomustab optimaalne disain ning ideaalselt s\u00fcnkroniseeritud komponendid ja materjalid. Pideva t\u00f6\u00f6tamise ajal pidevalt p\u00fcsiv k\u00f5rge vaakumitase on tagatud tsirkuleeriva \u00f5li m\u00e4\u00e4rimisega ja tipptasemel t\u00e4ppisvalmistamisega. Keerukas \u00f5liseparaator tagab \u00f5li t\u00f5husa kasutamise.<\/p>\n<p>Gaasibalsiinventiiliga (valikuline) saab isegi suuri aurukoguseid eraldada. Sisselaske\u00e4\u00e4rikus olev tagasil\u00f6\u00f6giklapp takistab pumbatava keskkonna tagasivoolu vaakumisse p\u00e4rast vaakumpumba v\u00e4ljal\u00fclitamist. R 5 RA 0160 &#8211; 0302 D juhitakse otse \u00e4\u00e4riku k\u00fclge kinnitatud standardse elektrimootori abil, mille t\u00f5hususklass on IE3.<\/p>\n","protected":false},"excerpt":{"rendered":"<p>R5 RA 0160 &#8211; 0302 D kuuluvad Buschi t\u00f5estatud p\u00f6\u00f6rlevate labadega vaakumpumpade Busch tooteperekonda. Need on spetsiaalselt loodud pidevaks t\u00f6\u00f6ks vaakumpakendimasinates. Lisateavet eeliste, tehnoloogia, lisavarustuse ja varuosade, rakenduste ning t\u00e4ieliku toote\u00fclevaate leiate meie R 5 RA seeria t\u00fc\u00fcpi lehelt. Tehnilised kirjeldused P\u00f6\u00f6rdlabatehnoloogia on tugeva ja funktsionaalse konstruktsiooni s\u00fcnon\u00fc\u00fcm. R5 p\u00f6\u00f6rleva labaga vaakumpumbasid iseloomustab optimaalne disain ning ideaalselt s\u00fcnkroniseeritud komponendid ja materjalid. Pideva t\u00f6\u00f6tamise ajal pidevalt p\u00fcsiv k\u00f5rge vaakumitase on tagatud tsirkuleeriva \u00f5li m\u00e4\u00e4rimisega ja tipptasemel t\u00e4ppisvalmistamisega. Keerukas \u00f5liseparaator tagab \u00f5li t\u00f5husa kasutamise. Gaasibalsiinventiiliga (valikuline) saab isegi suuri aurukoguseid eraldada. Sisselaske\u00e4\u00e4rikus olev tagasil\u00f6\u00f6giklapp takistab pumbatava keskkonna tagasivoolu vaakumisse p\u00e4rast vaakumpumba v\u00e4ljal\u00fclitamist. R 5 RA 0160 &#8211; 0302 D juhitakse otse \u00e4\u00e4riku k\u00fclge kinnitatud standardse elektrimootori abil, mille t\u00f5hususklass on IE3.<\/p>\n","protected":false},"featured_media":46984,"template":"","meta":{"content-type":"","_monsterinsights_skip_tracking":false,"_monsterinsights_sitenote_active":false,"_monsterinsights_sitenote_note":"","_monsterinsights_sitenote_category":0},"product_cat":[],"product_tag":[],"yoast_head":"<!-- This site is optimized with the Yoast SEO plugin v19.5.1 - https:\/\/yoast.com\/wordpress\/plugins\/seo\/ -->\n<title>R 5 RA 0160 - 0302 D vaakumpump BUSCH - Carnitec<\/title>\n<meta name=\"description\" content=\"Osta vaakumpump ja varuosi BUSCH Eestis \u2757Parimad hinnad \u2b50 Busch Original tooted tarnijalt\" \/>\n<meta name=\"robots\" content=\"index, follow, max-snippet:-1, max-image-preview:large, max-video-preview:-1\" \/>\n<link rel=\"canonical\" href=\"https:\/\/carnitec.com\/et\/products\/r-5-ra-0160-0302-d-vaakumpump-busch\/\" \/>\n<meta property=\"og:locale\" content=\"et_EE\" \/>\n<meta property=\"og:type\" content=\"article\" \/>\n<meta property=\"og:title\" content=\"R 5 RA 0160 - 0302 D vaakumpump BUSCH - Carnitec\" \/>\n<meta property=\"og:description\" content=\"Osta vaakumpump ja varuosi BUSCH Eestis \u2757Parimad hinnad \u2b50 Busch Original tooted tarnijalt\" \/>\n<meta property=\"og:url\" content=\"https:\/\/carnitec.com\/et\/products\/r-5-ra-0160-0302-d-vaakumpump-busch\/\" \/>\n<meta property=\"og:site_name\" content=\"Carnitec\" \/>\n<meta property=\"article:publisher\" content=\"https:\/\/facebook.com\/carnitec1\" \/>\n<meta property=\"og:image\" content=\"https:\/\/carnitec.com\/wp-content\/uploads\/2021\/12\/R-5-RA-0160-0302-D.jpeg\" \/>\n\t<meta property=\"og:image:width\" content=\"600\" \/>\n\t<meta property=\"og:image:height\" content=\"600\" \/>\n\t<meta property=\"og:image:type\" content=\"image\/jpeg\" \/>\n<meta name=\"twitter:card\" content=\"summary\" \/>\n<meta name=\"twitter:site\" content=\"@carnitec_\" \/>\n<meta name=\"twitter:label1\" content=\"Est. reading time\" \/>\n\t<meta name=\"twitter:data1\" content=\"1 minut\" \/>\n<script type=\"application\/ld+json\" class=\"yoast-schema-graph\">{\"@context\":\"https:\/\/schema.org\",\"@graph\":[{\"@type\":\"WebPage\",\"@id\":\"https:\/\/carnitec.com\/et\/products\/r-5-ra-0160-0302-d-vaakumpump-busch\/\",\"url\":\"https:\/\/carnitec.com\/et\/products\/r-5-ra-0160-0302-d-vaakumpump-busch\/\",\"name\":\"R 5 RA 0160 - 0302 D vaakumpump BUSCH - Carnitec\",\"isPartOf\":{\"@id\":\"https:\/\/carnitec.com\/lv\/#website\"},\"datePublished\":\"2021-12-24T13:08:13+00:00\",\"dateModified\":\"2021-12-24T13:08:13+00:00\",\"description\":\"Osta vaakumpump ja varuosi BUSCH Eestis \u2757Parimad hinnad \u2b50 Busch Original tooted tarnijalt\",\"breadcrumb\":{\"@id\":\"https:\/\/carnitec.com\/et\/products\/r-5-ra-0160-0302-d-vaakumpump-busch\/#breadcrumb\"},\"inLanguage\":\"et\",\"potentialAction\":[{\"@type\":\"ReadAction\",\"target\":[\"https:\/\/carnitec.com\/et\/products\/r-5-ra-0160-0302-d-vaakumpump-busch\/\"]}]},{\"@type\":\"BreadcrumbList\",\"@id\":\"https:\/\/carnitec.com\/et\/products\/r-5-ra-0160-0302-d-vaakumpump-busch\/#breadcrumb\",\"itemListElement\":[{\"@type\":\"ListItem\",\"position\":1,\"name\":\"\u0413\u043b\u0430\u0432\u043d\u0430\u044f \u0441\u0442\u0440\u0430\u043d\u0438\u0446\u0430\",\"item\":\"https:\/\/carnitec.com\/et\/\"},{\"@type\":\"ListItem\",\"position\":2,\"name\":\"\u0422\u043e\u0432\u0430\u0440\u044b\",\"item\":\"https:\/\/carnitec.com\/shop\/\"},{\"@type\":\"ListItem\",\"position\":3,\"name\":\"R 5 RA 0160 &#8211; 0302 D vaakumpump BUSCH\"}]},{\"@type\":\"WebSite\",\"@id\":\"https:\/\/carnitec.com\/lv\/#website\",\"url\":\"https:\/\/carnitec.com\/lv\/\",\"name\":\"Carnitec\",\"description\":\"Food processing equipment\",\"publisher\":{\"@id\":\"https:\/\/carnitec.com\/lv\/#organization\"},\"potentialAction\":[{\"@type\":\"SearchAction\",\"target\":{\"@type\":\"EntryPoint\",\"urlTemplate\":\"https:\/\/carnitec.com\/lv\/?s={search_term_string}\"},\"query-input\":\"required name=search_term_string\"}],\"inLanguage\":\"et\"},{\"@type\":\"Organization\",\"@id\":\"https:\/\/carnitec.com\/lv\/#organization\",\"name\":\"Carnitec - food processing equipment\",\"url\":\"https:\/\/carnitec.com\/lv\/\",\"sameAs\":[\"https:\/\/www.instagram.com\/carnitec\/?hl=en\",\"https:\/\/www.linkedin.com\/company\/carnitec-ltd\/\",\"https:\/\/www.youtube.com\/channel\/UCwfiuJujkF2QxPPZAqB0T2w\",\"https:\/\/facebook.com\/carnitec1\",\"https:\/\/twitter.com\/carnitec_\"],\"logo\":{\"@type\":\"ImageObject\",\"inLanguage\":\"et\",\"@id\":\"https:\/\/carnitec.com\/lv\/#\/schema\/logo\/image\/\",\"url\":\"http:\/\/carnitec.com\/wp-content\/uploads\/2018\/01\/carnitec_logo_2018.png\",\"contentUrl\":\"http:\/\/carnitec.com\/wp-content\/uploads\/2018\/01\/carnitec_logo_2018.png\",\"width\":180,\"height\":50,\"caption\":\"Carnitec - food processing equipment\"},\"image\":{\"@id\":\"https:\/\/carnitec.com\/lv\/#\/schema\/logo\/image\/\"}}]}<\/script>\n<!-- \/ Yoast SEO plugin. -->","yoast_head_json":{"title":"R 5 RA 0160 - 0302 D vaakumpump BUSCH - Carnitec","description":"Osta vaakumpump ja varuosi BUSCH Eestis \u2757Parimad hinnad \u2b50 Busch Original tooted tarnijalt","robots":{"index":"index","follow":"follow","max-snippet":"max-snippet:-1","max-image-preview":"max-image-preview:large","max-video-preview":"max-video-preview:-1"},"canonical":"https:\/\/carnitec.com\/et\/products\/r-5-ra-0160-0302-d-vaakumpump-busch\/","og_locale":"et_EE","og_type":"article","og_title":"R 5 RA 0160 - 0302 D vaakumpump BUSCH - Carnitec","og_description":"Osta vaakumpump ja varuosi BUSCH Eestis \u2757Parimad hinnad \u2b50 Busch Original tooted tarnijalt","og_url":"https:\/\/carnitec.com\/et\/products\/r-5-ra-0160-0302-d-vaakumpump-busch\/","og_site_name":"Carnitec","article_publisher":"https:\/\/facebook.com\/carnitec1","og_image":[{"width":600,"height":600,"url":"https:\/\/carnitec.com\/wp-content\/uploads\/2021\/12\/R-5-RA-0160-0302-D.jpeg","type":"image\/jpeg"}],"twitter_card":"summary","twitter_site":"@carnitec_","twitter_misc":{"Est. reading time":"1 minut"},"schema":{"@context":"https:\/\/schema.org","@graph":[{"@type":"WebPage","@id":"https:\/\/carnitec.com\/et\/products\/r-5-ra-0160-0302-d-vaakumpump-busch\/","url":"https:\/\/carnitec.com\/et\/products\/r-5-ra-0160-0302-d-vaakumpump-busch\/","name":"R 5 RA 0160 - 0302 D vaakumpump BUSCH - Carnitec","isPartOf":{"@id":"https:\/\/carnitec.com\/lv\/#website"},"datePublished":"2021-12-24T13:08:13+00:00","dateModified":"2021-12-24T13:08:13+00:00","description":"Osta vaakumpump ja varuosi BUSCH Eestis \u2757Parimad hinnad \u2b50 Busch Original tooted tarnijalt","breadcrumb":{"@id":"https:\/\/carnitec.com\/et\/products\/r-5-ra-0160-0302-d-vaakumpump-busch\/#breadcrumb"},"inLanguage":"et","potentialAction":[{"@type":"ReadAction","target":["https:\/\/carnitec.com\/et\/products\/r-5-ra-0160-0302-d-vaakumpump-busch\/"]}]},{"@type":"BreadcrumbList","@id":"https:\/\/carnitec.com\/et\/products\/r-5-ra-0160-0302-d-vaakumpump-busch\/#breadcrumb","itemListElement":[{"@type":"ListItem","position":1,"name":"\u0413\u043b\u0430\u0432\u043d\u0430\u044f \u0441\u0442\u0440\u0430\u043d\u0438\u0446\u0430","item":"https:\/\/carnitec.com\/et\/"},{"@type":"ListItem","position":2,"name":"\u0422\u043e\u0432\u0430\u0440\u044b","item":"https:\/\/carnitec.com\/shop\/"},{"@type":"ListItem","position":3,"name":"R 5 RA 0160 &#8211; 0302 D vaakumpump BUSCH"}]},{"@type":"WebSite","@id":"https:\/\/carnitec.com\/lv\/#website","url":"https:\/\/carnitec.com\/lv\/","name":"Carnitec","description":"Food processing equipment","publisher":{"@id":"https:\/\/carnitec.com\/lv\/#organization"},"potentialAction":[{"@type":"SearchAction","target":{"@type":"EntryPoint","urlTemplate":"https:\/\/carnitec.com\/lv\/?s={search_term_string}"},"query-input":"required name=search_term_string"}],"inLanguage":"et"},{"@type":"Organization","@id":"https:\/\/carnitec.com\/lv\/#organization","name":"Carnitec - food processing equipment","url":"https:\/\/carnitec.com\/lv\/","sameAs":["https:\/\/www.instagram.com\/carnitec\/?hl=en","https:\/\/www.linkedin.com\/company\/carnitec-ltd\/","https:\/\/www.youtube.com\/channel\/UCwfiuJujkF2QxPPZAqB0T2w","https:\/\/facebook.com\/carnitec1","https:\/\/twitter.com\/carnitec_"],"logo":{"@type":"ImageObject","inLanguage":"et","@id":"https:\/\/carnitec.com\/lv\/#\/schema\/logo\/image\/","url":"http:\/\/carnitec.com\/wp-content\/uploads\/2018\/01\/carnitec_logo_2018.png","contentUrl":"http:\/\/carnitec.com\/wp-content\/uploads\/2018\/01\/carnitec_logo_2018.png","width":180,"height":50,"caption":"Carnitec - food processing equipment"},"image":{"@id":"https:\/\/carnitec.com\/lv\/#\/schema\/logo\/image\/"}}]}},"_links":{"self":[{"href":"https:\/\/carnitec.com\/et\/wp-json\/wp\/v2\/product\/46992"}],"collection":[{"href":"https:\/\/carnitec.com\/et\/wp-json\/wp\/v2\/product"}],"about":[{"href":"https:\/\/carnitec.com\/et\/wp-json\/wp\/v2\/types\/product"}],"wp:featuredmedia":[{"embeddable":true,"href":"https:\/\/carnitec.com\/et\/wp-json\/wp\/v2\/media\/46984"}],"wp:attachment":[{"href":"https:\/\/carnitec.com\/et\/wp-json\/wp\/v2\/media?parent=46992"}],"wp:term":[{"taxonomy":"product_cat","embeddable":true,"href":"https:\/\/carnitec.com\/et\/wp-json\/wp\/v2\/product_cat?post=46992"},{"taxonomy":"product_tag","embeddable":true,"href":"https:\/\/carnitec.com\/et\/wp-json\/wp\/v2\/product_tag?post=46992"}],"curies":[{"name":"wp","href":"https:\/\/api.w.org\/{rel}","templated":true}]}}