{"id":41070,"date":"2018-02-23T09:37:40","date_gmt":"2018-02-23T07:37:40","guid":{"rendered":"http:\/\/carnitec.com\/et\/?page_id=41070"},"modified":"2022-01-03T13:19:10","modified_gmt":"2022-01-03T11:19:10","slug":"kontakt","status":"publish","type":"page","link":"https:\/\/carnitec.com\/et\/kontakt\/","title":{"rendered":"Kontakt"},"content":{"rendered":"<p>[vc_row full_width=&#8221;stretch_row_content_no_spaces&#8221;][vc_column][tm_gmaps map_height=&#8221;550px&#8221; zoom=&#8221;16&#8243; map_style=&#8221;subtle_grayscale&#8221; overlay_enable=&#8221;1&#8243; markers=&#8221;%5B%7B%22address%22%3A%22Ventspils%20iela%2051%2C%20Riga%20LV1002%22%7D%5D&#8221;][\/vc_column][\/vc_row][vc_row lg_spacing=&#8221;padding_top:90;padding_bottom:30&#8243;][vc_column width=&#8221;1\/4&#8243; lg_spacing=&#8221;margin_bottom:30;padding_top:0&#8243;][vc_row_inner content_placement=&#8221;middle&#8221;][vc_column_inner width=&#8221;1\/4&#8243; lg_spacing=&#8221;margin_bottom:30;padding_top:0&#8243;][tm_image image=&#8221;48567&#8243;][\/vc_column_inner][vc_column_inner width=&#8221;3\/4&#8243; lg_spacing=&#8221;margin_bottom:30;padding_top:0&#8243;][tm_heading tag=&#8221;div&#8221; custom_google_font=&#8221;&#8221; google_fonts=&#8221;font_family:Poppins%3A300%2Cregular%2C500%2C600%2C700|font_style:700%20bold%20regular%3A700%3Anormal&#8221; font_weight=&#8221;700&#8243; text_color=&#8221;secondary&#8221; text=&#8221;Meie aadress&#8221; line_height=&#8221;1&#8243; font_size=&#8221;lg:18&#8243; css=&#8221;.vc_custom_1641208317059{margin-bottom: 10px !important;}&#8221;][tm_heading tag=&#8221;div&#8221; custom_google_font=&#8221;&#8221; google_fonts=&#8221;font_family:Poppins%3A300%2Cregular%2C500%2C600%2C700|font_style:400%20regular%3A400%3Anormal&#8221; text=&#8221;Carnitec SIA<br \/>\nVentspils iela 51<br \/>\nRiia, LV-1002<br \/>\nL\u00e4ti&#8221; line_height=&#8221;24px&#8221;][\/vc_column_inner][\/vc_row_inner][\/vc_column][vc_column width=&#8221;1\/4&#8243; lg_spacing=&#8221;margin_bottom:30;padding_top:0&#8243;][vc_row_inner content_placement=&#8221;middle&#8221;][vc_column_inner width=&#8221;1\/4&#8243; lg_spacing=&#8221;margin_bottom:30;padding_top:0&#8243;][tm_image image=&#8221;48571&#8243;][\/vc_column_inner][vc_column_inner width=&#8221;3\/4&#8243; lg_spacing=&#8221;margin_bottom:30;padding_top:0&#8243;][tm_heading tag=&#8221;div&#8221; custom_google_font=&#8221;&#8221; google_fonts=&#8221;font_family:Poppins%3A300%2Cregular%2C500%2C600%2C700|font_style:700%20bold%20regular%3A700%3Anormal&#8221; font_weight=&#8221;700&#8243; text_color=&#8221;secondary&#8221; text=&#8221;Helista meile&#8221; line_height=&#8221;1&#8243; font_size=&#8221;lg:18&#8243; css=&#8221;.vc_custom_1641208339889{margin-bottom: 10px !important;}&#8221;][tm_heading tag=&#8221;div&#8221; custom_google_font=&#8221;&#8221; google_fonts=&#8221;font_family:Poppins%3A300%2Cregular%2C500%2C600%2C700|font_style:400%20regular%3A400%3Anormal&#8221; text=&#8221;Rahvusvaheline m\u00fc\u00fck<br \/>\n+371 63031802\u202c<br \/>\nToetus<br \/>\n+371 2033 5939&#8243; line_height=&#8221;24px&#8221;][\/vc_column_inner][\/vc_row_inner][\/vc_column][vc_column width=&#8221;1\/4&#8243; lg_spacing=&#8221;margin_bottom:30;padding_top:0&#8243;][vc_row_inner content_placement=&#8221;middle&#8221;][vc_column_inner width=&#8221;1\/4&#8243; lg_spacing=&#8221;margin_bottom:30;padding_top:0&#8243;][tm_image image=&#8221;48588&#8243;][\/vc_column_inner][vc_column_inner width=&#8221;3\/4&#8243; lg_spacing=&#8221;margin_bottom:30;padding_top:0&#8243;][tm_heading tag=&#8221;div&#8221; custom_google_font=&#8221;&#8221; google_fonts=&#8221;font_family:Poppins%3A300%2Cregular%2C500%2C600%2C700|font_style:700%20bold%20regular%3A700%3Anormal&#8221; font_weight=&#8221;700&#8243; text_color=&#8221;secondary&#8221; text=&#8221;Vestelge meiega&#8221; line_height=&#8221;1&#8243; font_size=&#8221;lg:18&#8243; css=&#8221;.vc_custom_1641208389406{margin-bottom: 10px !important;}&#8221;][tm_heading tag=&#8221;div&#8221; custom_google_font=&#8221;&#8221; google_fonts=&#8221;font_family:Poppins%3A300%2Cregular%2C500%2C600%2C700|font_style:400%20regular%3A400%3Anormal&#8221; text=&#8221;WhatsApp<br \/>\n+37129579056&#8243; line_height=&#8221;24px&#8221; link=&#8221;https:\/\/wa.me\/37129579056&#8243;][\/vc_column_inner][\/vc_row_inner][\/vc_column][vc_column width=&#8221;1\/4&#8243;][vc_row_inner content_placement=&#8221;middle&#8221;][vc_column_inner width=&#8221;1\/4&#8243; lg_spacing=&#8221;margin_bottom:30;padding_top:0&#8243;][tm_image image=&#8221;48575&#8243;][\/vc_column_inner][vc_column_inner width=&#8221;3\/4&#8243; lg_spacing=&#8221;margin_bottom:30;padding_top:0&#8243;][tm_heading tag=&#8221;div&#8221; custom_google_font=&#8221;&#8221; google_fonts=&#8221;font_family:Poppins%3A300%2Cregular%2C500%2C600%2C700|font_style:700%20bold%20regular%3A700%3Anormal&#8221; font_weight=&#8221;700&#8243; text_color=&#8221;secondary&#8221; text=&#8221;Saatke meile e-kiri&#8221; line_height=&#8221;1&#8243; font_size=&#8221;lg:18&#8243; css=&#8221;.vc_custom_1641208405072{margin-bottom: 10px !important;}&#8221;][tm_heading tag=&#8221;div&#8221; custom_google_font=&#8221;&#8221; google_fonts=&#8221;font_family:Poppins%3A300%2Cregular%2C500%2C600%2C700|font_style:400%20regular%3A400%3Anormal&#8221; text=&#8221;info@carnitec.com&#8221; line_height=&#8221;24px&#8221;][\/vc_column_inner][\/vc_row_inner][\/vc_column][\/vc_row][vc_row lg_spacing=&#8221;margin_bottom:60&#8243;][vc_column width=&#8221;1\/3&#8243; lg_spacing=&#8221;margin_bottom:30;padding_top:0&#8243;][tm_office_info image=&#8221;48638&#8243; title=&#8221;Carnitec EU&#8221; address=&#8221;Ventspils iela 51, Riia, LV1002, L\u00e4ti&#8221; email=&#8221;info@carnitec.com&#8221; phone=&#8221;+371 63 03 18 02&#8243; link=&#8221;url:%23|title:Get%20Direction||&#8221;][\/vc_column][vc_column width=&#8221;1\/3&#8243; lg_spacing=&#8221;margin_bottom:30;padding_top:0&#8243;][tm_office_info image=&#8221;48646&#8243; title=&#8221;Carnitec UK&#8221; address=&#8221;Alba Way Manchester M32 0TL United Kingdom&#8221; email=&#8221;uk@carnitec.com&#8221; phone=&#8221;+44 (0) 161 768 0828&#8243; link=&#8221;url:%23|title:Get%20Direction||&#8221;][\/vc_column][vc_column width=&#8221;1\/3&#8243; lg_spacing=&#8221;margin_bottom:30;padding_top:0&#8243;][tm_office_info image=&#8221;48658&#8243; title=&#8221;Carnitec Russia&#8221; address=&#8221;141400 Khimki, Moscow region&#8221; email=&#8221;info@carnitec.ru&#8221; phone=&#8221;+7 (499) 348-86-48&#8243; link=&#8221;url:%23|title:Get%20Direction||&#8221;][\/vc_column][\/vc_row][vc_row][vc_column width=&#8221;2\/3&#8243;][tm_heading tag=&#8221;div&#8221; custom_google_font=&#8221;&#8221; google_fonts=&#8221;font_family:Poppins%3A300%2Cregular%2C500%2C600%2C700|font_style:700%20bold%20regular%3A700%3Anormal&#8221; font_weight=&#8221;700&#8243; text_color=&#8221;secondary&#8221; text=&#8221;Kirjuta meile&#8221; font_size=&#8221;lg:40&#8243; line_height=&#8221;1&#8243; css=&#8221;.vc_custom_1641208465374{margin-bottom: 30px !important;}&#8221;][tm_contact_form_7 id=&#8221;49431&#8243;][\/vc_column][vc_column width=&#8221;1\/3&#8243;][tm_heading tag=&#8221;div&#8221; custom_google_font=&#8221;&#8221; google_fonts=&#8221;font_family:Poppins%3A300%2Cregular%2C500%2C600%2C700|font_style:700%20bold%20regular%3A700%3Anormal&#8221; font_weight=&#8221;700&#8243; text_color=&#8221;secondary&#8221; text=&#8221;J\u00e4rgne meile&#8221; font_size=&#8221;lg:40&#8243; line_height=&#8221;1&#8243; css=&#8221;.vc_custom_1641208494589{margin-bottom: 30px !important;}&#8221;][tm_social_networks style=&#8221;rounded-icon-title&#8221; layout=&#8221;two-columns&#8221; items=&#8221;%5B%7B%22title%22%3A%22Facebook%22%2C%22link%22%3A%22https%3A%2F%2Ffacebook.com%2Fcarnitec1%22%2C%22icon_type%22%3A%22ion%22%2C%22icon_ion%22%3A%22ion-social-facebook%22%2C%22icon_themify%22%3A%22ti-arrow-up%22%2C%22icon_pe7stroke%22%3A%22pe-7s-album%22%2C%22icon_tractor%22%3A%22tractor-chat%22%2C%22icon_icomoon%22%3A%22icomoon-alarm-clock%22%7D%2C%7B%22title%22%3A%22Linkedin%22%2C%22link%22%3A%22https%3A%2F%2Fwww.linkedin.com%2Fcompany%2Fcarnitec-ltd%2F%22%2C%22icon_type%22%3A%22ion%22%2C%22icon_ion%22%3A%22ion-social-linkedin%22%2C%22icon_themify%22%3A%22ti-arrow-up%22%2C%22icon_pe7stroke%22%3A%22pe-7s-album%22%2C%22icon_tractor%22%3A%22tractor-chat%22%2C%22icon_icomoon%22%3A%22icomoon-alarm-clock%22%7D%2C%7B%22title%22%3A%22Twitter%22%2C%22link%22%3A%22https%3A%2F%2Ftwitter.com%2Fcarnitec_%22%2C%22icon_type%22%3A%22ion%22%2C%22icon_ion%22%3A%22ion-social-twitter%22%2C%22icon_themify%22%3A%22ti-arrow-up%22%2C%22icon_pe7stroke%22%3A%22pe-7s-album%22%2C%22icon_tractor%22%3A%22tractor-chat%22%2C%22icon_icomoon%22%3A%22icomoon-alarm-clock%22%7D%2C%7B%22title%22%3A%22YouTube%22%2C%22link%22%3A%22https%3A%2F%2Fwww.youtube.com%2Fchannel%2FUCmyO5BGp63GY2LLAI-AOs8g%22%2C%22icon_type%22%3A%22ion%22%2C%22icon_ion%22%3A%22ion-social-youtube%22%2C%22icon_themify%22%3A%22ti-arrow-up%22%2C%22icon_pe7stroke%22%3A%22pe-7s-album%22%2C%22icon_tractor%22%3A%22tractor-chat%22%2C%22icon_icomoon%22%3A%22icomoon-alarm-clock%22%7D%5D&#8221;][\/vc_column][\/vc_row][vc_row][vc_column][tm_spacer size=&#8221;lg:20&#8243;][\/vc_column][\/vc_row]<\/p>\n","protected":false},"excerpt":{"rendered":"<p>[vc_row full_width=&#8221;stretch_row_content_no_spaces&#8221;][vc_column][tm_gmaps map_height=&#8221;550px&#8221; zoom=&#8221;16&#8243; map_style=&#8221;subtle_grayscale&#8221; overlay_enable=&#8221;1&#8243; markers=&#8221;%5B%7B%22address%22%3A%22Ventspils%20iela%2051%2C%20Riga%20LV1002%22%7D%5D&#8221;][\/vc_column][\/vc_row][vc_row lg_spacing=&#8221;padding_top:90;padding_bottom:30&#8243;][vc_column width=&#8221;1\/4&#8243; lg_spacing=&#8221;margin_bottom:30;padding_top:0&#8243;][vc_row_inner content_placement=&#8221;middle&#8221;][vc_column_inner width=&#8221;1\/4&#8243; lg_spacing=&#8221;margin_bottom:30;padding_top:0&#8243;][tm_image image=&#8221;48567&#8243;][\/vc_column_inner][vc_column_inner width=&#8221;3\/4&#8243; lg_spacing=&#8221;margin_bottom:30;padding_top:0&#8243;][tm_heading tag=&#8221;div&#8221; custom_google_font=&#8221;&#8221; google_fonts=&#8221;font_family:Poppins%3A300%2Cregular%2C500%2C600%2C700|font_style:700%20bold%20regular%3A700%3Anormal&#8221; font_weight=&#8221;700&#8243; text_color=&#8221;secondary&#8221; text=&#8221;Meie aadress&#8221; line_height=&#8221;1&#8243; font_size=&#8221;lg:18&#8243; css=&#8221;.vc_custom_1641208317059{margin-bottom: 10px !important;}&#8221;][tm_heading tag=&#8221;div&#8221; custom_google_font=&#8221;&#8221; google_fonts=&#8221;font_family:Poppins%3A300%2Cregular%2C500%2C600%2C700|font_style:400%20regular%3A400%3Anormal&#8221; text=&#8221;Carnitec SIA Ventspils iela 51 Riia, LV-1002 L\u00e4ti&#8221; line_height=&#8221;24px&#8221;][\/vc_column_inner][\/vc_row_inner][\/vc_column][vc_column width=&#8221;1\/4&#8243; lg_spacing=&#8221;margin_bottom:30;padding_top:0&#8243;][vc_row_inner content_placement=&#8221;middle&#8221;][vc_column_inner width=&#8221;1\/4&#8243; lg_spacing=&#8221;margin_bottom:30;padding_top:0&#8243;][tm_image image=&#8221;48571&#8243;][\/vc_column_inner][vc_column_inner width=&#8221;3\/4&#8243; lg_spacing=&#8221;margin_bottom:30;padding_top:0&#8243;][tm_heading tag=&#8221;div&#8221; custom_google_font=&#8221;&#8221; google_fonts=&#8221;font_family:Poppins%3A300%2Cregular%2C500%2C600%2C700|font_style:700%20bold%20regular%3A700%3Anormal&#8221; font_weight=&#8221;700&#8243; text_color=&#8221;secondary&#8221; text=&#8221;Helista meile&#8221; line_height=&#8221;1&#8243; font_size=&#8221;lg:18&#8243; css=&#8221;.vc_custom_1641208339889{margin-bottom: 10px !important;}&#8221;][tm_heading tag=&#8221;div&#8221; custom_google_font=&#8221;&#8221; google_fonts=&#8221;font_family:Poppins%3A300%2Cregular%2C500%2C600%2C700|font_style:400%20regular%3A400%3Anormal&#8221; text=&#8221;Rahvusvaheline m\u00fc\u00fck +371 63031802\u202c Toetus +371 2033 5939&#8243; line_height=&#8221;24px&#8221;][\/vc_column_inner][\/vc_row_inner][\/vc_column][vc_column width=&#8221;1\/4&#8243; lg_spacing=&#8221;margin_bottom:30;padding_top:0&#8243;][vc_row_inner content_placement=&#8221;middle&#8221;][vc_column_inner width=&#8221;1\/4&#8243; lg_spacing=&#8221;margin_bottom:30;padding_top:0&#8243;][tm_image image=&#8221;48588&#8243;][\/vc_column_inner][vc_column_inner width=&#8221;3\/4&#8243; lg_spacing=&#8221;margin_bottom:30;padding_top:0&#8243;][tm_heading tag=&#8221;div&#8221; custom_google_font=&#8221;&#8221; google_fonts=&#8221;font_family:Poppins%3A300%2Cregular%2C500%2C600%2C700|font_style:700%20bold%20regular%3A700%3Anormal&#8221; font_weight=&#8221;700&#8243; text_color=&#8221;secondary&#8221; text=&#8221;Vestelge meiega&#8221; line_height=&#8221;1&#8243; font_size=&#8221;lg:18&#8243; css=&#8221;.vc_custom_1641208389406{margin-bottom: 10px !important;}&#8221;][tm_heading tag=&#8221;div&#8221; custom_google_font=&#8221;&#8221; google_fonts=&#8221;font_family:Poppins%3A300%2Cregular%2C500%2C600%2C700|font_style:400%20regular%3A400%3Anormal&#8221; text=&#8221;WhatsApp +37129579056&#8243; line_height=&#8221;24px&#8221; link=&#8221;https:\/\/wa.me\/37129579056&#8243;][\/vc_column_inner][\/vc_row_inner][\/vc_column][vc_column width=&#8221;1\/4&#8243;][vc_row_inner content_placement=&#8221;middle&#8221;][vc_column_inner width=&#8221;1\/4&#8243; lg_spacing=&#8221;margin_bottom:30;padding_top:0&#8243;][tm_image image=&#8221;48575&#8243;][\/vc_column_inner][vc_column_inner width=&#8221;3\/4&#8243; lg_spacing=&#8221;margin_bottom:30;padding_top:0&#8243;][tm_heading tag=&#8221;div&#8221; custom_google_font=&#8221;&#8221; google_fonts=&#8221;font_family:Poppins%3A300%2Cregular%2C500%2C600%2C700|font_style:700%20bold%20regular%3A700%3Anormal&#8221; font_weight=&#8221;700&#8243; text_color=&#8221;secondary&#8221; text=&#8221;Saatke meile e-kiri&#8221; line_height=&#8221;1&#8243; font_size=&#8221;lg:18&#8243; css=&#8221;.vc_custom_1641208405072{margin-bottom: 10px !important;}&#8221;][tm_heading tag=&#8221;div&#8221; custom_google_font=&#8221;&#8221; google_fonts=&#8221;font_family:Poppins%3A300%2Cregular%2C500%2C600%2C700|font_style:400%20regular%3A400%3Anormal&#8221; text=&#8221;info@carnitec.com&#8221; line_height=&#8221;24px&#8221;][\/vc_column_inner][\/vc_row_inner][\/vc_column][\/vc_row][vc_row lg_spacing=&#8221;margin_bottom:60&#8243;][vc_column width=&#8221;1\/3&#8243; lg_spacing=&#8221;margin_bottom:30;padding_top:0&#8243;][tm_office_info image=&#8221;48638&#8243; title=&#8221;Carnitec EU&#8221; address=&#8221;Ventspils iela 51, Riia, LV1002, L\u00e4ti&#8221; email=&#8221;info@carnitec.com&#8221; phone=&#8221;+371 63 03 18 02&#8243; link=&#8221;url:%23|title:Get%20Direction||&#8221;][\/vc_column][vc_column width=&#8221;1\/3&#8243; lg_spacing=&#8221;margin_bottom:30;padding_top:0&#8243;][tm_office_info image=&#8221;48646&#8243; title=&#8221;Carnitec UK&#8221; address=&#8221;Alba Way Manchester M32 0TL United Kingdom&#8221; email=&#8221;uk@carnitec.com&#8221; phone=&#8221;+44 (0) 161 768 0828&#8243; link=&#8221;url:%23|title:Get%20Direction||&#8221;][\/vc_column][vc_column width=&#8221;1\/3&#8243; lg_spacing=&#8221;margin_bottom:30;padding_top:0&#8243;][tm_office_info image=&#8221;48658&#8243; title=&#8221;Carnitec Russia&#8221; address=&#8221;141400 Khimki, Moscow region&#8221; email=&#8221;info@carnitec.ru&#8221; phone=&#8221;+7 (499) 348-86-48&#8243; link=&#8221;url:%23|title:Get%20Direction||&#8221;][\/vc_column][\/vc_row][vc_row][vc_column width=&#8221;2\/3&#8243;][tm_heading tag=&#8221;div&#8221; custom_google_font=&#8221;&#8221; google_fonts=&#8221;font_family:Poppins%3A300%2Cregular%2C500%2C600%2C700|font_style:700%20bold%20regular%3A700%3Anormal&#8221; font_weight=&#8221;700&#8243; text_color=&#8221;secondary&#8221; text=&#8221;Kirjuta meile&#8221; font_size=&#8221;lg:40&#8243; line_height=&#8221;1&#8243; css=&#8221;.vc_custom_1641208465374{margin-bottom: 30px !important;}&#8221;][tm_contact_form_7 id=&#8221;49431&#8243;][\/vc_column][vc_column width=&#8221;1\/3&#8243;][tm_heading tag=&#8221;div&#8221; custom_google_font=&#8221;&#8221; google_fonts=&#8221;font_family:Poppins%3A300%2Cregular%2C500%2C600%2C700|font_style:700%20bold%20regular%3A700%3Anormal&#8221; font_weight=&#8221;700&#8243; text_color=&#8221;secondary&#8221; text=&#8221;J\u00e4rgne meile&#8221; font_size=&#8221;lg:40&#8243; line_height=&#8221;1&#8243; css=&#8221;.vc_custom_1641208494589{margin-bottom: 30px !important;}&#8221;][tm_social_networks style=&#8221;rounded-icon-title&#8221; layout=&#8221;two-columns&#8221; items=&#8221;%5B%7B%22title%22%3A%22Facebook%22%2C%22link%22%3A%22https%3A%2F%2Ffacebook.com%2Fcarnitec1%22%2C%22icon_type%22%3A%22ion%22%2C%22icon_ion%22%3A%22ion-social-facebook%22%2C%22icon_themify%22%3A%22ti-arrow-up%22%2C%22icon_pe7stroke%22%3A%22pe-7s-album%22%2C%22icon_tractor%22%3A%22tractor-chat%22%2C%22icon_icomoon%22%3A%22icomoon-alarm-clock%22%7D%2C%7B%22title%22%3A%22Linkedin%22%2C%22link%22%3A%22https%3A%2F%2Fwww.linkedin.com%2Fcompany%2Fcarnitec-ltd%2F%22%2C%22icon_type%22%3A%22ion%22%2C%22icon_ion%22%3A%22ion-social-linkedin%22%2C%22icon_themify%22%3A%22ti-arrow-up%22%2C%22icon_pe7stroke%22%3A%22pe-7s-album%22%2C%22icon_tractor%22%3A%22tractor-chat%22%2C%22icon_icomoon%22%3A%22icomoon-alarm-clock%22%7D%2C%7B%22title%22%3A%22Twitter%22%2C%22link%22%3A%22https%3A%2F%2Ftwitter.com%2Fcarnitec_%22%2C%22icon_type%22%3A%22ion%22%2C%22icon_ion%22%3A%22ion-social-twitter%22%2C%22icon_themify%22%3A%22ti-arrow-up%22%2C%22icon_pe7stroke%22%3A%22pe-7s-album%22%2C%22icon_tractor%22%3A%22tractor-chat%22%2C%22icon_icomoon%22%3A%22icomoon-alarm-clock%22%7D%2C%7B%22title%22%3A%22YouTube%22%2C%22link%22%3A%22https%3A%2F%2Fwww.youtube.com%2Fchannel%2FUCmyO5BGp63GY2LLAI-AOs8g%22%2C%22icon_type%22%3A%22ion%22%2C%22icon_ion%22%3A%22ion-social-youtube%22%2C%22icon_themify%22%3A%22ti-arrow-up%22%2C%22icon_pe7stroke%22%3A%22pe-7s-album%22%2C%22icon_tractor%22%3A%22tractor-chat%22%2C%22icon_icomoon%22%3A%22icomoon-alarm-clock%22%7D%5D&#8221;][\/vc_column][\/vc_row][vc_row][vc_column][tm_spacer size=&#8221;lg:20&#8243;][\/vc_column][\/vc_row]<\/p>\n","protected":false},"author":1,"featured_media":45845,"parent":0,"menu_order":0,"comment_status":"closed","ping_status":"closed","template":"","meta":{"content-type":"","_monsterinsights_skip_tracking":false,"_monsterinsights_sitenote_active":false,"_monsterinsights_sitenote_note":"","_monsterinsights_sitenote_category":0},"tags":[3583,4272,2783,4273],"yoast_head":"<!-- This site is optimized with the Yoast SEO plugin v19.5.1 - https:\/\/yoast.com\/wordpress\/plugins\/seo\/ -->\n<title>Kontakt - Carnitec<\/title>\n<meta name=\"description\" content=\"Toiduainetet\u00f6\u00f6stuse seadmed ja tarvikud. Lihat\u00f6\u00f6stuse seadmed. Kasutatud seadmed. Parimad hinnad \u2713 Tehniline tugi \u2708 Tarne Eestisse\" \/>\n<meta name=\"robots\" content=\"index, follow, max-snippet:-1, max-image-preview:large, max-video-preview:-1\" \/>\n<link rel=\"canonical\" href=\"https:\/\/carnitec.com\/et\/kontakt\/\" \/>\n<meta property=\"og:locale\" content=\"et_EE\" \/>\n<meta property=\"og:type\" content=\"article\" \/>\n<meta property=\"og:title\" content=\"Kontakt - Carnitec\" \/>\n<meta property=\"og:description\" content=\"Toiduainetet\u00f6\u00f6stuse seadmed ja tarvikud. Lihat\u00f6\u00f6stuse seadmed. Kasutatud seadmed. Parimad hinnad \u2713 Tehniline tugi \u2708 Tarne Eestisse\" \/>\n<meta property=\"og:url\" content=\"https:\/\/carnitec.com\/et\/kontakt\/\" \/>\n<meta property=\"og:site_name\" content=\"Carnitec\" \/>\n<meta property=\"article:publisher\" content=\"https:\/\/facebook.com\/carnitec1\" \/>\n<meta property=\"article:modified_time\" content=\"2022-01-03T11:19:10+00:00\" \/>\n<meta property=\"og:image\" content=\"https:\/\/carnitec.com\/wp-content\/uploads\/2020\/01\/deboning_line_front2.jpg\" \/>\n\t<meta property=\"og:image:width\" content=\"600\" \/>\n\t<meta property=\"og:image:height\" content=\"600\" \/>\n\t<meta property=\"og:image:type\" content=\"image\/jpeg\" \/>\n<meta name=\"twitter:card\" content=\"summary\" \/>\n<meta name=\"twitter:site\" content=\"@carnitec_\" \/>\n<meta name=\"twitter:label1\" content=\"Est. reading time\" \/>\n\t<meta name=\"twitter:data1\" content=\"2 minutit\" \/>\n<script type=\"application\/ld+json\" class=\"yoast-schema-graph\">{\"@context\":\"https:\/\/schema.org\",\"@graph\":[{\"@type\":\"WebPage\",\"@id\":\"https:\/\/carnitec.com\/et\/kontakt\/\",\"url\":\"https:\/\/carnitec.com\/et\/kontakt\/\",\"name\":\"Kontakt - Carnitec\",\"isPartOf\":{\"@id\":\"https:\/\/carnitec.com\/lv\/#website\"},\"datePublished\":\"2018-02-23T07:37:40+00:00\",\"dateModified\":\"2022-01-03T11:19:10+00:00\",\"description\":\"Toiduainetet\u00f6\u00f6stuse seadmed ja tarvikud. Lihat\u00f6\u00f6stuse seadmed. Kasutatud seadmed. Parimad hinnad \u2713 Tehniline tugi \u2708 Tarne Eestisse\",\"breadcrumb\":{\"@id\":\"https:\/\/carnitec.com\/et\/kontakt\/#breadcrumb\"},\"inLanguage\":\"et\",\"potentialAction\":[{\"@type\":\"ReadAction\",\"target\":[\"https:\/\/carnitec.com\/et\/kontakt\/\"]}]},{\"@type\":\"BreadcrumbList\",\"@id\":\"https:\/\/carnitec.com\/et\/kontakt\/#breadcrumb\",\"itemListElement\":[{\"@type\":\"ListItem\",\"position\":1,\"name\":\"\u0413\u043b\u0430\u0432\u043d\u0430\u044f \u0441\u0442\u0440\u0430\u043d\u0438\u0446\u0430\",\"item\":\"https:\/\/carnitec.com\/et\/\"},{\"@type\":\"ListItem\",\"position\":2,\"name\":\"Kontakt\"}]},{\"@type\":\"WebSite\",\"@id\":\"https:\/\/carnitec.com\/lv\/#website\",\"url\":\"https:\/\/carnitec.com\/lv\/\",\"name\":\"Carnitec\",\"description\":\"Food processing equipment\",\"publisher\":{\"@id\":\"https:\/\/carnitec.com\/lv\/#organization\"},\"potentialAction\":[{\"@type\":\"SearchAction\",\"target\":{\"@type\":\"EntryPoint\",\"urlTemplate\":\"https:\/\/carnitec.com\/lv\/?s={search_term_string}\"},\"query-input\":\"required name=search_term_string\"}],\"inLanguage\":\"et\"},{\"@type\":\"Organization\",\"@id\":\"https:\/\/carnitec.com\/lv\/#organization\",\"name\":\"Carnitec - food processing equipment\",\"url\":\"https:\/\/carnitec.com\/lv\/\",\"sameAs\":[\"https:\/\/www.instagram.com\/carnitec\/?hl=en\",\"https:\/\/www.linkedin.com\/company\/carnitec-ltd\/\",\"https:\/\/www.youtube.com\/channel\/UCwfiuJujkF2QxPPZAqB0T2w\",\"https:\/\/facebook.com\/carnitec1\",\"https:\/\/twitter.com\/carnitec_\"],\"logo\":{\"@type\":\"ImageObject\",\"inLanguage\":\"et\",\"@id\":\"https:\/\/carnitec.com\/lv\/#\/schema\/logo\/image\/\",\"url\":\"http:\/\/carnitec.com\/wp-content\/uploads\/2018\/01\/carnitec_logo_2018.png\",\"contentUrl\":\"http:\/\/carnitec.com\/wp-content\/uploads\/2018\/01\/carnitec_logo_2018.png\",\"width\":180,\"height\":50,\"caption\":\"Carnitec - food processing equipment\"},\"image\":{\"@id\":\"https:\/\/carnitec.com\/lv\/#\/schema\/logo\/image\/\"}}]}<\/script>\n<!-- \/ Yoast SEO plugin. -->","yoast_head_json":{"title":"Kontakt - Carnitec","description":"Toiduainetet\u00f6\u00f6stuse seadmed ja tarvikud. Lihat\u00f6\u00f6stuse seadmed. Kasutatud seadmed. Parimad hinnad \u2713 Tehniline tugi \u2708 Tarne Eestisse","robots":{"index":"index","follow":"follow","max-snippet":"max-snippet:-1","max-image-preview":"max-image-preview:large","max-video-preview":"max-video-preview:-1"},"canonical":"https:\/\/carnitec.com\/et\/kontakt\/","og_locale":"et_EE","og_type":"article","og_title":"Kontakt - Carnitec","og_description":"Toiduainetet\u00f6\u00f6stuse seadmed ja tarvikud. Lihat\u00f6\u00f6stuse seadmed. Kasutatud seadmed. Parimad hinnad \u2713 Tehniline tugi \u2708 Tarne Eestisse","og_url":"https:\/\/carnitec.com\/et\/kontakt\/","og_site_name":"Carnitec","article_publisher":"https:\/\/facebook.com\/carnitec1","article_modified_time":"2022-01-03T11:19:10+00:00","og_image":[{"width":600,"height":600,"url":"https:\/\/carnitec.com\/wp-content\/uploads\/2020\/01\/deboning_line_front2.jpg","type":"image\/jpeg"}],"twitter_card":"summary","twitter_site":"@carnitec_","twitter_misc":{"Est. reading time":"2 minutit"},"schema":{"@context":"https:\/\/schema.org","@graph":[{"@type":"WebPage","@id":"https:\/\/carnitec.com\/et\/kontakt\/","url":"https:\/\/carnitec.com\/et\/kontakt\/","name":"Kontakt - Carnitec","isPartOf":{"@id":"https:\/\/carnitec.com\/lv\/#website"},"datePublished":"2018-02-23T07:37:40+00:00","dateModified":"2022-01-03T11:19:10+00:00","description":"Toiduainetet\u00f6\u00f6stuse seadmed ja tarvikud. Lihat\u00f6\u00f6stuse seadmed. Kasutatud seadmed. Parimad hinnad \u2713 Tehniline tugi \u2708 Tarne Eestisse","breadcrumb":{"@id":"https:\/\/carnitec.com\/et\/kontakt\/#breadcrumb"},"inLanguage":"et","potentialAction":[{"@type":"ReadAction","target":["https:\/\/carnitec.com\/et\/kontakt\/"]}]},{"@type":"BreadcrumbList","@id":"https:\/\/carnitec.com\/et\/kontakt\/#breadcrumb","itemListElement":[{"@type":"ListItem","position":1,"name":"\u0413\u043b\u0430\u0432\u043d\u0430\u044f \u0441\u0442\u0440\u0430\u043d\u0438\u0446\u0430","item":"https:\/\/carnitec.com\/et\/"},{"@type":"ListItem","position":2,"name":"Kontakt"}]},{"@type":"WebSite","@id":"https:\/\/carnitec.com\/lv\/#website","url":"https:\/\/carnitec.com\/lv\/","name":"Carnitec","description":"Food processing equipment","publisher":{"@id":"https:\/\/carnitec.com\/lv\/#organization"},"potentialAction":[{"@type":"SearchAction","target":{"@type":"EntryPoint","urlTemplate":"https:\/\/carnitec.com\/lv\/?s={search_term_string}"},"query-input":"required name=search_term_string"}],"inLanguage":"et"},{"@type":"Organization","@id":"https:\/\/carnitec.com\/lv\/#organization","name":"Carnitec - food processing equipment","url":"https:\/\/carnitec.com\/lv\/","sameAs":["https:\/\/www.instagram.com\/carnitec\/?hl=en","https:\/\/www.linkedin.com\/company\/carnitec-ltd\/","https:\/\/www.youtube.com\/channel\/UCwfiuJujkF2QxPPZAqB0T2w","https:\/\/facebook.com\/carnitec1","https:\/\/twitter.com\/carnitec_"],"logo":{"@type":"ImageObject","inLanguage":"et","@id":"https:\/\/carnitec.com\/lv\/#\/schema\/logo\/image\/","url":"http:\/\/carnitec.com\/wp-content\/uploads\/2018\/01\/carnitec_logo_2018.png","contentUrl":"http:\/\/carnitec.com\/wp-content\/uploads\/2018\/01\/carnitec_logo_2018.png","width":180,"height":50,"caption":"Carnitec - food processing equipment"},"image":{"@id":"https:\/\/carnitec.com\/lv\/#\/schema\/logo\/image\/"}}]}},"_links":{"self":[{"href":"https:\/\/carnitec.com\/et\/wp-json\/wp\/v2\/pages\/41070"}],"collection":[{"href":"https:\/\/carnitec.com\/et\/wp-json\/wp\/v2\/pages"}],"about":[{"href":"https:\/\/carnitec.com\/et\/wp-json\/wp\/v2\/types\/page"}],"author":[{"embeddable":true,"href":"https:\/\/carnitec.com\/et\/wp-json\/wp\/v2\/users\/1"}],"replies":[{"embeddable":true,"href":"https:\/\/carnitec.com\/et\/wp-json\/wp\/v2\/comments?post=41070"}],"version-history":[{"count":1,"href":"https:\/\/carnitec.com\/et\/wp-json\/wp\/v2\/pages\/41070\/revisions"}],"predecessor-version":[{"id":49437,"href":"https:\/\/carnitec.com\/et\/wp-json\/wp\/v2\/pages\/41070\/revisions\/49437"}],"wp:featuredmedia":[{"embeddable":true,"href":"https:\/\/carnitec.com\/et\/wp-json\/wp\/v2\/media\/45845"}],"wp:attachment":[{"href":"https:\/\/carnitec.com\/et\/wp-json\/wp\/v2\/media?parent=41070"}],"wp:term":[{"taxonomy":"post_tag","embeddable":true,"href":"https:\/\/carnitec.com\/et\/wp-json\/wp\/v2\/tags?post=41070"}],"curies":[{"name":"wp","href":"https:\/\/api.w.org\/{rel}","templated":true}]}}